{"id":9687,"date":"2026-04-09T19:43:06","date_gmt":"2026-04-09T19:43:06","guid":{"rendered":"https:\/\/www.band-maid.fr\/?page_id=9687"},"modified":"2026-04-09T19:43:06","modified_gmt":"2026-04-09T19:43:06","slug":"yolo-instrumental","status":"publish","type":"page","link":"https:\/\/www.band-maid.fr\/index.php\/yolo-instrumental\/","title":{"rendered":"YOLO (Instrumental)"},"content":{"rendered":"\n<p><\/p>\n\n\n\n<figure class=\"wp-block-image aligncenter size-large\"><img fetchpriority=\"high\" decoding=\"async\" width=\"1024\" height=\"78\" src=\"https:\/\/www.band-maid.fr\/wp-content\/uploads\/2026\/02\/bande-noire-1024x78.jpg\" alt=\"\" class=\"wp-image-8482\" srcset=\"https:\/\/www.band-maid.fr\/wp-content\/uploads\/2026\/02\/bande-noire-1024x78.jpg 1024w, https:\/\/www.band-maid.fr\/wp-content\/uploads\/2026\/02\/bande-noire-300x23.jpg 300w, https:\/\/www.band-maid.fr\/wp-content\/uploads\/2026\/02\/bande-noire.jpg 1280w\" sizes=\"(max-width: 1024px) 100vw, 1024px\" \/><\/figure>\n\n\n\n<figure class=\"wp-block-embed is-type-video is-provider-youtube wp-block-embed-youtube wp-embed-aspect-4-3 wp-has-aspect-ratio\"><div class=\"wp-block-embed__wrapper\">\n<iframe title=\"YOLO (instrumental)\" width=\"950\" height=\"713\" src=\"https:\/\/www.youtube.com\/embed\/_iU7a_GnZXo?feature=oembed\" frameborder=\"0\" allow=\"accelerometer; autoplay; clipboard-write; encrypted-media; gyroscope; picture-in-picture; web-share\" referrerpolicy=\"strict-origin-when-cross-origin\" allowfullscreen><\/iframe>\n<\/div><\/figure>\n\n\n\n<figure class=\"wp-block-image aligncenter size-large\"><img fetchpriority=\"high\" decoding=\"async\" width=\"1024\" height=\"78\" src=\"https:\/\/www.band-maid.fr\/wp-content\/uploads\/2026\/02\/bande-noire-1024x78.jpg\" alt=\"\" class=\"wp-image-8482\" srcset=\"https:\/\/www.band-maid.fr\/wp-content\/uploads\/2026\/02\/bande-noire-1024x78.jpg 1024w, https:\/\/www.band-maid.fr\/wp-content\/uploads\/2026\/02\/bande-noire-300x23.jpg 300w, https:\/\/www.band-maid.fr\/wp-content\/uploads\/2026\/02\/bande-noire.jpg 1280w\" sizes=\"(max-width: 1024px) 100vw, 1024px\" \/><\/figure>\n\n\n\n<p><br>Musique: <strong>Band-Maid<\/strong><br>Single : YOLO (16\/11\/2016)<\/p>\n\n\n\n<figure class=\"wp-block-image aligncenter size-large\"><img fetchpriority=\"high\" decoding=\"async\" width=\"1024\" height=\"78\" src=\"https:\/\/www.band-maid.fr\/wp-content\/uploads\/2026\/02\/bande-noire-1024x78.jpg\" alt=\"\" class=\"wp-image-8482\" srcset=\"https:\/\/www.band-maid.fr\/wp-content\/uploads\/2026\/02\/bande-noire-1024x78.jpg 1024w, https:\/\/www.band-maid.fr\/wp-content\/uploads\/2026\/02\/bande-noire-300x23.jpg 300w, https:\/\/www.band-maid.fr\/wp-content\/uploads\/2026\/02\/bande-noire.jpg 1280w\" sizes=\"(max-width: 1024px) 100vw, 1024px\" \/><\/figure>\n\n\n\n<div class=\"wp-block-advgb-columns advgb-columns-wrapper\" id=\"advgb-cols-de7a3a75-a193-4b08-a70a-6091e1647bfc\"><div class=\"advgb-columns-container\"><div class=\"advgb-columns advgb-columns-row advgb-is-mobile advgb-columns-3 layout-13-13-13 mbl-layout-stacked vgutter-10\">\n<div class=\"wp-block-advgb-column advgb-column\" id=\"advgb-col-1d63af39-727b-4cbd-a79e-22ba24be8126\"><div class=\"advgb-column-inner\" style=\"border-style:none;border-width:1px\">\n<div class=\"wp-block-advgb-button align\"><a class=\"wp-block-advgb-button_link advgbbtn-40f6792c-7548-4fda-9e16-70ec62f443e2\" href=\"https:\/\/www.band-maid.fr\/index.php\/yolo\/\" target=\"_self\" rel=\"noopener noreferrer\"><span>Single<\/span><\/a><\/div>\n<\/div><\/div>\n\n\n\n<div class=\"wp-block-advgb-column advgb-column\" id=\"advgb-col-a3895757-8e3e-4023-bc60-ba70a771b356\"><div class=\"advgb-column-inner\" style=\"border-style:none;border-width:1px\"><\/div><\/div>\n\n\n\n<div class=\"wp-block-advgb-column advgb-column\" id=\"advgb-col-cbc21553-6b6b-48b4-b1dc-c4c3d510faf5\"><div class=\"advgb-column-inner\" style=\"border-style:none;border-width:1px\">\n<div class=\"wp-block-advgb-button alignright\"><a class=\"wp-block-advgb-button_link advgbbtn-37671ac4-26b4-4081-9d23-b490b43fdc43\" href=\"https:\/\/www.band-maid.fr\/index.php\/discographie-de-band-maid\/\" target=\"_self\" rel=\"noopener noreferrer\"><span>Discographie<\/span><\/a><\/div>\n<\/div><\/div>\n<\/div><\/div><\/div>\n\n\n\n<figure class=\"wp-block-image aligncenter size-large\"><img fetchpriority=\"high\" decoding=\"async\" width=\"1024\" height=\"78\" src=\"https:\/\/www.band-maid.fr\/wp-content\/uploads\/2026\/02\/bande-noire-1024x78.jpg\" alt=\"\" class=\"wp-image-8482\" srcset=\"https:\/\/www.band-maid.fr\/wp-content\/uploads\/2026\/02\/bande-noire-1024x78.jpg 1024w, https:\/\/www.band-maid.fr\/wp-content\/uploads\/2026\/02\/bande-noire-300x23.jpg 300w, https:\/\/www.band-maid.fr\/wp-content\/uploads\/2026\/02\/bande-noire.jpg 1280w\" sizes=\"(max-width: 1024px) 100vw, 1024px\" \/><\/figure>\n\n\n\n<p><\/p>\n<style class=\"advgb-styles-renderer\">.advgbbtn-40f6792c-7548-4fda-9e16-70ec62f443e2{font-size:18px;color:#fff !important;background-color:#2196f3 !important;margin:0px 0px 0px 0px !important;padding:10px 30px 10px 30px;border-width:1px !important;border-style:none;border-radius:50px !important;}.advgbbtn-40f6792c-7548-4fda-9e16-70ec62f443e2:hover{box-shadow:1px 1px 12px 0px #ccc;opacity:1;transition:all 0.2s ease;}.advgbbtn-40f6792c-7548-4fda-9e16-70ec62f443e2 > i {display: none !important;}#advgb-col-1d63af39-727b-4cbd-a79e-22ba24be8126>.advgb-column-inner{}@media screen and (max-width: 1023px) {#advgb-col-1d63af39-727b-4cbd-a79e-22ba24be8126>.advgb-column-inner{}}@media screen and (max-width: 767px) {#advgb-col-1d63af39-727b-4cbd-a79e-22ba24be8126>.advgb-column-inner{}}.advgbbtn-40f6792c-7548-4fda-9e16-70ec62f443e2{font-size:18px;color:#fff !important;background-color:#2196f3 !important;margin:0px 0px 0px 0px !important;padding:10px 30px 10px 30px;border-width:1px !important;border-style:none;border-radius:50px !important;}.advgbbtn-40f6792c-7548-4fda-9e16-70ec62f443e2:hover{box-shadow:1px 1px 12px 0px #ccc;opacity:1;transition:all 0.2s ease;}.advgbbtn-40f6792c-7548-4fda-9e16-70ec62f443e2 > i {display: none !important;}#advgb-col-a3895757-8e3e-4023-bc60-ba70a771b356>.advgb-column-inner{}@media screen and (max-width: 1023px) {#advgb-col-a3895757-8e3e-4023-bc60-ba70a771b356>.advgb-column-inner{}}@media screen and (max-width: 767px) {#advgb-col-a3895757-8e3e-4023-bc60-ba70a771b356>.advgb-column-inner{}}.advgbbtn-37671ac4-26b4-4081-9d23-b490b43fdc43{font-size:18px;color:#fff !important;background-color:#2196f3 !important;margin:0px 0px 0px 0px !important;padding:10px 30px 10px 30px;border-width:1px !important;border-style:none;border-radius:50px !important;}.advgbbtn-37671ac4-26b4-4081-9d23-b490b43fdc43:hover{box-shadow:1px 1px 12px 0px #ccc;opacity:1;transition:all 0.2s ease;}.advgbbtn-37671ac4-26b4-4081-9d23-b490b43fdc43 > i {display: none !important;}#advgb-col-cbc21553-6b6b-48b4-b1dc-c4c3d510faf5>.advgb-column-inner{}@media screen and (max-width: 1023px) {#advgb-col-cbc21553-6b6b-48b4-b1dc-c4c3d510faf5>.advgb-column-inner{}}@media screen and (max-width: 767px) {#advgb-col-cbc21553-6b6b-48b4-b1dc-c4c3d510faf5>.advgb-column-inner{}}.advgbbtn-37671ac4-26b4-4081-9d23-b490b43fdc43{font-size:18px;color:#fff !important;background-color:#2196f3 !important;margin:0px 0px 0px 0px !important;padding:10px 30px 10px 30px;border-width:1px !important;border-style:none;border-radius:50px !important;}.advgbbtn-37671ac4-26b4-4081-9d23-b490b43fdc43:hover{box-shadow:1px 1px 12px 0px #ccc;opacity:1;transition:all 0.2s ease;}.advgbbtn-37671ac4-26b4-4081-9d23-b490b43fdc43 > i {display: none !important;}#advgb-cols-de7a3a75-a193-4b08-a70a-6091e1647bfc{}@media screen and (max-width: 1023px) {#advgb-cols-de7a3a75-a193-4b08-a70a-6091e1647bfc{}}@media screen and (max-width: 767px) {#advgb-cols-de7a3a75-a193-4b08-a70a-6091e1647bfc{}}#advgb-col-1d63af39-727b-4cbd-a79e-22ba24be8126>.advgb-column-inner{}@media screen and (max-width: 1023px) {#advgb-col-1d63af39-727b-4cbd-a79e-22ba24be8126>.advgb-column-inner{}}@media screen and (max-width: 767px) {#advgb-col-1d63af39-727b-4cbd-a79e-22ba24be8126>.advgb-column-inner{}}.advgbbtn-40f6792c-7548-4fda-9e16-70ec62f443e2{font-size:18px;color:#fff !important;background-color:#2196f3 !important;margin:0px 0px 0px 0px !important;padding:10px 30px 10px 30px;border-width:1px !important;border-style:none;border-radius:50px !important;}.advgbbtn-40f6792c-7548-4fda-9e16-70ec62f443e2:hover{box-shadow:1px 1px 12px 0px #ccc;opacity:1;transition:all 0.2s ease;}.advgbbtn-40f6792c-7548-4fda-9e16-70ec62f443e2 > i {display: none !important;}#advgb-col-a3895757-8e3e-4023-bc60-ba70a771b356>.advgb-column-inner{}@media screen and (max-width: 1023px) {#advgb-col-a3895757-8e3e-4023-bc60-ba70a771b356>.advgb-column-inner{}}@media screen and (max-width: 767px) {#advgb-col-a3895757-8e3e-4023-bc60-ba70a771b356>.advgb-column-inner{}}#advgb-col-cbc21553-6b6b-48b4-b1dc-c4c3d510faf5>.advgb-column-inner{}@media screen and (max-width: 1023px) {#advgb-col-cbc21553-6b6b-48b4-b1dc-c4c3d510faf5>.advgb-column-inner{}}@media screen and (max-width: 767px) {#advgb-col-cbc21553-6b6b-48b4-b1dc-c4c3d510faf5>.advgb-column-inner{}}.advgbbtn-37671ac4-26b4-4081-9d23-b490b43fdc43{font-size:18px;color:#fff !important;background-color:#2196f3 !important;margin:0px 0px 0px 0px !important;padding:10px 30px 10px 30px;border-width:1px !important;border-style:none;border-radius:50px !important;}.advgbbtn-37671ac4-26b4-4081-9d23-b490b43fdc43:hover{box-shadow:1px 1px 12px 0px #ccc;opacity:1;transition:all 0.2s ease;}.advgbbtn-37671ac4-26b4-4081-9d23-b490b43fdc43 > i {display: none !important;}<\/style>","protected":false},"excerpt":{"rendered":"<p>Musique: Band-MaidSingle : YOLO (16\/11\/2016)<\/p>\n","protected":false},"author":1,"featured_media":9606,"parent":0,"menu_order":0,"comment_status":"closed","ping_status":"closed","template":"","meta":{"advgb_blocks_editor_width":"","advgb_blocks_columns_visual_guide":"","footnotes":""},"class_list":["post-9687","page","type-page","status-publish","has-post-thumbnail","hentry"],"yoast_head":"<!-- This site is optimized with the Yoast SEO plugin v27.6 - https:\/\/yoast.com\/product\/yoast-seo-wordpress\/ -->\n<title>YOLO (Instrumental) - BAND-MAID<\/title>\n<meta name=\"robots\" content=\"index, follow, max-snippet:-1, max-image-preview:large, max-video-preview:-1\" \/>\n<link rel=\"canonical\" href=\"https:\/\/www.band-maid.fr\/index.php\/yolo-instrumental\/\" \/>\n<meta property=\"og:locale\" content=\"fr_FR\" \/>\n<meta property=\"og:type\" content=\"article\" \/>\n<meta property=\"og:title\" content=\"YOLO (Instrumental) - BAND-MAID\" \/>\n<meta property=\"og:description\" content=\"Musique: Band-MaidSingle : YOLO (16\/11\/2016)\" \/>\n<meta property=\"og:url\" content=\"https:\/\/www.band-maid.fr\/index.php\/yolo-instrumental\/\" \/>\n<meta property=\"og:site_name\" content=\"BAND-MAID\" \/>\n<meta property=\"article:publisher\" content=\"https:\/\/www.facebook.com\/bandmaid\" \/>\n<meta property=\"og:image\" content=\"https:\/\/www.band-maid.fr\/wp-content\/uploads\/2026\/04\/Yolo-red.jpg\" \/>\n\t<meta property=\"og:image:width\" content=\"1200\" \/>\n\t<meta property=\"og:image:height\" content=\"1200\" \/>\n\t<meta property=\"og:image:type\" content=\"image\/jpeg\" \/>\n<meta name=\"twitter:card\" content=\"summary_large_image\" \/>\n<meta name=\"twitter:site\" content=\"@bandmaid\" \/>\n<meta name=\"twitter:label1\" content=\"Dur\u00e9e de lecture estim\u00e9e\" \/>\n\t<meta name=\"twitter:data1\" content=\"2 minutes\" \/>\n<script type=\"application\/ld+json\" class=\"yoast-schema-graph\">{\"@context\":\"https:\\\/\\\/schema.org\",\"@graph\":[{\"@type\":\"WebPage\",\"@id\":\"https:\\\/\\\/www.band-maid.fr\\\/index.php\\\/yolo-instrumental\\\/\",\"url\":\"https:\\\/\\\/www.band-maid.fr\\\/index.php\\\/yolo-instrumental\\\/\",\"name\":\"YOLO (Instrumental) - BAND-MAID\",\"isPartOf\":{\"@id\":\"https:\\\/\\\/www.band-maid.fr\\\/#website\"},\"primaryImageOfPage\":{\"@id\":\"https:\\\/\\\/www.band-maid.fr\\\/index.php\\\/yolo-instrumental\\\/#primaryimage\"},\"image\":{\"@id\":\"https:\\\/\\\/www.band-maid.fr\\\/index.php\\\/yolo-instrumental\\\/#primaryimage\"},\"thumbnailUrl\":\"https:\\\/\\\/www.band-maid.fr\\\/wp-content\\\/uploads\\\/2026\\\/04\\\/Yolo-red.jpg\",\"datePublished\":\"2026-04-09T19:43:06+00:00\",\"breadcrumb\":{\"@id\":\"https:\\\/\\\/www.band-maid.fr\\\/index.php\\\/yolo-instrumental\\\/#breadcrumb\"},\"inLanguage\":\"fr-FR\",\"potentialAction\":[{\"@type\":\"ReadAction\",\"target\":[\"https:\\\/\\\/www.band-maid.fr\\\/index.php\\\/yolo-instrumental\\\/\"]}]},{\"@type\":\"ImageObject\",\"inLanguage\":\"fr-FR\",\"@id\":\"https:\\\/\\\/www.band-maid.fr\\\/index.php\\\/yolo-instrumental\\\/#primaryimage\",\"url\":\"https:\\\/\\\/www.band-maid.fr\\\/wp-content\\\/uploads\\\/2026\\\/04\\\/Yolo-red.jpg\",\"contentUrl\":\"https:\\\/\\\/www.band-maid.fr\\\/wp-content\\\/uploads\\\/2026\\\/04\\\/Yolo-red.jpg\",\"width\":1200,\"height\":1200},{\"@type\":\"BreadcrumbList\",\"@id\":\"https:\\\/\\\/www.band-maid.fr\\\/index.php\\\/yolo-instrumental\\\/#breadcrumb\",\"itemListElement\":[{\"@type\":\"ListItem\",\"position\":1,\"name\":\"Accueil\",\"item\":\"https:\\\/\\\/www.band-maid.fr\\\/\"},{\"@type\":\"ListItem\",\"position\":2,\"name\":\"YOLO (Instrumental)\"}]},{\"@type\":\"WebSite\",\"@id\":\"https:\\\/\\\/www.band-maid.fr\\\/#website\",\"url\":\"https:\\\/\\\/www.band-maid.fr\\\/\",\"name\":\"BAND-MAID\",\"description\":\"WORLD DOMINATION\",\"publisher\":{\"@id\":\"https:\\\/\\\/www.band-maid.fr\\\/#organization\"},\"potentialAction\":[{\"@type\":\"SearchAction\",\"target\":{\"@type\":\"EntryPoint\",\"urlTemplate\":\"https:\\\/\\\/www.band-maid.fr\\\/?s={search_term_string}\"},\"query-input\":{\"@type\":\"PropertyValueSpecification\",\"valueRequired\":true,\"valueName\":\"search_term_string\"}}],\"inLanguage\":\"fr-FR\"},{\"@type\":\"Organization\",\"@id\":\"https:\\\/\\\/www.band-maid.fr\\\/#organization\",\"name\":\"BAND-MAID\",\"url\":\"https:\\\/\\\/www.band-maid.fr\\\/\",\"logo\":{\"@type\":\"ImageObject\",\"inLanguage\":\"fr-FR\",\"@id\":\"https:\\\/\\\/www.band-maid.fr\\\/#\\\/schema\\\/logo\\\/image\\\/\",\"url\":\"http:\\\/\\\/wglgkdc.cluster121.hosting.ovh.net\\\/wp-content\\\/uploads\\\/2026\\\/01\\\/logo_band-maid_b.png\",\"contentUrl\":\"http:\\\/\\\/wglgkdc.cluster121.hosting.ovh.net\\\/wp-content\\\/uploads\\\/2026\\\/01\\\/logo_band-maid_b.png\",\"width\":540,\"height\":93,\"caption\":\"BAND-MAID\"},\"image\":{\"@id\":\"https:\\\/\\\/www.band-maid.fr\\\/#\\\/schema\\\/logo\\\/image\\\/\"},\"sameAs\":[\"https:\\\/\\\/www.facebook.com\\\/bandmaid\",\"https:\\\/\\\/x.com\\\/bandmaid\",\"https:\\\/\\\/www.instagram.com\\\/bandmaid.jp\\\/\",\"https:\\\/\\\/www.youtube.com\\\/channel\\\/UCJToUvYrmkmTCR-bluEaQfA\",\"https:\\\/\\\/www.tiktok.com\\\/@bandmaid_int\"]}]}<\/script>\n<!-- \/ Yoast SEO plugin. -->","yoast_head_json":{"title":"YOLO (Instrumental) - BAND-MAID","robots":{"index":"index","follow":"follow","max-snippet":"max-snippet:-1","max-image-preview":"max-image-preview:large","max-video-preview":"max-video-preview:-1"},"canonical":"https:\/\/www.band-maid.fr\/index.php\/yolo-instrumental\/","og_locale":"fr_FR","og_type":"article","og_title":"YOLO (Instrumental) - BAND-MAID","og_description":"Musique: Band-MaidSingle : YOLO (16\/11\/2016)","og_url":"https:\/\/www.band-maid.fr\/index.php\/yolo-instrumental\/","og_site_name":"BAND-MAID","article_publisher":"https:\/\/www.facebook.com\/bandmaid","og_image":[{"width":1200,"height":1200,"url":"https:\/\/www.band-maid.fr\/wp-content\/uploads\/2026\/04\/Yolo-red.jpg","type":"image\/jpeg"}],"twitter_card":"summary_large_image","twitter_site":"@bandmaid","twitter_misc":{"Dur\u00e9e de lecture estim\u00e9e":"2 minutes"},"schema":{"@context":"https:\/\/schema.org","@graph":[{"@type":"WebPage","@id":"https:\/\/www.band-maid.fr\/index.php\/yolo-instrumental\/","url":"https:\/\/www.band-maid.fr\/index.php\/yolo-instrumental\/","name":"YOLO (Instrumental) - BAND-MAID","isPartOf":{"@id":"https:\/\/www.band-maid.fr\/#website"},"primaryImageOfPage":{"@id":"https:\/\/www.band-maid.fr\/index.php\/yolo-instrumental\/#primaryimage"},"image":{"@id":"https:\/\/www.band-maid.fr\/index.php\/yolo-instrumental\/#primaryimage"},"thumbnailUrl":"https:\/\/www.band-maid.fr\/wp-content\/uploads\/2026\/04\/Yolo-red.jpg","datePublished":"2026-04-09T19:43:06+00:00","breadcrumb":{"@id":"https:\/\/www.band-maid.fr\/index.php\/yolo-instrumental\/#breadcrumb"},"inLanguage":"fr-FR","potentialAction":[{"@type":"ReadAction","target":["https:\/\/www.band-maid.fr\/index.php\/yolo-instrumental\/"]}]},{"@type":"ImageObject","inLanguage":"fr-FR","@id":"https:\/\/www.band-maid.fr\/index.php\/yolo-instrumental\/#primaryimage","url":"https:\/\/www.band-maid.fr\/wp-content\/uploads\/2026\/04\/Yolo-red.jpg","contentUrl":"https:\/\/www.band-maid.fr\/wp-content\/uploads\/2026\/04\/Yolo-red.jpg","width":1200,"height":1200},{"@type":"BreadcrumbList","@id":"https:\/\/www.band-maid.fr\/index.php\/yolo-instrumental\/#breadcrumb","itemListElement":[{"@type":"ListItem","position":1,"name":"Accueil","item":"https:\/\/www.band-maid.fr\/"},{"@type":"ListItem","position":2,"name":"YOLO (Instrumental)"}]},{"@type":"WebSite","@id":"https:\/\/www.band-maid.fr\/#website","url":"https:\/\/www.band-maid.fr\/","name":"BAND-MAID","description":"WORLD DOMINATION","publisher":{"@id":"https:\/\/www.band-maid.fr\/#organization"},"potentialAction":[{"@type":"SearchAction","target":{"@type":"EntryPoint","urlTemplate":"https:\/\/www.band-maid.fr\/?s={search_term_string}"},"query-input":{"@type":"PropertyValueSpecification","valueRequired":true,"valueName":"search_term_string"}}],"inLanguage":"fr-FR"},{"@type":"Organization","@id":"https:\/\/www.band-maid.fr\/#organization","name":"BAND-MAID","url":"https:\/\/www.band-maid.fr\/","logo":{"@type":"ImageObject","inLanguage":"fr-FR","@id":"https:\/\/www.band-maid.fr\/#\/schema\/logo\/image\/","url":"http:\/\/wglgkdc.cluster121.hosting.ovh.net\/wp-content\/uploads\/2026\/01\/logo_band-maid_b.png","contentUrl":"http:\/\/wglgkdc.cluster121.hosting.ovh.net\/wp-content\/uploads\/2026\/01\/logo_band-maid_b.png","width":540,"height":93,"caption":"BAND-MAID"},"image":{"@id":"https:\/\/www.band-maid.fr\/#\/schema\/logo\/image\/"},"sameAs":["https:\/\/www.facebook.com\/bandmaid","https:\/\/x.com\/bandmaid","https:\/\/www.instagram.com\/bandmaid.jp\/","https:\/\/www.youtube.com\/channel\/UCJToUvYrmkmTCR-bluEaQfA","https:\/\/www.tiktok.com\/@bandmaid_int"]}]}},"coauthors":[],"author_meta":{"author_link":"https:\/\/www.band-maid.fr\/index.php\/author\/admin8693\/","display_name":"LJB"},"relative_dates":{"created":"Publi\u00e9 1 mois il y a","modified":"Mis \u00e0 jour 1 mois il y a"},"absolute_dates":{"created":"Publi\u00e9 le 09\/04\/2026","modified":"Mise \u00e0 jour le 09\/04\/2026"},"absolute_dates_time":{"created":"Publi\u00e9 le 09\/04\/2026 19h43","modified":"Mise \u00e0 jour le 09\/04\/2026 19h43"},"featured_img_caption":"","featured_img":"https:\/\/www.band-maid.fr\/wp-content\/uploads\/2026\/04\/Yolo-red.jpg","series_order":"","featured_media_urls":{"thumbnail":["https:\/\/www.band-maid.fr\/wp-content\/uploads\/2026\/04\/Yolo-red-150x150.jpg",150,150,true],"medium":["https:\/\/www.band-maid.fr\/wp-content\/uploads\/2026\/04\/Yolo-red-300x300.jpg",300,300,true],"medium_large":["https:\/\/www.band-maid.fr\/wp-content\/uploads\/2026\/04\/Yolo-red.jpg",768,768,false],"large":["https:\/\/www.band-maid.fr\/wp-content\/uploads\/2026\/04\/Yolo-red-1024x1024.jpg",950,950,true],"1536x1536":["https:\/\/www.band-maid.fr\/wp-content\/uploads\/2026\/04\/Yolo-red.jpg",1200,1200,false],"2048x2048":["https:\/\/www.band-maid.fr\/wp-content\/uploads\/2026\/04\/Yolo-red.jpg",1200,1200,false],"inspiro-featured-image":["https:\/\/www.band-maid.fr\/wp-content\/uploads\/2026\/04\/Yolo-red.jpg",1200,1200,false],"inspiro-loop":["https:\/\/www.band-maid.fr\/wp-content\/uploads\/2026\/04\/Yolo-red-950x320.jpg",950,320,true],"inspiro-loop@2x":["https:\/\/www.band-maid.fr\/wp-content\/uploads\/2026\/04\/Yolo-red-1200x640.jpg",1200,640,true],"portfolio_item-thumbnail":["https:\/\/www.band-maid.fr\/wp-content\/uploads\/2026\/04\/Yolo-red-600x400.jpg",600,400,true],"portfolio_item-thumbnail@2x":["https:\/\/www.band-maid.fr\/wp-content\/uploads\/2026\/04\/Yolo-red-1200x800.jpg",1200,800,true],"portfolio_item-masonry":["https:\/\/www.band-maid.fr\/wp-content\/uploads\/2026\/04\/Yolo-red-600x600.jpg",600,600,true],"portfolio_item-masonry@2x":["https:\/\/www.band-maid.fr\/wp-content\/uploads\/2026\/04\/Yolo-red.jpg",1200,1200,false],"portfolio_item-thumbnail_cinema":["https:\/\/www.band-maid.fr\/wp-content\/uploads\/2026\/04\/Yolo-red-800x335.jpg",800,335,true],"portfolio_item-thumbnail_portrait":["https:\/\/www.band-maid.fr\/wp-content\/uploads\/2026\/04\/Yolo-red-600x900.jpg",600,900,true],"portfolio_item-thumbnail_portrait@2x":["https:\/\/www.band-maid.fr\/wp-content\/uploads\/2026\/04\/Yolo-red.jpg",1200,1200,false],"portfolio_item-thumbnail_square":["https:\/\/www.band-maid.fr\/wp-content\/uploads\/2026\/04\/Yolo-red-800x800.jpg",800,800,true]},"_links":{"self":[{"href":"https:\/\/www.band-maid.fr\/index.php\/wp-json\/wp\/v2\/pages\/9687","targetHints":{"allow":["GET"]}}],"collection":[{"href":"https:\/\/www.band-maid.fr\/index.php\/wp-json\/wp\/v2\/pages"}],"about":[{"href":"https:\/\/www.band-maid.fr\/index.php\/wp-json\/wp\/v2\/types\/page"}],"author":[{"embeddable":true,"href":"https:\/\/www.band-maid.fr\/index.php\/wp-json\/wp\/v2\/users\/1"}],"replies":[{"embeddable":true,"href":"https:\/\/www.band-maid.fr\/index.php\/wp-json\/wp\/v2\/comments?post=9687"}],"version-history":[{"count":1,"href":"https:\/\/www.band-maid.fr\/index.php\/wp-json\/wp\/v2\/pages\/9687\/revisions"}],"predecessor-version":[{"id":9688,"href":"https:\/\/www.band-maid.fr\/index.php\/wp-json\/wp\/v2\/pages\/9687\/revisions\/9688"}],"wp:featuredmedia":[{"embeddable":true,"href":"https:\/\/www.band-maid.fr\/index.php\/wp-json\/wp\/v2\/media\/9606"}],"wp:attachment":[{"href":"https:\/\/www.band-maid.fr\/index.php\/wp-json\/wp\/v2\/media?parent=9687"}],"curies":[{"name":"wp","href":"https:\/\/api.w.org\/{rel}","templated":true}]}}