{"id":9659,"date":"2026-04-09T18:22:26","date_gmt":"2026-04-09T18:22:26","guid":{"rendered":"https:\/\/www.band-maid.fr\/?page_id=9659"},"modified":"2026-04-29T14:11:18","modified_gmt":"2026-04-29T14:11:18","slug":"onset","status":"publish","type":"page","link":"https:\/\/www.band-maid.fr\/index.php\/onset\/","title":{"rendered":"Onset"},"content":{"rendered":"\n<figure class=\"wp-block-image aligncenter size-large\"><img fetchpriority=\"high\" decoding=\"async\" width=\"1024\" height=\"78\" src=\"https:\/\/www.band-maid.fr\/wp-content\/uploads\/2026\/02\/bande-noire-1024x78.jpg\" alt=\"\" class=\"wp-image-8482\" srcset=\"https:\/\/www.band-maid.fr\/wp-content\/uploads\/2026\/02\/bande-noire-1024x78.jpg 1024w, https:\/\/www.band-maid.fr\/wp-content\/uploads\/2026\/02\/bande-noire-300x23.jpg 300w, https:\/\/www.band-maid.fr\/wp-content\/uploads\/2026\/02\/bande-noire.jpg 1280w\" sizes=\"(max-width: 1024px) 100vw, 1024px\" \/><\/figure>\n\n\n\n<figure class=\"wp-block-embed is-type-video is-provider-youtube wp-block-embed-youtube wp-embed-aspect-16-9 wp-has-aspect-ratio\"><div class=\"wp-block-embed__wrapper\">\n<iframe title=\"BAND MAID   ONSET INSTRUMENTAL #bandmaid\" width=\"950\" height=\"534\" src=\"https:\/\/www.youtube.com\/embed\/LOmGmqHY1Ls?feature=oembed\" frameborder=\"0\" allow=\"accelerometer; autoplay; clipboard-write; encrypted-media; gyroscope; picture-in-picture; web-share\" referrerpolicy=\"strict-origin-when-cross-origin\" allowfullscreen><\/iframe>\n<\/div><\/figure>\n\n\n\n<figure class=\"wp-block-image aligncenter size-large\"><img fetchpriority=\"high\" decoding=\"async\" width=\"1024\" height=\"78\" src=\"https:\/\/www.band-maid.fr\/wp-content\/uploads\/2026\/02\/bande-noire-1024x78.jpg\" alt=\"\" class=\"wp-image-8482\" srcset=\"https:\/\/www.band-maid.fr\/wp-content\/uploads\/2026\/02\/bande-noire-1024x78.jpg 1024w, https:\/\/www.band-maid.fr\/wp-content\/uploads\/2026\/02\/bande-noire-300x23.jpg 300w, https:\/\/www.band-maid.fr\/wp-content\/uploads\/2026\/02\/bande-noire.jpg 1280w\" sizes=\"(max-width: 1024px) 100vw, 1024px\" \/><\/figure>\n\n\n\n<p><br>Musique: <strong>Band-Maid<\/strong><br>Album :<strong>Conqueror<\/strong> (4 d\u00e9cembre 2019)<\/p>\n\n\n\n<figure class=\"wp-block-image aligncenter size-large\"><img fetchpriority=\"high\" decoding=\"async\" width=\"1024\" height=\"78\" src=\"https:\/\/www.band-maid.fr\/wp-content\/uploads\/2026\/02\/bande-noire-1024x78.jpg\" alt=\"\" class=\"wp-image-8482\" srcset=\"https:\/\/www.band-maid.fr\/wp-content\/uploads\/2026\/02\/bande-noire-1024x78.jpg 1024w, https:\/\/www.band-maid.fr\/wp-content\/uploads\/2026\/02\/bande-noire-300x23.jpg 300w, https:\/\/www.band-maid.fr\/wp-content\/uploads\/2026\/02\/bande-noire.jpg 1280w\" sizes=\"(max-width: 1024px) 100vw, 1024px\" \/><\/figure>\n\n\n\n<h2 class=\"wp-block-heading\" id=\"notes-et-citations-bandmaid-songs-encyclopedia-de5ae1bd-f8c1-493f-9b05-3e24295c2495\">Notes et citations (Band-Maid Songs Encyclopedia)<\/h2>\n\n\n\n<p>Disque bonus instrumental de l&rsquo;\u00e9dition limit\u00e9e, initialement offert pour l&rsquo;achat group\u00e9 de deux singles Bubble et glory, puis int\u00e9gr\u00e9 dans le Blu-ray\/DVD bonus de l&rsquo;\u00e9dition limit\u00e9e de \u00ab CONQUEROR \u00bb<\/p>\n\n\n\n<figure class=\"wp-block-image aligncenter size-large\"><img fetchpriority=\"high\" decoding=\"async\" width=\"1024\" height=\"78\" src=\"https:\/\/www.band-maid.fr\/wp-content\/uploads\/2026\/02\/bande-noire-1024x78.jpg\" alt=\"\" class=\"wp-image-8482\" srcset=\"https:\/\/www.band-maid.fr\/wp-content\/uploads\/2026\/02\/bande-noire-1024x78.jpg 1024w, https:\/\/www.band-maid.fr\/wp-content\/uploads\/2026\/02\/bande-noire-300x23.jpg 300w, https:\/\/www.band-maid.fr\/wp-content\/uploads\/2026\/02\/bande-noire.jpg 1280w\" sizes=\"(max-width: 1024px) 100vw, 1024px\" \/><\/figure>\n\n\n\n<div class=\"wp-block-advgb-columns advgb-columns-wrapper\" id=\"advgb-cols-cbd550b9-f61b-4cda-9413-f9cc4c826e15\"><div class=\"advgb-columns-container\"><div class=\"advgb-columns advgb-columns-row advgb-is-mobile advgb-columns-2 layout-12-12 mbl-layout-stacked vgutter-10\">\n<div class=\"wp-block-advgb-column advgb-column\" id=\"advgb-col-3d7136f7-6e9e-4a20-9516-0a044bca66f2\"><div class=\"advgb-column-inner\" style=\"border-style:none;border-width:1px\">\n<div class=\"wp-block-advgb-button alignnone\"><a class=\"wp-block-advgb-button_link advgbbtn-efe4c636-504e-4b10-ab4c-9b4155d7222d\" href=\"https:\/\/www.band-maid.fr\/index.php\/conqueror\/\" target=\"_self\" rel=\"noopener noreferrer\"><span>Conqueror<\/span><\/a><\/div>\n<\/div><\/div>\n\n\n\n<div class=\"wp-block-advgb-column advgb-column\" id=\"advgb-col-dc2239f2-8f54-4c6c-8106-5b5715c3b1b0\"><div class=\"advgb-column-inner\" style=\"border-style:none;border-width:1px\">\n<div class=\"wp-block-advgb-button alignnone\"><a class=\"wp-block-advgb-button_link advgbbtn-61906f26-fe1f-4e65-9ae7-27b4cfc670fb\" href=\"https:\/\/www.band-maid.fr\/index.php\/discographie-de-band-maid\/\" target=\"_self\" rel=\"noopener noreferrer\"><span>Discographie<\/span><\/a><\/div>\n<\/div><\/div>\n<\/div><\/div><\/div>\n\n\n\n<figure class=\"wp-block-image aligncenter size-large\"><img fetchpriority=\"high\" decoding=\"async\" width=\"1024\" height=\"78\" src=\"https:\/\/www.band-maid.fr\/wp-content\/uploads\/2026\/02\/bande-noire-1024x78.jpg\" alt=\"\" class=\"wp-image-8482\" srcset=\"https:\/\/www.band-maid.fr\/wp-content\/uploads\/2026\/02\/bande-noire-1024x78.jpg 1024w, https:\/\/www.band-maid.fr\/wp-content\/uploads\/2026\/02\/bande-noire-300x23.jpg 300w, https:\/\/www.band-maid.fr\/wp-content\/uploads\/2026\/02\/bande-noire.jpg 1280w\" sizes=\"(max-width: 1024px) 100vw, 1024px\" \/><\/figure>\n\n\n\n<p><\/p>\n<style class=\"advgb-styles-renderer\">.advgbbtn-efe4c636-504e-4b10-ab4c-9b4155d7222d{font-size:18px;color:#fff !important;background-color:#2196f3 !important;margin:0px 0px 0px 0px !important;padding:10px 30px 10px 30px;border-width:1px !important;border-style:none;border-radius:50px !important;}.advgbbtn-efe4c636-504e-4b10-ab4c-9b4155d7222d:hover{box-shadow:1px 1px 12px 0px #ccc;opacity:1;transition:all 0.2s ease;}.advgbbtn-efe4c636-504e-4b10-ab4c-9b4155d7222d > i {display: none !important;}#advgb-col-3d7136f7-6e9e-4a20-9516-0a044bca66f2>.advgb-column-inner{}@media screen and (max-width: 1023px) {#advgb-col-3d7136f7-6e9e-4a20-9516-0a044bca66f2>.advgb-column-inner{}}@media screen and (max-width: 767px) {#advgb-col-3d7136f7-6e9e-4a20-9516-0a044bca66f2>.advgb-column-inner{}}.advgbbtn-efe4c636-504e-4b10-ab4c-9b4155d7222d{font-size:18px;color:#fff !important;background-color:#2196f3 !important;margin:0px 0px 0px 0px !important;padding:10px 30px 10px 30px;border-width:1px !important;border-style:none;border-radius:50px !important;}.advgbbtn-efe4c636-504e-4b10-ab4c-9b4155d7222d:hover{box-shadow:1px 1px 12px 0px #ccc;opacity:1;transition:all 0.2s ease;}.advgbbtn-efe4c636-504e-4b10-ab4c-9b4155d7222d > i {display: none !important;}.advgbbtn-61906f26-fe1f-4e65-9ae7-27b4cfc670fb{font-size:18px;color:#fff !important;background-color:#2196f3 !important;margin:0px 0px 0px 0px !important;padding:10px 30px 10px 30px;border-width:1px !important;border-style:none;border-radius:50px !important;}.advgbbtn-61906f26-fe1f-4e65-9ae7-27b4cfc670fb:hover{box-shadow:1px 1px 12px 0px #ccc;opacity:1;transition:all 0.2s ease;}.advgbbtn-61906f26-fe1f-4e65-9ae7-27b4cfc670fb > i {display: none !important;}#advgb-col-dc2239f2-8f54-4c6c-8106-5b5715c3b1b0>.advgb-column-inner{text-align:right;}@media screen and (max-width: 1023px) {#advgb-col-dc2239f2-8f54-4c6c-8106-5b5715c3b1b0>.advgb-column-inner{}}@media screen and (max-width: 767px) {#advgb-col-dc2239f2-8f54-4c6c-8106-5b5715c3b1b0>.advgb-column-inner{}}.advgbbtn-61906f26-fe1f-4e65-9ae7-27b4cfc670fb{font-size:18px;color:#fff !important;background-color:#2196f3 !important;margin:0px 0px 0px 0px !important;padding:10px 30px 10px 30px;border-width:1px !important;border-style:none;border-radius:50px !important;}.advgbbtn-61906f26-fe1f-4e65-9ae7-27b4cfc670fb:hover{box-shadow:1px 1px 12px 0px #ccc;opacity:1;transition:all 0.2s ease;}.advgbbtn-61906f26-fe1f-4e65-9ae7-27b4cfc670fb > i {display: none !important;}#advgb-cols-cbd550b9-f61b-4cda-9413-f9cc4c826e15{}@media screen and (max-width: 1023px) {#advgb-cols-cbd550b9-f61b-4cda-9413-f9cc4c826e15{}}@media screen and (max-width: 767px) {#advgb-cols-cbd550b9-f61b-4cda-9413-f9cc4c826e15{}}#advgb-col-3d7136f7-6e9e-4a20-9516-0a044bca66f2>.advgb-column-inner{}@media screen and (max-width: 1023px) {#advgb-col-3d7136f7-6e9e-4a20-9516-0a044bca66f2>.advgb-column-inner{}}@media screen and (max-width: 767px) {#advgb-col-3d7136f7-6e9e-4a20-9516-0a044bca66f2>.advgb-column-inner{}}.advgbbtn-efe4c636-504e-4b10-ab4c-9b4155d7222d{font-size:18px;color:#fff !important;background-color:#2196f3 !important;margin:0px 0px 0px 0px !important;padding:10px 30px 10px 30px;border-width:1px !important;border-style:none;border-radius:50px !important;}.advgbbtn-efe4c636-504e-4b10-ab4c-9b4155d7222d:hover{box-shadow:1px 1px 12px 0px #ccc;opacity:1;transition:all 0.2s ease;}.advgbbtn-efe4c636-504e-4b10-ab4c-9b4155d7222d > i {display: none !important;}#advgb-col-dc2239f2-8f54-4c6c-8106-5b5715c3b1b0>.advgb-column-inner{text-align:right;}@media screen and (max-width: 1023px) {#advgb-col-dc2239f2-8f54-4c6c-8106-5b5715c3b1b0>.advgb-column-inner{}}@media screen and (max-width: 767px) {#advgb-col-dc2239f2-8f54-4c6c-8106-5b5715c3b1b0>.advgb-column-inner{}}.advgbbtn-61906f26-fe1f-4e65-9ae7-27b4cfc670fb{font-size:18px;color:#fff !important;background-color:#2196f3 !important;margin:0px 0px 0px 0px !important;padding:10px 30px 10px 30px;border-width:1px !important;border-style:none;border-radius:50px !important;}.advgbbtn-61906f26-fe1f-4e65-9ae7-27b4cfc670fb:hover{box-shadow:1px 1px 12px 0px #ccc;opacity:1;transition:all 0.2s ease;}.advgbbtn-61906f26-fe1f-4e65-9ae7-27b4cfc670fb > i {display: none !important;}<\/style>","protected":false},"excerpt":{"rendered":"<p>Musique: Band-MaidAlbum :Conqueror (4 d\u00e9cembre 2019) Notes et citations (Band-Maid Songs Encyclopedia) Disque bonus instrumental de l&rsquo;\u00e9dition limit\u00e9e, initialement offert pour l&rsquo;achat group\u00e9 de deux singles Bubble et glory, puis int\u00e9gr\u00e9 dans le Blu-ray\/DVD bonus de l&rsquo;\u00e9dition limit\u00e9e de \u00ab CONQUEROR \u00bb<\/p>\n","protected":false},"author":1,"featured_media":9237,"parent":0,"menu_order":0,"comment_status":"closed","ping_status":"closed","template":"","meta":{"advgb_blocks_editor_width":"","advgb_blocks_columns_visual_guide":"","footnotes":""},"class_list":["post-9659","page","type-page","status-publish","has-post-thumbnail","hentry"],"yoast_head":"<!-- This site is optimized with the Yoast SEO plugin v27.6 - https:\/\/yoast.com\/product\/yoast-seo-wordpress\/ -->\n<title>Onset - BAND-MAID<\/title>\n<meta name=\"robots\" content=\"index, follow, max-snippet:-1, max-image-preview:large, max-video-preview:-1\" \/>\n<link rel=\"canonical\" href=\"https:\/\/www.band-maid.fr\/index.php\/onset\/\" \/>\n<meta property=\"og:locale\" content=\"fr_FR\" \/>\n<meta property=\"og:type\" content=\"article\" \/>\n<meta property=\"og:title\" content=\"Onset - BAND-MAID\" \/>\n<meta property=\"og:description\" content=\"Musique: Band-MaidAlbum :Conqueror (4 d\u00e9cembre 2019) Notes et citations (Band-Maid Songs Encyclopedia) Disque bonus instrumental de l&rsquo;\u00e9dition limit\u00e9e, initialement offert pour l&rsquo;achat group\u00e9 de deux singles Bubble et glory, puis int\u00e9gr\u00e9 dans le Blu-ray\/DVD bonus de l&rsquo;\u00e9dition limit\u00e9e de \u00ab CONQUEROR \u00bb\" \/>\n<meta property=\"og:url\" content=\"https:\/\/www.band-maid.fr\/index.php\/onset\/\" \/>\n<meta property=\"og:site_name\" content=\"BAND-MAID\" \/>\n<meta property=\"article:publisher\" content=\"https:\/\/www.facebook.com\/bandmaid\" \/>\n<meta property=\"article:modified_time\" content=\"2026-04-29T14:11:18+00:00\" \/>\n<meta property=\"og:image\" content=\"https:\/\/www.band-maid.fr\/wp-content\/uploads\/2026\/04\/Bandeau-conqueror2.jpg\" \/>\n\t<meta property=\"og:image:width\" content=\"2000\" \/>\n\t<meta property=\"og:image:height\" content=\"1771\" \/>\n\t<meta property=\"og:image:type\" content=\"image\/jpeg\" \/>\n<meta name=\"twitter:card\" content=\"summary_large_image\" \/>\n<meta name=\"twitter:site\" content=\"@bandmaid\" \/>\n<meta name=\"twitter:label1\" content=\"Dur\u00e9e de lecture estim\u00e9e\" \/>\n\t<meta name=\"twitter:data1\" content=\"2 minutes\" \/>\n<script type=\"application\/ld+json\" class=\"yoast-schema-graph\">{\"@context\":\"https:\\\/\\\/schema.org\",\"@graph\":[{\"@type\":\"WebPage\",\"@id\":\"https:\\\/\\\/www.band-maid.fr\\\/index.php\\\/onset\\\/\",\"url\":\"https:\\\/\\\/www.band-maid.fr\\\/index.php\\\/onset\\\/\",\"name\":\"Onset - BAND-MAID\",\"isPartOf\":{\"@id\":\"https:\\\/\\\/www.band-maid.fr\\\/#website\"},\"primaryImageOfPage\":{\"@id\":\"https:\\\/\\\/www.band-maid.fr\\\/index.php\\\/onset\\\/#primaryimage\"},\"image\":{\"@id\":\"https:\\\/\\\/www.band-maid.fr\\\/index.php\\\/onset\\\/#primaryimage\"},\"thumbnailUrl\":\"https:\\\/\\\/www.band-maid.fr\\\/wp-content\\\/uploads\\\/2026\\\/04\\\/Bandeau-conqueror2.jpg\",\"datePublished\":\"2026-04-09T18:22:26+00:00\",\"dateModified\":\"2026-04-29T14:11:18+00:00\",\"breadcrumb\":{\"@id\":\"https:\\\/\\\/www.band-maid.fr\\\/index.php\\\/onset\\\/#breadcrumb\"},\"inLanguage\":\"fr-FR\",\"potentialAction\":[{\"@type\":\"ReadAction\",\"target\":[\"https:\\\/\\\/www.band-maid.fr\\\/index.php\\\/onset\\\/\"]}]},{\"@type\":\"ImageObject\",\"inLanguage\":\"fr-FR\",\"@id\":\"https:\\\/\\\/www.band-maid.fr\\\/index.php\\\/onset\\\/#primaryimage\",\"url\":\"https:\\\/\\\/www.band-maid.fr\\\/wp-content\\\/uploads\\\/2026\\\/04\\\/Bandeau-conqueror2.jpg\",\"contentUrl\":\"https:\\\/\\\/www.band-maid.fr\\\/wp-content\\\/uploads\\\/2026\\\/04\\\/Bandeau-conqueror2.jpg\",\"width\":2000,\"height\":1771},{\"@type\":\"BreadcrumbList\",\"@id\":\"https:\\\/\\\/www.band-maid.fr\\\/index.php\\\/onset\\\/#breadcrumb\",\"itemListElement\":[{\"@type\":\"ListItem\",\"position\":1,\"name\":\"Accueil\",\"item\":\"https:\\\/\\\/www.band-maid.fr\\\/\"},{\"@type\":\"ListItem\",\"position\":2,\"name\":\"Onset\"}]},{\"@type\":\"WebSite\",\"@id\":\"https:\\\/\\\/www.band-maid.fr\\\/#website\",\"url\":\"https:\\\/\\\/www.band-maid.fr\\\/\",\"name\":\"BAND-MAID\",\"description\":\"WORLD DOMINATION\",\"publisher\":{\"@id\":\"https:\\\/\\\/www.band-maid.fr\\\/#organization\"},\"potentialAction\":[{\"@type\":\"SearchAction\",\"target\":{\"@type\":\"EntryPoint\",\"urlTemplate\":\"https:\\\/\\\/www.band-maid.fr\\\/?s={search_term_string}\"},\"query-input\":{\"@type\":\"PropertyValueSpecification\",\"valueRequired\":true,\"valueName\":\"search_term_string\"}}],\"inLanguage\":\"fr-FR\"},{\"@type\":\"Organization\",\"@id\":\"https:\\\/\\\/www.band-maid.fr\\\/#organization\",\"name\":\"BAND-MAID\",\"url\":\"https:\\\/\\\/www.band-maid.fr\\\/\",\"logo\":{\"@type\":\"ImageObject\",\"inLanguage\":\"fr-FR\",\"@id\":\"https:\\\/\\\/www.band-maid.fr\\\/#\\\/schema\\\/logo\\\/image\\\/\",\"url\":\"http:\\\/\\\/wglgkdc.cluster121.hosting.ovh.net\\\/wp-content\\\/uploads\\\/2026\\\/01\\\/logo_band-maid_b.png\",\"contentUrl\":\"http:\\\/\\\/wglgkdc.cluster121.hosting.ovh.net\\\/wp-content\\\/uploads\\\/2026\\\/01\\\/logo_band-maid_b.png\",\"width\":540,\"height\":93,\"caption\":\"BAND-MAID\"},\"image\":{\"@id\":\"https:\\\/\\\/www.band-maid.fr\\\/#\\\/schema\\\/logo\\\/image\\\/\"},\"sameAs\":[\"https:\\\/\\\/www.facebook.com\\\/bandmaid\",\"https:\\\/\\\/x.com\\\/bandmaid\",\"https:\\\/\\\/www.instagram.com\\\/bandmaid.jp\\\/\",\"https:\\\/\\\/www.youtube.com\\\/channel\\\/UCJToUvYrmkmTCR-bluEaQfA\",\"https:\\\/\\\/www.tiktok.com\\\/@bandmaid_int\"]}]}<\/script>\n<!-- \/ Yoast SEO plugin. -->","yoast_head_json":{"title":"Onset - BAND-MAID","robots":{"index":"index","follow":"follow","max-snippet":"max-snippet:-1","max-image-preview":"max-image-preview:large","max-video-preview":"max-video-preview:-1"},"canonical":"https:\/\/www.band-maid.fr\/index.php\/onset\/","og_locale":"fr_FR","og_type":"article","og_title":"Onset - BAND-MAID","og_description":"Musique: Band-MaidAlbum :Conqueror (4 d\u00e9cembre 2019) Notes et citations (Band-Maid Songs Encyclopedia) Disque bonus instrumental de l&rsquo;\u00e9dition limit\u00e9e, initialement offert pour l&rsquo;achat group\u00e9 de deux singles Bubble et glory, puis int\u00e9gr\u00e9 dans le Blu-ray\/DVD bonus de l&rsquo;\u00e9dition limit\u00e9e de \u00ab CONQUEROR \u00bb","og_url":"https:\/\/www.band-maid.fr\/index.php\/onset\/","og_site_name":"BAND-MAID","article_publisher":"https:\/\/www.facebook.com\/bandmaid","article_modified_time":"2026-04-29T14:11:18+00:00","og_image":[{"width":2000,"height":1771,"url":"https:\/\/www.band-maid.fr\/wp-content\/uploads\/2026\/04\/Bandeau-conqueror2.jpg","type":"image\/jpeg"}],"twitter_card":"summary_large_image","twitter_site":"@bandmaid","twitter_misc":{"Dur\u00e9e de lecture estim\u00e9e":"2 minutes"},"schema":{"@context":"https:\/\/schema.org","@graph":[{"@type":"WebPage","@id":"https:\/\/www.band-maid.fr\/index.php\/onset\/","url":"https:\/\/www.band-maid.fr\/index.php\/onset\/","name":"Onset - BAND-MAID","isPartOf":{"@id":"https:\/\/www.band-maid.fr\/#website"},"primaryImageOfPage":{"@id":"https:\/\/www.band-maid.fr\/index.php\/onset\/#primaryimage"},"image":{"@id":"https:\/\/www.band-maid.fr\/index.php\/onset\/#primaryimage"},"thumbnailUrl":"https:\/\/www.band-maid.fr\/wp-content\/uploads\/2026\/04\/Bandeau-conqueror2.jpg","datePublished":"2026-04-09T18:22:26+00:00","dateModified":"2026-04-29T14:11:18+00:00","breadcrumb":{"@id":"https:\/\/www.band-maid.fr\/index.php\/onset\/#breadcrumb"},"inLanguage":"fr-FR","potentialAction":[{"@type":"ReadAction","target":["https:\/\/www.band-maid.fr\/index.php\/onset\/"]}]},{"@type":"ImageObject","inLanguage":"fr-FR","@id":"https:\/\/www.band-maid.fr\/index.php\/onset\/#primaryimage","url":"https:\/\/www.band-maid.fr\/wp-content\/uploads\/2026\/04\/Bandeau-conqueror2.jpg","contentUrl":"https:\/\/www.band-maid.fr\/wp-content\/uploads\/2026\/04\/Bandeau-conqueror2.jpg","width":2000,"height":1771},{"@type":"BreadcrumbList","@id":"https:\/\/www.band-maid.fr\/index.php\/onset\/#breadcrumb","itemListElement":[{"@type":"ListItem","position":1,"name":"Accueil","item":"https:\/\/www.band-maid.fr\/"},{"@type":"ListItem","position":2,"name":"Onset"}]},{"@type":"WebSite","@id":"https:\/\/www.band-maid.fr\/#website","url":"https:\/\/www.band-maid.fr\/","name":"BAND-MAID","description":"WORLD DOMINATION","publisher":{"@id":"https:\/\/www.band-maid.fr\/#organization"},"potentialAction":[{"@type":"SearchAction","target":{"@type":"EntryPoint","urlTemplate":"https:\/\/www.band-maid.fr\/?s={search_term_string}"},"query-input":{"@type":"PropertyValueSpecification","valueRequired":true,"valueName":"search_term_string"}}],"inLanguage":"fr-FR"},{"@type":"Organization","@id":"https:\/\/www.band-maid.fr\/#organization","name":"BAND-MAID","url":"https:\/\/www.band-maid.fr\/","logo":{"@type":"ImageObject","inLanguage":"fr-FR","@id":"https:\/\/www.band-maid.fr\/#\/schema\/logo\/image\/","url":"http:\/\/wglgkdc.cluster121.hosting.ovh.net\/wp-content\/uploads\/2026\/01\/logo_band-maid_b.png","contentUrl":"http:\/\/wglgkdc.cluster121.hosting.ovh.net\/wp-content\/uploads\/2026\/01\/logo_band-maid_b.png","width":540,"height":93,"caption":"BAND-MAID"},"image":{"@id":"https:\/\/www.band-maid.fr\/#\/schema\/logo\/image\/"},"sameAs":["https:\/\/www.facebook.com\/bandmaid","https:\/\/x.com\/bandmaid","https:\/\/www.instagram.com\/bandmaid.jp\/","https:\/\/www.youtube.com\/channel\/UCJToUvYrmkmTCR-bluEaQfA","https:\/\/www.tiktok.com\/@bandmaid_int"]}]}},"coauthors":[],"author_meta":{"author_link":"https:\/\/www.band-maid.fr\/index.php\/author\/admin8693\/","display_name":"LJB"},"relative_dates":{"created":"Publi\u00e9 1 mois il y a","modified":"Mis \u00e0 jour 2 semaines il y a"},"absolute_dates":{"created":"Publi\u00e9 le 09\/04\/2026","modified":"Mise \u00e0 jour le 29\/04\/2026"},"absolute_dates_time":{"created":"Publi\u00e9 le 09\/04\/2026 18h22","modified":"Mise \u00e0 jour le 29\/04\/2026 14h11"},"featured_img_caption":"","featured_img":"https:\/\/www.band-maid.fr\/wp-content\/uploads\/2026\/04\/Bandeau-conqueror2.jpg","series_order":"","featured_media_urls":{"thumbnail":["https:\/\/www.band-maid.fr\/wp-content\/uploads\/2026\/04\/Bandeau-conqueror2-150x150.jpg",150,150,true],"medium":["https:\/\/www.band-maid.fr\/wp-content\/uploads\/2026\/04\/Bandeau-conqueror2-300x266.jpg",300,266,true],"medium_large":["https:\/\/www.band-maid.fr\/wp-content\/uploads\/2026\/04\/Bandeau-conqueror2.jpg",768,680,false],"large":["https:\/\/www.band-maid.fr\/wp-content\/uploads\/2026\/04\/Bandeau-conqueror2-1024x907.jpg",950,841,true],"1536x1536":["https:\/\/www.band-maid.fr\/wp-content\/uploads\/2026\/04\/Bandeau-conqueror2-1536x1360.jpg",1536,1360,true],"2048x2048":["https:\/\/www.band-maid.fr\/wp-content\/uploads\/2026\/04\/Bandeau-conqueror2.jpg",2000,1771,false],"inspiro-featured-image":["https:\/\/www.band-maid.fr\/wp-content\/uploads\/2026\/04\/Bandeau-conqueror2.jpg",2000,1771,false],"inspiro-loop":["https:\/\/www.band-maid.fr\/wp-content\/uploads\/2026\/04\/Bandeau-conqueror2-950x320.jpg",950,320,true],"inspiro-loop@2x":["https:\/\/www.band-maid.fr\/wp-content\/uploads\/2026\/04\/Bandeau-conqueror2-1900x640.jpg",1900,640,true],"portfolio_item-thumbnail":["https:\/\/www.band-maid.fr\/wp-content\/uploads\/2026\/04\/Bandeau-conqueror2-600x400.jpg",600,400,true],"portfolio_item-thumbnail@2x":["https:\/\/www.band-maid.fr\/wp-content\/uploads\/2026\/04\/Bandeau-conqueror2-1200x800.jpg",1200,800,true],"portfolio_item-masonry":["https:\/\/www.band-maid.fr\/wp-content\/uploads\/2026\/04\/Bandeau-conqueror2-600x531.jpg",600,531,true],"portfolio_item-masonry@2x":["https:\/\/www.band-maid.fr\/wp-content\/uploads\/2026\/04\/Bandeau-conqueror2-1200x1063.jpg",1200,1063,true],"portfolio_item-thumbnail_cinema":["https:\/\/www.band-maid.fr\/wp-content\/uploads\/2026\/04\/Bandeau-conqueror2-800x335.jpg",800,335,true],"portfolio_item-thumbnail_portrait":["https:\/\/www.band-maid.fr\/wp-content\/uploads\/2026\/04\/Bandeau-conqueror2-600x900.jpg",600,900,true],"portfolio_item-thumbnail_portrait@2x":["https:\/\/www.band-maid.fr\/wp-content\/uploads\/2026\/04\/Bandeau-conqueror2-1200x1771.jpg",1200,1771,true],"portfolio_item-thumbnail_square":["https:\/\/www.band-maid.fr\/wp-content\/uploads\/2026\/04\/Bandeau-conqueror2-800x800.jpg",800,800,true]},"_links":{"self":[{"href":"https:\/\/www.band-maid.fr\/index.php\/wp-json\/wp\/v2\/pages\/9659","targetHints":{"allow":["GET"]}}],"collection":[{"href":"https:\/\/www.band-maid.fr\/index.php\/wp-json\/wp\/v2\/pages"}],"about":[{"href":"https:\/\/www.band-maid.fr\/index.php\/wp-json\/wp\/v2\/types\/page"}],"author":[{"embeddable":true,"href":"https:\/\/www.band-maid.fr\/index.php\/wp-json\/wp\/v2\/users\/1"}],"replies":[{"embeddable":true,"href":"https:\/\/www.band-maid.fr\/index.php\/wp-json\/wp\/v2\/comments?post=9659"}],"version-history":[{"count":2,"href":"https:\/\/www.band-maid.fr\/index.php\/wp-json\/wp\/v2\/pages\/9659\/revisions"}],"predecessor-version":[{"id":10274,"href":"https:\/\/www.band-maid.fr\/index.php\/wp-json\/wp\/v2\/pages\/9659\/revisions\/10274"}],"wp:featuredmedia":[{"embeddable":true,"href":"https:\/\/www.band-maid.fr\/index.php\/wp-json\/wp\/v2\/media\/9237"}],"wp:attachment":[{"href":"https:\/\/www.band-maid.fr\/index.php\/wp-json\/wp\/v2\/media?parent=9659"}],"curies":[{"name":"wp","href":"https:\/\/api.w.org\/{rel}","templated":true}]}}