{"id":9131,"date":"2026-04-02T09:38:03","date_gmt":"2026-04-02T09:38:03","guid":{"rendered":"https:\/\/www.band-maid.fr\/?page_id=9131"},"modified":"2026-04-24T17:26:10","modified_gmt":"2026-04-24T17:26:10","slug":"get-to-the-top","status":"publish","type":"page","link":"https:\/\/www.band-maid.fr\/index.php\/get-to-the-top\/","title":{"rendered":"Get to the Top"},"content":{"rendered":"\n<figure class=\"wp-block-image aligncenter size-large\"><img fetchpriority=\"high\" decoding=\"async\" width=\"1024\" height=\"78\" src=\"https:\/\/www.band-maid.fr\/wp-content\/uploads\/2026\/02\/bande-noire-1024x78.jpg\" alt=\"\" class=\"wp-image-8482\" srcset=\"https:\/\/www.band-maid.fr\/wp-content\/uploads\/2026\/02\/bande-noire-1024x78.jpg 1024w, https:\/\/www.band-maid.fr\/wp-content\/uploads\/2026\/02\/bande-noire-300x23.jpg 300w, https:\/\/www.band-maid.fr\/wp-content\/uploads\/2026\/02\/bande-noire.jpg 1280w\" sizes=\"(max-width: 1024px) 100vw, 1024px\" \/><\/figure>\n\n\n\n<figure class=\"wp-block-embed is-type-video is-provider-youtube wp-block-embed-youtube wp-embed-aspect-4-3 wp-has-aspect-ratio\"><div class=\"wp-block-embed__wrapper\">\n<iframe title=\"Get to the top\" width=\"950\" height=\"713\" src=\"https:\/\/www.youtube.com\/embed\/z0KTMEXJ1RE?feature=oembed\" frameborder=\"0\" allow=\"accelerometer; autoplay; clipboard-write; encrypted-media; gyroscope; picture-in-picture; web-share\" referrerpolicy=\"strict-origin-when-cross-origin\" allowfullscreen><\/iframe>\n<\/div><\/figure>\n\n\n\n<figure class=\"wp-block-image aligncenter size-large\"><img fetchpriority=\"high\" decoding=\"async\" width=\"1024\" height=\"78\" src=\"https:\/\/www.band-maid.fr\/wp-content\/uploads\/2026\/02\/bande-noire-1024x78.jpg\" alt=\"\" class=\"wp-image-8482\" srcset=\"https:\/\/www.band-maid.fr\/wp-content\/uploads\/2026\/02\/bande-noire-1024x78.jpg 1024w, https:\/\/www.band-maid.fr\/wp-content\/uploads\/2026\/02\/bande-noire-300x23.jpg 300w, https:\/\/www.band-maid.fr\/wp-content\/uploads\/2026\/02\/bande-noire.jpg 1280w\" sizes=\"(max-width: 1024px) 100vw, 1024px\" \/><\/figure>\n\n\n\n<p><br>Musique: <strong>Band-Maid<\/strong><br>Album :<strong>Epic Narratives<\/strong> (25 septembre 2024)<\/p>\n\n\n\n<figure class=\"wp-block-image aligncenter size-large\"><img fetchpriority=\"high\" decoding=\"async\" width=\"1024\" height=\"78\" src=\"https:\/\/www.band-maid.fr\/wp-content\/uploads\/2026\/02\/bande-noire-1024x78.jpg\" alt=\"\" class=\"wp-image-8482\" srcset=\"https:\/\/www.band-maid.fr\/wp-content\/uploads\/2026\/02\/bande-noire-1024x78.jpg 1024w, https:\/\/www.band-maid.fr\/wp-content\/uploads\/2026\/02\/bande-noire-300x23.jpg 300w, https:\/\/www.band-maid.fr\/wp-content\/uploads\/2026\/02\/bande-noire.jpg 1280w\" sizes=\"(max-width: 1024px) 100vw, 1024px\" \/><\/figure>\n\n\n\n<h2 class=\"wp-block-heading\">Notes et citations (Band-Maid Songs Encyclopedia)<\/h2>\n\n\n\n<p><strong>Kanami<\/strong> sur les r\u00e9seaux sociaux : Saiki-sensei m&rsquo;a dit : \u00ab En fait, il fallait un morceau instrumental pour l&rsquo;album \u00bb, et c&rsquo;est le dernier morceau que j&rsquo;ai compos\u00e9 pour l&rsquo;album ! Le pr\u00e9c\u00e9dent instrumental, \u00ab from now on \u00bb, \u00e9tait un morceau de rock sombre, alors cette fois-ci, j&rsquo;ai voulu aller dans la direction exactement oppos\u00e9e, avec une m\u00e9lodie plus enjou\u00e9e\u2026 J&rsquo;ai imagin\u00e9 cette chanson comme quelque chose qui donnerait \u00ab cette sensation d&rsquo;excitation qu&rsquo;on ressent en regardant un cirque \u00bb, ou qui ferait battre le c\u0153ur des gens \u00e0 tout rompre. J&rsquo;ai aussi pr\u00e9vu un moment fort pour le solo de guitare de Kobato ; j&rsquo;esp\u00e8re que vous avez h\u00e2te de d\u00e9couvrir ce passage lors d&rsquo;un Okyuji ! Quoi qu&rsquo;il en soit\u2026 c&rsquo;est une chanson qui tient tout le monde en haleine.<\/p>\n\n\n\n<figure class=\"wp-block-image aligncenter size-large is-resized\"><img decoding=\"async\" width=\"1024\" height=\"78\" src=\"https:\/\/www.band-maid.fr\/wp-content\/uploads\/2026\/02\/bande-noire-1024x78.jpg\" alt=\"\" class=\"wp-image-8482\" style=\"aspect-ratio:13.130635143257864;width:1024px;height:auto\" srcset=\"https:\/\/www.band-maid.fr\/wp-content\/uploads\/2026\/02\/bande-noire-1024x78.jpg 1024w, https:\/\/www.band-maid.fr\/wp-content\/uploads\/2026\/02\/bande-noire-300x23.jpg 300w, https:\/\/www.band-maid.fr\/wp-content\/uploads\/2026\/02\/bande-noire.jpg 1280w\" sizes=\"(max-width: 1024px) 100vw, 1024px\" \/><\/figure>\n\n\n\n<p><strong>Kanami<\/strong> : Le th\u00e8me ici, c\u2019est \u00ab le cirque \u00bb. On avait termin\u00e9 l\u2019album, mais Saiki a fait remarquer qu\u2019un disque de BAND-MAID n\u2019\u00e9tait pas complet sans un morceau instrumental. En composant celui-ci, j\u2019ai eu l\u2019impression qu\u2019on avait trouv\u00e9 la pi\u00e8ce manquante du puzzle. <br><strong>Miku Kobato &amp; Saiki <\/strong>: Le titre \u00e9voque le fait de grimper toujours plus haut. On peut y arriver !<\/p>\n\n\n\n<figure class=\"wp-block-image aligncenter size-large\"><img fetchpriority=\"high\" decoding=\"async\" width=\"1024\" height=\"78\" src=\"https:\/\/www.band-maid.fr\/wp-content\/uploads\/2026\/02\/bande-noire-1024x78.jpg\" alt=\"\" class=\"wp-image-8482\" srcset=\"https:\/\/www.band-maid.fr\/wp-content\/uploads\/2026\/02\/bande-noire-1024x78.jpg 1024w, https:\/\/www.band-maid.fr\/wp-content\/uploads\/2026\/02\/bande-noire-300x23.jpg 300w, https:\/\/www.band-maid.fr\/wp-content\/uploads\/2026\/02\/bande-noire.jpg 1280w\" sizes=\"(max-width: 1024px) 100vw, 1024px\" \/><\/figure>\n\n\n\n<div class=\"wp-block-advgb-columns advgb-columns-wrapper\" id=\"advgb-cols-3b134085-1c3d-4692-b40b-a2c7040b3077\"><div class=\"advgb-columns-container\"><div class=\"advgb-columns advgb-columns-row advgb-is-mobile advgb-columns-2 layout-12-12 mbl-layout-stacked vgutter-10\">\n<div class=\"wp-block-advgb-column advgb-column\" id=\"advgb-col-9fef4e24-65aa-4ae9-ad5f-95ca146fd66f\"><div class=\"advgb-column-inner\" style=\"border-style:none;border-width:1px\">\n<div class=\"wp-block-advgb-button alignnone\"><a class=\"wp-block-advgb-button_link advgbbtn-de78c6fa-2062-47d7-baf1-0fc78f612872\" href=\"https:\/\/www.band-maid.fr\/index.php\/epic-narratives\/\" target=\"_self\" rel=\"noopener noreferrer\"><span>\u00c9pic Narratives<\/span><\/a><\/div>\n<\/div><\/div>\n\n\n\n<div class=\"wp-block-advgb-column advgb-column\" id=\"advgb-col-f747a71c-d912-456a-9e79-c42d449c7b59\"><div class=\"advgb-column-inner\" style=\"border-style:none;border-width:1px\">\n<div class=\"wp-block-advgb-button alignnone\"><a class=\"wp-block-advgb-button_link advgbbtn-16f88ac3-ec8b-4149-9cbf-3e7c6d340678\" href=\"https:\/\/www.band-maid.fr\/index.php\/discographie-de-band-maid\/\" target=\"_self\" rel=\"noopener noreferrer\"><span>Discographie<\/span><\/a><\/div>\n<\/div><\/div>\n<\/div><\/div><\/div>\n\n\n\n<figure class=\"wp-block-image aligncenter size-large\"><img fetchpriority=\"high\" decoding=\"async\" width=\"1024\" height=\"78\" src=\"https:\/\/www.band-maid.fr\/wp-content\/uploads\/2026\/02\/bande-noire-1024x78.jpg\" alt=\"\" class=\"wp-image-8482\" srcset=\"https:\/\/www.band-maid.fr\/wp-content\/uploads\/2026\/02\/bande-noire-1024x78.jpg 1024w, https:\/\/www.band-maid.fr\/wp-content\/uploads\/2026\/02\/bande-noire-300x23.jpg 300w, https:\/\/www.band-maid.fr\/wp-content\/uploads\/2026\/02\/bande-noire.jpg 1280w\" sizes=\"(max-width: 1024px) 100vw, 1024px\" \/><\/figure>\n\n\n\n<p><\/p>\n<style class=\"advgb-styles-renderer\">.advgbbtn-de78c6fa-2062-47d7-baf1-0fc78f612872{font-size:18px;color:#fff !important;background-color:#2196f3 !important;margin:0px 0px 0px 0px !important;padding:10px 30px 10px 30px;border-width:1px !important;border-style:none;border-radius:50px !important;}.advgbbtn-de78c6fa-2062-47d7-baf1-0fc78f612872:hover{box-shadow:1px 1px 12px 0px #ccc;opacity:1;transition:all 0.2s ease;}.advgbbtn-de78c6fa-2062-47d7-baf1-0fc78f612872 > i {display: none !important;}#advgb-col-9fef4e24-65aa-4ae9-ad5f-95ca146fd66f>.advgb-column-inner{}@media screen and (max-width: 1023px) {#advgb-col-9fef4e24-65aa-4ae9-ad5f-95ca146fd66f>.advgb-column-inner{}}@media screen and (max-width: 767px) {#advgb-col-9fef4e24-65aa-4ae9-ad5f-95ca146fd66f>.advgb-column-inner{}}.advgbbtn-de78c6fa-2062-47d7-baf1-0fc78f612872{font-size:18px;color:#fff !important;background-color:#2196f3 !important;margin:0px 0px 0px 0px !important;padding:10px 30px 10px 30px;border-width:1px !important;border-style:none;border-radius:50px !important;}.advgbbtn-de78c6fa-2062-47d7-baf1-0fc78f612872:hover{box-shadow:1px 1px 12px 0px #ccc;opacity:1;transition:all 0.2s ease;}.advgbbtn-de78c6fa-2062-47d7-baf1-0fc78f612872 > i {display: none !important;}.advgbbtn-16f88ac3-ec8b-4149-9cbf-3e7c6d340678{font-size:18px;color:#fff !important;background-color:#2196f3 !important;margin:0px 0px 0px 0px !important;padding:10px 30px 10px 30px;border-width:1px !important;border-style:none;border-radius:50px !important;}.advgbbtn-16f88ac3-ec8b-4149-9cbf-3e7c6d340678:hover{box-shadow:1px 1px 12px 0px #ccc;opacity:1;transition:all 0.2s ease;}.advgbbtn-16f88ac3-ec8b-4149-9cbf-3e7c6d340678 > i {display: none !important;}#advgb-col-f747a71c-d912-456a-9e79-c42d449c7b59>.advgb-column-inner{text-align:right;}@media screen and (max-width: 1023px) {#advgb-col-f747a71c-d912-456a-9e79-c42d449c7b59>.advgb-column-inner{}}@media screen and (max-width: 767px) {#advgb-col-f747a71c-d912-456a-9e79-c42d449c7b59>.advgb-column-inner{}}.advgbbtn-16f88ac3-ec8b-4149-9cbf-3e7c6d340678{font-size:18px;color:#fff !important;background-color:#2196f3 !important;margin:0px 0px 0px 0px !important;padding:10px 30px 10px 30px;border-width:1px !important;border-style:none;border-radius:50px !important;}.advgbbtn-16f88ac3-ec8b-4149-9cbf-3e7c6d340678:hover{box-shadow:1px 1px 12px 0px #ccc;opacity:1;transition:all 0.2s ease;}.advgbbtn-16f88ac3-ec8b-4149-9cbf-3e7c6d340678 > i {display: none !important;}#advgb-cols-3b134085-1c3d-4692-b40b-a2c7040b3077{}@media screen and (max-width: 1023px) {#advgb-cols-3b134085-1c3d-4692-b40b-a2c7040b3077{}}@media screen and (max-width: 767px) {#advgb-cols-3b134085-1c3d-4692-b40b-a2c7040b3077{}}#advgb-col-9fef4e24-65aa-4ae9-ad5f-95ca146fd66f>.advgb-column-inner{}@media screen and (max-width: 1023px) {#advgb-col-9fef4e24-65aa-4ae9-ad5f-95ca146fd66f>.advgb-column-inner{}}@media screen and (max-width: 767px) {#advgb-col-9fef4e24-65aa-4ae9-ad5f-95ca146fd66f>.advgb-column-inner{}}.advgbbtn-de78c6fa-2062-47d7-baf1-0fc78f612872{font-size:18px;color:#fff !important;background-color:#2196f3 !important;margin:0px 0px 0px 0px !important;padding:10px 30px 10px 30px;border-width:1px !important;border-style:none;border-radius:50px !important;}.advgbbtn-de78c6fa-2062-47d7-baf1-0fc78f612872:hover{box-shadow:1px 1px 12px 0px #ccc;opacity:1;transition:all 0.2s ease;}.advgbbtn-de78c6fa-2062-47d7-baf1-0fc78f612872 > i {display: none !important;}#advgb-col-f747a71c-d912-456a-9e79-c42d449c7b59>.advgb-column-inner{text-align:right;}@media screen and (max-width: 1023px) {#advgb-col-f747a71c-d912-456a-9e79-c42d449c7b59>.advgb-column-inner{}}@media screen and (max-width: 767px) {#advgb-col-f747a71c-d912-456a-9e79-c42d449c7b59>.advgb-column-inner{}}.advgbbtn-16f88ac3-ec8b-4149-9cbf-3e7c6d340678{font-size:18px;color:#fff !important;background-color:#2196f3 !important;margin:0px 0px 0px 0px !important;padding:10px 30px 10px 30px;border-width:1px !important;border-style:none;border-radius:50px !important;}.advgbbtn-16f88ac3-ec8b-4149-9cbf-3e7c6d340678:hover{box-shadow:1px 1px 12px 0px #ccc;opacity:1;transition:all 0.2s ease;}.advgbbtn-16f88ac3-ec8b-4149-9cbf-3e7c6d340678 > i {display: none !important;}<\/style>","protected":false},"excerpt":{"rendered":"<p>Musique: Band-MaidAlbum :Epic Narratives (25 septembre 2024) Notes et citations (Band-Maid Songs Encyclopedia) Kanami sur les r\u00e9seaux sociaux : Saiki-sensei m&rsquo;a dit : \u00ab En fait, il fallait un morceau instrumental pour l&rsquo;album \u00bb, et c&rsquo;est le dernier morceau que j&rsquo;ai compos\u00e9 pour l&rsquo;album ! Le pr\u00e9c\u00e9dent instrumental, \u00ab from now on \u00bb, \u00e9tait un &hellip; <\/p>\n<p class=\"link-more\"><a href=\"https:\/\/www.band-maid.fr\/index.php\/get-to-the-top\/\" class=\"more-link\">Lire la suite de<span class=\"screen-reader-text\">\u00ab\u00a0Get to the Top\u00a0\u00bb<\/span><\/a><\/p>\n","protected":false},"author":1,"featured_media":9025,"parent":0,"menu_order":0,"comment_status":"closed","ping_status":"closed","template":"","meta":{"advgb_blocks_editor_width":"","advgb_blocks_columns_visual_guide":"","footnotes":""},"class_list":["post-9131","page","type-page","status-publish","has-post-thumbnail","hentry"],"yoast_head":"<!-- This site is optimized with the Yoast SEO plugin v27.6 - https:\/\/yoast.com\/product\/yoast-seo-wordpress\/ -->\n<title>Get to the Top - BAND-MAID<\/title>\n<meta name=\"robots\" content=\"index, follow, max-snippet:-1, max-image-preview:large, max-video-preview:-1\" \/>\n<link rel=\"canonical\" href=\"https:\/\/www.band-maid.fr\/index.php\/get-to-the-top\/\" \/>\n<meta property=\"og:locale\" content=\"fr_FR\" \/>\n<meta property=\"og:type\" content=\"article\" \/>\n<meta property=\"og:title\" content=\"Get to the Top - BAND-MAID\" \/>\n<meta property=\"og:description\" content=\"Musique: Band-MaidAlbum :Epic Narratives (25 septembre 2024) Notes et citations (Band-Maid Songs Encyclopedia) Kanami sur les r\u00e9seaux sociaux : Saiki-sensei m&rsquo;a dit : \u00ab En fait, il fallait un morceau instrumental pour l&rsquo;album \u00bb, et c&rsquo;est le dernier morceau que j&rsquo;ai compos\u00e9 pour l&rsquo;album ! Le pr\u00e9c\u00e9dent instrumental, \u00ab from now on \u00bb, \u00e9tait un &hellip; Lire la suite de\u00ab\u00a0Get to the Top\u00a0\u00bb\" \/>\n<meta property=\"og:url\" content=\"https:\/\/www.band-maid.fr\/index.php\/get-to-the-top\/\" \/>\n<meta property=\"og:site_name\" content=\"BAND-MAID\" \/>\n<meta property=\"article:publisher\" content=\"https:\/\/www.facebook.com\/bandmaid\" \/>\n<meta property=\"article:modified_time\" content=\"2026-04-24T17:26:10+00:00\" \/>\n<meta property=\"og:image\" content=\"https:\/\/www.band-maid.fr\/wp-content\/uploads\/2026\/04\/Bandeau-Epic-Narratives-2.jpg\" \/>\n\t<meta property=\"og:image:width\" content=\"1200\" \/>\n\t<meta property=\"og:image:height\" content=\"1200\" \/>\n\t<meta property=\"og:image:type\" content=\"image\/jpeg\" \/>\n<meta name=\"twitter:card\" content=\"summary_large_image\" \/>\n<meta name=\"twitter:site\" content=\"@bandmaid\" \/>\n<meta name=\"twitter:label1\" content=\"Dur\u00e9e de lecture estim\u00e9e\" \/>\n\t<meta name=\"twitter:data1\" content=\"3 minutes\" \/>\n<script type=\"application\/ld+json\" class=\"yoast-schema-graph\">{\"@context\":\"https:\\\/\\\/schema.org\",\"@graph\":[{\"@type\":\"WebPage\",\"@id\":\"https:\\\/\\\/www.band-maid.fr\\\/index.php\\\/get-to-the-top\\\/\",\"url\":\"https:\\\/\\\/www.band-maid.fr\\\/index.php\\\/get-to-the-top\\\/\",\"name\":\"Get to the Top - BAND-MAID\",\"isPartOf\":{\"@id\":\"https:\\\/\\\/www.band-maid.fr\\\/#website\"},\"primaryImageOfPage\":{\"@id\":\"https:\\\/\\\/www.band-maid.fr\\\/index.php\\\/get-to-the-top\\\/#primaryimage\"},\"image\":{\"@id\":\"https:\\\/\\\/www.band-maid.fr\\\/index.php\\\/get-to-the-top\\\/#primaryimage\"},\"thumbnailUrl\":\"https:\\\/\\\/www.band-maid.fr\\\/wp-content\\\/uploads\\\/2026\\\/04\\\/Bandeau-Epic-Narratives-2.jpg\",\"datePublished\":\"2026-04-02T09:38:03+00:00\",\"dateModified\":\"2026-04-24T17:26:10+00:00\",\"breadcrumb\":{\"@id\":\"https:\\\/\\\/www.band-maid.fr\\\/index.php\\\/get-to-the-top\\\/#breadcrumb\"},\"inLanguage\":\"fr-FR\",\"potentialAction\":[{\"@type\":\"ReadAction\",\"target\":[\"https:\\\/\\\/www.band-maid.fr\\\/index.php\\\/get-to-the-top\\\/\"]}]},{\"@type\":\"ImageObject\",\"inLanguage\":\"fr-FR\",\"@id\":\"https:\\\/\\\/www.band-maid.fr\\\/index.php\\\/get-to-the-top\\\/#primaryimage\",\"url\":\"https:\\\/\\\/www.band-maid.fr\\\/wp-content\\\/uploads\\\/2026\\\/04\\\/Bandeau-Epic-Narratives-2.jpg\",\"contentUrl\":\"https:\\\/\\\/www.band-maid.fr\\\/wp-content\\\/uploads\\\/2026\\\/04\\\/Bandeau-Epic-Narratives-2.jpg\",\"width\":1200,\"height\":1200},{\"@type\":\"BreadcrumbList\",\"@id\":\"https:\\\/\\\/www.band-maid.fr\\\/index.php\\\/get-to-the-top\\\/#breadcrumb\",\"itemListElement\":[{\"@type\":\"ListItem\",\"position\":1,\"name\":\"Accueil\",\"item\":\"https:\\\/\\\/www.band-maid.fr\\\/\"},{\"@type\":\"ListItem\",\"position\":2,\"name\":\"Get to the Top\"}]},{\"@type\":\"WebSite\",\"@id\":\"https:\\\/\\\/www.band-maid.fr\\\/#website\",\"url\":\"https:\\\/\\\/www.band-maid.fr\\\/\",\"name\":\"BAND-MAID\",\"description\":\"WORLD DOMINATION\",\"publisher\":{\"@id\":\"https:\\\/\\\/www.band-maid.fr\\\/#organization\"},\"potentialAction\":[{\"@type\":\"SearchAction\",\"target\":{\"@type\":\"EntryPoint\",\"urlTemplate\":\"https:\\\/\\\/www.band-maid.fr\\\/?s={search_term_string}\"},\"query-input\":{\"@type\":\"PropertyValueSpecification\",\"valueRequired\":true,\"valueName\":\"search_term_string\"}}],\"inLanguage\":\"fr-FR\"},{\"@type\":\"Organization\",\"@id\":\"https:\\\/\\\/www.band-maid.fr\\\/#organization\",\"name\":\"BAND-MAID\",\"url\":\"https:\\\/\\\/www.band-maid.fr\\\/\",\"logo\":{\"@type\":\"ImageObject\",\"inLanguage\":\"fr-FR\",\"@id\":\"https:\\\/\\\/www.band-maid.fr\\\/#\\\/schema\\\/logo\\\/image\\\/\",\"url\":\"http:\\\/\\\/wglgkdc.cluster121.hosting.ovh.net\\\/wp-content\\\/uploads\\\/2026\\\/01\\\/logo_band-maid_b.png\",\"contentUrl\":\"http:\\\/\\\/wglgkdc.cluster121.hosting.ovh.net\\\/wp-content\\\/uploads\\\/2026\\\/01\\\/logo_band-maid_b.png\",\"width\":540,\"height\":93,\"caption\":\"BAND-MAID\"},\"image\":{\"@id\":\"https:\\\/\\\/www.band-maid.fr\\\/#\\\/schema\\\/logo\\\/image\\\/\"},\"sameAs\":[\"https:\\\/\\\/www.facebook.com\\\/bandmaid\",\"https:\\\/\\\/x.com\\\/bandmaid\",\"https:\\\/\\\/www.instagram.com\\\/bandmaid.jp\\\/\",\"https:\\\/\\\/www.youtube.com\\\/channel\\\/UCJToUvYrmkmTCR-bluEaQfA\",\"https:\\\/\\\/www.tiktok.com\\\/@bandmaid_int\"]}]}<\/script>\n<!-- \/ Yoast SEO plugin. -->","yoast_head_json":{"title":"Get to the Top - BAND-MAID","robots":{"index":"index","follow":"follow","max-snippet":"max-snippet:-1","max-image-preview":"max-image-preview:large","max-video-preview":"max-video-preview:-1"},"canonical":"https:\/\/www.band-maid.fr\/index.php\/get-to-the-top\/","og_locale":"fr_FR","og_type":"article","og_title":"Get to the Top - BAND-MAID","og_description":"Musique: Band-MaidAlbum :Epic Narratives (25 septembre 2024) Notes et citations (Band-Maid Songs Encyclopedia) Kanami sur les r\u00e9seaux sociaux : Saiki-sensei m&rsquo;a dit : \u00ab En fait, il fallait un morceau instrumental pour l&rsquo;album \u00bb, et c&rsquo;est le dernier morceau que j&rsquo;ai compos\u00e9 pour l&rsquo;album ! Le pr\u00e9c\u00e9dent instrumental, \u00ab from now on \u00bb, \u00e9tait un &hellip; Lire la suite de\u00ab\u00a0Get to the Top\u00a0\u00bb","og_url":"https:\/\/www.band-maid.fr\/index.php\/get-to-the-top\/","og_site_name":"BAND-MAID","article_publisher":"https:\/\/www.facebook.com\/bandmaid","article_modified_time":"2026-04-24T17:26:10+00:00","og_image":[{"width":1200,"height":1200,"url":"https:\/\/www.band-maid.fr\/wp-content\/uploads\/2026\/04\/Bandeau-Epic-Narratives-2.jpg","type":"image\/jpeg"}],"twitter_card":"summary_large_image","twitter_site":"@bandmaid","twitter_misc":{"Dur\u00e9e de lecture estim\u00e9e":"3 minutes"},"schema":{"@context":"https:\/\/schema.org","@graph":[{"@type":"WebPage","@id":"https:\/\/www.band-maid.fr\/index.php\/get-to-the-top\/","url":"https:\/\/www.band-maid.fr\/index.php\/get-to-the-top\/","name":"Get to the Top - BAND-MAID","isPartOf":{"@id":"https:\/\/www.band-maid.fr\/#website"},"primaryImageOfPage":{"@id":"https:\/\/www.band-maid.fr\/index.php\/get-to-the-top\/#primaryimage"},"image":{"@id":"https:\/\/www.band-maid.fr\/index.php\/get-to-the-top\/#primaryimage"},"thumbnailUrl":"https:\/\/www.band-maid.fr\/wp-content\/uploads\/2026\/04\/Bandeau-Epic-Narratives-2.jpg","datePublished":"2026-04-02T09:38:03+00:00","dateModified":"2026-04-24T17:26:10+00:00","breadcrumb":{"@id":"https:\/\/www.band-maid.fr\/index.php\/get-to-the-top\/#breadcrumb"},"inLanguage":"fr-FR","potentialAction":[{"@type":"ReadAction","target":["https:\/\/www.band-maid.fr\/index.php\/get-to-the-top\/"]}]},{"@type":"ImageObject","inLanguage":"fr-FR","@id":"https:\/\/www.band-maid.fr\/index.php\/get-to-the-top\/#primaryimage","url":"https:\/\/www.band-maid.fr\/wp-content\/uploads\/2026\/04\/Bandeau-Epic-Narratives-2.jpg","contentUrl":"https:\/\/www.band-maid.fr\/wp-content\/uploads\/2026\/04\/Bandeau-Epic-Narratives-2.jpg","width":1200,"height":1200},{"@type":"BreadcrumbList","@id":"https:\/\/www.band-maid.fr\/index.php\/get-to-the-top\/#breadcrumb","itemListElement":[{"@type":"ListItem","position":1,"name":"Accueil","item":"https:\/\/www.band-maid.fr\/"},{"@type":"ListItem","position":2,"name":"Get to the Top"}]},{"@type":"WebSite","@id":"https:\/\/www.band-maid.fr\/#website","url":"https:\/\/www.band-maid.fr\/","name":"BAND-MAID","description":"WORLD DOMINATION","publisher":{"@id":"https:\/\/www.band-maid.fr\/#organization"},"potentialAction":[{"@type":"SearchAction","target":{"@type":"EntryPoint","urlTemplate":"https:\/\/www.band-maid.fr\/?s={search_term_string}"},"query-input":{"@type":"PropertyValueSpecification","valueRequired":true,"valueName":"search_term_string"}}],"inLanguage":"fr-FR"},{"@type":"Organization","@id":"https:\/\/www.band-maid.fr\/#organization","name":"BAND-MAID","url":"https:\/\/www.band-maid.fr\/","logo":{"@type":"ImageObject","inLanguage":"fr-FR","@id":"https:\/\/www.band-maid.fr\/#\/schema\/logo\/image\/","url":"http:\/\/wglgkdc.cluster121.hosting.ovh.net\/wp-content\/uploads\/2026\/01\/logo_band-maid_b.png","contentUrl":"http:\/\/wglgkdc.cluster121.hosting.ovh.net\/wp-content\/uploads\/2026\/01\/logo_band-maid_b.png","width":540,"height":93,"caption":"BAND-MAID"},"image":{"@id":"https:\/\/www.band-maid.fr\/#\/schema\/logo\/image\/"},"sameAs":["https:\/\/www.facebook.com\/bandmaid","https:\/\/x.com\/bandmaid","https:\/\/www.instagram.com\/bandmaid.jp\/","https:\/\/www.youtube.com\/channel\/UCJToUvYrmkmTCR-bluEaQfA","https:\/\/www.tiktok.com\/@bandmaid_int"]}]}},"coauthors":[],"author_meta":{"author_link":"https:\/\/www.band-maid.fr\/index.php\/author\/admin8693\/","display_name":"LJB"},"relative_dates":{"created":"Publi\u00e9 1 mois il y a","modified":"Mis \u00e0 jour 3 semaines il y a"},"absolute_dates":{"created":"Publi\u00e9 le 02\/04\/2026","modified":"Mise \u00e0 jour le 24\/04\/2026"},"absolute_dates_time":{"created":"Publi\u00e9 le 02\/04\/2026 9h38","modified":"Mise \u00e0 jour le 24\/04\/2026 17h26"},"featured_img_caption":"","featured_img":"https:\/\/www.band-maid.fr\/wp-content\/uploads\/2026\/04\/Bandeau-Epic-Narratives-2.jpg","series_order":"","featured_media_urls":{"thumbnail":["https:\/\/www.band-maid.fr\/wp-content\/uploads\/2026\/04\/Bandeau-Epic-Narratives-2-150x150.jpg",150,150,true],"medium":["https:\/\/www.band-maid.fr\/wp-content\/uploads\/2026\/04\/Bandeau-Epic-Narratives-2-300x300.jpg",300,300,true],"medium_large":["https:\/\/www.band-maid.fr\/wp-content\/uploads\/2026\/04\/Bandeau-Epic-Narratives-2.jpg",768,768,false],"large":["https:\/\/www.band-maid.fr\/wp-content\/uploads\/2026\/04\/Bandeau-Epic-Narratives-2-1024x1024.jpg",950,950,true],"1536x1536":["https:\/\/www.band-maid.fr\/wp-content\/uploads\/2026\/04\/Bandeau-Epic-Narratives-2.jpg",1200,1200,false],"2048x2048":["https:\/\/www.band-maid.fr\/wp-content\/uploads\/2026\/04\/Bandeau-Epic-Narratives-2.jpg",1200,1200,false],"inspiro-featured-image":["https:\/\/www.band-maid.fr\/wp-content\/uploads\/2026\/04\/Bandeau-Epic-Narratives-2.jpg",1200,1200,false],"inspiro-loop":["https:\/\/www.band-maid.fr\/wp-content\/uploads\/2026\/04\/Bandeau-Epic-Narratives-2-950x320.jpg",950,320,true],"inspiro-loop@2x":["https:\/\/www.band-maid.fr\/wp-content\/uploads\/2026\/04\/Bandeau-Epic-Narratives-2-1200x640.jpg",1200,640,true],"portfolio_item-thumbnail":["https:\/\/www.band-maid.fr\/wp-content\/uploads\/2026\/04\/Bandeau-Epic-Narratives-2-600x400.jpg",600,400,true],"portfolio_item-thumbnail@2x":["https:\/\/www.band-maid.fr\/wp-content\/uploads\/2026\/04\/Bandeau-Epic-Narratives-2-1200x800.jpg",1200,800,true],"portfolio_item-masonry":["https:\/\/www.band-maid.fr\/wp-content\/uploads\/2026\/04\/Bandeau-Epic-Narratives-2-600x600.jpg",600,600,true],"portfolio_item-masonry@2x":["https:\/\/www.band-maid.fr\/wp-content\/uploads\/2026\/04\/Bandeau-Epic-Narratives-2.jpg",1200,1200,false],"portfolio_item-thumbnail_cinema":["https:\/\/www.band-maid.fr\/wp-content\/uploads\/2026\/04\/Bandeau-Epic-Narratives-2-800x335.jpg",800,335,true],"portfolio_item-thumbnail_portrait":["https:\/\/www.band-maid.fr\/wp-content\/uploads\/2026\/04\/Bandeau-Epic-Narratives-2-600x900.jpg",600,900,true],"portfolio_item-thumbnail_portrait@2x":["https:\/\/www.band-maid.fr\/wp-content\/uploads\/2026\/04\/Bandeau-Epic-Narratives-2.jpg",1200,1200,false],"portfolio_item-thumbnail_square":["https:\/\/www.band-maid.fr\/wp-content\/uploads\/2026\/04\/Bandeau-Epic-Narratives-2-800x800.jpg",800,800,true]},"_links":{"self":[{"href":"https:\/\/www.band-maid.fr\/index.php\/wp-json\/wp\/v2\/pages\/9131","targetHints":{"allow":["GET"]}}],"collection":[{"href":"https:\/\/www.band-maid.fr\/index.php\/wp-json\/wp\/v2\/pages"}],"about":[{"href":"https:\/\/www.band-maid.fr\/index.php\/wp-json\/wp\/v2\/types\/page"}],"author":[{"embeddable":true,"href":"https:\/\/www.band-maid.fr\/index.php\/wp-json\/wp\/v2\/users\/1"}],"replies":[{"embeddable":true,"href":"https:\/\/www.band-maid.fr\/index.php\/wp-json\/wp\/v2\/comments?post=9131"}],"version-history":[{"count":2,"href":"https:\/\/www.band-maid.fr\/index.php\/wp-json\/wp\/v2\/pages\/9131\/revisions"}],"predecessor-version":[{"id":10122,"href":"https:\/\/www.band-maid.fr\/index.php\/wp-json\/wp\/v2\/pages\/9131\/revisions\/10122"}],"wp:featuredmedia":[{"embeddable":true,"href":"https:\/\/www.band-maid.fr\/index.php\/wp-json\/wp\/v2\/media\/9025"}],"wp:attachment":[{"href":"https:\/\/www.band-maid.fr\/index.php\/wp-json\/wp\/v2\/media?parent=9131"}],"curies":[{"name":"wp","href":"https:\/\/api.w.org\/{rel}","templated":true}]}}