{"id":8633,"date":"2026-02-19T16:49:39","date_gmt":"2026-02-19T16:49:39","guid":{"rendered":"https:\/\/www.band-maid.fr\/?page_id=8633"},"modified":"2026-02-19T16:49:40","modified_gmt":"2026-02-19T16:49:40","slug":"omajinai-time","status":"publish","type":"page","link":"https:\/\/www.band-maid.fr\/index.php\/omajinai-time\/","title":{"rendered":"Omajinai Time"},"content":{"rendered":"\n<figure class=\"wp-block-image aligncenter size-large\"><img fetchpriority=\"high\" decoding=\"async\" width=\"1024\" height=\"687\" src=\"https:\/\/www.band-maid.fr\/wp-content\/uploads\/2026\/02\/Omajina-i-1024x687.jpg\" alt=\"\" class=\"wp-image-8641\" srcset=\"https:\/\/www.band-maid.fr\/wp-content\/uploads\/2026\/02\/Omajina-i-1024x687.jpg 1024w, https:\/\/www.band-maid.fr\/wp-content\/uploads\/2026\/02\/Omajina-i-300x201.jpg 300w, https:\/\/www.band-maid.fr\/wp-content\/uploads\/2026\/02\/Omajina-i-600x403.jpg 600w, https:\/\/www.band-maid.fr\/wp-content\/uploads\/2026\/02\/Omajina-i.jpg 1080w\" sizes=\"(max-width: 1024px) 100vw, 1024px\" \/><figcaption class=\"wp-element-caption\">Les cartes d&rsquo;illustration sont des \u0153uvres de NUMU<\/figcaption><\/figure>\n\n\n\n<p>Avant d&rsquo;expliquer ce qu&rsquo;est ce moment essentiel de tout concert de BAND-MAID, il faut revenir \u00e0 la base de la cr\u00e9ation du groupe.<br>Miku \u00e9tait Maid dans des caf\u00e9s, elle a acquis des habitudes et aptitudes particuli\u00e8res.<\/p>\n\n\n\n<figure class=\"wp-block-image aligncenter size-large\"><img decoding=\"async\" width=\"1024\" height=\"576\" src=\"https:\/\/www.band-maid.fr\/wp-content\/uploads\/2026\/02\/Miku-1024x576.jpg\" alt=\"\" class=\"wp-image-8636\" srcset=\"https:\/\/www.band-maid.fr\/wp-content\/uploads\/2026\/02\/Miku-1024x576.jpg 1024w, https:\/\/www.band-maid.fr\/wp-content\/uploads\/2026\/02\/Miku-300x169.jpg 300w, https:\/\/www.band-maid.fr\/wp-content\/uploads\/2026\/02\/Miku.jpg 1200w\" sizes=\"(max-width: 1024px) 100vw, 1024px\" \/><\/figure>\n\n\n\n<h2 class=\"wp-block-heading\">Miku Kobato, \u307d!<\/h2>\n\n\n\n<p>Tout part d&rsquo;elle et de son personnage particulier qui ponctue ses phrases par \u00ab po \u00bb !<br>Le nom de Miku est Kobato (\u5c0f\u9ce9). Il est compos\u00e9 de deux kanji: Le premier (\u5c0f) signifie petit et le second, pigeon\/colombe (\u9ce9). Ainsi, Kobato signifie litt\u00e9ralement \u00ab petite colombe \u00bb. En japonais, le cri du pigeon est \u00ab kuruppo \u00bb ou simplement \u00ab po \u00bb (\u307d)\u00a0. <br>Kobato se pr\u00e9sente comme un hybride d&rsquo;humain et de pigeon, d&rsquo;o\u00f9 son chant, <strong>\u00ab<\/strong> po \u00bb.<\/p>\n\n\n\n<figure class=\"wp-block-image aligncenter size-large\"><img decoding=\"async\" width=\"1024\" height=\"576\" src=\"https:\/\/www.band-maid.fr\/wp-content\/uploads\/2026\/02\/Miku-assise-1024x576.jpg\" alt=\"\" class=\"wp-image-8635\" srcset=\"https:\/\/www.band-maid.fr\/wp-content\/uploads\/2026\/02\/Miku-assise-1024x576.jpg 1024w, https:\/\/www.band-maid.fr\/wp-content\/uploads\/2026\/02\/Miku-assise-300x169.jpg 300w, https:\/\/www.band-maid.fr\/wp-content\/uploads\/2026\/02\/Miku-assise.jpg 1920w\" sizes=\"(max-width: 1024px) 100vw, 1024px\" \/><\/figure>\n\n\n\n<h2 class=\"wp-block-heading\" id=\"le-service-okyuji-03a2858f-413f-4de2-8143-b702670684ed\">Service &#8211; Okyu-ji<\/h2>\n\n\n\n<p>Une maid est au service de son public et cherche \u00e0 lui apporter le meilleur moment possible.<br>BAND-MAID cherche \u00e9galement \u00e0 offrir le meilleur pour son public.<\/p>\n\n\n\n<figure class=\"wp-block-image aligncenter size-large\"><img loading=\"lazy\" decoding=\"async\" width=\"1024\" height=\"576\" src=\"https:\/\/www.band-maid.fr\/wp-content\/uploads\/2026\/02\/Miku-2-1024x576.jpg\" alt=\"\" class=\"wp-image-8637\" srcset=\"https:\/\/www.band-maid.fr\/wp-content\/uploads\/2026\/02\/Miku-2-1024x576.jpg 1024w, https:\/\/www.band-maid.fr\/wp-content\/uploads\/2026\/02\/Miku-2-300x169.jpg 300w, https:\/\/www.band-maid.fr\/wp-content\/uploads\/2026\/02\/Miku-2.jpg 1200w\" sizes=\"(max-width: 1024px) 100vw, 1024px\" \/><\/figure>\n\n\n\n<h2 class=\"wp-block-heading\">Omajinai Time<\/h2>\n\n\n\n<p>L&rsquo;OMAJINAI TIME (magic spell time) est le moment le plus important durant un Okyu-ji<br>Ne l&rsquo;oubliez pas, po!<\/p>\n\n\n\n<figure class=\"wp-block-embed is-type-video is-provider-youtube wp-block-embed-youtube wp-embed-aspect-16-9 wp-has-aspect-ratio\"><div class=\"wp-block-embed__wrapper\">\n<iframe title=\"BAND-MAID \/ Omajinai Time -US Tour 2022-\" width=\"950\" height=\"534\" src=\"https:\/\/www.youtube.com\/embed\/1XL3ICbJEgo?feature=oembed\" frameborder=\"0\" allow=\"accelerometer; autoplay; clipboard-write; encrypted-media; gyroscope; picture-in-picture; web-share\" referrerpolicy=\"strict-origin-when-cross-origin\" allowfullscreen><\/iframe>\n<\/div><figcaption class=\"wp-element-caption\">OHRENJE \/ Omajinai Time -US Tour 2022-<\/figcaption><\/figure>\n\n\n\n<p><\/p>\n\n\n\n<p>Le temps des sortil\u00e8ges est un rituel issu de la culture des Maid Caf\u00e9s.<br>C&rsquo;est le moment o\u00f9 le temps se suspend pour quelques rituels et des surprises magiques.<\/p>\n\n\n\n<p>Personne ne sait \u00e0 l&rsquo;avance ce que Miku et ses amies vont inventer.<\/p>\n\n\n\n<p>Mais il existe quelques  passages possibles :<\/p>\n\n\n\n<h2 class=\"wp-block-heading\">Moe Moe Kyun Kyun<\/h2>\n\n\n\n<figure class=\"wp-block-image aligncenter size-large\"><img loading=\"lazy\" decoding=\"async\" width=\"1024\" height=\"687\" src=\"https:\/\/www.band-maid.fr\/wp-content\/uploads\/2026\/02\/Moe-moe-2-1024x687.jpg\" alt=\"\" class=\"wp-image-8639\" srcset=\"https:\/\/www.band-maid.fr\/wp-content\/uploads\/2026\/02\/Moe-moe-2-1024x687.jpg 1024w, https:\/\/www.band-maid.fr\/wp-content\/uploads\/2026\/02\/Moe-moe-2-300x201.jpg 300w, https:\/\/www.band-maid.fr\/wp-content\/uploads\/2026\/02\/Moe-moe-2.jpg 1080w\" sizes=\"(max-width: 1024px) 100vw, 1024px\" \/><\/figure>\n\n\n\n<p>Depuis l&rsquo;ouverture des maid caf\u00e9s, c&rsquo;est devenu un hymne embl\u00e9matique, un sortil\u00e8ge d\u00e9sormais l\u00e9gendaire. Il signifie litt\u00e9ralement \u00ab mignon, mignon, mon c\u0153ur bat la chamade ! \u00bb, ce chant est entonn\u00e9 par les maids pour rendre le service encore plus d\u00e9licieux (et oui, vous chantez aussi avec elles).<\/p>\n\n\n\n<figure class=\"wp-block-image aligncenter size-large\"><img loading=\"lazy\" decoding=\"async\" width=\"1024\" height=\"692\" src=\"https:\/\/www.band-maid.fr\/wp-content\/uploads\/2026\/02\/Moe-moe-kyun-kyun-1024x692.jpg\" alt=\"\" class=\"wp-image-8638\" srcset=\"https:\/\/www.band-maid.fr\/wp-content\/uploads\/2026\/02\/Moe-moe-kyun-kyun-1024x692.jpg 1024w, https:\/\/www.band-maid.fr\/wp-content\/uploads\/2026\/02\/Moe-moe-kyun-kyun-300x203.jpg 300w, https:\/\/www.band-maid.fr\/wp-content\/uploads\/2026\/02\/Moe-moe-kyun-kyun.jpg 1080w\" sizes=\"(max-width: 1024px) 100vw, 1024px\" \/><\/figure>\n\n\n\n<div class=\"wp-block-group is-nowrap is-layout-flex wp-container-core-group-is-layout-6c531013 wp-block-group-is-layout-flex\">\n<h2 class=\"wp-block-heading\">C\u00e9r\u00e9monie de l&rsquo;ouverture<\/h2>\n\n\n\n<p><\/p>\n<\/div>\n\n\n\n<div class=\"wp-block-advgb-columns advgb-columns-wrapper\" id=\"advgb-cols-9a6a85e2-d3f1-4c37-b03d-1b90f8d1e8d4\"><div class=\"advgb-columns-container\"><div class=\"advgb-columns advgb-columns-row advgb-is-mobile advgb-columns-2 layout-12-12 mbl-layout-stacked vgutter-10\">\n<div class=\"wp-block-advgb-column advgb-column\" id=\"advgb-col-bfdbd382-7d05-407f-b754-46cf7450e0ac\"><div class=\"advgb-column-inner\" style=\"border-style:none;border-width:1px\">\n<p>C&rsquo;est le moment de MISA.<br>Elle, si discr\u00e8te, <br>ouvre \u00e0 cet instant pr\u00e9cis<br>la porte aux encouragements.<br><br><\/p>\n\n\n\n<figure class=\"wp-block-image size-large\"><img loading=\"lazy\" decoding=\"async\" width=\"689\" height=\"1024\" src=\"https:\/\/www.band-maid.fr\/wp-content\/uploads\/2026\/02\/Ouverture-1-689x1024.jpg\" alt=\"\" class=\"wp-image-8634\" srcset=\"https:\/\/www.band-maid.fr\/wp-content\/uploads\/2026\/02\/Ouverture-1-689x1024.jpg 689w, https:\/\/www.band-maid.fr\/wp-content\/uploads\/2026\/02\/Ouverture-1-202x300.jpg 202w, https:\/\/www.band-maid.fr\/wp-content\/uploads\/2026\/02\/Ouverture-1.jpg 1080w\" sizes=\"(max-width: 689px) 100vw, 689px\" \/><\/figure>\n<\/div><\/div>\n\n\n\n<div class=\"wp-block-advgb-column advgb-column\" id=\"advgb-col-8e987771-e5a0-43fc-a5ca-657c2b0f0ec4\"><div class=\"advgb-column-inner\" style=\"border-style:none;border-width:1px\">\n<figure class=\"wp-block-embed is-type-video is-provider-youtube wp-block-embed-youtube wp-embed-aspect-9-16 wp-has-aspect-ratio\"><div class=\"wp-block-embed__wrapper\">\n<iframe title=\"Band-Maid Misas opening ceremony #bandmaid #metal\" width=\"563\" height=\"1000\" src=\"https:\/\/www.youtube.com\/embed\/__Uh5EqQ1ac?feature=oembed\" frameborder=\"0\" allow=\"accelerometer; autoplay; clipboard-write; encrypted-media; gyroscope; picture-in-picture; web-share\" referrerpolicy=\"strict-origin-when-cross-origin\" allowfullscreen><\/iframe>\n<\/div><\/figure>\n<\/div><\/div>\n<\/div><\/div><\/div>\n\n\n\n<div class=\"wp-block-group is-nowrap is-layout-flex wp-container-core-group-is-layout-6c531013 wp-block-group-is-layout-flex\">\n<h2 class=\"wp-block-heading\">Gorilla Banana Time<\/h2>\n\n\n\n<p><\/p>\n<\/div>\n\n\n\n<figure class=\"wp-block-image aligncenter size-large\"><img loading=\"lazy\" decoding=\"async\" width=\"1024\" height=\"690\" src=\"https:\/\/www.band-maid.fr\/wp-content\/uploads\/2026\/02\/banana-1024x690.jpg\" alt=\"\" class=\"wp-image-8640\" srcset=\"https:\/\/www.band-maid.fr\/wp-content\/uploads\/2026\/02\/banana-1024x690.jpg 1024w, https:\/\/www.band-maid.fr\/wp-content\/uploads\/2026\/02\/banana-300x202.jpg 300w, https:\/\/www.band-maid.fr\/wp-content\/uploads\/2026\/02\/banana.jpg 1080w\" sizes=\"(max-width: 1024px) 100vw, 1024px\" \/><\/figure>\n\n\n\n<p>Akane d\u00e9pense une \u00e9nergie folle et a besoin de recharger ses batteries.<br>Et pour The Gorilla, quoi de mieux qu&rsquo;une banane ?<br>Mais elle partage si le public insiste !!!!!<\/p>\n\n\n\n<figure class=\"wp-block-embed aligncenter is-type-video is-provider-youtube wp-block-embed-youtube wp-embed-aspect-16-9 wp-has-aspect-ratio\"><div class=\"wp-block-embed__wrapper\">\n<iframe title=\"BAND-MAID Akane Banana time New York City#bandmaid #japaneseband #akane #bandmaidreaction  #nyclive\" width=\"950\" height=\"534\" src=\"https:\/\/www.youtube.com\/embed\/T3w6BgduJHI?feature=oembed\" frameborder=\"0\" allow=\"accelerometer; autoplay; clipboard-write; encrypted-media; gyroscope; picture-in-picture; web-share\" referrerpolicy=\"strict-origin-when-cross-origin\" allowfullscreen><\/iframe>\n<\/div><\/figure>\n\n\n\n<h2 class=\"wp-block-heading\">Pr\u00e9parez-vous !<\/h2>\n\n\n\n<p>Les Okuy-ji sont des f\u00eates, des temps de partage et de communion et l&rsquo;Omajinai Time est essentiel !<\/p>\n\n\n\n<p>Il cr\u00e9e cette union indispensable \u00e0 la conqu\u00eate du monde !<\/p>\n\n\n\n<figure class=\"wp-block-image aligncenter size-large\"><img loading=\"lazy\" decoding=\"async\" width=\"1024\" height=\"687\" src=\"https:\/\/www.band-maid.fr\/wp-content\/uploads\/2026\/02\/Miku-Domination-1024x687.jpg\" alt=\"\" class=\"wp-image-8642\" srcset=\"https:\/\/www.band-maid.fr\/wp-content\/uploads\/2026\/02\/Miku-Domination-1024x687.jpg 1024w, https:\/\/www.band-maid.fr\/wp-content\/uploads\/2026\/02\/Miku-Domination-300x201.jpg 300w, https:\/\/www.band-maid.fr\/wp-content\/uploads\/2026\/02\/Miku-Domination.jpg 1080w\" sizes=\"(max-width: 1024px) 100vw, 1024px\" \/><\/figure>\n<style class=\"advgb-styles-renderer\">#advgb-col-bfdbd382-7d05-407f-b754-46cf7450e0ac>.advgb-column-inner{}@media screen and (max-width: 1023px) {#advgb-col-bfdbd382-7d05-407f-b754-46cf7450e0ac>.advgb-column-inner{}}@media screen and (max-width: 767px) {#advgb-col-bfdbd382-7d05-407f-b754-46cf7450e0ac>.advgb-column-inner{}}#advgb-col-8e987771-e5a0-43fc-a5ca-657c2b0f0ec4>.advgb-column-inner{}@media screen and (max-width: 1023px) {#advgb-col-8e987771-e5a0-43fc-a5ca-657c2b0f0ec4>.advgb-column-inner{}}@media screen and (max-width: 767px) {#advgb-col-8e987771-e5a0-43fc-a5ca-657c2b0f0ec4>.advgb-column-inner{}}#advgb-cols-9a6a85e2-d3f1-4c37-b03d-1b90f8d1e8d4{}@media screen and (max-width: 1023px) {#advgb-cols-9a6a85e2-d3f1-4c37-b03d-1b90f8d1e8d4{}}@media screen and (max-width: 767px) {#advgb-cols-9a6a85e2-d3f1-4c37-b03d-1b90f8d1e8d4{}}#advgb-col-bfdbd382-7d05-407f-b754-46cf7450e0ac>.advgb-column-inner{}@media screen and (max-width: 1023px) {#advgb-col-bfdbd382-7d05-407f-b754-46cf7450e0ac>.advgb-column-inner{}}@media screen and (max-width: 767px) {#advgb-col-bfdbd382-7d05-407f-b754-46cf7450e0ac>.advgb-column-inner{}}#advgb-col-8e987771-e5a0-43fc-a5ca-657c2b0f0ec4>.advgb-column-inner{}@media screen and (max-width: 1023px) {#advgb-col-8e987771-e5a0-43fc-a5ca-657c2b0f0ec4>.advgb-column-inner{}}@media screen and (max-width: 767px) {#advgb-col-8e987771-e5a0-43fc-a5ca-657c2b0f0ec4>.advgb-column-inner{}}<\/style>","protected":false},"excerpt":{"rendered":"<p>Avant d&rsquo;expliquer ce qu&rsquo;est ce moment essentiel de tout concert de BAND-MAID, il faut revenir \u00e0 la base de la cr\u00e9ation du groupe.Miku \u00e9tait Maid dans des caf\u00e9s, elle a acquis des habitudes et aptitudes particuli\u00e8res. Miku Kobato, \u307d! Tout part d&rsquo;elle et de son personnage particulier qui ponctue ses phrases par \u00ab po \u00bb &hellip; <\/p>\n<p class=\"link-more\"><a href=\"https:\/\/www.band-maid.fr\/index.php\/omajinai-time\/\" class=\"more-link\">Lire la suite de<span class=\"screen-reader-text\">\u00ab\u00a0Omajinai Time\u00a0\u00bb<\/span><\/a><\/p>\n","protected":false},"author":1,"featured_media":8641,"parent":0,"menu_order":0,"comment_status":"closed","ping_status":"closed","template":"","meta":{"advgb_blocks_editor_width":"","advgb_blocks_columns_visual_guide":"","footnotes":""},"class_list":["post-8633","page","type-page","status-publish","has-post-thumbnail","hentry"],"yoast_head":"<!-- This site is optimized with the Yoast SEO plugin v27.6 - https:\/\/yoast.com\/product\/yoast-seo-wordpress\/ -->\n<title>Omajinai Time - BAND-MAID<\/title>\n<meta name=\"description\" content=\"L&#039;OMAJINAI TIME (magic spell time) est le moment le plus important durant un Okyu-jiNe l&#039;oubliez pas, po! Pr\u00e9parez-vous !\" \/>\n<meta name=\"robots\" content=\"index, follow, max-snippet:-1, max-image-preview:large, max-video-preview:-1\" \/>\n<link rel=\"canonical\" href=\"https:\/\/www.band-maid.fr\/index.php\/omajinai-time\/\" \/>\n<meta property=\"og:locale\" content=\"fr_FR\" \/>\n<meta property=\"og:type\" content=\"article\" \/>\n<meta property=\"og:title\" content=\"Omajinai Time - BAND-MAID\" \/>\n<meta property=\"og:description\" content=\"L&#039;OMAJINAI TIME (magic spell time) est le moment le plus important durant un Okyu-jiNe l&#039;oubliez pas, po! Pr\u00e9parez-vous !\" \/>\n<meta property=\"og:url\" content=\"https:\/\/www.band-maid.fr\/index.php\/omajinai-time\/\" \/>\n<meta property=\"og:site_name\" content=\"BAND-MAID\" \/>\n<meta property=\"article:publisher\" content=\"https:\/\/www.facebook.com\/bandmaid\" \/>\n<meta property=\"article:modified_time\" content=\"2026-02-19T16:49:40+00:00\" \/>\n<meta property=\"og:image\" content=\"https:\/\/www.band-maid.fr\/wp-content\/uploads\/2026\/02\/Omajina-i.jpg\" \/>\n\t<meta property=\"og:image:width\" content=\"1080\" \/>\n\t<meta property=\"og:image:height\" content=\"725\" \/>\n\t<meta property=\"og:image:type\" content=\"image\/jpeg\" \/>\n<meta name=\"twitter:card\" content=\"summary_large_image\" \/>\n<meta name=\"twitter:site\" content=\"@bandmaid\" \/>\n<meta name=\"twitter:label1\" content=\"Dur\u00e9e de lecture estim\u00e9e\" \/>\n\t<meta name=\"twitter:data1\" content=\"4 minutes\" \/>\n<script type=\"application\/ld+json\" class=\"yoast-schema-graph\">{\"@context\":\"https:\\\/\\\/schema.org\",\"@graph\":[{\"@type\":\"WebPage\",\"@id\":\"https:\\\/\\\/www.band-maid.fr\\\/index.php\\\/omajinai-time\\\/\",\"url\":\"https:\\\/\\\/www.band-maid.fr\\\/index.php\\\/omajinai-time\\\/\",\"name\":\"Omajinai Time - BAND-MAID\",\"isPartOf\":{\"@id\":\"https:\\\/\\\/www.band-maid.fr\\\/#website\"},\"primaryImageOfPage\":{\"@id\":\"https:\\\/\\\/www.band-maid.fr\\\/index.php\\\/omajinai-time\\\/#primaryimage\"},\"image\":{\"@id\":\"https:\\\/\\\/www.band-maid.fr\\\/index.php\\\/omajinai-time\\\/#primaryimage\"},\"thumbnailUrl\":\"https:\\\/\\\/www.band-maid.fr\\\/wp-content\\\/uploads\\\/2026\\\/02\\\/Omajina-i.jpg\",\"datePublished\":\"2026-02-19T16:49:39+00:00\",\"dateModified\":\"2026-02-19T16:49:40+00:00\",\"description\":\"L'OMAJINAI TIME (magic spell time) est le moment le plus important durant un Okyu-jiNe l'oubliez pas, po! Pr\u00e9parez-vous !\",\"breadcrumb\":{\"@id\":\"https:\\\/\\\/www.band-maid.fr\\\/index.php\\\/omajinai-time\\\/#breadcrumb\"},\"inLanguage\":\"fr-FR\",\"potentialAction\":[{\"@type\":\"ReadAction\",\"target\":[\"https:\\\/\\\/www.band-maid.fr\\\/index.php\\\/omajinai-time\\\/\"]}]},{\"@type\":\"ImageObject\",\"inLanguage\":\"fr-FR\",\"@id\":\"https:\\\/\\\/www.band-maid.fr\\\/index.php\\\/omajinai-time\\\/#primaryimage\",\"url\":\"https:\\\/\\\/www.band-maid.fr\\\/wp-content\\\/uploads\\\/2026\\\/02\\\/Omajina-i.jpg\",\"contentUrl\":\"https:\\\/\\\/www.band-maid.fr\\\/wp-content\\\/uploads\\\/2026\\\/02\\\/Omajina-i.jpg\",\"width\":1080,\"height\":725},{\"@type\":\"BreadcrumbList\",\"@id\":\"https:\\\/\\\/www.band-maid.fr\\\/index.php\\\/omajinai-time\\\/#breadcrumb\",\"itemListElement\":[{\"@type\":\"ListItem\",\"position\":1,\"name\":\"Accueil\",\"item\":\"https:\\\/\\\/www.band-maid.fr\\\/\"},{\"@type\":\"ListItem\",\"position\":2,\"name\":\"Omajinai Time\"}]},{\"@type\":\"WebSite\",\"@id\":\"https:\\\/\\\/www.band-maid.fr\\\/#website\",\"url\":\"https:\\\/\\\/www.band-maid.fr\\\/\",\"name\":\"BAND-MAID\",\"description\":\"WORLD DOMINATION\",\"publisher\":{\"@id\":\"https:\\\/\\\/www.band-maid.fr\\\/#organization\"},\"potentialAction\":[{\"@type\":\"SearchAction\",\"target\":{\"@type\":\"EntryPoint\",\"urlTemplate\":\"https:\\\/\\\/www.band-maid.fr\\\/?s={search_term_string}\"},\"query-input\":{\"@type\":\"PropertyValueSpecification\",\"valueRequired\":true,\"valueName\":\"search_term_string\"}}],\"inLanguage\":\"fr-FR\"},{\"@type\":\"Organization\",\"@id\":\"https:\\\/\\\/www.band-maid.fr\\\/#organization\",\"name\":\"BAND-MAID\",\"url\":\"https:\\\/\\\/www.band-maid.fr\\\/\",\"logo\":{\"@type\":\"ImageObject\",\"inLanguage\":\"fr-FR\",\"@id\":\"https:\\\/\\\/www.band-maid.fr\\\/#\\\/schema\\\/logo\\\/image\\\/\",\"url\":\"http:\\\/\\\/wglgkdc.cluster121.hosting.ovh.net\\\/wp-content\\\/uploads\\\/2026\\\/01\\\/logo_band-maid_b.png\",\"contentUrl\":\"http:\\\/\\\/wglgkdc.cluster121.hosting.ovh.net\\\/wp-content\\\/uploads\\\/2026\\\/01\\\/logo_band-maid_b.png\",\"width\":540,\"height\":93,\"caption\":\"BAND-MAID\"},\"image\":{\"@id\":\"https:\\\/\\\/www.band-maid.fr\\\/#\\\/schema\\\/logo\\\/image\\\/\"},\"sameAs\":[\"https:\\\/\\\/www.facebook.com\\\/bandmaid\",\"https:\\\/\\\/x.com\\\/bandmaid\",\"https:\\\/\\\/www.instagram.com\\\/bandmaid.jp\\\/\",\"https:\\\/\\\/www.youtube.com\\\/channel\\\/UCJToUvYrmkmTCR-bluEaQfA\",\"https:\\\/\\\/www.tiktok.com\\\/@bandmaid_int\"]}]}<\/script>\n<!-- \/ Yoast SEO plugin. -->","yoast_head_json":{"title":"Omajinai Time - BAND-MAID","description":"L'OMAJINAI TIME (magic spell time) est le moment le plus important durant un Okyu-jiNe l'oubliez pas, po! Pr\u00e9parez-vous !","robots":{"index":"index","follow":"follow","max-snippet":"max-snippet:-1","max-image-preview":"max-image-preview:large","max-video-preview":"max-video-preview:-1"},"canonical":"https:\/\/www.band-maid.fr\/index.php\/omajinai-time\/","og_locale":"fr_FR","og_type":"article","og_title":"Omajinai Time - BAND-MAID","og_description":"L'OMAJINAI TIME (magic spell time) est le moment le plus important durant un Okyu-jiNe l'oubliez pas, po! Pr\u00e9parez-vous !","og_url":"https:\/\/www.band-maid.fr\/index.php\/omajinai-time\/","og_site_name":"BAND-MAID","article_publisher":"https:\/\/www.facebook.com\/bandmaid","article_modified_time":"2026-02-19T16:49:40+00:00","og_image":[{"width":1080,"height":725,"url":"https:\/\/www.band-maid.fr\/wp-content\/uploads\/2026\/02\/Omajina-i.jpg","type":"image\/jpeg"}],"twitter_card":"summary_large_image","twitter_site":"@bandmaid","twitter_misc":{"Dur\u00e9e de lecture estim\u00e9e":"4 minutes"},"schema":{"@context":"https:\/\/schema.org","@graph":[{"@type":"WebPage","@id":"https:\/\/www.band-maid.fr\/index.php\/omajinai-time\/","url":"https:\/\/www.band-maid.fr\/index.php\/omajinai-time\/","name":"Omajinai Time - BAND-MAID","isPartOf":{"@id":"https:\/\/www.band-maid.fr\/#website"},"primaryImageOfPage":{"@id":"https:\/\/www.band-maid.fr\/index.php\/omajinai-time\/#primaryimage"},"image":{"@id":"https:\/\/www.band-maid.fr\/index.php\/omajinai-time\/#primaryimage"},"thumbnailUrl":"https:\/\/www.band-maid.fr\/wp-content\/uploads\/2026\/02\/Omajina-i.jpg","datePublished":"2026-02-19T16:49:39+00:00","dateModified":"2026-02-19T16:49:40+00:00","description":"L'OMAJINAI TIME (magic spell time) est le moment le plus important durant un Okyu-jiNe l'oubliez pas, po! Pr\u00e9parez-vous !","breadcrumb":{"@id":"https:\/\/www.band-maid.fr\/index.php\/omajinai-time\/#breadcrumb"},"inLanguage":"fr-FR","potentialAction":[{"@type":"ReadAction","target":["https:\/\/www.band-maid.fr\/index.php\/omajinai-time\/"]}]},{"@type":"ImageObject","inLanguage":"fr-FR","@id":"https:\/\/www.band-maid.fr\/index.php\/omajinai-time\/#primaryimage","url":"https:\/\/www.band-maid.fr\/wp-content\/uploads\/2026\/02\/Omajina-i.jpg","contentUrl":"https:\/\/www.band-maid.fr\/wp-content\/uploads\/2026\/02\/Omajina-i.jpg","width":1080,"height":725},{"@type":"BreadcrumbList","@id":"https:\/\/www.band-maid.fr\/index.php\/omajinai-time\/#breadcrumb","itemListElement":[{"@type":"ListItem","position":1,"name":"Accueil","item":"https:\/\/www.band-maid.fr\/"},{"@type":"ListItem","position":2,"name":"Omajinai Time"}]},{"@type":"WebSite","@id":"https:\/\/www.band-maid.fr\/#website","url":"https:\/\/www.band-maid.fr\/","name":"BAND-MAID","description":"WORLD DOMINATION","publisher":{"@id":"https:\/\/www.band-maid.fr\/#organization"},"potentialAction":[{"@type":"SearchAction","target":{"@type":"EntryPoint","urlTemplate":"https:\/\/www.band-maid.fr\/?s={search_term_string}"},"query-input":{"@type":"PropertyValueSpecification","valueRequired":true,"valueName":"search_term_string"}}],"inLanguage":"fr-FR"},{"@type":"Organization","@id":"https:\/\/www.band-maid.fr\/#organization","name":"BAND-MAID","url":"https:\/\/www.band-maid.fr\/","logo":{"@type":"ImageObject","inLanguage":"fr-FR","@id":"https:\/\/www.band-maid.fr\/#\/schema\/logo\/image\/","url":"http:\/\/wglgkdc.cluster121.hosting.ovh.net\/wp-content\/uploads\/2026\/01\/logo_band-maid_b.png","contentUrl":"http:\/\/wglgkdc.cluster121.hosting.ovh.net\/wp-content\/uploads\/2026\/01\/logo_band-maid_b.png","width":540,"height":93,"caption":"BAND-MAID"},"image":{"@id":"https:\/\/www.band-maid.fr\/#\/schema\/logo\/image\/"},"sameAs":["https:\/\/www.facebook.com\/bandmaid","https:\/\/x.com\/bandmaid","https:\/\/www.instagram.com\/bandmaid.jp\/","https:\/\/www.youtube.com\/channel\/UCJToUvYrmkmTCR-bluEaQfA","https:\/\/www.tiktok.com\/@bandmaid_int"]}]}},"coauthors":[],"author_meta":{"author_link":"https:\/\/www.band-maid.fr\/index.php\/author\/admin8693\/","display_name":"LJB"},"relative_dates":{"created":"Publi\u00e9 3 mois il y a","modified":"Mis \u00e0 jour 3 mois il y a"},"absolute_dates":{"created":"Publi\u00e9 le 19\/02\/2026","modified":"Mise \u00e0 jour le 19\/02\/2026"},"absolute_dates_time":{"created":"Publi\u00e9 le 19\/02\/2026 16h49","modified":"Mise \u00e0 jour le 19\/02\/2026 16h49"},"featured_img_caption":"","featured_img":"https:\/\/www.band-maid.fr\/wp-content\/uploads\/2026\/02\/Omajina-i.jpg","series_order":"","featured_media_urls":{"thumbnail":["https:\/\/www.band-maid.fr\/wp-content\/uploads\/2026\/02\/Omajina-i-150x150.jpg",150,150,true],"medium":["https:\/\/www.band-maid.fr\/wp-content\/uploads\/2026\/02\/Omajina-i-300x201.jpg",300,201,true],"medium_large":["https:\/\/www.band-maid.fr\/wp-content\/uploads\/2026\/02\/Omajina-i.jpg",768,516,false],"large":["https:\/\/www.band-maid.fr\/wp-content\/uploads\/2026\/02\/Omajina-i-1024x687.jpg",950,637,true],"1536x1536":["https:\/\/www.band-maid.fr\/wp-content\/uploads\/2026\/02\/Omajina-i.jpg",1080,725,false],"2048x2048":["https:\/\/www.band-maid.fr\/wp-content\/uploads\/2026\/02\/Omajina-i.jpg",1080,725,false],"inspiro-featured-image":["https:\/\/www.band-maid.fr\/wp-content\/uploads\/2026\/02\/Omajina-i.jpg",1080,725,false],"inspiro-loop":["https:\/\/www.band-maid.fr\/wp-content\/uploads\/2026\/02\/Omajina-i-950x320.jpg",950,320,true],"inspiro-loop@2x":["https:\/\/www.band-maid.fr\/wp-content\/uploads\/2026\/02\/Omajina-i-1080x640.jpg",1080,640,true],"portfolio_item-thumbnail":["https:\/\/www.band-maid.fr\/wp-content\/uploads\/2026\/02\/Omajina-i-600x400.jpg",600,400,true],"portfolio_item-thumbnail@2x":["https:\/\/www.band-maid.fr\/wp-content\/uploads\/2026\/02\/Omajina-i.jpg",1080,725,false],"portfolio_item-masonry":["https:\/\/www.band-maid.fr\/wp-content\/uploads\/2026\/02\/Omajina-i-600x403.jpg",600,403,true],"portfolio_item-masonry@2x":["https:\/\/www.band-maid.fr\/wp-content\/uploads\/2026\/02\/Omajina-i.jpg",1080,725,false],"portfolio_item-thumbnail_cinema":["https:\/\/www.band-maid.fr\/wp-content\/uploads\/2026\/02\/Omajina-i-800x335.jpg",800,335,true],"portfolio_item-thumbnail_portrait":["https:\/\/www.band-maid.fr\/wp-content\/uploads\/2026\/02\/Omajina-i-600x725.jpg",600,725,true],"portfolio_item-thumbnail_portrait@2x":["https:\/\/www.band-maid.fr\/wp-content\/uploads\/2026\/02\/Omajina-i.jpg",1080,725,false],"portfolio_item-thumbnail_square":["https:\/\/www.band-maid.fr\/wp-content\/uploads\/2026\/02\/Omajina-i-800x725.jpg",800,725,true]},"_links":{"self":[{"href":"https:\/\/www.band-maid.fr\/index.php\/wp-json\/wp\/v2\/pages\/8633","targetHints":{"allow":["GET"]}}],"collection":[{"href":"https:\/\/www.band-maid.fr\/index.php\/wp-json\/wp\/v2\/pages"}],"about":[{"href":"https:\/\/www.band-maid.fr\/index.php\/wp-json\/wp\/v2\/types\/page"}],"author":[{"embeddable":true,"href":"https:\/\/www.band-maid.fr\/index.php\/wp-json\/wp\/v2\/users\/1"}],"replies":[{"embeddable":true,"href":"https:\/\/www.band-maid.fr\/index.php\/wp-json\/wp\/v2\/comments?post=8633"}],"version-history":[{"count":3,"href":"https:\/\/www.band-maid.fr\/index.php\/wp-json\/wp\/v2\/pages\/8633\/revisions"}],"predecessor-version":[{"id":8645,"href":"https:\/\/www.band-maid.fr\/index.php\/wp-json\/wp\/v2\/pages\/8633\/revisions\/8645"}],"wp:featuredmedia":[{"embeddable":true,"href":"https:\/\/www.band-maid.fr\/index.php\/wp-json\/wp\/v2\/media\/8641"}],"wp:attachment":[{"href":"https:\/\/www.band-maid.fr\/index.php\/wp-json\/wp\/v2\/media?parent=8633"}],"curies":[{"name":"wp","href":"https:\/\/api.w.org\/{rel}","templated":true}]}}