{"id":7954,"date":"2026-01-17T16:25:34","date_gmt":"2026-01-17T16:25:34","guid":{"rendered":"https:\/\/www.band-maid.fr\/?page_id=7954"},"modified":"2026-01-17T16:37:09","modified_gmt":"2026-01-17T16:37:09","slug":"kate","status":"publish","type":"page","link":"https:\/\/www.band-maid.fr\/index.php\/kate\/","title":{"rendered":"Kate"},"content":{"rendered":"\n<div class=\"wp-block-advgb-columns advgb-columns-wrapper\" id=\"advgb-cols-46b7af02-88ad-4d8f-8e7f-2883dc24c736\"><div class=\"advgb-columns-container\"><div class=\"advgb-columns advgb-columns-row advgb-is-mobile advgb-columns-2 layout-14-34 mbl-layout-stacked vgutter-10\">\n<div class=\"wp-block-advgb-column advgb-column\" id=\"advgb-col-a3fb217c-eb5e-47b4-8999-90311d9f583e\"><div class=\"advgb-column-inner\" style=\"border-style:none;border-width:1px\">\n<figure class=\"wp-block-image size-full\"><img fetchpriority=\"high\" decoding=\"async\" width=\"310\" height=\"420\" src=\"https:\/\/www.band-maid.fr\/wp-content\/uploads\/2026\/01\/2021-Kate.jpg\" alt=\"\" class=\"wp-image-7953\" srcset=\"https:\/\/www.band-maid.fr\/wp-content\/uploads\/2026\/01\/2021-Kate.jpg 310w, https:\/\/www.band-maid.fr\/wp-content\/uploads\/2026\/01\/2021-Kate-221x300.jpg 221w\" sizes=\"(max-width: 310px) 100vw, 310px\" \/><\/figure>\n<\/div><\/div>\n\n\n\n<div class=\"wp-block-advgb-column advgb-column\" id=\"advgb-col-66b43b79-f8de-471e-9913-2206d986dcde\"><div class=\"advgb-column-inner\" style=\"border-style:none;border-width:1px\">\n<div class=\"wp-block-advgb-columns advgb-columns-wrapper\" id=\"advgb-cols-3c7fa662-8b89-4872-8824-2957d517a8ab\"><div class=\"advgb-columns-container\"><div class=\"advgb-columns advgb-columns-row advgb-is-mobile advgb-columns-2 layout-15-45 mbl-layout-stacked vgutter-10\">\n<div class=\"wp-block-advgb-column advgb-column\" id=\"advgb-col-93c32cbf-7382-4b44-b1f3-9354c4d0d12d\"><div class=\"advgb-column-inner\" style=\"border-style:none;border-width:1px\"><\/div><\/div>\n\n\n\n<div class=\"wp-block-advgb-column advgb-column\" id=\"advgb-col-1627b629-71dc-4691-b225-296e9b7572f8\"><div class=\"advgb-column-inner\" style=\"border-style:none;border-width:1px\">\n<p>11 septembre 2021&nbsp;<strong>sur Netflix&nbsp;<\/strong>|&nbsp;1h 46min&nbsp;|<\/p>\n\n\n\n<p>de C\u00e9dric Nicolas-Troyan<\/p>\n\n\n\n<p>Avec&nbsp;Mary Elizabeth Winstead,&nbsp;Woody Harrelson,&nbsp;Michiel Huisman<\/p>\n\n\n\n<p><\/p>\n<\/div><\/div>\n<\/div><\/div><\/div>\n<\/div><\/div>\n<\/div><\/div><\/div>\n\n\n\n<p id=\"block-98b996fe-1c4e-4ebe-b014-e983888f5e23\"><\/p>\n\n\n\n<p id=\"block-6b550728-c3c7-4af0-8804-e8a4e3e45753\"><\/p>\n\n\n\n<hr class=\"wp-block-separator has-alpha-channel-opacity\"\/>\n\n\n\n<p id=\"block-e5fb0450-ead5-4293-9150-347313c2719f\">L&rsquo;extrait avec \u00ab\u00a0Choose Me\u00a0\u00bb<\/p>\n\n\n\n<p><\/p>\n\n\n\n<figure class=\"wp-block-embed is-type-video is-provider-youtube wp-block-embed-youtube wp-embed-aspect-16-9 wp-has-aspect-ratio\"><div class=\"wp-block-embed__wrapper\">\n<iframe title=\"Band-Maid In Kate\" width=\"950\" height=\"534\" src=\"https:\/\/www.youtube.com\/embed\/RLll4u0pAqg?feature=oembed\" frameborder=\"0\" allow=\"accelerometer; autoplay; clipboard-write; encrypted-media; gyroscope; picture-in-picture; web-share\" referrerpolicy=\"strict-origin-when-cross-origin\" allowfullscreen><\/iframe>\n<\/div><\/figure>\n\n\n\n<p>Lien direct sur la page YouTube officielle de Band-Maid.<\/p>\n<style class=\"advgb-styles-renderer\">#advgb-col-a3fb217c-eb5e-47b4-8999-90311d9f583e>.advgb-column-inner{}@media screen and (max-width: 1023px) {#advgb-col-a3fb217c-eb5e-47b4-8999-90311d9f583e>.advgb-column-inner{}}@media screen and (max-width: 767px) {#advgb-col-a3fb217c-eb5e-47b4-8999-90311d9f583e>.advgb-column-inner{}}#advgb-col-93c32cbf-7382-4b44-b1f3-9354c4d0d12d>.advgb-column-inner{}@media screen and (max-width: 1023px) {#advgb-col-93c32cbf-7382-4b44-b1f3-9354c4d0d12d>.advgb-column-inner{}}@media screen and (max-width: 767px) {#advgb-col-93c32cbf-7382-4b44-b1f3-9354c4d0d12d>.advgb-column-inner{}}#advgb-col-1627b629-71dc-4691-b225-296e9b7572f8>.advgb-column-inner{}@media screen and (max-width: 1023px) {#advgb-col-1627b629-71dc-4691-b225-296e9b7572f8>.advgb-column-inner{}}@media screen and (max-width: 767px) {#advgb-col-1627b629-71dc-4691-b225-296e9b7572f8>.advgb-column-inner{}}#advgb-cols-3c7fa662-8b89-4872-8824-2957d517a8ab{}@media screen and (max-width: 1023px) {#advgb-cols-3c7fa662-8b89-4872-8824-2957d517a8ab{}}@media screen and (max-width: 767px) {#advgb-cols-3c7fa662-8b89-4872-8824-2957d517a8ab{}}#advgb-col-93c32cbf-7382-4b44-b1f3-9354c4d0d12d>.advgb-column-inner{}@media screen and (max-width: 1023px) {#advgb-col-93c32cbf-7382-4b44-b1f3-9354c4d0d12d>.advgb-column-inner{}}@media screen and (max-width: 767px) {#advgb-col-93c32cbf-7382-4b44-b1f3-9354c4d0d12d>.advgb-column-inner{}}#advgb-col-1627b629-71dc-4691-b225-296e9b7572f8>.advgb-column-inner{}@media screen and (max-width: 1023px) {#advgb-col-1627b629-71dc-4691-b225-296e9b7572f8>.advgb-column-inner{}}@media screen and (max-width: 767px) {#advgb-col-1627b629-71dc-4691-b225-296e9b7572f8>.advgb-column-inner{}}#advgb-col-66b43b79-f8de-471e-9913-2206d986dcde>.advgb-column-inner{}@media screen and (max-width: 1023px) {#advgb-col-66b43b79-f8de-471e-9913-2206d986dcde>.advgb-column-inner{}}@media screen and (max-width: 767px) {#advgb-col-66b43b79-f8de-471e-9913-2206d986dcde>.advgb-column-inner{}}#advgb-cols-3c7fa662-8b89-4872-8824-2957d517a8ab{}@media screen and (max-width: 1023px) {#advgb-cols-3c7fa662-8b89-4872-8824-2957d517a8ab{}}@media screen and (max-width: 767px) {#advgb-cols-3c7fa662-8b89-4872-8824-2957d517a8ab{}}#advgb-col-93c32cbf-7382-4b44-b1f3-9354c4d0d12d>.advgb-column-inner{}@media screen and (max-width: 1023px) {#advgb-col-93c32cbf-7382-4b44-b1f3-9354c4d0d12d>.advgb-column-inner{}}@media screen and (max-width: 767px) {#advgb-col-93c32cbf-7382-4b44-b1f3-9354c4d0d12d>.advgb-column-inner{}}#advgb-col-1627b629-71dc-4691-b225-296e9b7572f8>.advgb-column-inner{}@media screen and (max-width: 1023px) {#advgb-col-1627b629-71dc-4691-b225-296e9b7572f8>.advgb-column-inner{}}@media screen and (max-width: 767px) {#advgb-col-1627b629-71dc-4691-b225-296e9b7572f8>.advgb-column-inner{}}#advgb-cols-46b7af02-88ad-4d8f-8e7f-2883dc24c736{}@media screen and (max-width: 1023px) {#advgb-cols-46b7af02-88ad-4d8f-8e7f-2883dc24c736{}}@media screen and (max-width: 767px) {#advgb-cols-46b7af02-88ad-4d8f-8e7f-2883dc24c736{}}#advgb-col-a3fb217c-eb5e-47b4-8999-90311d9f583e>.advgb-column-inner{}@media screen and (max-width: 1023px) {#advgb-col-a3fb217c-eb5e-47b4-8999-90311d9f583e>.advgb-column-inner{}}@media screen and (max-width: 767px) {#advgb-col-a3fb217c-eb5e-47b4-8999-90311d9f583e>.advgb-column-inner{}}#advgb-col-66b43b79-f8de-471e-9913-2206d986dcde>.advgb-column-inner{}@media screen and (max-width: 1023px) {#advgb-col-66b43b79-f8de-471e-9913-2206d986dcde>.advgb-column-inner{}}@media screen and (max-width: 767px) {#advgb-col-66b43b79-f8de-471e-9913-2206d986dcde>.advgb-column-inner{}}#advgb-cols-3c7fa662-8b89-4872-8824-2957d517a8ab{}@media screen and (max-width: 1023px) {#advgb-cols-3c7fa662-8b89-4872-8824-2957d517a8ab{}}@media screen and (max-width: 767px) {#advgb-cols-3c7fa662-8b89-4872-8824-2957d517a8ab{}}#advgb-col-93c32cbf-7382-4b44-b1f3-9354c4d0d12d>.advgb-column-inner{}@media screen and (max-width: 1023px) {#advgb-col-93c32cbf-7382-4b44-b1f3-9354c4d0d12d>.advgb-column-inner{}}@media screen and (max-width: 767px) {#advgb-col-93c32cbf-7382-4b44-b1f3-9354c4d0d12d>.advgb-column-inner{}}#advgb-col-1627b629-71dc-4691-b225-296e9b7572f8>.advgb-column-inner{}@media screen and (max-width: 1023px) {#advgb-col-1627b629-71dc-4691-b225-296e9b7572f8>.advgb-column-inner{}}@media screen and (max-width: 767px) {#advgb-col-1627b629-71dc-4691-b225-296e9b7572f8>.advgb-column-inner{}}<\/style>","protected":false},"excerpt":{"rendered":"<p>L&rsquo;extrait avec \u00ab\u00a0Choose Me\u00a0\u00bb Lien direct sur la page YouTube officielle de Band-Maid.<\/p>\n","protected":false},"author":1,"featured_media":0,"parent":0,"menu_order":0,"comment_status":"closed","ping_status":"closed","template":"","meta":{"advgb_blocks_editor_width":"","advgb_blocks_columns_visual_guide":"","footnotes":""},"class_list":["post-7954","page","type-page","status-publish","hentry"],"yoast_head":"<!-- This site is optimized with the Yoast SEO plugin v27.6 - https:\/\/yoast.com\/product\/yoast-seo-wordpress\/ -->\n<title>Kate - BAND-MAID<\/title>\n<meta name=\"robots\" content=\"index, follow, max-snippet:-1, max-image-preview:large, max-video-preview:-1\" \/>\n<link rel=\"canonical\" href=\"https:\/\/www.band-maid.fr\/index.php\/kate\/\" \/>\n<meta property=\"og:locale\" content=\"fr_FR\" \/>\n<meta property=\"og:type\" content=\"article\" \/>\n<meta property=\"og:title\" content=\"Kate - BAND-MAID\" \/>\n<meta property=\"og:description\" content=\"L&rsquo;extrait avec \u00ab\u00a0Choose Me\u00a0\u00bb Lien direct sur la page YouTube officielle de Band-Maid.\" \/>\n<meta property=\"og:url\" content=\"https:\/\/www.band-maid.fr\/index.php\/kate\/\" \/>\n<meta property=\"og:site_name\" content=\"BAND-MAID\" \/>\n<meta property=\"article:publisher\" content=\"https:\/\/www.facebook.com\/bandmaid\" \/>\n<meta property=\"article:modified_time\" content=\"2026-01-17T16:37:09+00:00\" \/>\n<meta property=\"og:image\" content=\"https:\/\/www.band-maid.fr\/wp-content\/uploads\/2026\/01\/2021-Kate.jpg\" \/>\n\t<meta property=\"og:image:width\" content=\"310\" \/>\n\t<meta property=\"og:image:height\" content=\"420\" \/>\n\t<meta property=\"og:image:type\" content=\"image\/jpeg\" \/>\n<meta name=\"twitter:card\" content=\"summary_large_image\" \/>\n<meta name=\"twitter:site\" content=\"@bandmaid\" \/>\n<meta name=\"twitter:label1\" content=\"Dur\u00e9e de lecture estim\u00e9e\" \/>\n\t<meta name=\"twitter:data1\" content=\"1 minute\" \/>\n<script type=\"application\/ld+json\" class=\"yoast-schema-graph\">{\"@context\":\"https:\\\/\\\/schema.org\",\"@graph\":[{\"@type\":\"WebPage\",\"@id\":\"https:\\\/\\\/www.band-maid.fr\\\/index.php\\\/kate\\\/\",\"url\":\"https:\\\/\\\/www.band-maid.fr\\\/index.php\\\/kate\\\/\",\"name\":\"Kate - BAND-MAID\",\"isPartOf\":{\"@id\":\"https:\\\/\\\/www.band-maid.fr\\\/#website\"},\"primaryImageOfPage\":{\"@id\":\"https:\\\/\\\/www.band-maid.fr\\\/index.php\\\/kate\\\/#primaryimage\"},\"image\":{\"@id\":\"https:\\\/\\\/www.band-maid.fr\\\/index.php\\\/kate\\\/#primaryimage\"},\"thumbnailUrl\":\"https:\\\/\\\/www.band-maid.fr\\\/wp-content\\\/uploads\\\/2026\\\/01\\\/2021-Kate.jpg\",\"datePublished\":\"2026-01-17T16:25:34+00:00\",\"dateModified\":\"2026-01-17T16:37:09+00:00\",\"breadcrumb\":{\"@id\":\"https:\\\/\\\/www.band-maid.fr\\\/index.php\\\/kate\\\/#breadcrumb\"},\"inLanguage\":\"fr-FR\",\"potentialAction\":[{\"@type\":\"ReadAction\",\"target\":[\"https:\\\/\\\/www.band-maid.fr\\\/index.php\\\/kate\\\/\"]}]},{\"@type\":\"ImageObject\",\"inLanguage\":\"fr-FR\",\"@id\":\"https:\\\/\\\/www.band-maid.fr\\\/index.php\\\/kate\\\/#primaryimage\",\"url\":\"https:\\\/\\\/www.band-maid.fr\\\/wp-content\\\/uploads\\\/2026\\\/01\\\/2021-Kate.jpg\",\"contentUrl\":\"https:\\\/\\\/www.band-maid.fr\\\/wp-content\\\/uploads\\\/2026\\\/01\\\/2021-Kate.jpg\",\"width\":310,\"height\":420},{\"@type\":\"BreadcrumbList\",\"@id\":\"https:\\\/\\\/www.band-maid.fr\\\/index.php\\\/kate\\\/#breadcrumb\",\"itemListElement\":[{\"@type\":\"ListItem\",\"position\":1,\"name\":\"Accueil\",\"item\":\"https:\\\/\\\/www.band-maid.fr\\\/\"},{\"@type\":\"ListItem\",\"position\":2,\"name\":\"Kate\"}]},{\"@type\":\"WebSite\",\"@id\":\"https:\\\/\\\/www.band-maid.fr\\\/#website\",\"url\":\"https:\\\/\\\/www.band-maid.fr\\\/\",\"name\":\"BAND-MAID\",\"description\":\"WORLD DOMINATION\",\"publisher\":{\"@id\":\"https:\\\/\\\/www.band-maid.fr\\\/#organization\"},\"potentialAction\":[{\"@type\":\"SearchAction\",\"target\":{\"@type\":\"EntryPoint\",\"urlTemplate\":\"https:\\\/\\\/www.band-maid.fr\\\/?s={search_term_string}\"},\"query-input\":{\"@type\":\"PropertyValueSpecification\",\"valueRequired\":true,\"valueName\":\"search_term_string\"}}],\"inLanguage\":\"fr-FR\"},{\"@type\":\"Organization\",\"@id\":\"https:\\\/\\\/www.band-maid.fr\\\/#organization\",\"name\":\"BAND-MAID\",\"url\":\"https:\\\/\\\/www.band-maid.fr\\\/\",\"logo\":{\"@type\":\"ImageObject\",\"inLanguage\":\"fr-FR\",\"@id\":\"https:\\\/\\\/www.band-maid.fr\\\/#\\\/schema\\\/logo\\\/image\\\/\",\"url\":\"http:\\\/\\\/wglgkdc.cluster121.hosting.ovh.net\\\/wp-content\\\/uploads\\\/2026\\\/01\\\/logo_band-maid_b.png\",\"contentUrl\":\"http:\\\/\\\/wglgkdc.cluster121.hosting.ovh.net\\\/wp-content\\\/uploads\\\/2026\\\/01\\\/logo_band-maid_b.png\",\"width\":540,\"height\":93,\"caption\":\"BAND-MAID\"},\"image\":{\"@id\":\"https:\\\/\\\/www.band-maid.fr\\\/#\\\/schema\\\/logo\\\/image\\\/\"},\"sameAs\":[\"https:\\\/\\\/www.facebook.com\\\/bandmaid\",\"https:\\\/\\\/x.com\\\/bandmaid\",\"https:\\\/\\\/www.instagram.com\\\/bandmaid.jp\\\/\",\"https:\\\/\\\/www.youtube.com\\\/channel\\\/UCJToUvYrmkmTCR-bluEaQfA\",\"https:\\\/\\\/www.tiktok.com\\\/@bandmaid_int\"]}]}<\/script>\n<!-- \/ Yoast SEO plugin. -->","yoast_head_json":{"title":"Kate - BAND-MAID","robots":{"index":"index","follow":"follow","max-snippet":"max-snippet:-1","max-image-preview":"max-image-preview:large","max-video-preview":"max-video-preview:-1"},"canonical":"https:\/\/www.band-maid.fr\/index.php\/kate\/","og_locale":"fr_FR","og_type":"article","og_title":"Kate - BAND-MAID","og_description":"L&rsquo;extrait avec \u00ab\u00a0Choose Me\u00a0\u00bb Lien direct sur la page YouTube officielle de Band-Maid.","og_url":"https:\/\/www.band-maid.fr\/index.php\/kate\/","og_site_name":"BAND-MAID","article_publisher":"https:\/\/www.facebook.com\/bandmaid","article_modified_time":"2026-01-17T16:37:09+00:00","og_image":[{"width":310,"height":420,"url":"https:\/\/www.band-maid.fr\/wp-content\/uploads\/2026\/01\/2021-Kate.jpg","type":"image\/jpeg"}],"twitter_card":"summary_large_image","twitter_site":"@bandmaid","twitter_misc":{"Dur\u00e9e de lecture estim\u00e9e":"1 minute"},"schema":{"@context":"https:\/\/schema.org","@graph":[{"@type":"WebPage","@id":"https:\/\/www.band-maid.fr\/index.php\/kate\/","url":"https:\/\/www.band-maid.fr\/index.php\/kate\/","name":"Kate - BAND-MAID","isPartOf":{"@id":"https:\/\/www.band-maid.fr\/#website"},"primaryImageOfPage":{"@id":"https:\/\/www.band-maid.fr\/index.php\/kate\/#primaryimage"},"image":{"@id":"https:\/\/www.band-maid.fr\/index.php\/kate\/#primaryimage"},"thumbnailUrl":"https:\/\/www.band-maid.fr\/wp-content\/uploads\/2026\/01\/2021-Kate.jpg","datePublished":"2026-01-17T16:25:34+00:00","dateModified":"2026-01-17T16:37:09+00:00","breadcrumb":{"@id":"https:\/\/www.band-maid.fr\/index.php\/kate\/#breadcrumb"},"inLanguage":"fr-FR","potentialAction":[{"@type":"ReadAction","target":["https:\/\/www.band-maid.fr\/index.php\/kate\/"]}]},{"@type":"ImageObject","inLanguage":"fr-FR","@id":"https:\/\/www.band-maid.fr\/index.php\/kate\/#primaryimage","url":"https:\/\/www.band-maid.fr\/wp-content\/uploads\/2026\/01\/2021-Kate.jpg","contentUrl":"https:\/\/www.band-maid.fr\/wp-content\/uploads\/2026\/01\/2021-Kate.jpg","width":310,"height":420},{"@type":"BreadcrumbList","@id":"https:\/\/www.band-maid.fr\/index.php\/kate\/#breadcrumb","itemListElement":[{"@type":"ListItem","position":1,"name":"Accueil","item":"https:\/\/www.band-maid.fr\/"},{"@type":"ListItem","position":2,"name":"Kate"}]},{"@type":"WebSite","@id":"https:\/\/www.band-maid.fr\/#website","url":"https:\/\/www.band-maid.fr\/","name":"BAND-MAID","description":"WORLD DOMINATION","publisher":{"@id":"https:\/\/www.band-maid.fr\/#organization"},"potentialAction":[{"@type":"SearchAction","target":{"@type":"EntryPoint","urlTemplate":"https:\/\/www.band-maid.fr\/?s={search_term_string}"},"query-input":{"@type":"PropertyValueSpecification","valueRequired":true,"valueName":"search_term_string"}}],"inLanguage":"fr-FR"},{"@type":"Organization","@id":"https:\/\/www.band-maid.fr\/#organization","name":"BAND-MAID","url":"https:\/\/www.band-maid.fr\/","logo":{"@type":"ImageObject","inLanguage":"fr-FR","@id":"https:\/\/www.band-maid.fr\/#\/schema\/logo\/image\/","url":"http:\/\/wglgkdc.cluster121.hosting.ovh.net\/wp-content\/uploads\/2026\/01\/logo_band-maid_b.png","contentUrl":"http:\/\/wglgkdc.cluster121.hosting.ovh.net\/wp-content\/uploads\/2026\/01\/logo_band-maid_b.png","width":540,"height":93,"caption":"BAND-MAID"},"image":{"@id":"https:\/\/www.band-maid.fr\/#\/schema\/logo\/image\/"},"sameAs":["https:\/\/www.facebook.com\/bandmaid","https:\/\/x.com\/bandmaid","https:\/\/www.instagram.com\/bandmaid.jp\/","https:\/\/www.youtube.com\/channel\/UCJToUvYrmkmTCR-bluEaQfA","https:\/\/www.tiktok.com\/@bandmaid_int"]}]}},"coauthors":[],"author_meta":{"author_link":"https:\/\/www.band-maid.fr\/index.php\/author\/admin8693\/","display_name":"LJB"},"relative_dates":{"created":"Publi\u00e9 4 mois il y a","modified":"Mis \u00e0 jour 4 mois il y a"},"absolute_dates":{"created":"Publi\u00e9 le 17\/01\/2026","modified":"Mise \u00e0 jour le 17\/01\/2026"},"absolute_dates_time":{"created":"Publi\u00e9 le 17\/01\/2026 16h25","modified":"Mise \u00e0 jour le 17\/01\/2026 16h37"},"featured_img_caption":"","featured_img":false,"series_order":"","featured_media_urls":[],"_links":{"self":[{"href":"https:\/\/www.band-maid.fr\/index.php\/wp-json\/wp\/v2\/pages\/7954","targetHints":{"allow":["GET"]}}],"collection":[{"href":"https:\/\/www.band-maid.fr\/index.php\/wp-json\/wp\/v2\/pages"}],"about":[{"href":"https:\/\/www.band-maid.fr\/index.php\/wp-json\/wp\/v2\/types\/page"}],"author":[{"embeddable":true,"href":"https:\/\/www.band-maid.fr\/index.php\/wp-json\/wp\/v2\/users\/1"}],"replies":[{"embeddable":true,"href":"https:\/\/www.band-maid.fr\/index.php\/wp-json\/wp\/v2\/comments?post=7954"}],"version-history":[{"count":2,"href":"https:\/\/www.band-maid.fr\/index.php\/wp-json\/wp\/v2\/pages\/7954\/revisions"}],"predecessor-version":[{"id":7957,"href":"https:\/\/www.band-maid.fr\/index.php\/wp-json\/wp\/v2\/pages\/7954\/revisions\/7957"}],"wp:attachment":[{"href":"https:\/\/www.band-maid.fr\/index.php\/wp-json\/wp\/v2\/media?parent=7954"}],"curies":[{"name":"wp","href":"https:\/\/api.w.org\/{rel}","templated":true}]}}