{"id":7910,"date":"2026-01-17T07:57:10","date_gmt":"2026-01-17T07:57:10","guid":{"rendered":"https:\/\/www.band-maid.fr\/?page_id=7910"},"modified":"2026-02-01T15:20:53","modified_gmt":"2026-02-01T15:20:53","slug":"10th-anniversary-best-vol-2","status":"publish","type":"page","link":"https:\/\/www.band-maid.fr\/index.php\/10th-anniversary-best-vol-2\/","title":{"rendered":"10th Anniversary Best Vol.2"},"content":{"rendered":"\n<div class=\"wp-block-advgb-columns advgb-columns-wrapper\" id=\"advgb-cols-c14d296a-94ba-44f8-8107-0c7ef62ba264\"><div class=\"advgb-columns-container\"><div class=\"advgb-columns advgb-columns-row advgb-is-mobile advgb-columns-2 layout-14-34 mbl-layout-stacked vgutter-10\">\n<div class=\"wp-block-advgb-column advgb-column\" id=\"advgb-col-49d64714-ce1e-4c34-b067-b3c7ee56fc7a\"><div class=\"advgb-column-inner\" style=\"border-style:none;border-width:1px\">\n<figure class=\"wp-block-image size-full\"><img fetchpriority=\"high\" decoding=\"async\" width=\"298\" height=\"300\" src=\"https:\/\/www.band-maid.fr\/wp-content\/uploads\/2026\/01\/10th-Anniversary-Best-Vol.1-e1767377943459.jpg\" alt=\"\" class=\"wp-image-7026\"\/><\/figure>\n<\/div><\/div>\n\n\n\n<div class=\"wp-block-advgb-column advgb-column\" id=\"advgb-col-eaed0455-4358-4dd3-9223-f2b6d1ece130\"><div class=\"advgb-column-inner\" style=\"border-style:none;border-width:1px\">\n<div class=\"wp-block-advgb-columns advgb-columns-wrapper\" id=\"advgb-cols-9242c4a4-6890-4a1b-b323-20a19273029d\"><div class=\"advgb-columns-container\"><div class=\"advgb-columns advgb-columns-row advgb-is-mobile advgb-columns-2 layout-15-45 mbl-layout-stacked vgutter-10\">\n<div class=\"wp-block-advgb-column advgb-column\" id=\"advgb-col-bece61fd-17c1-4105-8b03-23c49b73bc94\"><div class=\"advgb-column-inner\" style=\"border-style:none;border-width:1px\"><\/div><\/div>\n\n\n\n<div class=\"wp-block-advgb-column advgb-column\" id=\"advgb-col-69c146a7-21ee-40e0-a642-093b36324c6e\"><div class=\"advgb-column-inner\" style=\"border-style:none;border-width:1px\">\n<p>Sortie : 2 octobre 2023<\/p>\n\n\n\n<p>Dur\u00e9e : 42:35<\/p>\n\n\n\n<p>Label : NIPPON CROWN Co<\/p>\n<\/div><\/div>\n<\/div><\/div><\/div>\n<\/div><\/div>\n<\/div><\/div><\/div>\n\n\n\n<p id=\"block-98b996fe-1c4e-4ebe-b014-e983888f5e23\"><\/p>\n\n\n\n<p id=\"block-6b550728-c3c7-4af0-8804-e8a4e3e45753\"><\/p>\n\n\n\n<table class=\"wp-block-advgb-table advgb-table-frontend is-style-regular\"><tbody><tr><td>\ufeff<\/td><td>Titres<\/td><td>Paroles<\/td><td>Musique<\/td><td>Dur\u00e9e<\/td><td>Album<\/td><\/tr><tr><td>1.<\/td><td><strong>Shake That!!<\/strong><\/td><td>Kentaro Akutsu<\/td><td>Kentaro Akutsu<\/td><td>04:04<\/td><td>New Beginning<\/td><\/tr><tr><td>2.<\/td><td><strong><strong>the non-fiction days<\/strong><\/strong><\/td><td>Kanata Nakamura<\/td><td>Toshinari Ohnishi<\/td><td>04:42<\/td><td>Brand New Maid<\/td><\/tr><tr><td>3.<\/td><td><strong><strong>FREEDOM<\/strong><\/strong><\/td><td>Miku Kobato<\/td><td>Ichiro Iguchi<\/td><td>03:45<\/td><td>Brand New Maid<\/td><\/tr><tr><td>4.<\/td><td><strong>Puzzle<\/strong><\/td><td>Miku Kobato<\/td><td>Band-Maid<\/td><td>04:20<\/td><td>Just Bring It<\/td><\/tr><tr><td>5.<\/td><td><strong>secret My lips<\/strong><\/td><td>Miku Kobato<\/td><td>Band-Maid<\/td><td>04:11<\/td><td>Just Bring It<\/td><\/tr><tr><td>6.<\/td><td><strong>Play<\/strong><\/td><td>Miku Kobato<\/td><td>Band-Maid<\/td><td>03:20<\/td><td>World Domination<\/td><\/tr><tr><td>7.<\/td><td><strong>I can&rsquo;t live without you.<\/strong><\/td><td>Miku Kobato<\/td><td>Band-Maid<\/td><td>03:49<\/td><td>Single Daydreaming<\/td><\/tr><tr><td>8.<\/td><td><strong><strong>Rock in me<\/strong><\/strong><\/td><td>Miku Kobato<\/td><td>Band-Maid<\/td><td>03:21<\/td><td>World Domination<\/td><\/tr><tr><td>9.<\/td><td><strong>Screaming<\/strong><\/td><td>Miku Kobato<\/td><td>Band-Maid<\/td><td>03:50<\/td><td>Single Start Over<\/td><\/tr><tr><td>10.<\/td><td><strong>Blooming<\/strong><\/td><td>Miku Kobato<\/td><td>Band-Maid<\/td><td>03:47<\/td><td>Conqueror<\/td><\/tr><tr><td>11.<\/td><td><strong>\u8f2a\u5efb<\/strong> (Rinne)<\/td><td>Miku Kobato<\/td><td>Band-Maid<\/td><td>03:26<\/td><td>Conqueror<\/td><\/tr><\/tbody><\/table>\n\n\n\n<hr class=\"wp-block-separator has-alpha-channel-opacity\"\/>\n\n\n\n<p id=\"block-e5fb0450-ead5-4293-9150-347313c2719f\"><\/p>\n\n\n\n<h2 class=\"wp-block-heading\">BAND-MAID<\/h2>\n\n\n\n<ul class=\"wp-block-list\">\n<li><strong>Saiki Atsumi <\/strong>\u2013 chant<\/li>\n\n\n\n<li><strong>Miku Kobato<\/strong> \u2013 guitare rythmique, ch\u0153urs, chant<\/li>\n\n\n\n<li><strong>Kanami T\u014dno<\/strong> \u2013 guitare solo<\/li>\n\n\n\n<li><strong>Misa<\/strong> \u2013 basse<\/li>\n\n\n\n<li><strong>Akane Hirose<\/strong> \u2013 batterie<\/li>\n<\/ul>\n\n\n\n<hr class=\"wp-block-separator has-alpha-channel-opacity\"\/>\n\n\n\n<figure class=\"wp-block-embed is-type-video is-provider-youtube wp-block-embed-youtube wp-embed-aspect-4-3 wp-has-aspect-ratio\"><div class=\"wp-block-embed__wrapper\">\n<iframe title=\"Shake That!!\" width=\"950\" height=\"713\" src=\"https:\/\/www.youtube.com\/embed\/CqFkNqdPnK8?list=OLAK5uy_lPI8cwKgpimDEC1dMHI5vCoB0CE2_oh3c\" frameborder=\"0\" allow=\"accelerometer; autoplay; clipboard-write; encrypted-media; gyroscope; picture-in-picture; web-share\" referrerpolicy=\"strict-origin-when-cross-origin\" allowfullscreen><\/iframe>\n<\/div><\/figure>\n\n\n\n<p>Lien direct sur la page YouTube officielle de Band-Maid.<\/p>\n\n\n\n<p><\/p>\n<style class=\"advgb-styles-renderer\">#advgb-col-49d64714-ce1e-4c34-b067-b3c7ee56fc7a>.advgb-column-inner{}@media screen and (max-width: 1023px) {#advgb-col-49d64714-ce1e-4c34-b067-b3c7ee56fc7a>.advgb-column-inner{}}@media screen and (max-width: 767px) {#advgb-col-49d64714-ce1e-4c34-b067-b3c7ee56fc7a>.advgb-column-inner{}}#advgb-col-bece61fd-17c1-4105-8b03-23c49b73bc94>.advgb-column-inner{}@media screen and (max-width: 1023px) {#advgb-col-bece61fd-17c1-4105-8b03-23c49b73bc94>.advgb-column-inner{}}@media screen and (max-width: 767px) {#advgb-col-bece61fd-17c1-4105-8b03-23c49b73bc94>.advgb-column-inner{}}#advgb-col-69c146a7-21ee-40e0-a642-093b36324c6e>.advgb-column-inner{}@media screen and (max-width: 1023px) {#advgb-col-69c146a7-21ee-40e0-a642-093b36324c6e>.advgb-column-inner{}}@media screen and (max-width: 767px) {#advgb-col-69c146a7-21ee-40e0-a642-093b36324c6e>.advgb-column-inner{}}#advgb-cols-9242c4a4-6890-4a1b-b323-20a19273029d{}@media screen and (max-width: 1023px) {#advgb-cols-9242c4a4-6890-4a1b-b323-20a19273029d{}}@media screen and (max-width: 767px) {#advgb-cols-9242c4a4-6890-4a1b-b323-20a19273029d{}}#advgb-col-bece61fd-17c1-4105-8b03-23c49b73bc94>.advgb-column-inner{}@media screen and (max-width: 1023px) {#advgb-col-bece61fd-17c1-4105-8b03-23c49b73bc94>.advgb-column-inner{}}@media screen and (max-width: 767px) {#advgb-col-bece61fd-17c1-4105-8b03-23c49b73bc94>.advgb-column-inner{}}#advgb-col-69c146a7-21ee-40e0-a642-093b36324c6e>.advgb-column-inner{}@media screen and (max-width: 1023px) {#advgb-col-69c146a7-21ee-40e0-a642-093b36324c6e>.advgb-column-inner{}}@media screen and (max-width: 767px) {#advgb-col-69c146a7-21ee-40e0-a642-093b36324c6e>.advgb-column-inner{}}#advgb-col-eaed0455-4358-4dd3-9223-f2b6d1ece130>.advgb-column-inner{}@media screen and (max-width: 1023px) {#advgb-col-eaed0455-4358-4dd3-9223-f2b6d1ece130>.advgb-column-inner{}}@media screen and (max-width: 767px) {#advgb-col-eaed0455-4358-4dd3-9223-f2b6d1ece130>.advgb-column-inner{}}#advgb-cols-9242c4a4-6890-4a1b-b323-20a19273029d{}@media screen and (max-width: 1023px) {#advgb-cols-9242c4a4-6890-4a1b-b323-20a19273029d{}}@media screen and (max-width: 767px) {#advgb-cols-9242c4a4-6890-4a1b-b323-20a19273029d{}}#advgb-col-bece61fd-17c1-4105-8b03-23c49b73bc94>.advgb-column-inner{}@media screen and (max-width: 1023px) {#advgb-col-bece61fd-17c1-4105-8b03-23c49b73bc94>.advgb-column-inner{}}@media screen and (max-width: 767px) {#advgb-col-bece61fd-17c1-4105-8b03-23c49b73bc94>.advgb-column-inner{}}#advgb-col-69c146a7-21ee-40e0-a642-093b36324c6e>.advgb-column-inner{}@media screen and (max-width: 1023px) {#advgb-col-69c146a7-21ee-40e0-a642-093b36324c6e>.advgb-column-inner{}}@media screen and (max-width: 767px) {#advgb-col-69c146a7-21ee-40e0-a642-093b36324c6e>.advgb-column-inner{}}#advgb-cols-c14d296a-94ba-44f8-8107-0c7ef62ba264{}@media screen and (max-width: 1023px) {#advgb-cols-c14d296a-94ba-44f8-8107-0c7ef62ba264{}}@media screen and (max-width: 767px) {#advgb-cols-c14d296a-94ba-44f8-8107-0c7ef62ba264{}}#advgb-col-49d64714-ce1e-4c34-b067-b3c7ee56fc7a>.advgb-column-inner{}@media screen and (max-width: 1023px) {#advgb-col-49d64714-ce1e-4c34-b067-b3c7ee56fc7a>.advgb-column-inner{}}@media screen and (max-width: 767px) {#advgb-col-49d64714-ce1e-4c34-b067-b3c7ee56fc7a>.advgb-column-inner{}}#advgb-col-eaed0455-4358-4dd3-9223-f2b6d1ece130>.advgb-column-inner{}@media screen and (max-width: 1023px) {#advgb-col-eaed0455-4358-4dd3-9223-f2b6d1ece130>.advgb-column-inner{}}@media screen and (max-width: 767px) {#advgb-col-eaed0455-4358-4dd3-9223-f2b6d1ece130>.advgb-column-inner{}}#advgb-cols-9242c4a4-6890-4a1b-b323-20a19273029d{}@media screen and (max-width: 1023px) {#advgb-cols-9242c4a4-6890-4a1b-b323-20a19273029d{}}@media screen and (max-width: 767px) {#advgb-cols-9242c4a4-6890-4a1b-b323-20a19273029d{}}#advgb-col-bece61fd-17c1-4105-8b03-23c49b73bc94>.advgb-column-inner{}@media screen and (max-width: 1023px) {#advgb-col-bece61fd-17c1-4105-8b03-23c49b73bc94>.advgb-column-inner{}}@media screen and (max-width: 767px) {#advgb-col-bece61fd-17c1-4105-8b03-23c49b73bc94>.advgb-column-inner{}}#advgb-col-69c146a7-21ee-40e0-a642-093b36324c6e>.advgb-column-inner{}@media screen and (max-width: 1023px) {#advgb-col-69c146a7-21ee-40e0-a642-093b36324c6e>.advgb-column-inner{}}@media screen and (max-width: 767px) {#advgb-col-69c146a7-21ee-40e0-a642-093b36324c6e>.advgb-column-inner{}}<\/style>","protected":false},"excerpt":{"rendered":"<p>BAND-MAID Lien direct sur la page YouTube officielle de Band-Maid.<\/p>\n","protected":false},"author":1,"featured_media":0,"parent":0,"menu_order":0,"comment_status":"closed","ping_status":"closed","template":"","meta":{"advgb_blocks_editor_width":"","advgb_blocks_columns_visual_guide":"","footnotes":""},"class_list":["post-7910","page","type-page","status-publish","hentry"],"yoast_head":"<!-- This site is optimized with the Yoast SEO plugin v27.6 - https:\/\/yoast.com\/product\/yoast-seo-wordpress\/ -->\n<title>10th Anniversary Best Vol.2 - BAND-MAID<\/title>\n<meta name=\"description\" content=\"L&#039;album de BAND-MAID : 10th Anniversary Best Vol.2, compilation cr\u00e9\u00e9e pour les 10 ans du groupe.\" \/>\n<meta name=\"robots\" content=\"index, follow, max-snippet:-1, max-image-preview:large, max-video-preview:-1\" \/>\n<link rel=\"canonical\" href=\"https:\/\/www.band-maid.fr\/index.php\/10th-anniversary-best-vol-2\/\" \/>\n<meta property=\"og:locale\" content=\"fr_FR\" \/>\n<meta property=\"og:type\" content=\"article\" \/>\n<meta property=\"og:title\" content=\"10th Anniversary Best Vol.2 - BAND-MAID\" \/>\n<meta property=\"og:description\" content=\"L&#039;album de BAND-MAID : 10th Anniversary Best Vol.2, compilation cr\u00e9\u00e9e pour les 10 ans du groupe.\" \/>\n<meta property=\"og:url\" content=\"https:\/\/www.band-maid.fr\/index.php\/10th-anniversary-best-vol-2\/\" \/>\n<meta property=\"og:site_name\" content=\"BAND-MAID\" \/>\n<meta property=\"article:publisher\" content=\"https:\/\/www.facebook.com\/bandmaid\" \/>\n<meta property=\"article:modified_time\" content=\"2026-02-01T15:20:53+00:00\" \/>\n<meta property=\"og:image\" content=\"https:\/\/www.band-maid.fr\/wp-content\/uploads\/2026\/01\/10th-Anniversary-Best-Vol.1-e1767377943459.jpg\" \/>\n\t<meta property=\"og:image:width\" content=\"298\" \/>\n\t<meta property=\"og:image:height\" content=\"300\" \/>\n\t<meta property=\"og:image:type\" content=\"image\/jpeg\" \/>\n<meta name=\"twitter:card\" content=\"summary_large_image\" \/>\n<meta name=\"twitter:site\" content=\"@bandmaid\" \/>\n<meta name=\"twitter:label1\" content=\"Dur\u00e9e de lecture estim\u00e9e\" \/>\n\t<meta name=\"twitter:data1\" content=\"1 minute\" \/>\n<script type=\"application\/ld+json\" class=\"yoast-schema-graph\">{\"@context\":\"https:\\\/\\\/schema.org\",\"@graph\":[{\"@type\":\"WebPage\",\"@id\":\"https:\\\/\\\/www.band-maid.fr\\\/index.php\\\/10th-anniversary-best-vol-2\\\/\",\"url\":\"https:\\\/\\\/www.band-maid.fr\\\/index.php\\\/10th-anniversary-best-vol-2\\\/\",\"name\":\"10th Anniversary Best Vol.2 - BAND-MAID\",\"isPartOf\":{\"@id\":\"https:\\\/\\\/www.band-maid.fr\\\/#website\"},\"primaryImageOfPage\":{\"@id\":\"https:\\\/\\\/www.band-maid.fr\\\/index.php\\\/10th-anniversary-best-vol-2\\\/#primaryimage\"},\"image\":{\"@id\":\"https:\\\/\\\/www.band-maid.fr\\\/index.php\\\/10th-anniversary-best-vol-2\\\/#primaryimage\"},\"thumbnailUrl\":\"https:\\\/\\\/www.band-maid.fr\\\/wp-content\\\/uploads\\\/2026\\\/01\\\/10th-Anniversary-Best-Vol.1-e1767377943459.jpg\",\"datePublished\":\"2026-01-17T07:57:10+00:00\",\"dateModified\":\"2026-02-01T15:20:53+00:00\",\"description\":\"L'album de BAND-MAID : 10th Anniversary Best Vol.2, compilation cr\u00e9\u00e9e pour les 10 ans du groupe.\",\"breadcrumb\":{\"@id\":\"https:\\\/\\\/www.band-maid.fr\\\/index.php\\\/10th-anniversary-best-vol-2\\\/#breadcrumb\"},\"inLanguage\":\"fr-FR\",\"potentialAction\":[{\"@type\":\"ReadAction\",\"target\":[\"https:\\\/\\\/www.band-maid.fr\\\/index.php\\\/10th-anniversary-best-vol-2\\\/\"]}]},{\"@type\":\"ImageObject\",\"inLanguage\":\"fr-FR\",\"@id\":\"https:\\\/\\\/www.band-maid.fr\\\/index.php\\\/10th-anniversary-best-vol-2\\\/#primaryimage\",\"url\":\"https:\\\/\\\/www.band-maid.fr\\\/wp-content\\\/uploads\\\/2026\\\/01\\\/10th-Anniversary-Best-Vol.1-e1767377943459.jpg\",\"contentUrl\":\"https:\\\/\\\/www.band-maid.fr\\\/wp-content\\\/uploads\\\/2026\\\/01\\\/10th-Anniversary-Best-Vol.1-e1767377943459.jpg\",\"width\":298,\"height\":300},{\"@type\":\"BreadcrumbList\",\"@id\":\"https:\\\/\\\/www.band-maid.fr\\\/index.php\\\/10th-anniversary-best-vol-2\\\/#breadcrumb\",\"itemListElement\":[{\"@type\":\"ListItem\",\"position\":1,\"name\":\"Accueil\",\"item\":\"https:\\\/\\\/www.band-maid.fr\\\/\"},{\"@type\":\"ListItem\",\"position\":2,\"name\":\"10th Anniversary Best Vol.2\"}]},{\"@type\":\"WebSite\",\"@id\":\"https:\\\/\\\/www.band-maid.fr\\\/#website\",\"url\":\"https:\\\/\\\/www.band-maid.fr\\\/\",\"name\":\"BAND-MAID\",\"description\":\"WORLD DOMINATION\",\"publisher\":{\"@id\":\"https:\\\/\\\/www.band-maid.fr\\\/#organization\"},\"potentialAction\":[{\"@type\":\"SearchAction\",\"target\":{\"@type\":\"EntryPoint\",\"urlTemplate\":\"https:\\\/\\\/www.band-maid.fr\\\/?s={search_term_string}\"},\"query-input\":{\"@type\":\"PropertyValueSpecification\",\"valueRequired\":true,\"valueName\":\"search_term_string\"}}],\"inLanguage\":\"fr-FR\"},{\"@type\":\"Organization\",\"@id\":\"https:\\\/\\\/www.band-maid.fr\\\/#organization\",\"name\":\"BAND-MAID\",\"url\":\"https:\\\/\\\/www.band-maid.fr\\\/\",\"logo\":{\"@type\":\"ImageObject\",\"inLanguage\":\"fr-FR\",\"@id\":\"https:\\\/\\\/www.band-maid.fr\\\/#\\\/schema\\\/logo\\\/image\\\/\",\"url\":\"http:\\\/\\\/wglgkdc.cluster121.hosting.ovh.net\\\/wp-content\\\/uploads\\\/2026\\\/01\\\/logo_band-maid_b.png\",\"contentUrl\":\"http:\\\/\\\/wglgkdc.cluster121.hosting.ovh.net\\\/wp-content\\\/uploads\\\/2026\\\/01\\\/logo_band-maid_b.png\",\"width\":540,\"height\":93,\"caption\":\"BAND-MAID\"},\"image\":{\"@id\":\"https:\\\/\\\/www.band-maid.fr\\\/#\\\/schema\\\/logo\\\/image\\\/\"},\"sameAs\":[\"https:\\\/\\\/www.facebook.com\\\/bandmaid\",\"https:\\\/\\\/x.com\\\/bandmaid\",\"https:\\\/\\\/www.instagram.com\\\/bandmaid.jp\\\/\",\"https:\\\/\\\/www.youtube.com\\\/channel\\\/UCJToUvYrmkmTCR-bluEaQfA\",\"https:\\\/\\\/www.tiktok.com\\\/@bandmaid_int\"]}]}<\/script>\n<!-- \/ Yoast SEO plugin. -->","yoast_head_json":{"title":"10th Anniversary Best Vol.2 - BAND-MAID","description":"L'album de BAND-MAID : 10th Anniversary Best Vol.2, compilation cr\u00e9\u00e9e pour les 10 ans du groupe.","robots":{"index":"index","follow":"follow","max-snippet":"max-snippet:-1","max-image-preview":"max-image-preview:large","max-video-preview":"max-video-preview:-1"},"canonical":"https:\/\/www.band-maid.fr\/index.php\/10th-anniversary-best-vol-2\/","og_locale":"fr_FR","og_type":"article","og_title":"10th Anniversary Best Vol.2 - BAND-MAID","og_description":"L'album de BAND-MAID : 10th Anniversary Best Vol.2, compilation cr\u00e9\u00e9e pour les 10 ans du groupe.","og_url":"https:\/\/www.band-maid.fr\/index.php\/10th-anniversary-best-vol-2\/","og_site_name":"BAND-MAID","article_publisher":"https:\/\/www.facebook.com\/bandmaid","article_modified_time":"2026-02-01T15:20:53+00:00","og_image":[{"width":298,"height":300,"url":"https:\/\/www.band-maid.fr\/wp-content\/uploads\/2026\/01\/10th-Anniversary-Best-Vol.1-e1767377943459.jpg","type":"image\/jpeg"}],"twitter_card":"summary_large_image","twitter_site":"@bandmaid","twitter_misc":{"Dur\u00e9e de lecture estim\u00e9e":"1 minute"},"schema":{"@context":"https:\/\/schema.org","@graph":[{"@type":"WebPage","@id":"https:\/\/www.band-maid.fr\/index.php\/10th-anniversary-best-vol-2\/","url":"https:\/\/www.band-maid.fr\/index.php\/10th-anniversary-best-vol-2\/","name":"10th Anniversary Best Vol.2 - BAND-MAID","isPartOf":{"@id":"https:\/\/www.band-maid.fr\/#website"},"primaryImageOfPage":{"@id":"https:\/\/www.band-maid.fr\/index.php\/10th-anniversary-best-vol-2\/#primaryimage"},"image":{"@id":"https:\/\/www.band-maid.fr\/index.php\/10th-anniversary-best-vol-2\/#primaryimage"},"thumbnailUrl":"https:\/\/www.band-maid.fr\/wp-content\/uploads\/2026\/01\/10th-Anniversary-Best-Vol.1-e1767377943459.jpg","datePublished":"2026-01-17T07:57:10+00:00","dateModified":"2026-02-01T15:20:53+00:00","description":"L'album de BAND-MAID : 10th Anniversary Best Vol.2, compilation cr\u00e9\u00e9e pour les 10 ans du groupe.","breadcrumb":{"@id":"https:\/\/www.band-maid.fr\/index.php\/10th-anniversary-best-vol-2\/#breadcrumb"},"inLanguage":"fr-FR","potentialAction":[{"@type":"ReadAction","target":["https:\/\/www.band-maid.fr\/index.php\/10th-anniversary-best-vol-2\/"]}]},{"@type":"ImageObject","inLanguage":"fr-FR","@id":"https:\/\/www.band-maid.fr\/index.php\/10th-anniversary-best-vol-2\/#primaryimage","url":"https:\/\/www.band-maid.fr\/wp-content\/uploads\/2026\/01\/10th-Anniversary-Best-Vol.1-e1767377943459.jpg","contentUrl":"https:\/\/www.band-maid.fr\/wp-content\/uploads\/2026\/01\/10th-Anniversary-Best-Vol.1-e1767377943459.jpg","width":298,"height":300},{"@type":"BreadcrumbList","@id":"https:\/\/www.band-maid.fr\/index.php\/10th-anniversary-best-vol-2\/#breadcrumb","itemListElement":[{"@type":"ListItem","position":1,"name":"Accueil","item":"https:\/\/www.band-maid.fr\/"},{"@type":"ListItem","position":2,"name":"10th Anniversary Best Vol.2"}]},{"@type":"WebSite","@id":"https:\/\/www.band-maid.fr\/#website","url":"https:\/\/www.band-maid.fr\/","name":"BAND-MAID","description":"WORLD DOMINATION","publisher":{"@id":"https:\/\/www.band-maid.fr\/#organization"},"potentialAction":[{"@type":"SearchAction","target":{"@type":"EntryPoint","urlTemplate":"https:\/\/www.band-maid.fr\/?s={search_term_string}"},"query-input":{"@type":"PropertyValueSpecification","valueRequired":true,"valueName":"search_term_string"}}],"inLanguage":"fr-FR"},{"@type":"Organization","@id":"https:\/\/www.band-maid.fr\/#organization","name":"BAND-MAID","url":"https:\/\/www.band-maid.fr\/","logo":{"@type":"ImageObject","inLanguage":"fr-FR","@id":"https:\/\/www.band-maid.fr\/#\/schema\/logo\/image\/","url":"http:\/\/wglgkdc.cluster121.hosting.ovh.net\/wp-content\/uploads\/2026\/01\/logo_band-maid_b.png","contentUrl":"http:\/\/wglgkdc.cluster121.hosting.ovh.net\/wp-content\/uploads\/2026\/01\/logo_band-maid_b.png","width":540,"height":93,"caption":"BAND-MAID"},"image":{"@id":"https:\/\/www.band-maid.fr\/#\/schema\/logo\/image\/"},"sameAs":["https:\/\/www.facebook.com\/bandmaid","https:\/\/x.com\/bandmaid","https:\/\/www.instagram.com\/bandmaid.jp\/","https:\/\/www.youtube.com\/channel\/UCJToUvYrmkmTCR-bluEaQfA","https:\/\/www.tiktok.com\/@bandmaid_int"]}]}},"coauthors":[],"author_meta":{"author_link":"https:\/\/www.band-maid.fr\/index.php\/author\/admin8693\/","display_name":"LJB"},"relative_dates":{"created":"Publi\u00e9 4 mois il y a","modified":"Mis \u00e0 jour 3 mois il y a"},"absolute_dates":{"created":"Publi\u00e9 le 17\/01\/2026","modified":"Mise \u00e0 jour le 01\/02\/2026"},"absolute_dates_time":{"created":"Publi\u00e9 le 17\/01\/2026 7h57","modified":"Mise \u00e0 jour le 01\/02\/2026 15h20"},"featured_img_caption":"","featured_img":false,"series_order":"","featured_media_urls":[],"_links":{"self":[{"href":"https:\/\/www.band-maid.fr\/index.php\/wp-json\/wp\/v2\/pages\/7910","targetHints":{"allow":["GET"]}}],"collection":[{"href":"https:\/\/www.band-maid.fr\/index.php\/wp-json\/wp\/v2\/pages"}],"about":[{"href":"https:\/\/www.band-maid.fr\/index.php\/wp-json\/wp\/v2\/types\/page"}],"author":[{"embeddable":true,"href":"https:\/\/www.band-maid.fr\/index.php\/wp-json\/wp\/v2\/users\/1"}],"replies":[{"embeddable":true,"href":"https:\/\/www.band-maid.fr\/index.php\/wp-json\/wp\/v2\/comments?post=7910"}],"version-history":[{"count":2,"href":"https:\/\/www.band-maid.fr\/index.php\/wp-json\/wp\/v2\/pages\/7910\/revisions"}],"predecessor-version":[{"id":8432,"href":"https:\/\/www.band-maid.fr\/index.php\/wp-json\/wp\/v2\/pages\/7910\/revisions\/8432"}],"wp:attachment":[{"href":"https:\/\/www.band-maid.fr\/index.php\/wp-json\/wp\/v2\/media?parent=7910"}],"curies":[{"name":"wp","href":"https:\/\/api.w.org\/{rel}","templated":true}]}}