{"id":7659,"date":"2026-01-09T08:27:19","date_gmt":"2026-01-09T08:27:19","guid":{"rendered":"https:\/\/www.band-maid.fr\/?page_id=7659"},"modified":"2026-04-11T17:31:46","modified_gmt":"2026-04-11T17:31:46","slug":"plan-du-site","status":"publish","type":"page","link":"https:\/\/www.band-maid.fr\/index.php\/plan-du-site\/","title":{"rendered":"Plan du site"},"content":{"rendered":"\n<figure class=\"wp-block-image aligncenter size-large\"><img fetchpriority=\"high\" decoding=\"async\" width=\"1024\" height=\"78\" src=\"https:\/\/www.band-maid.fr\/wp-content\/uploads\/2026\/02\/bande-noire-1024x78.jpg\" alt=\"\" class=\"wp-image-8482\" srcset=\"https:\/\/www.band-maid.fr\/wp-content\/uploads\/2026\/02\/bande-noire-1024x78.jpg 1024w, https:\/\/www.band-maid.fr\/wp-content\/uploads\/2026\/02\/bande-noire-300x23.jpg 300w, https:\/\/www.band-maid.fr\/wp-content\/uploads\/2026\/02\/bande-noire.jpg 1280w\" sizes=\"(max-width: 1024px) 100vw, 1024px\" \/><\/figure>\n\n\n\n<h2 class=\"wp-block-heading\">ACCUEIL   <\/h2>\n\n\n\n<p> . <a href=\"https:\/\/www.band-maid.fr\/\">Accueil<\/a><br> . <a href=\"https:\/\/www.band-maid.fr\/index.php\/blog\/\">Nouvelles<\/a><br> . <a href=\"https:\/\/www.band-maid.fr\/index.php\/biographie\/\">Biographie<\/a><br> . <a href=\"https:\/\/www.band-maid.fr\/index.php\/band-maid-story\/\">Band-Maid Story<\/a><br> . <a href=\"https:\/\/www.band-maid.fr\/index.php\/discographie-de-band-maid\/\">Discographie<\/a><br> . <a href=\"https:\/\/www.band-maid.fr\/index.php\/equipement\/\">\u00c9quipement<\/a><br> . <a href=\"https:\/\/www.band-maid.fr\/index.php\/liens\/\">Liens<\/a><br> . <a href=\"https:\/\/www.band-maid.fr\/index.php\/maids-for-us\/\">MAIDS for US<\/a><br><br> . <a href=\"https:\/\/www.band-maid.fr\/index.php\/band-maiko-2\/\">BAND-MAIKO<\/a><br> . <a href=\"https:\/\/www.band-maid.fr\/index.php\/cluppo\/\">Cluppo<\/a><\/p>\n\n\n\n<p><\/p>\n\n\n\n<figure class=\"wp-block-image aligncenter size-large\"><img fetchpriority=\"high\" decoding=\"async\" width=\"1024\" height=\"78\" src=\"https:\/\/www.band-maid.fr\/wp-content\/uploads\/2026\/02\/bande-noire-1024x78.jpg\" alt=\"\" class=\"wp-image-8482\" srcset=\"https:\/\/www.band-maid.fr\/wp-content\/uploads\/2026\/02\/bande-noire-1024x78.jpg 1024w, https:\/\/www.band-maid.fr\/wp-content\/uploads\/2026\/02\/bande-noire-300x23.jpg 300w, https:\/\/www.band-maid.fr\/wp-content\/uploads\/2026\/02\/bande-noire.jpg 1280w\" sizes=\"(max-width: 1024px) 100vw, 1024px\" \/><\/figure>\n\n\n\n<p><\/p>\n\n\n\n<figure class=\"wp-block-image aligncenter size-large\"><img decoding=\"async\" width=\"1024\" height=\"683\" src=\"https:\/\/www.band-maid.fr\/wp-content\/uploads\/2026\/04\/2026-D3-Kanagawa06-1024x683.jpg\" alt=\"\" class=\"wp-image-9854\" srcset=\"https:\/\/www.band-maid.fr\/wp-content\/uploads\/2026\/04\/2026-D3-Kanagawa06-1024x683.jpg 1024w, https:\/\/www.band-maid.fr\/wp-content\/uploads\/2026\/04\/2026-D3-Kanagawa06-300x200.jpg 300w, https:\/\/www.band-maid.fr\/wp-content\/uploads\/2026\/04\/2026-D3-Kanagawa06.jpg 1170w\" sizes=\"(max-width: 1024px) 100vw, 1024px\" \/><\/figure>\n\n\n\n<p><\/p>\n\n\n\n<figure class=\"wp-block-image aligncenter size-large\"><img fetchpriority=\"high\" decoding=\"async\" width=\"1024\" height=\"78\" src=\"https:\/\/www.band-maid.fr\/wp-content\/uploads\/2026\/02\/bande-noire-1024x78.jpg\" alt=\"\" class=\"wp-image-8482\" srcset=\"https:\/\/www.band-maid.fr\/wp-content\/uploads\/2026\/02\/bande-noire-1024x78.jpg 1024w, https:\/\/www.band-maid.fr\/wp-content\/uploads\/2026\/02\/bande-noire-300x23.jpg 300w, https:\/\/www.band-maid.fr\/wp-content\/uploads\/2026\/02\/bande-noire.jpg 1280w\" sizes=\"(max-width: 1024px) 100vw, 1024px\" \/><\/figure>\n\n\n\n<p><\/p>\n\n\n\n<h2 class=\"wp-block-heading\">DISCOGRAPHIE<\/h2>\n\n\n\n<h3 class=\"wp-block-heading\">        *  Albums<\/h3>\n\n\n\n<p> . <a href=\"https:\/\/www.band-maid.fr\/index.php\/band-maiko\/\">BAND-MAIKO<\/a><br> . <a href=\"https:\/\/www.band-maid.fr\/index.php\/brand-new-maid\/\">BRAND NEW MAID<\/a><br> . <a href=\"https:\/\/www.band-maid.fr\/index.php\/conqueror\/\">CONQUEROR<\/a><br> . <a href=\"https:\/\/www.band-maid.fr\/index.php\/epic-narratives\/\">EPIC NARRATIVES<\/a><br> . <a href=\"https:\/\/www.band-maid.fr\/index.php\/just-bring-it\/\">JUST BRING IT<\/a><br> . <a href=\"https:\/\/www.band-maid.fr\/index.php\/maid-in-japan\/\">MAID IN JAPAN<\/a><br> . <a href=\"https:\/\/www.band-maid.fr\/index.php\/new-beginning\/\">NEW BEGINNING<\/a><br> . <a href=\"https:\/\/www.band-maid.fr\/index.php\/scooooop\/\">SCOOOOOP<\/a><br> . <a href=\"https:\/\/www.band-maid.fr\/index.php\/unleash\/\">UNLEASH<\/a><br> . <a href=\"https:\/\/www.band-maid.fr\/index.php\/unseen-world\/\">UNSEEN WORLD<\/a><br> . <a href=\"https:\/\/www.band-maid.fr\/index.php\/world-domination\/\">WORLD DOMINATION<\/a><\/p>\n\n\n\n<h3 class=\"wp-block-heading\">* Singles<\/h3>\n\n\n\n<p>                  .  <a href=\"https:\/\/www.band-maid.fr\/index.php\/about-us\/\">about Us<\/a><br>                  .  <a href=\"https:\/\/www.band-maid.fr\/index.php\/ai-to-jonetsu-no-matador\/\">Ai to J\u014dnetsu no Matador<\/a><br>                  .  <a href=\"https:\/\/www.band-maid.fr\/index.php\/bestie\/\">Bestie<\/a><br>                  .  <a href=\"https:\/\/www.band-maid.fr\/index.php\/bubble\/\">Bubble<\/a><br>                  .  <a href=\"https:\/\/www.band-maid.fr\/index.php\/daydreaming-choose-me\/\">Daydreaming \/ Choose Me<\/a><br>                  .  <a href=\"https:\/\/www.band-maid.fr\/index.php\/different\/\">Different<\/a><br>                  .  <a href=\"https:\/\/www.band-maid.fr\/index.php\/endless-story\/\">endless story<\/a><br>                  .  <a href=\"https:\/\/www.band-maid.fr\/index.php\/glory\/\">Glory<\/a><br>                  .  <a href=\"https:\/\/www.band-maid.fr\/index.php\/memorable\/\">Memorable<\/a><br>                  .  <a href=\"https:\/\/www.band-maid.fr\/index.php\/protect-you\/\">Protect You<\/a><br>                  .  <a href=\"https:\/\/www.band-maid.fr\/index.php\/ready-to-rock\/\">Ready to Rock<\/a><br>                  .  <a href=\"https:\/\/www.band-maid.fr\/index.php\/sense\/\">Sense<\/a><br>                  .  <a href=\"https:\/\/www.band-maid.fr\/index.php\/shambles\/\">Shambles<\/a><br>                  .  <a href=\"https:\/\/www.band-maid.fr\/index.php\/show-them\/\">SHOW THEM<\/a><br>                  .  <a href=\"https:\/\/www.band-maid.fr\/index.php\/start-over\/\">Start Over<\/a><br>                  .  <a href=\"https:\/\/www.band-maid.fr\/index.php\/unleash-2\/\">Unleash!!!!!<\/a><br>                  .  <a href=\"https:\/\/www.band-maid.fr\/index.php\/what-is-justice\/\">What is Justice?<\/a><br>                  .  <a href=\"https:\/\/www.band-maid.fr\/index.php\/yolo\/\">YOLO<\/a><br>                  .  <a href=\"https:\/\/www.band-maid.fr\/index.php\/zen\/\">Zen<\/a><\/p>\n\n\n\n<p><\/p>\n\n\n\n<figure class=\"wp-block-image aligncenter size-large\"><img fetchpriority=\"high\" decoding=\"async\" width=\"1024\" height=\"78\" src=\"https:\/\/www.band-maid.fr\/wp-content\/uploads\/2026\/02\/bande-noire-1024x78.jpg\" alt=\"\" class=\"wp-image-8482\" srcset=\"https:\/\/www.band-maid.fr\/wp-content\/uploads\/2026\/02\/bande-noire-1024x78.jpg 1024w, https:\/\/www.band-maid.fr\/wp-content\/uploads\/2026\/02\/bande-noire-300x23.jpg 300w, https:\/\/www.band-maid.fr\/wp-content\/uploads\/2026\/02\/bande-noire.jpg 1280w\" sizes=\"(max-width: 1024px) 100vw, 1024px\" \/><\/figure>\n\n\n\n<p><\/p>\n\n\n\n<h2 class=\"wp-block-heading\"><a href=\"https:\/\/www.band-maid.fr\/index.php\/chansons\/\">Liste des chansons<\/a><\/h2>\n\n\n\n<p><\/p>\n\n\n\n<figure class=\"wp-block-image aligncenter size-large\"><img fetchpriority=\"high\" decoding=\"async\" width=\"1024\" height=\"78\" src=\"https:\/\/www.band-maid.fr\/wp-content\/uploads\/2026\/02\/bande-noire-1024x78.jpg\" alt=\"\" class=\"wp-image-8482\" srcset=\"https:\/\/www.band-maid.fr\/wp-content\/uploads\/2026\/02\/bande-noire-1024x78.jpg 1024w, https:\/\/www.band-maid.fr\/wp-content\/uploads\/2026\/02\/bande-noire-300x23.jpg 300w, https:\/\/www.band-maid.fr\/wp-content\/uploads\/2026\/02\/bande-noire.jpg 1280w\" sizes=\"(max-width: 1024px) 100vw, 1024px\" \/><\/figure>\n\n\n\n<p><\/p>\n\n\n\n<figure class=\"wp-block-image aligncenter size-large\"><img decoding=\"async\" width=\"1024\" height=\"683\" src=\"https:\/\/www.band-maid.fr\/wp-content\/uploads\/2026\/04\/2026-D3-Kanagawa07-1024x683.jpg\" alt=\"\" class=\"wp-image-9855\" srcset=\"https:\/\/www.band-maid.fr\/wp-content\/uploads\/2026\/04\/2026-D3-Kanagawa07-1024x683.jpg 1024w, https:\/\/www.band-maid.fr\/wp-content\/uploads\/2026\/04\/2026-D3-Kanagawa07-300x200.jpg 300w, https:\/\/www.band-maid.fr\/wp-content\/uploads\/2026\/04\/2026-D3-Kanagawa07.jpg 1170w\" sizes=\"(max-width: 1024px) 100vw, 1024px\" \/><\/figure>\n\n\n\n<p><\/p>\n\n\n\n<figure class=\"wp-block-image aligncenter size-large\"><img fetchpriority=\"high\" decoding=\"async\" width=\"1024\" height=\"78\" src=\"https:\/\/www.band-maid.fr\/wp-content\/uploads\/2026\/02\/bande-noire-1024x78.jpg\" alt=\"\" class=\"wp-image-8482\" srcset=\"https:\/\/www.band-maid.fr\/wp-content\/uploads\/2026\/02\/bande-noire-1024x78.jpg 1024w, https:\/\/www.band-maid.fr\/wp-content\/uploads\/2026\/02\/bande-noire-300x23.jpg 300w, https:\/\/www.band-maid.fr\/wp-content\/uploads\/2026\/02\/bande-noire.jpg 1280w\" sizes=\"(max-width: 1024px) 100vw, 1024px\" \/><\/figure>\n\n\n\n<p><\/p>\n\n\n\n<h2 class=\"wp-block-heading\">DVD \/ BLU-RAY<\/h2>\n\n\n\n<p> . <a href=\"https:\/\/www.band-maid.fr\/index.php\/10th-anniversary-tour-final\/\">10TH ANNIVERSARY TOUR FINAL<\/a><br> . <a href=\"https:\/\/www.band-maid.fr\/index.php\/online-okyu-ji\/\">ONLINE OKYU-JI<\/a><br> . <a href=\"https:\/\/www.band-maid.fr\/index.php\/tokyo-garden-theater-okyu-ji\/\">Tokyo Garden Theater Okyu-Ji<\/a><br> . <a href=\"https:\/\/www.band-maid.fr\/index.php\/world-domination-tour-at-line-cube-shibuya\/\">WORLD DOMINATION TOUR at LINE CUBE SHIBUYA<\/a><\/p>\n\n\n\n<p><\/p>\n\n\n\n<figure class=\"wp-block-image aligncenter size-large\"><img fetchpriority=\"high\" decoding=\"async\" width=\"1024\" height=\"78\" src=\"https:\/\/www.band-maid.fr\/wp-content\/uploads\/2026\/02\/bande-noire-1024x78.jpg\" alt=\"\" class=\"wp-image-8482\" srcset=\"https:\/\/www.band-maid.fr\/wp-content\/uploads\/2026\/02\/bande-noire-1024x78.jpg 1024w, https:\/\/www.band-maid.fr\/wp-content\/uploads\/2026\/02\/bande-noire-300x23.jpg 300w, https:\/\/www.band-maid.fr\/wp-content\/uploads\/2026\/02\/bande-noire.jpg 1280w\" sizes=\"(max-width: 1024px) 100vw, 1024px\" \/><\/figure>\n\n\n\n<p><\/p>\n\n\n\n<h2 class=\"wp-block-heading\"><a href=\"https:\/\/www.band-maid.fr\/index.php\/fil\/\">Fil du temps<\/a><\/h2>\n\n\n\n<p><\/p>\n\n\n\n<figure class=\"wp-block-image aligncenter size-large\"><img fetchpriority=\"high\" decoding=\"async\" width=\"1024\" height=\"78\" src=\"https:\/\/www.band-maid.fr\/wp-content\/uploads\/2026\/02\/bande-noire-1024x78.jpg\" alt=\"\" class=\"wp-image-8482\" srcset=\"https:\/\/www.band-maid.fr\/wp-content\/uploads\/2026\/02\/bande-noire-1024x78.jpg 1024w, https:\/\/www.band-maid.fr\/wp-content\/uploads\/2026\/02\/bande-noire-300x23.jpg 300w, https:\/\/www.band-maid.fr\/wp-content\/uploads\/2026\/02\/bande-noire.jpg 1280w\" sizes=\"(max-width: 1024px) 100vw, 1024px\" \/><\/figure>\n\n\n\n<p><\/p>\n\n\n\n<figure class=\"wp-block-image aligncenter size-large\"><img loading=\"lazy\" decoding=\"async\" width=\"1024\" height=\"683\" src=\"https:\/\/www.band-maid.fr\/wp-content\/uploads\/2026\/04\/2026-D3-Kanagawa09-1024x683.jpg\" alt=\"\" class=\"wp-image-9856\" srcset=\"https:\/\/www.band-maid.fr\/wp-content\/uploads\/2026\/04\/2026-D3-Kanagawa09-1024x683.jpg 1024w, https:\/\/www.band-maid.fr\/wp-content\/uploads\/2026\/04\/2026-D3-Kanagawa09-300x200.jpg 300w, https:\/\/www.band-maid.fr\/wp-content\/uploads\/2026\/04\/2026-D3-Kanagawa09.jpg 1170w\" sizes=\"(max-width: 1024px) 100vw, 1024px\" \/><\/figure>\n\n\n\n<figure class=\"wp-block-image aligncenter size-large\"><img fetchpriority=\"high\" decoding=\"async\" width=\"1024\" height=\"78\" src=\"https:\/\/www.band-maid.fr\/wp-content\/uploads\/2026\/02\/bande-noire-1024x78.jpg\" alt=\"\" class=\"wp-image-8482\" srcset=\"https:\/\/www.band-maid.fr\/wp-content\/uploads\/2026\/02\/bande-noire-1024x78.jpg 1024w, https:\/\/www.band-maid.fr\/wp-content\/uploads\/2026\/02\/bande-noire-300x23.jpg 300w, https:\/\/www.band-maid.fr\/wp-content\/uploads\/2026\/02\/bande-noire.jpg 1280w\" sizes=\"(max-width: 1024px) 100vw, 1024px\" \/><\/figure>\n\n\n\n<h2 class=\"wp-block-heading\"><a href=\"https:\/\/www.band-maid.fr\/index.php\/liens\/#la-communaute-bandmaid\">La communaut\u00e9 BAND-MAID<\/a><\/h2>\n\n\n\n<figure class=\"wp-block-image aligncenter size-large\"><img fetchpriority=\"high\" decoding=\"async\" width=\"1024\" height=\"78\" src=\"https:\/\/www.band-maid.fr\/wp-content\/uploads\/2026\/02\/bande-noire-1024x78.jpg\" alt=\"\" class=\"wp-image-8482\" srcset=\"https:\/\/www.band-maid.fr\/wp-content\/uploads\/2026\/02\/bande-noire-1024x78.jpg 1024w, https:\/\/www.band-maid.fr\/wp-content\/uploads\/2026\/02\/bande-noire-300x23.jpg 300w, https:\/\/www.band-maid.fr\/wp-content\/uploads\/2026\/02\/bande-noire.jpg 1280w\" sizes=\"(max-width: 1024px) 100vw, 1024px\" \/><\/figure>\n\n\n\n<p><\/p>\n","protected":false},"excerpt":{"rendered":"<p>ACCUEIL . Accueil . Nouvelles . Biographie . Band-Maid Story . Discographie . \u00c9quipement . Liens . MAIDS for US . BAND-MAIKO . Cluppo DISCOGRAPHIE * Albums . BAND-MAIKO . BRAND NEW MAID . CONQUEROR . EPIC NARRATIVES . JUST BRING IT . MAID IN JAPAN . NEW BEGINNING . SCOOOOOP . UNLEASH . UNSEEN &hellip; <\/p>\n<p class=\"link-more\"><a href=\"https:\/\/www.band-maid.fr\/index.php\/plan-du-site\/\" class=\"more-link\">Lire la suite de<span class=\"screen-reader-text\">\u00ab\u00a0Plan du site\u00a0\u00bb<\/span><\/a><\/p>\n","protected":false},"author":1,"featured_media":0,"parent":0,"menu_order":0,"comment_status":"closed","ping_status":"closed","template":"","meta":{"advgb_blocks_editor_width":"","advgb_blocks_columns_visual_guide":"","footnotes":""},"class_list":["post-7659","page","type-page","status-publish","hentry"],"yoast_head":"<!-- This site is optimized with the Yoast SEO plugin v27.6 - https:\/\/yoast.com\/product\/yoast-seo-wordpress\/ -->\n<title>Plan du site - BAND-MAID<\/title>\n<meta name=\"description\" content=\"Plan du site de BAND-MAID : accueil, biographie, nouvelles, discographie &#039;albums, singles, DVD\/BLY-RAY).\" \/>\n<meta name=\"robots\" content=\"index, follow, max-snippet:-1, max-image-preview:large, max-video-preview:-1\" \/>\n<link rel=\"canonical\" href=\"https:\/\/www.band-maid.fr\/index.php\/plan-du-site\/\" \/>\n<meta property=\"og:locale\" content=\"fr_FR\" \/>\n<meta property=\"og:type\" content=\"article\" \/>\n<meta property=\"og:title\" content=\"Plan du site - BAND-MAID\" \/>\n<meta property=\"og:description\" content=\"Plan du site de BAND-MAID : accueil, biographie, nouvelles, discographie &#039;albums, singles, DVD\/BLY-RAY).\" \/>\n<meta property=\"og:url\" content=\"https:\/\/www.band-maid.fr\/index.php\/plan-du-site\/\" \/>\n<meta property=\"og:site_name\" content=\"BAND-MAID\" \/>\n<meta property=\"article:publisher\" content=\"https:\/\/www.facebook.com\/bandmaid\" \/>\n<meta property=\"article:modified_time\" content=\"2026-04-11T17:31:46+00:00\" \/>\n<meta property=\"og:image\" content=\"https:\/\/www.band-maid.fr\/wp-content\/uploads\/2026\/02\/bande-noire.jpg\" \/>\n\t<meta property=\"og:image:width\" content=\"1280\" \/>\n\t<meta property=\"og:image:height\" content=\"97\" \/>\n\t<meta property=\"og:image:type\" content=\"image\/jpeg\" \/>\n<meta name=\"twitter:card\" content=\"summary_large_image\" \/>\n<meta name=\"twitter:site\" content=\"@bandmaid\" \/>\n<meta name=\"twitter:label1\" content=\"Dur\u00e9e de lecture estim\u00e9e\" \/>\n\t<meta name=\"twitter:data1\" content=\"4 minutes\" \/>\n<script type=\"application\/ld+json\" class=\"yoast-schema-graph\">{\"@context\":\"https:\\\/\\\/schema.org\",\"@graph\":[{\"@type\":\"WebPage\",\"@id\":\"https:\\\/\\\/www.band-maid.fr\\\/index.php\\\/plan-du-site\\\/\",\"url\":\"https:\\\/\\\/www.band-maid.fr\\\/index.php\\\/plan-du-site\\\/\",\"name\":\"Plan du site - BAND-MAID\",\"isPartOf\":{\"@id\":\"https:\\\/\\\/www.band-maid.fr\\\/#website\"},\"primaryImageOfPage\":{\"@id\":\"https:\\\/\\\/www.band-maid.fr\\\/index.php\\\/plan-du-site\\\/#primaryimage\"},\"image\":{\"@id\":\"https:\\\/\\\/www.band-maid.fr\\\/index.php\\\/plan-du-site\\\/#primaryimage\"},\"thumbnailUrl\":\"https:\\\/\\\/www.band-maid.fr\\\/wp-content\\\/uploads\\\/2026\\\/02\\\/bande-noire-1024x78.jpg\",\"datePublished\":\"2026-01-09T08:27:19+00:00\",\"dateModified\":\"2026-04-11T17:31:46+00:00\",\"description\":\"Plan du site de BAND-MAID : accueil, biographie, nouvelles, discographie 'albums, singles, DVD\\\/BLY-RAY).\",\"breadcrumb\":{\"@id\":\"https:\\\/\\\/www.band-maid.fr\\\/index.php\\\/plan-du-site\\\/#breadcrumb\"},\"inLanguage\":\"fr-FR\",\"potentialAction\":[{\"@type\":\"ReadAction\",\"target\":[\"https:\\\/\\\/www.band-maid.fr\\\/index.php\\\/plan-du-site\\\/\"]}]},{\"@type\":\"ImageObject\",\"inLanguage\":\"fr-FR\",\"@id\":\"https:\\\/\\\/www.band-maid.fr\\\/index.php\\\/plan-du-site\\\/#primaryimage\",\"url\":\"https:\\\/\\\/www.band-maid.fr\\\/wp-content\\\/uploads\\\/2026\\\/02\\\/bande-noire.jpg\",\"contentUrl\":\"https:\\\/\\\/www.band-maid.fr\\\/wp-content\\\/uploads\\\/2026\\\/02\\\/bande-noire.jpg\",\"width\":1280,\"height\":97},{\"@type\":\"BreadcrumbList\",\"@id\":\"https:\\\/\\\/www.band-maid.fr\\\/index.php\\\/plan-du-site\\\/#breadcrumb\",\"itemListElement\":[{\"@type\":\"ListItem\",\"position\":1,\"name\":\"Accueil\",\"item\":\"https:\\\/\\\/www.band-maid.fr\\\/\"},{\"@type\":\"ListItem\",\"position\":2,\"name\":\"Plan du site\"}]},{\"@type\":\"WebSite\",\"@id\":\"https:\\\/\\\/www.band-maid.fr\\\/#website\",\"url\":\"https:\\\/\\\/www.band-maid.fr\\\/\",\"name\":\"BAND-MAID\",\"description\":\"WORLD DOMINATION\",\"publisher\":{\"@id\":\"https:\\\/\\\/www.band-maid.fr\\\/#organization\"},\"potentialAction\":[{\"@type\":\"SearchAction\",\"target\":{\"@type\":\"EntryPoint\",\"urlTemplate\":\"https:\\\/\\\/www.band-maid.fr\\\/?s={search_term_string}\"},\"query-input\":{\"@type\":\"PropertyValueSpecification\",\"valueRequired\":true,\"valueName\":\"search_term_string\"}}],\"inLanguage\":\"fr-FR\"},{\"@type\":\"Organization\",\"@id\":\"https:\\\/\\\/www.band-maid.fr\\\/#organization\",\"name\":\"BAND-MAID\",\"url\":\"https:\\\/\\\/www.band-maid.fr\\\/\",\"logo\":{\"@type\":\"ImageObject\",\"inLanguage\":\"fr-FR\",\"@id\":\"https:\\\/\\\/www.band-maid.fr\\\/#\\\/schema\\\/logo\\\/image\\\/\",\"url\":\"http:\\\/\\\/wglgkdc.cluster121.hosting.ovh.net\\\/wp-content\\\/uploads\\\/2026\\\/01\\\/logo_band-maid_b.png\",\"contentUrl\":\"http:\\\/\\\/wglgkdc.cluster121.hosting.ovh.net\\\/wp-content\\\/uploads\\\/2026\\\/01\\\/logo_band-maid_b.png\",\"width\":540,\"height\":93,\"caption\":\"BAND-MAID\"},\"image\":{\"@id\":\"https:\\\/\\\/www.band-maid.fr\\\/#\\\/schema\\\/logo\\\/image\\\/\"},\"sameAs\":[\"https:\\\/\\\/www.facebook.com\\\/bandmaid\",\"https:\\\/\\\/x.com\\\/bandmaid\",\"https:\\\/\\\/www.instagram.com\\\/bandmaid.jp\\\/\",\"https:\\\/\\\/www.youtube.com\\\/channel\\\/UCJToUvYrmkmTCR-bluEaQfA\",\"https:\\\/\\\/www.tiktok.com\\\/@bandmaid_int\"]}]}<\/script>\n<!-- \/ Yoast SEO plugin. -->","yoast_head_json":{"title":"Plan du site - BAND-MAID","description":"Plan du site de BAND-MAID : accueil, biographie, nouvelles, discographie 'albums, singles, DVD\/BLY-RAY).","robots":{"index":"index","follow":"follow","max-snippet":"max-snippet:-1","max-image-preview":"max-image-preview:large","max-video-preview":"max-video-preview:-1"},"canonical":"https:\/\/www.band-maid.fr\/index.php\/plan-du-site\/","og_locale":"fr_FR","og_type":"article","og_title":"Plan du site - BAND-MAID","og_description":"Plan du site de BAND-MAID : accueil, biographie, nouvelles, discographie 'albums, singles, DVD\/BLY-RAY).","og_url":"https:\/\/www.band-maid.fr\/index.php\/plan-du-site\/","og_site_name":"BAND-MAID","article_publisher":"https:\/\/www.facebook.com\/bandmaid","article_modified_time":"2026-04-11T17:31:46+00:00","og_image":[{"width":1280,"height":97,"url":"https:\/\/www.band-maid.fr\/wp-content\/uploads\/2026\/02\/bande-noire.jpg","type":"image\/jpeg"}],"twitter_card":"summary_large_image","twitter_site":"@bandmaid","twitter_misc":{"Dur\u00e9e de lecture estim\u00e9e":"4 minutes"},"schema":{"@context":"https:\/\/schema.org","@graph":[{"@type":"WebPage","@id":"https:\/\/www.band-maid.fr\/index.php\/plan-du-site\/","url":"https:\/\/www.band-maid.fr\/index.php\/plan-du-site\/","name":"Plan du site - BAND-MAID","isPartOf":{"@id":"https:\/\/www.band-maid.fr\/#website"},"primaryImageOfPage":{"@id":"https:\/\/www.band-maid.fr\/index.php\/plan-du-site\/#primaryimage"},"image":{"@id":"https:\/\/www.band-maid.fr\/index.php\/plan-du-site\/#primaryimage"},"thumbnailUrl":"https:\/\/www.band-maid.fr\/wp-content\/uploads\/2026\/02\/bande-noire-1024x78.jpg","datePublished":"2026-01-09T08:27:19+00:00","dateModified":"2026-04-11T17:31:46+00:00","description":"Plan du site de BAND-MAID : accueil, biographie, nouvelles, discographie 'albums, singles, DVD\/BLY-RAY).","breadcrumb":{"@id":"https:\/\/www.band-maid.fr\/index.php\/plan-du-site\/#breadcrumb"},"inLanguage":"fr-FR","potentialAction":[{"@type":"ReadAction","target":["https:\/\/www.band-maid.fr\/index.php\/plan-du-site\/"]}]},{"@type":"ImageObject","inLanguage":"fr-FR","@id":"https:\/\/www.band-maid.fr\/index.php\/plan-du-site\/#primaryimage","url":"https:\/\/www.band-maid.fr\/wp-content\/uploads\/2026\/02\/bande-noire.jpg","contentUrl":"https:\/\/www.band-maid.fr\/wp-content\/uploads\/2026\/02\/bande-noire.jpg","width":1280,"height":97},{"@type":"BreadcrumbList","@id":"https:\/\/www.band-maid.fr\/index.php\/plan-du-site\/#breadcrumb","itemListElement":[{"@type":"ListItem","position":1,"name":"Accueil","item":"https:\/\/www.band-maid.fr\/"},{"@type":"ListItem","position":2,"name":"Plan du site"}]},{"@type":"WebSite","@id":"https:\/\/www.band-maid.fr\/#website","url":"https:\/\/www.band-maid.fr\/","name":"BAND-MAID","description":"WORLD DOMINATION","publisher":{"@id":"https:\/\/www.band-maid.fr\/#organization"},"potentialAction":[{"@type":"SearchAction","target":{"@type":"EntryPoint","urlTemplate":"https:\/\/www.band-maid.fr\/?s={search_term_string}"},"query-input":{"@type":"PropertyValueSpecification","valueRequired":true,"valueName":"search_term_string"}}],"inLanguage":"fr-FR"},{"@type":"Organization","@id":"https:\/\/www.band-maid.fr\/#organization","name":"BAND-MAID","url":"https:\/\/www.band-maid.fr\/","logo":{"@type":"ImageObject","inLanguage":"fr-FR","@id":"https:\/\/www.band-maid.fr\/#\/schema\/logo\/image\/","url":"http:\/\/wglgkdc.cluster121.hosting.ovh.net\/wp-content\/uploads\/2026\/01\/logo_band-maid_b.png","contentUrl":"http:\/\/wglgkdc.cluster121.hosting.ovh.net\/wp-content\/uploads\/2026\/01\/logo_band-maid_b.png","width":540,"height":93,"caption":"BAND-MAID"},"image":{"@id":"https:\/\/www.band-maid.fr\/#\/schema\/logo\/image\/"},"sameAs":["https:\/\/www.facebook.com\/bandmaid","https:\/\/x.com\/bandmaid","https:\/\/www.instagram.com\/bandmaid.jp\/","https:\/\/www.youtube.com\/channel\/UCJToUvYrmkmTCR-bluEaQfA","https:\/\/www.tiktok.com\/@bandmaid_int"]}]}},"coauthors":[],"author_meta":{"author_link":"https:\/\/www.band-maid.fr\/index.php\/author\/admin8693\/","display_name":"LJB"},"relative_dates":{"created":"Publi\u00e9 4 mois il y a","modified":"Mis \u00e0 jour 1 mois il y a"},"absolute_dates":{"created":"Publi\u00e9 le 09\/01\/2026","modified":"Mise \u00e0 jour le 11\/04\/2026"},"absolute_dates_time":{"created":"Publi\u00e9 le 09\/01\/2026 8h27","modified":"Mise \u00e0 jour le 11\/04\/2026 17h31"},"featured_img_caption":"","featured_img":false,"series_order":"","featured_media_urls":[],"_links":{"self":[{"href":"https:\/\/www.band-maid.fr\/index.php\/wp-json\/wp\/v2\/pages\/7659","targetHints":{"allow":["GET"]}}],"collection":[{"href":"https:\/\/www.band-maid.fr\/index.php\/wp-json\/wp\/v2\/pages"}],"about":[{"href":"https:\/\/www.band-maid.fr\/index.php\/wp-json\/wp\/v2\/types\/page"}],"author":[{"embeddable":true,"href":"https:\/\/www.band-maid.fr\/index.php\/wp-json\/wp\/v2\/users\/1"}],"replies":[{"embeddable":true,"href":"https:\/\/www.band-maid.fr\/index.php\/wp-json\/wp\/v2\/comments?post=7659"}],"version-history":[{"count":8,"href":"https:\/\/www.band-maid.fr\/index.php\/wp-json\/wp\/v2\/pages\/7659\/revisions"}],"predecessor-version":[{"id":9859,"href":"https:\/\/www.band-maid.fr\/index.php\/wp-json\/wp\/v2\/pages\/7659\/revisions\/9859"}],"wp:attachment":[{"href":"https:\/\/www.band-maid.fr\/index.php\/wp-json\/wp\/v2\/media?parent=7659"}],"curies":[{"name":"wp","href":"https:\/\/api.w.org\/{rel}","templated":true}]}}