{"id":7382,"date":"2026-01-03T19:52:17","date_gmt":"2026-01-03T19:52:17","guid":{"rendered":"http:\/\/wglgkdc.cluster121.hosting.ovh.net\/?page_id=7382"},"modified":"2026-01-08T17:43:39","modified_gmt":"2026-01-08T17:43:39","slug":"online-okyu-ji","status":"publish","type":"page","link":"https:\/\/www.band-maid.fr\/index.php\/online-okyu-ji\/","title":{"rendered":"ONLINE OKYU-JI"},"content":{"rendered":"\n<div class=\"wp-block-advgb-columns advgb-columns-wrapper\" id=\"advgb-cols-d5f28ea4-e480-45a8-a8f6-85c25a613d9b\"><div class=\"advgb-columns-container\"><div class=\"advgb-columns advgb-columns-row advgb-is-mobile advgb-columns-2 layout-14-34 mbl-layout-stacked vgutter-10\">\n<div class=\"wp-block-advgb-column advgb-column\" id=\"advgb-col-5f54c45b-163c-40cb-b135-15b1326459d2\"><div class=\"advgb-column-inner\" style=\"border-style:none;border-width:1px\">\n<figure class=\"wp-block-image size-full\"><img fetchpriority=\"high\" decoding=\"async\" width=\"300\" height=\"348\" src=\"https:\/\/band-maid.fr\/wp-content\/uploads\/2026\/01\/Online-Okyu-Ji-e1767378067524.jpg\" alt=\"\" class=\"wp-image-7009\"\/><\/figure>\n<\/div><\/div>\n\n\n\n<div class=\"wp-block-advgb-column advgb-column\" id=\"advgb-col-8b07edff-6b26-44fa-b6c6-1b0b5791f7ae\"><div class=\"advgb-column-inner\" style=\"border-style:none;border-width:1px\">\n<div class=\"wp-block-advgb-columns advgb-columns-wrapper\" id=\"advgb-cols-30e10c5d-494b-46ca-8065-b8bf9e176abe\"><div class=\"advgb-columns-container\"><div class=\"advgb-columns advgb-columns-row advgb-is-mobile advgb-columns-2 layout-15-45 mbl-layout-stacked vgutter-10\">\n<div class=\"wp-block-advgb-column advgb-column\" id=\"advgb-col-01615660-3972-4de1-aecf-105fb3d6f0e9\"><div class=\"advgb-column-inner\" style=\"border-style:none;border-width:1px\"><\/div><\/div>\n\n\n\n<div class=\"wp-block-advgb-column advgb-column\" id=\"advgb-col-77cbc1ee-7794-4628-b994-11a972dd49c9\"><div class=\"advgb-column-inner\" style=\"border-style:none;border-width:1px\">\n<p>Sortie : 26 mai 2021<\/p>\n\n\n\n<p>Dur\u00e9e : approx 154 mn<\/p>\n\n\n\n<p>Label : Pony Canyon<\/p>\n<\/div><\/div>\n<\/div><\/div><\/div>\n<\/div><\/div>\n<\/div><\/div><\/div>\n\n\n\n<p id=\"block-98b996fe-1c4e-4ebe-b014-e983888f5e23\"><\/p>\n\n\n\n<h2 class=\"wp-block-heading\">Blu-ray ou DVD du concert enregistr\u00e9 au Harevutai, Tokyo, le 11 f\u00e9vrier 2021.<\/h2>\n\n\n\n<hr class=\"wp-block-separator has-alpha-channel-opacity\"\/>\n\n\n\n<p>1. Warning!<br>2. DICE<br>3. Screaming<br>4. I can&rsquo;t live without you.<br>5. BLACK HOLE<br>6. Thrill<br>7. REAL EXISTENCE<br>8. Don&rsquo;t let me down<br>9. alone<br>10. FREEDOM<br>11. YOLO<br>12. Don&rsquo;t you tell ME<br>13. After Life<br>14. NO GOD<br>15. \u8f2a\u5efb<br>16. without holding back<br>17. \u30b5\u30e8\u30ca\u30ad\u30c9\u30ea<br>18. about Us<br>19. Daydreaming<br>20. Mirage<br>21. Bubble&nbsp;<br>22. Manners<br>23. onset<br>24. Choose me&nbsp;<br>25. Blooming<br>26. Different<br>27. DOMINATION<br>28. \u30e2\u30e9\u30c8\u30ea\u30a2\u30e0<br>29. the non-fiction days<br>30. glory<br>31. Play<br><br>Bonus Track<br>Smile (Version accoustique)<\/p>\n\n\n\n<p id=\"block-e5fb0450-ead5-4293-9150-347313c2719f\"><\/p>\n\n\n\n<p><\/p>\n\n\n\n<h2 class=\"wp-block-heading\">BAND-MAID<\/h2>\n\n\n\n<ul class=\"wp-block-list\">\n<li><strong>Saiki Atsumi <\/strong>\u2013 chant<\/li>\n\n\n\n<li><strong>Miku Kobato<\/strong> \u2013 guitare rythmique, ch\u0153urs, chant<\/li>\n\n\n\n<li><strong>Kanami T\u014dno<\/strong> \u2013 guitare solo<\/li>\n\n\n\n<li><strong>Misa<\/strong> \u2013 basse<\/li>\n\n\n\n<li><strong>Akane Hirose<\/strong> \u2013 batterie<\/li>\n<\/ul>\n\n\n\n<p><\/p>\n\n\n\n<figure class=\"wp-block-embed is-type-video is-provider-youtube wp-block-embed-youtube wp-embed-aspect-16-9 wp-has-aspect-ratio\"><div class=\"wp-block-embed__wrapper\">\n<iframe title=\"BAND-MAID \/ Warning! (Official Live Video)\" width=\"950\" height=\"534\" src=\"https:\/\/www.youtube.com\/embed\/Kojg8ULibeY?feature=oembed\" frameborder=\"0\" allow=\"accelerometer; autoplay; clipboard-write; encrypted-media; gyroscope; picture-in-picture; web-share\" referrerpolicy=\"strict-origin-when-cross-origin\" allowfullscreen><\/iframe>\n<\/div><\/figure>\n\n\n\n<p><\/p>\n\n\n\n<figure class=\"wp-block-embed is-type-video is-provider-youtube wp-block-embed-youtube wp-embed-aspect-16-9 wp-has-aspect-ratio\"><div class=\"wp-block-embed__wrapper\">\n<iframe title=\"BAND-MAID \/ NO GOD (Official Live Video)\" width=\"950\" height=\"534\" src=\"https:\/\/www.youtube.com\/embed\/nAdWnIRjGak?list=PLR65ggJG86uYprIw9yZ2pVbbRyICuMNgw\" frameborder=\"0\" allow=\"accelerometer; autoplay; clipboard-write; encrypted-media; gyroscope; picture-in-picture; web-share\" referrerpolicy=\"strict-origin-when-cross-origin\" allowfullscreen><\/iframe>\n<\/div><\/figure>\n\n\n\n<p>Liens directs sur la page YouTube officielle de Band-Maid.<\/p>\n<style class=\"advgb-styles-renderer\">#advgb-col-5f54c45b-163c-40cb-b135-15b1326459d2>.advgb-column-inner{}@media screen and (max-width: 1023px) {#advgb-col-5f54c45b-163c-40cb-b135-15b1326459d2>.advgb-column-inner{}}@media screen and (max-width: 767px) {#advgb-col-5f54c45b-163c-40cb-b135-15b1326459d2>.advgb-column-inner{}}#advgb-col-01615660-3972-4de1-aecf-105fb3d6f0e9>.advgb-column-inner{}@media screen and (max-width: 1023px) {#advgb-col-01615660-3972-4de1-aecf-105fb3d6f0e9>.advgb-column-inner{}}@media screen and (max-width: 767px) {#advgb-col-01615660-3972-4de1-aecf-105fb3d6f0e9>.advgb-column-inner{}}#advgb-col-77cbc1ee-7794-4628-b994-11a972dd49c9>.advgb-column-inner{}@media screen and (max-width: 1023px) {#advgb-col-77cbc1ee-7794-4628-b994-11a972dd49c9>.advgb-column-inner{}}@media screen and (max-width: 767px) {#advgb-col-77cbc1ee-7794-4628-b994-11a972dd49c9>.advgb-column-inner{}}#advgb-cols-30e10c5d-494b-46ca-8065-b8bf9e176abe{}@media screen and (max-width: 1023px) {#advgb-cols-30e10c5d-494b-46ca-8065-b8bf9e176abe{}}@media screen and (max-width: 767px) {#advgb-cols-30e10c5d-494b-46ca-8065-b8bf9e176abe{}}#advgb-col-01615660-3972-4de1-aecf-105fb3d6f0e9>.advgb-column-inner{}@media screen and (max-width: 1023px) {#advgb-col-01615660-3972-4de1-aecf-105fb3d6f0e9>.advgb-column-inner{}}@media screen and (max-width: 767px) {#advgb-col-01615660-3972-4de1-aecf-105fb3d6f0e9>.advgb-column-inner{}}#advgb-col-77cbc1ee-7794-4628-b994-11a972dd49c9>.advgb-column-inner{}@media screen and (max-width: 1023px) {#advgb-col-77cbc1ee-7794-4628-b994-11a972dd49c9>.advgb-column-inner{}}@media screen and (max-width: 767px) {#advgb-col-77cbc1ee-7794-4628-b994-11a972dd49c9>.advgb-column-inner{}}#advgb-col-8b07edff-6b26-44fa-b6c6-1b0b5791f7ae>.advgb-column-inner{}@media screen and (max-width: 1023px) {#advgb-col-8b07edff-6b26-44fa-b6c6-1b0b5791f7ae>.advgb-column-inner{}}@media screen and (max-width: 767px) {#advgb-col-8b07edff-6b26-44fa-b6c6-1b0b5791f7ae>.advgb-column-inner{}}#advgb-cols-30e10c5d-494b-46ca-8065-b8bf9e176abe{}@media screen and (max-width: 1023px) {#advgb-cols-30e10c5d-494b-46ca-8065-b8bf9e176abe{}}@media screen and (max-width: 767px) {#advgb-cols-30e10c5d-494b-46ca-8065-b8bf9e176abe{}}#advgb-col-01615660-3972-4de1-aecf-105fb3d6f0e9>.advgb-column-inner{}@media screen and (max-width: 1023px) {#advgb-col-01615660-3972-4de1-aecf-105fb3d6f0e9>.advgb-column-inner{}}@media screen and (max-width: 767px) {#advgb-col-01615660-3972-4de1-aecf-105fb3d6f0e9>.advgb-column-inner{}}#advgb-col-77cbc1ee-7794-4628-b994-11a972dd49c9>.advgb-column-inner{}@media screen and (max-width: 1023px) {#advgb-col-77cbc1ee-7794-4628-b994-11a972dd49c9>.advgb-column-inner{}}@media screen and (max-width: 767px) {#advgb-col-77cbc1ee-7794-4628-b994-11a972dd49c9>.advgb-column-inner{}}#advgb-cols-d5f28ea4-e480-45a8-a8f6-85c25a613d9b{}@media screen and (max-width: 1023px) {#advgb-cols-d5f28ea4-e480-45a8-a8f6-85c25a613d9b{}}@media screen and (max-width: 767px) {#advgb-cols-d5f28ea4-e480-45a8-a8f6-85c25a613d9b{}}#advgb-col-5f54c45b-163c-40cb-b135-15b1326459d2>.advgb-column-inner{}@media screen and (max-width: 1023px) {#advgb-col-5f54c45b-163c-40cb-b135-15b1326459d2>.advgb-column-inner{}}@media screen and (max-width: 767px) {#advgb-col-5f54c45b-163c-40cb-b135-15b1326459d2>.advgb-column-inner{}}#advgb-col-8b07edff-6b26-44fa-b6c6-1b0b5791f7ae>.advgb-column-inner{}@media screen and (max-width: 1023px) {#advgb-col-8b07edff-6b26-44fa-b6c6-1b0b5791f7ae>.advgb-column-inner{}}@media screen and (max-width: 767px) {#advgb-col-8b07edff-6b26-44fa-b6c6-1b0b5791f7ae>.advgb-column-inner{}}#advgb-cols-30e10c5d-494b-46ca-8065-b8bf9e176abe{}@media screen and (max-width: 1023px) {#advgb-cols-30e10c5d-494b-46ca-8065-b8bf9e176abe{}}@media screen and (max-width: 767px) {#advgb-cols-30e10c5d-494b-46ca-8065-b8bf9e176abe{}}#advgb-col-01615660-3972-4de1-aecf-105fb3d6f0e9>.advgb-column-inner{}@media screen and (max-width: 1023px) {#advgb-col-01615660-3972-4de1-aecf-105fb3d6f0e9>.advgb-column-inner{}}@media screen and (max-width: 767px) {#advgb-col-01615660-3972-4de1-aecf-105fb3d6f0e9>.advgb-column-inner{}}#advgb-col-77cbc1ee-7794-4628-b994-11a972dd49c9>.advgb-column-inner{}@media screen and (max-width: 1023px) {#advgb-col-77cbc1ee-7794-4628-b994-11a972dd49c9>.advgb-column-inner{}}@media screen and (max-width: 767px) {#advgb-col-77cbc1ee-7794-4628-b994-11a972dd49c9>.advgb-column-inner{}}<\/style>","protected":false},"excerpt":{"rendered":"<p>Blu-ray ou DVD du concert enregistr\u00e9 au Harevutai, Tokyo, le 11 f\u00e9vrier 2021. 1. Warning!2. DICE3. Screaming4. I can&rsquo;t live without you.5. BLACK HOLE6. Thrill7. REAL EXISTENCE8. Don&rsquo;t let me down9. alone10. FREEDOM11. YOLO12. Don&rsquo;t you tell ME13. After Life14. NO GOD15. \u8f2a\u5efb16. without holding back17. \u30b5\u30e8\u30ca\u30ad\u30c9\u30ea18. about Us19. Daydreaming20. Mirage21. Bubble&nbsp;22. Manners23. onset24. Choose &hellip; <\/p>\n<p class=\"link-more\"><a href=\"https:\/\/www.band-maid.fr\/index.php\/online-okyu-ji\/\" class=\"more-link\">Lire la suite de<span class=\"screen-reader-text\">\u00ab\u00a0ONLINE OKYU-JI\u00a0\u00bb<\/span><\/a><\/p>\n","protected":false},"author":1,"featured_media":7384,"parent":0,"menu_order":0,"comment_status":"closed","ping_status":"closed","template":"","meta":{"advgb_blocks_editor_width":"","advgb_blocks_columns_visual_guide":"","footnotes":""},"class_list":["post-7382","page","type-page","status-publish","has-post-thumbnail","hentry"],"yoast_head":"<!-- This site is optimized with the Yoast SEO plugin v27.6 - https:\/\/yoast.com\/product\/yoast-seo-wordpress\/ -->\n<title>ONLINE OKYU-JI - BAND-MAID<\/title>\n<meta name=\"robots\" content=\"index, follow, max-snippet:-1, max-image-preview:large, max-video-preview:-1\" \/>\n<link rel=\"canonical\" href=\"https:\/\/www.band-maid.fr\/index.php\/online-okyu-ji\/\" \/>\n<meta property=\"og:locale\" content=\"fr_FR\" \/>\n<meta property=\"og:type\" content=\"article\" \/>\n<meta property=\"og:title\" content=\"ONLINE OKYU-JI - BAND-MAID\" \/>\n<meta property=\"og:description\" content=\"Blu-ray ou DVD du concert enregistr\u00e9 au Harevutai, Tokyo, le 11 f\u00e9vrier 2021. 1. Warning!2. DICE3. Screaming4. I can&rsquo;t live without you.5. BLACK HOLE6. Thrill7. REAL EXISTENCE8. Don&rsquo;t let me down9. alone10. FREEDOM11. YOLO12. Don&rsquo;t you tell ME13. After Life14. NO GOD15. \u8f2a\u5efb16. without holding back17. \u30b5\u30e8\u30ca\u30ad\u30c9\u30ea18. about Us19. Daydreaming20. Mirage21. Bubble&nbsp;22. Manners23. onset24. Choose &hellip; Lire la suite de\u00ab\u00a0ONLINE OKYU-JI\u00a0\u00bb\" \/>\n<meta property=\"og:url\" content=\"https:\/\/www.band-maid.fr\/index.php\/online-okyu-ji\/\" \/>\n<meta property=\"og:site_name\" content=\"BAND-MAID\" \/>\n<meta property=\"article:publisher\" content=\"https:\/\/www.facebook.com\/bandmaid\" \/>\n<meta property=\"article:modified_time\" content=\"2026-01-08T17:43:39+00:00\" \/>\n<meta property=\"og:image\" content=\"https:\/\/www.band-maid.fr\/wp-content\/uploads\/2026\/01\/bandeau-2021-On-Line-Okyu-Ji.jpg\" \/>\n\t<meta property=\"og:image:width\" content=\"1200\" \/>\n\t<meta property=\"og:image:height\" content=\"215\" \/>\n\t<meta property=\"og:image:type\" content=\"image\/jpeg\" \/>\n<meta name=\"twitter:card\" content=\"summary_large_image\" \/>\n<meta name=\"twitter:site\" content=\"@bandmaid\" \/>\n<meta name=\"twitter:label1\" content=\"Dur\u00e9e de lecture estim\u00e9e\" \/>\n\t<meta name=\"twitter:data1\" content=\"2 minutes\" \/>\n<script type=\"application\/ld+json\" class=\"yoast-schema-graph\">{\"@context\":\"https:\\\/\\\/schema.org\",\"@graph\":[{\"@type\":\"WebPage\",\"@id\":\"https:\\\/\\\/www.band-maid.fr\\\/index.php\\\/online-okyu-ji\\\/\",\"url\":\"https:\\\/\\\/www.band-maid.fr\\\/index.php\\\/online-okyu-ji\\\/\",\"name\":\"ONLINE OKYU-JI - BAND-MAID\",\"isPartOf\":{\"@id\":\"https:\\\/\\\/www.band-maid.fr\\\/#website\"},\"primaryImageOfPage\":{\"@id\":\"https:\\\/\\\/www.band-maid.fr\\\/index.php\\\/online-okyu-ji\\\/#primaryimage\"},\"image\":{\"@id\":\"https:\\\/\\\/www.band-maid.fr\\\/index.php\\\/online-okyu-ji\\\/#primaryimage\"},\"thumbnailUrl\":\"https:\\\/\\\/www.band-maid.fr\\\/wp-content\\\/uploads\\\/2026\\\/01\\\/bandeau-2021-On-Line-Okyu-Ji.jpg\",\"datePublished\":\"2026-01-03T19:52:17+00:00\",\"dateModified\":\"2026-01-08T17:43:39+00:00\",\"breadcrumb\":{\"@id\":\"https:\\\/\\\/www.band-maid.fr\\\/index.php\\\/online-okyu-ji\\\/#breadcrumb\"},\"inLanguage\":\"fr-FR\",\"potentialAction\":[{\"@type\":\"ReadAction\",\"target\":[\"https:\\\/\\\/www.band-maid.fr\\\/index.php\\\/online-okyu-ji\\\/\"]}]},{\"@type\":\"ImageObject\",\"inLanguage\":\"fr-FR\",\"@id\":\"https:\\\/\\\/www.band-maid.fr\\\/index.php\\\/online-okyu-ji\\\/#primaryimage\",\"url\":\"https:\\\/\\\/www.band-maid.fr\\\/wp-content\\\/uploads\\\/2026\\\/01\\\/bandeau-2021-On-Line-Okyu-Ji.jpg\",\"contentUrl\":\"https:\\\/\\\/www.band-maid.fr\\\/wp-content\\\/uploads\\\/2026\\\/01\\\/bandeau-2021-On-Line-Okyu-Ji.jpg\",\"width\":1200,\"height\":215,\"caption\":\"Created with GIMP\"},{\"@type\":\"BreadcrumbList\",\"@id\":\"https:\\\/\\\/www.band-maid.fr\\\/index.php\\\/online-okyu-ji\\\/#breadcrumb\",\"itemListElement\":[{\"@type\":\"ListItem\",\"position\":1,\"name\":\"Accueil\",\"item\":\"https:\\\/\\\/www.band-maid.fr\\\/\"},{\"@type\":\"ListItem\",\"position\":2,\"name\":\"ONLINE OKYU-JI\"}]},{\"@type\":\"WebSite\",\"@id\":\"https:\\\/\\\/www.band-maid.fr\\\/#website\",\"url\":\"https:\\\/\\\/www.band-maid.fr\\\/\",\"name\":\"BAND-MAID\",\"description\":\"WORLD DOMINATION\",\"publisher\":{\"@id\":\"https:\\\/\\\/www.band-maid.fr\\\/#organization\"},\"potentialAction\":[{\"@type\":\"SearchAction\",\"target\":{\"@type\":\"EntryPoint\",\"urlTemplate\":\"https:\\\/\\\/www.band-maid.fr\\\/?s={search_term_string}\"},\"query-input\":{\"@type\":\"PropertyValueSpecification\",\"valueRequired\":true,\"valueName\":\"search_term_string\"}}],\"inLanguage\":\"fr-FR\"},{\"@type\":\"Organization\",\"@id\":\"https:\\\/\\\/www.band-maid.fr\\\/#organization\",\"name\":\"BAND-MAID\",\"url\":\"https:\\\/\\\/www.band-maid.fr\\\/\",\"logo\":{\"@type\":\"ImageObject\",\"inLanguage\":\"fr-FR\",\"@id\":\"https:\\\/\\\/www.band-maid.fr\\\/#\\\/schema\\\/logo\\\/image\\\/\",\"url\":\"http:\\\/\\\/wglgkdc.cluster121.hosting.ovh.net\\\/wp-content\\\/uploads\\\/2026\\\/01\\\/logo_band-maid_b.png\",\"contentUrl\":\"http:\\\/\\\/wglgkdc.cluster121.hosting.ovh.net\\\/wp-content\\\/uploads\\\/2026\\\/01\\\/logo_band-maid_b.png\",\"width\":540,\"height\":93,\"caption\":\"BAND-MAID\"},\"image\":{\"@id\":\"https:\\\/\\\/www.band-maid.fr\\\/#\\\/schema\\\/logo\\\/image\\\/\"},\"sameAs\":[\"https:\\\/\\\/www.facebook.com\\\/bandmaid\",\"https:\\\/\\\/x.com\\\/bandmaid\",\"https:\\\/\\\/www.instagram.com\\\/bandmaid.jp\\\/\",\"https:\\\/\\\/www.youtube.com\\\/channel\\\/UCJToUvYrmkmTCR-bluEaQfA\",\"https:\\\/\\\/www.tiktok.com\\\/@bandmaid_int\"]}]}<\/script>\n<!-- \/ Yoast SEO plugin. -->","yoast_head_json":{"title":"ONLINE OKYU-JI - BAND-MAID","robots":{"index":"index","follow":"follow","max-snippet":"max-snippet:-1","max-image-preview":"max-image-preview:large","max-video-preview":"max-video-preview:-1"},"canonical":"https:\/\/www.band-maid.fr\/index.php\/online-okyu-ji\/","og_locale":"fr_FR","og_type":"article","og_title":"ONLINE OKYU-JI - BAND-MAID","og_description":"Blu-ray ou DVD du concert enregistr\u00e9 au Harevutai, Tokyo, le 11 f\u00e9vrier 2021. 1. Warning!2. DICE3. Screaming4. I can&rsquo;t live without you.5. BLACK HOLE6. Thrill7. REAL EXISTENCE8. Don&rsquo;t let me down9. alone10. FREEDOM11. YOLO12. Don&rsquo;t you tell ME13. After Life14. NO GOD15. \u8f2a\u5efb16. without holding back17. \u30b5\u30e8\u30ca\u30ad\u30c9\u30ea18. about Us19. Daydreaming20. Mirage21. Bubble&nbsp;22. Manners23. onset24. Choose &hellip; Lire la suite de\u00ab\u00a0ONLINE OKYU-JI\u00a0\u00bb","og_url":"https:\/\/www.band-maid.fr\/index.php\/online-okyu-ji\/","og_site_name":"BAND-MAID","article_publisher":"https:\/\/www.facebook.com\/bandmaid","article_modified_time":"2026-01-08T17:43:39+00:00","og_image":[{"width":1200,"height":215,"url":"https:\/\/www.band-maid.fr\/wp-content\/uploads\/2026\/01\/bandeau-2021-On-Line-Okyu-Ji.jpg","type":"image\/jpeg"}],"twitter_card":"summary_large_image","twitter_site":"@bandmaid","twitter_misc":{"Dur\u00e9e de lecture estim\u00e9e":"2 minutes"},"schema":{"@context":"https:\/\/schema.org","@graph":[{"@type":"WebPage","@id":"https:\/\/www.band-maid.fr\/index.php\/online-okyu-ji\/","url":"https:\/\/www.band-maid.fr\/index.php\/online-okyu-ji\/","name":"ONLINE OKYU-JI - BAND-MAID","isPartOf":{"@id":"https:\/\/www.band-maid.fr\/#website"},"primaryImageOfPage":{"@id":"https:\/\/www.band-maid.fr\/index.php\/online-okyu-ji\/#primaryimage"},"image":{"@id":"https:\/\/www.band-maid.fr\/index.php\/online-okyu-ji\/#primaryimage"},"thumbnailUrl":"https:\/\/www.band-maid.fr\/wp-content\/uploads\/2026\/01\/bandeau-2021-On-Line-Okyu-Ji.jpg","datePublished":"2026-01-03T19:52:17+00:00","dateModified":"2026-01-08T17:43:39+00:00","breadcrumb":{"@id":"https:\/\/www.band-maid.fr\/index.php\/online-okyu-ji\/#breadcrumb"},"inLanguage":"fr-FR","potentialAction":[{"@type":"ReadAction","target":["https:\/\/www.band-maid.fr\/index.php\/online-okyu-ji\/"]}]},{"@type":"ImageObject","inLanguage":"fr-FR","@id":"https:\/\/www.band-maid.fr\/index.php\/online-okyu-ji\/#primaryimage","url":"https:\/\/www.band-maid.fr\/wp-content\/uploads\/2026\/01\/bandeau-2021-On-Line-Okyu-Ji.jpg","contentUrl":"https:\/\/www.band-maid.fr\/wp-content\/uploads\/2026\/01\/bandeau-2021-On-Line-Okyu-Ji.jpg","width":1200,"height":215,"caption":"Created with GIMP"},{"@type":"BreadcrumbList","@id":"https:\/\/www.band-maid.fr\/index.php\/online-okyu-ji\/#breadcrumb","itemListElement":[{"@type":"ListItem","position":1,"name":"Accueil","item":"https:\/\/www.band-maid.fr\/"},{"@type":"ListItem","position":2,"name":"ONLINE OKYU-JI"}]},{"@type":"WebSite","@id":"https:\/\/www.band-maid.fr\/#website","url":"https:\/\/www.band-maid.fr\/","name":"BAND-MAID","description":"WORLD DOMINATION","publisher":{"@id":"https:\/\/www.band-maid.fr\/#organization"},"potentialAction":[{"@type":"SearchAction","target":{"@type":"EntryPoint","urlTemplate":"https:\/\/www.band-maid.fr\/?s={search_term_string}"},"query-input":{"@type":"PropertyValueSpecification","valueRequired":true,"valueName":"search_term_string"}}],"inLanguage":"fr-FR"},{"@type":"Organization","@id":"https:\/\/www.band-maid.fr\/#organization","name":"BAND-MAID","url":"https:\/\/www.band-maid.fr\/","logo":{"@type":"ImageObject","inLanguage":"fr-FR","@id":"https:\/\/www.band-maid.fr\/#\/schema\/logo\/image\/","url":"http:\/\/wglgkdc.cluster121.hosting.ovh.net\/wp-content\/uploads\/2026\/01\/logo_band-maid_b.png","contentUrl":"http:\/\/wglgkdc.cluster121.hosting.ovh.net\/wp-content\/uploads\/2026\/01\/logo_band-maid_b.png","width":540,"height":93,"caption":"BAND-MAID"},"image":{"@id":"https:\/\/www.band-maid.fr\/#\/schema\/logo\/image\/"},"sameAs":["https:\/\/www.facebook.com\/bandmaid","https:\/\/x.com\/bandmaid","https:\/\/www.instagram.com\/bandmaid.jp\/","https:\/\/www.youtube.com\/channel\/UCJToUvYrmkmTCR-bluEaQfA","https:\/\/www.tiktok.com\/@bandmaid_int"]}]}},"coauthors":[],"author_meta":{"author_link":"https:\/\/www.band-maid.fr\/index.php\/author\/admin8693\/","display_name":"LJB"},"relative_dates":{"created":"Publi\u00e9 4 mois il y a","modified":"Mis \u00e0 jour 4 mois il y a"},"absolute_dates":{"created":"Publi\u00e9 le 03\/01\/2026","modified":"Mise \u00e0 jour le 08\/01\/2026"},"absolute_dates_time":{"created":"Publi\u00e9 le 03\/01\/2026 19h52","modified":"Mise \u00e0 jour le 08\/01\/2026 17h43"},"featured_img_caption":"Created with GIMP","featured_img":"https:\/\/www.band-maid.fr\/wp-content\/uploads\/2026\/01\/bandeau-2021-On-Line-Okyu-Ji.jpg","series_order":"","featured_media_urls":{"thumbnail":["https:\/\/www.band-maid.fr\/wp-content\/uploads\/2026\/01\/bandeau-2021-On-Line-Okyu-Ji-150x150.jpg",150,150,true],"medium":["https:\/\/www.band-maid.fr\/wp-content\/uploads\/2026\/01\/bandeau-2021-On-Line-Okyu-Ji-300x54.jpg",300,54,true],"medium_large":["https:\/\/www.band-maid.fr\/wp-content\/uploads\/2026\/01\/bandeau-2021-On-Line-Okyu-Ji.jpg",768,138,false],"large":["https:\/\/www.band-maid.fr\/wp-content\/uploads\/2026\/01\/bandeau-2021-On-Line-Okyu-Ji-1024x183.jpg",950,170,true],"1536x1536":["https:\/\/www.band-maid.fr\/wp-content\/uploads\/2026\/01\/bandeau-2021-On-Line-Okyu-Ji.jpg",1200,215,false],"2048x2048":["https:\/\/www.band-maid.fr\/wp-content\/uploads\/2026\/01\/bandeau-2021-On-Line-Okyu-Ji.jpg",1200,215,false],"inspiro-featured-image":["https:\/\/www.band-maid.fr\/wp-content\/uploads\/2026\/01\/bandeau-2021-On-Line-Okyu-Ji.jpg",1200,215,false],"inspiro-loop":["https:\/\/www.band-maid.fr\/wp-content\/uploads\/2026\/01\/bandeau-2021-On-Line-Okyu-Ji-950x215.jpg",950,215,true],"inspiro-loop@2x":["https:\/\/www.band-maid.fr\/wp-content\/uploads\/2026\/01\/bandeau-2021-On-Line-Okyu-Ji.jpg",1200,215,false],"portfolio_item-thumbnail":["https:\/\/www.band-maid.fr\/wp-content\/uploads\/2026\/01\/bandeau-2021-On-Line-Okyu-Ji-600x215.jpg",600,215,true],"portfolio_item-thumbnail@2x":["https:\/\/www.band-maid.fr\/wp-content\/uploads\/2026\/01\/bandeau-2021-On-Line-Okyu-Ji.jpg",1200,215,false],"portfolio_item-masonry":["https:\/\/www.band-maid.fr\/wp-content\/uploads\/2026\/01\/bandeau-2021-On-Line-Okyu-Ji-600x108.jpg",600,108,true],"portfolio_item-masonry@2x":["https:\/\/www.band-maid.fr\/wp-content\/uploads\/2026\/01\/bandeau-2021-On-Line-Okyu-Ji.jpg",1200,215,false],"portfolio_item-thumbnail_cinema":["https:\/\/www.band-maid.fr\/wp-content\/uploads\/2026\/01\/bandeau-2021-On-Line-Okyu-Ji-800x215.jpg",800,215,true],"portfolio_item-thumbnail_portrait":["https:\/\/www.band-maid.fr\/wp-content\/uploads\/2026\/01\/bandeau-2021-On-Line-Okyu-Ji-600x215.jpg",600,215,true],"portfolio_item-thumbnail_portrait@2x":["https:\/\/www.band-maid.fr\/wp-content\/uploads\/2026\/01\/bandeau-2021-On-Line-Okyu-Ji.jpg",1200,215,false],"portfolio_item-thumbnail_square":["https:\/\/www.band-maid.fr\/wp-content\/uploads\/2026\/01\/bandeau-2021-On-Line-Okyu-Ji-800x215.jpg",800,215,true]},"_links":{"self":[{"href":"https:\/\/www.band-maid.fr\/index.php\/wp-json\/wp\/v2\/pages\/7382","targetHints":{"allow":["GET"]}}],"collection":[{"href":"https:\/\/www.band-maid.fr\/index.php\/wp-json\/wp\/v2\/pages"}],"about":[{"href":"https:\/\/www.band-maid.fr\/index.php\/wp-json\/wp\/v2\/types\/page"}],"author":[{"embeddable":true,"href":"https:\/\/www.band-maid.fr\/index.php\/wp-json\/wp\/v2\/users\/1"}],"replies":[{"embeddable":true,"href":"https:\/\/www.band-maid.fr\/index.php\/wp-json\/wp\/v2\/comments?post=7382"}],"version-history":[{"count":6,"href":"https:\/\/www.band-maid.fr\/index.php\/wp-json\/wp\/v2\/pages\/7382\/revisions"}],"predecessor-version":[{"id":7634,"href":"https:\/\/www.band-maid.fr\/index.php\/wp-json\/wp\/v2\/pages\/7382\/revisions\/7634"}],"wp:featuredmedia":[{"embeddable":true,"href":"https:\/\/www.band-maid.fr\/index.php\/wp-json\/wp\/v2\/media\/7384"}],"wp:attachment":[{"href":"https:\/\/www.band-maid.fr\/index.php\/wp-json\/wp\/v2\/media?parent=7382"}],"curies":[{"name":"wp","href":"https:\/\/api.w.org\/{rel}","templated":true}]}}