{"id":7379,"date":"2026-01-03T19:17:16","date_gmt":"2026-01-03T19:17:16","guid":{"rendered":"http:\/\/wglgkdc.cluster121.hosting.ovh.net\/?page_id=7379"},"modified":"2026-01-08T17:43:16","modified_gmt":"2026-01-08T17:43:16","slug":"world-domination-tour-at-line-cube-shibuya","status":"publish","type":"page","link":"https:\/\/www.band-maid.fr\/index.php\/world-domination-tour-at-line-cube-shibuya\/","title":{"rendered":"WORLD DOMINATION TOUR at LINE CUBE SHIBUYA"},"content":{"rendered":"\n<div class=\"wp-block-advgb-columns advgb-columns-wrapper\" id=\"advgb-cols-1b337a7c-07bd-4140-aa36-e13e41b64cd4\"><div class=\"advgb-columns-container\"><div class=\"advgb-columns advgb-columns-row advgb-is-mobile advgb-columns-2 layout-14-34 mbl-layout-stacked vgutter-10\">\n<div class=\"wp-block-advgb-column advgb-column\" id=\"advgb-col-945a6d97-c0d6-410f-934f-1661e4dc6d69\"><div class=\"advgb-column-inner\" style=\"border-style:none;border-width:1px\">\n<figure class=\"wp-block-image size-full\"><img fetchpriority=\"high\" decoding=\"async\" width=\"300\" height=\"347\" src=\"https:\/\/band-maid.fr\/wp-content\/uploads\/2026\/01\/WORLD-DOMINATION-TOUR-1-e1767377461191.jpg\" alt=\"\" class=\"wp-image-7041\"\/><\/figure>\n<\/div><\/div>\n\n\n\n<div class=\"wp-block-advgb-column advgb-column\" id=\"advgb-col-56313e0b-a1e9-4dd4-a590-a3e764c5297c\"><div class=\"advgb-column-inner\" style=\"border-style:none;border-width:1px\">\n<div class=\"wp-block-advgb-columns advgb-columns-wrapper\" id=\"advgb-cols-5a86158a-cd90-418d-adf0-812da42d2dc9\"><div class=\"advgb-columns-container\"><div class=\"advgb-columns advgb-columns-row advgb-is-mobile advgb-columns-2 layout-15-45 mbl-layout-stacked vgutter-10\">\n<div class=\"wp-block-advgb-column advgb-column\" id=\"advgb-col-9a56c7bb-facc-431d-b899-09b9d88bc5a0\"><div class=\"advgb-column-inner\" style=\"border-style:none;border-width:1px\"><\/div><\/div>\n\n\n\n<div class=\"wp-block-advgb-column advgb-column\" id=\"advgb-col-1cd26d2f-b5c6-441a-bd50-5f7678924149\"><div class=\"advgb-column-inner\" style=\"border-style:none;border-width:1px\">\n<p>Sortie : 29 avril 2020<\/p>\n\n\n\n<p>Dur\u00e9e : approx 120 mn<\/p>\n\n\n\n<p>Label : Nippon Crown<\/p>\n<\/div><\/div>\n<\/div><\/div><\/div>\n<\/div><\/div>\n<\/div><\/div><\/div>\n\n\n\n<p id=\"block-98b996fe-1c4e-4ebe-b014-e983888f5e23\"><\/p>\n\n\n\n<h2 class=\"wp-block-heading\" id=\"bluray-ou-dvd-du-concert-enregistre-au-line-cube-shibuya-tokyo-le-14-fevrier-2020--06a2d04e-c663-4182-9415-4b7227004554\">Blu-ray ou DVD du concert enregistr\u00e9 au LINE CUBE SHIBUYA, Tokyo, le 14 f\u00e9vrier 2020.<\/h2>\n\n\n\n<hr class=\"wp-block-separator has-alpha-channel-opacity\"\/>\n\n\n\n<p id=\"block-e5fb0450-ead5-4293-9150-347313c2719f\">1. \u8f2a\u5efb<br>2. Blooming<br>3. Screaming<br>4. Dilemma<br>5. glory<br>6. FREEDOM<br>7. Choose me<br>8. PAGE<br>9. Mirage<br>10. \u30ab\u30bf\u30eb\u30b7\u30b9<br>11. Bubble<br>12. The Dragon Cries<br>13. I can\u2019t live without you.<br>14. TIME<br>15. Wonderland<br>16. alone<br>17. DICE<br>18. Don\u2019t you tell ME<br>19. Play<br>20. DOMINATION<br>21. endless Story<\/p>\n\n\n\n<p><\/p>\n\n\n\n<h2 class=\"wp-block-heading\" id=\"bandmaid-21cad9b3-ed24-4ecd-8a72-d36f16ea8fec\">BAND-MAID<\/h2>\n\n\n\n<ul class=\"wp-block-list\">\n<li><strong>Saiki Atsumi <\/strong>\u2013 chant<\/li>\n\n\n\n<li><strong>Miku Kobato<\/strong> \u2013 guitare rythmique, ch\u0153urs, chant<\/li>\n\n\n\n<li><strong>Kanami T\u014dno<\/strong> \u2013 guitare solo<\/li>\n\n\n\n<li><strong>Misa<\/strong> \u2013 basse<\/li>\n\n\n\n<li><strong>Akane Hirose<\/strong> \u2013 batterie<\/li>\n<\/ul>\n\n\n\n<p><\/p>\n\n\n\n<figure class=\"wp-block-embed is-type-video is-provider-youtube wp-block-embed-youtube wp-embed-aspect-16-9 wp-has-aspect-ratio\"><div class=\"wp-block-embed__wrapper\">\n<iframe title=\"BAND-MAID \/ DOMINATION  (Official Live Video)\" width=\"950\" height=\"534\" src=\"https:\/\/www.youtube.com\/embed\/QbyQCJn6rYg?feature=oembed\" frameborder=\"0\" allow=\"accelerometer; autoplay; clipboard-write; encrypted-media; gyroscope; picture-in-picture; web-share\" referrerpolicy=\"strict-origin-when-cross-origin\" allowfullscreen><\/iframe>\n<\/div><\/figure>\n\n\n\n<p><\/p>\n\n\n\n<figure class=\"wp-block-embed is-type-video is-provider-youtube wp-block-embed-youtube wp-embed-aspect-16-9 wp-has-aspect-ratio\"><div class=\"wp-block-embed__wrapper\">\n<iframe title=\"BAND-MAID \/ Play (Official Live Video)\" width=\"950\" height=\"534\" src=\"https:\/\/www.youtube.com\/embed\/3LxX_t4vg7U?feature=oembed\" frameborder=\"0\" allow=\"accelerometer; autoplay; clipboard-write; encrypted-media; gyroscope; picture-in-picture; web-share\" referrerpolicy=\"strict-origin-when-cross-origin\" allowfullscreen><\/iframe>\n<\/div><\/figure>\n\n\n\n<p>Liens directs sur la page YouTube officielle de Band-Maid.<\/p>\n<style class=\"advgb-styles-renderer\">#advgb-col-945a6d97-c0d6-410f-934f-1661e4dc6d69>.advgb-column-inner{}@media screen and (max-width: 1023px) {#advgb-col-945a6d97-c0d6-410f-934f-1661e4dc6d69>.advgb-column-inner{}}@media screen and (max-width: 767px) {#advgb-col-945a6d97-c0d6-410f-934f-1661e4dc6d69>.advgb-column-inner{}}#advgb-col-9a56c7bb-facc-431d-b899-09b9d88bc5a0>.advgb-column-inner{}@media screen and (max-width: 1023px) {#advgb-col-9a56c7bb-facc-431d-b899-09b9d88bc5a0>.advgb-column-inner{}}@media screen and (max-width: 767px) {#advgb-col-9a56c7bb-facc-431d-b899-09b9d88bc5a0>.advgb-column-inner{}}#advgb-col-1cd26d2f-b5c6-441a-bd50-5f7678924149>.advgb-column-inner{}@media screen and (max-width: 1023px) {#advgb-col-1cd26d2f-b5c6-441a-bd50-5f7678924149>.advgb-column-inner{}}@media screen and (max-width: 767px) {#advgb-col-1cd26d2f-b5c6-441a-bd50-5f7678924149>.advgb-column-inner{}}#advgb-cols-5a86158a-cd90-418d-adf0-812da42d2dc9{}@media screen and (max-width: 1023px) {#advgb-cols-5a86158a-cd90-418d-adf0-812da42d2dc9{}}@media screen and (max-width: 767px) {#advgb-cols-5a86158a-cd90-418d-adf0-812da42d2dc9{}}#advgb-col-9a56c7bb-facc-431d-b899-09b9d88bc5a0>.advgb-column-inner{}@media screen and (max-width: 1023px) {#advgb-col-9a56c7bb-facc-431d-b899-09b9d88bc5a0>.advgb-column-inner{}}@media screen and (max-width: 767px) {#advgb-col-9a56c7bb-facc-431d-b899-09b9d88bc5a0>.advgb-column-inner{}}#advgb-col-1cd26d2f-b5c6-441a-bd50-5f7678924149>.advgb-column-inner{}@media screen and (max-width: 1023px) {#advgb-col-1cd26d2f-b5c6-441a-bd50-5f7678924149>.advgb-column-inner{}}@media screen and (max-width: 767px) {#advgb-col-1cd26d2f-b5c6-441a-bd50-5f7678924149>.advgb-column-inner{}}#advgb-col-56313e0b-a1e9-4dd4-a590-a3e764c5297c>.advgb-column-inner{}@media screen and (max-width: 1023px) {#advgb-col-56313e0b-a1e9-4dd4-a590-a3e764c5297c>.advgb-column-inner{}}@media screen and (max-width: 767px) {#advgb-col-56313e0b-a1e9-4dd4-a590-a3e764c5297c>.advgb-column-inner{}}#advgb-cols-5a86158a-cd90-418d-adf0-812da42d2dc9{}@media screen and (max-width: 1023px) {#advgb-cols-5a86158a-cd90-418d-adf0-812da42d2dc9{}}@media screen and (max-width: 767px) {#advgb-cols-5a86158a-cd90-418d-adf0-812da42d2dc9{}}#advgb-col-9a56c7bb-facc-431d-b899-09b9d88bc5a0>.advgb-column-inner{}@media screen and (max-width: 1023px) {#advgb-col-9a56c7bb-facc-431d-b899-09b9d88bc5a0>.advgb-column-inner{}}@media screen and (max-width: 767px) {#advgb-col-9a56c7bb-facc-431d-b899-09b9d88bc5a0>.advgb-column-inner{}}#advgb-col-1cd26d2f-b5c6-441a-bd50-5f7678924149>.advgb-column-inner{}@media screen and (max-width: 1023px) {#advgb-col-1cd26d2f-b5c6-441a-bd50-5f7678924149>.advgb-column-inner{}}@media screen and (max-width: 767px) {#advgb-col-1cd26d2f-b5c6-441a-bd50-5f7678924149>.advgb-column-inner{}}#advgb-cols-1b337a7c-07bd-4140-aa36-e13e41b64cd4{}@media screen and (max-width: 1023px) {#advgb-cols-1b337a7c-07bd-4140-aa36-e13e41b64cd4{}}@media screen and (max-width: 767px) {#advgb-cols-1b337a7c-07bd-4140-aa36-e13e41b64cd4{}}#advgb-col-945a6d97-c0d6-410f-934f-1661e4dc6d69>.advgb-column-inner{}@media screen and (max-width: 1023px) {#advgb-col-945a6d97-c0d6-410f-934f-1661e4dc6d69>.advgb-column-inner{}}@media screen and (max-width: 767px) {#advgb-col-945a6d97-c0d6-410f-934f-1661e4dc6d69>.advgb-column-inner{}}#advgb-col-56313e0b-a1e9-4dd4-a590-a3e764c5297c>.advgb-column-inner{}@media screen and (max-width: 1023px) {#advgb-col-56313e0b-a1e9-4dd4-a590-a3e764c5297c>.advgb-column-inner{}}@media screen and (max-width: 767px) {#advgb-col-56313e0b-a1e9-4dd4-a590-a3e764c5297c>.advgb-column-inner{}}#advgb-cols-5a86158a-cd90-418d-adf0-812da42d2dc9{}@media screen and (max-width: 1023px) {#advgb-cols-5a86158a-cd90-418d-adf0-812da42d2dc9{}}@media screen and (max-width: 767px) {#advgb-cols-5a86158a-cd90-418d-adf0-812da42d2dc9{}}#advgb-col-9a56c7bb-facc-431d-b899-09b9d88bc5a0>.advgb-column-inner{}@media screen and (max-width: 1023px) {#advgb-col-9a56c7bb-facc-431d-b899-09b9d88bc5a0>.advgb-column-inner{}}@media screen and (max-width: 767px) {#advgb-col-9a56c7bb-facc-431d-b899-09b9d88bc5a0>.advgb-column-inner{}}#advgb-col-1cd26d2f-b5c6-441a-bd50-5f7678924149>.advgb-column-inner{}@media screen and (max-width: 1023px) {#advgb-col-1cd26d2f-b5c6-441a-bd50-5f7678924149>.advgb-column-inner{}}@media screen and (max-width: 767px) {#advgb-col-1cd26d2f-b5c6-441a-bd50-5f7678924149>.advgb-column-inner{}}<\/style>","protected":false},"excerpt":{"rendered":"<p>Blu-ray ou DVD du concert enregistr\u00e9 au LINE CUBE SHIBUYA, Tokyo, le 14 f\u00e9vrier 2020. 1. \u8f2a\u5efb2. Blooming3. Screaming4. Dilemma5. glory6. FREEDOM7. Choose me8. PAGE9. Mirage10. \u30ab\u30bf\u30eb\u30b7\u30b911. Bubble12. The Dragon Cries13. I can\u2019t live without you.14. TIME15. Wonderland16. alone17. DICE18. Don\u2019t you tell ME19. Play20. DOMINATION21. endless Story BAND-MAID Liens directs sur la page YouTube &hellip; <\/p>\n<p class=\"link-more\"><a href=\"https:\/\/www.band-maid.fr\/index.php\/world-domination-tour-at-line-cube-shibuya\/\" class=\"more-link\">Lire la suite de<span class=\"screen-reader-text\">\u00ab\u00a0WORLD DOMINATION TOUR at LINE CUBE SHIBUYA\u00a0\u00bb<\/span><\/a><\/p>\n","protected":false},"author":1,"featured_media":7380,"parent":0,"menu_order":0,"comment_status":"closed","ping_status":"closed","template":"","meta":{"advgb_blocks_editor_width":"","advgb_blocks_columns_visual_guide":"","footnotes":""},"class_list":["post-7379","page","type-page","status-publish","has-post-thumbnail","hentry"],"yoast_head":"<!-- This site is optimized with the Yoast SEO plugin v27.6 - https:\/\/yoast.com\/product\/yoast-seo-wordpress\/ -->\n<title>WORLD DOMINATION TOUR at LINE CUBE SHIBUYA - BAND-MAID<\/title>\n<meta name=\"robots\" content=\"index, follow, max-snippet:-1, max-image-preview:large, max-video-preview:-1\" \/>\n<link rel=\"canonical\" href=\"https:\/\/www.band-maid.fr\/index.php\/world-domination-tour-at-line-cube-shibuya\/\" \/>\n<meta property=\"og:locale\" content=\"fr_FR\" \/>\n<meta property=\"og:type\" content=\"article\" \/>\n<meta property=\"og:title\" content=\"WORLD DOMINATION TOUR at LINE CUBE SHIBUYA - BAND-MAID\" \/>\n<meta property=\"og:description\" content=\"Blu-ray ou DVD du concert enregistr\u00e9 au LINE CUBE SHIBUYA, Tokyo, le 14 f\u00e9vrier 2020. 1. \u8f2a\u5efb2. Blooming3. Screaming4. Dilemma5. glory6. FREEDOM7. Choose me8. PAGE9. Mirage10. \u30ab\u30bf\u30eb\u30b7\u30b911. Bubble12. The Dragon Cries13. I can\u2019t live without you.14. TIME15. Wonderland16. alone17. DICE18. Don\u2019t you tell ME19. Play20. DOMINATION21. endless Story BAND-MAID Liens directs sur la page YouTube &hellip; Lire la suite de\u00ab\u00a0WORLD DOMINATION TOUR at LINE CUBE SHIBUYA\u00a0\u00bb\" \/>\n<meta property=\"og:url\" content=\"https:\/\/www.band-maid.fr\/index.php\/world-domination-tour-at-line-cube-shibuya\/\" \/>\n<meta property=\"og:site_name\" content=\"BAND-MAID\" \/>\n<meta property=\"article:publisher\" content=\"https:\/\/www.facebook.com\/bandmaid\" \/>\n<meta property=\"article:modified_time\" content=\"2026-01-08T17:43:16+00:00\" \/>\n<meta property=\"og:image\" content=\"https:\/\/www.band-maid.fr\/wp-content\/uploads\/2026\/01\/bandeau-2020-World-Domination-Tour.jpg\" \/>\n\t<meta property=\"og:image:width\" content=\"1200\" \/>\n\t<meta property=\"og:image:height\" content=\"215\" \/>\n\t<meta property=\"og:image:type\" content=\"image\/jpeg\" \/>\n<meta name=\"twitter:card\" content=\"summary_large_image\" \/>\n<meta name=\"twitter:site\" content=\"@bandmaid\" \/>\n<meta name=\"twitter:label1\" content=\"Dur\u00e9e de lecture estim\u00e9e\" \/>\n\t<meta name=\"twitter:data1\" content=\"1 minute\" \/>\n<script type=\"application\/ld+json\" class=\"yoast-schema-graph\">{\"@context\":\"https:\\\/\\\/schema.org\",\"@graph\":[{\"@type\":\"WebPage\",\"@id\":\"https:\\\/\\\/www.band-maid.fr\\\/index.php\\\/world-domination-tour-at-line-cube-shibuya\\\/\",\"url\":\"https:\\\/\\\/www.band-maid.fr\\\/index.php\\\/world-domination-tour-at-line-cube-shibuya\\\/\",\"name\":\"WORLD DOMINATION TOUR at LINE CUBE SHIBUYA - BAND-MAID\",\"isPartOf\":{\"@id\":\"https:\\\/\\\/www.band-maid.fr\\\/#website\"},\"primaryImageOfPage\":{\"@id\":\"https:\\\/\\\/www.band-maid.fr\\\/index.php\\\/world-domination-tour-at-line-cube-shibuya\\\/#primaryimage\"},\"image\":{\"@id\":\"https:\\\/\\\/www.band-maid.fr\\\/index.php\\\/world-domination-tour-at-line-cube-shibuya\\\/#primaryimage\"},\"thumbnailUrl\":\"https:\\\/\\\/www.band-maid.fr\\\/wp-content\\\/uploads\\\/2026\\\/01\\\/bandeau-2020-World-Domination-Tour.jpg\",\"datePublished\":\"2026-01-03T19:17:16+00:00\",\"dateModified\":\"2026-01-08T17:43:16+00:00\",\"breadcrumb\":{\"@id\":\"https:\\\/\\\/www.band-maid.fr\\\/index.php\\\/world-domination-tour-at-line-cube-shibuya\\\/#breadcrumb\"},\"inLanguage\":\"fr-FR\",\"potentialAction\":[{\"@type\":\"ReadAction\",\"target\":[\"https:\\\/\\\/www.band-maid.fr\\\/index.php\\\/world-domination-tour-at-line-cube-shibuya\\\/\"]}]},{\"@type\":\"ImageObject\",\"inLanguage\":\"fr-FR\",\"@id\":\"https:\\\/\\\/www.band-maid.fr\\\/index.php\\\/world-domination-tour-at-line-cube-shibuya\\\/#primaryimage\",\"url\":\"https:\\\/\\\/www.band-maid.fr\\\/wp-content\\\/uploads\\\/2026\\\/01\\\/bandeau-2020-World-Domination-Tour.jpg\",\"contentUrl\":\"https:\\\/\\\/www.band-maid.fr\\\/wp-content\\\/uploads\\\/2026\\\/01\\\/bandeau-2020-World-Domination-Tour.jpg\",\"width\":1200,\"height\":215,\"caption\":\"Created with GIMP\"},{\"@type\":\"BreadcrumbList\",\"@id\":\"https:\\\/\\\/www.band-maid.fr\\\/index.php\\\/world-domination-tour-at-line-cube-shibuya\\\/#breadcrumb\",\"itemListElement\":[{\"@type\":\"ListItem\",\"position\":1,\"name\":\"Accueil\",\"item\":\"https:\\\/\\\/www.band-maid.fr\\\/\"},{\"@type\":\"ListItem\",\"position\":2,\"name\":\"WORLD DOMINATION TOUR at LINE CUBE SHIBUYA\"}]},{\"@type\":\"WebSite\",\"@id\":\"https:\\\/\\\/www.band-maid.fr\\\/#website\",\"url\":\"https:\\\/\\\/www.band-maid.fr\\\/\",\"name\":\"BAND-MAID\",\"description\":\"WORLD DOMINATION\",\"publisher\":{\"@id\":\"https:\\\/\\\/www.band-maid.fr\\\/#organization\"},\"potentialAction\":[{\"@type\":\"SearchAction\",\"target\":{\"@type\":\"EntryPoint\",\"urlTemplate\":\"https:\\\/\\\/www.band-maid.fr\\\/?s={search_term_string}\"},\"query-input\":{\"@type\":\"PropertyValueSpecification\",\"valueRequired\":true,\"valueName\":\"search_term_string\"}}],\"inLanguage\":\"fr-FR\"},{\"@type\":\"Organization\",\"@id\":\"https:\\\/\\\/www.band-maid.fr\\\/#organization\",\"name\":\"BAND-MAID\",\"url\":\"https:\\\/\\\/www.band-maid.fr\\\/\",\"logo\":{\"@type\":\"ImageObject\",\"inLanguage\":\"fr-FR\",\"@id\":\"https:\\\/\\\/www.band-maid.fr\\\/#\\\/schema\\\/logo\\\/image\\\/\",\"url\":\"http:\\\/\\\/wglgkdc.cluster121.hosting.ovh.net\\\/wp-content\\\/uploads\\\/2026\\\/01\\\/logo_band-maid_b.png\",\"contentUrl\":\"http:\\\/\\\/wglgkdc.cluster121.hosting.ovh.net\\\/wp-content\\\/uploads\\\/2026\\\/01\\\/logo_band-maid_b.png\",\"width\":540,\"height\":93,\"caption\":\"BAND-MAID\"},\"image\":{\"@id\":\"https:\\\/\\\/www.band-maid.fr\\\/#\\\/schema\\\/logo\\\/image\\\/\"},\"sameAs\":[\"https:\\\/\\\/www.facebook.com\\\/bandmaid\",\"https:\\\/\\\/x.com\\\/bandmaid\",\"https:\\\/\\\/www.instagram.com\\\/bandmaid.jp\\\/\",\"https:\\\/\\\/www.youtube.com\\\/channel\\\/UCJToUvYrmkmTCR-bluEaQfA\",\"https:\\\/\\\/www.tiktok.com\\\/@bandmaid_int\"]}]}<\/script>\n<!-- \/ Yoast SEO plugin. -->","yoast_head_json":{"title":"WORLD DOMINATION TOUR at LINE CUBE SHIBUYA - BAND-MAID","robots":{"index":"index","follow":"follow","max-snippet":"max-snippet:-1","max-image-preview":"max-image-preview:large","max-video-preview":"max-video-preview:-1"},"canonical":"https:\/\/www.band-maid.fr\/index.php\/world-domination-tour-at-line-cube-shibuya\/","og_locale":"fr_FR","og_type":"article","og_title":"WORLD DOMINATION TOUR at LINE CUBE SHIBUYA - BAND-MAID","og_description":"Blu-ray ou DVD du concert enregistr\u00e9 au LINE CUBE SHIBUYA, Tokyo, le 14 f\u00e9vrier 2020. 1. \u8f2a\u5efb2. Blooming3. Screaming4. Dilemma5. glory6. FREEDOM7. Choose me8. PAGE9. Mirage10. \u30ab\u30bf\u30eb\u30b7\u30b911. Bubble12. The Dragon Cries13. I can\u2019t live without you.14. TIME15. Wonderland16. alone17. DICE18. Don\u2019t you tell ME19. Play20. DOMINATION21. endless Story BAND-MAID Liens directs sur la page YouTube &hellip; Lire la suite de\u00ab\u00a0WORLD DOMINATION TOUR at LINE CUBE SHIBUYA\u00a0\u00bb","og_url":"https:\/\/www.band-maid.fr\/index.php\/world-domination-tour-at-line-cube-shibuya\/","og_site_name":"BAND-MAID","article_publisher":"https:\/\/www.facebook.com\/bandmaid","article_modified_time":"2026-01-08T17:43:16+00:00","og_image":[{"width":1200,"height":215,"url":"https:\/\/www.band-maid.fr\/wp-content\/uploads\/2026\/01\/bandeau-2020-World-Domination-Tour.jpg","type":"image\/jpeg"}],"twitter_card":"summary_large_image","twitter_site":"@bandmaid","twitter_misc":{"Dur\u00e9e de lecture estim\u00e9e":"1 minute"},"schema":{"@context":"https:\/\/schema.org","@graph":[{"@type":"WebPage","@id":"https:\/\/www.band-maid.fr\/index.php\/world-domination-tour-at-line-cube-shibuya\/","url":"https:\/\/www.band-maid.fr\/index.php\/world-domination-tour-at-line-cube-shibuya\/","name":"WORLD DOMINATION TOUR at LINE CUBE SHIBUYA - BAND-MAID","isPartOf":{"@id":"https:\/\/www.band-maid.fr\/#website"},"primaryImageOfPage":{"@id":"https:\/\/www.band-maid.fr\/index.php\/world-domination-tour-at-line-cube-shibuya\/#primaryimage"},"image":{"@id":"https:\/\/www.band-maid.fr\/index.php\/world-domination-tour-at-line-cube-shibuya\/#primaryimage"},"thumbnailUrl":"https:\/\/www.band-maid.fr\/wp-content\/uploads\/2026\/01\/bandeau-2020-World-Domination-Tour.jpg","datePublished":"2026-01-03T19:17:16+00:00","dateModified":"2026-01-08T17:43:16+00:00","breadcrumb":{"@id":"https:\/\/www.band-maid.fr\/index.php\/world-domination-tour-at-line-cube-shibuya\/#breadcrumb"},"inLanguage":"fr-FR","potentialAction":[{"@type":"ReadAction","target":["https:\/\/www.band-maid.fr\/index.php\/world-domination-tour-at-line-cube-shibuya\/"]}]},{"@type":"ImageObject","inLanguage":"fr-FR","@id":"https:\/\/www.band-maid.fr\/index.php\/world-domination-tour-at-line-cube-shibuya\/#primaryimage","url":"https:\/\/www.band-maid.fr\/wp-content\/uploads\/2026\/01\/bandeau-2020-World-Domination-Tour.jpg","contentUrl":"https:\/\/www.band-maid.fr\/wp-content\/uploads\/2026\/01\/bandeau-2020-World-Domination-Tour.jpg","width":1200,"height":215,"caption":"Created with GIMP"},{"@type":"BreadcrumbList","@id":"https:\/\/www.band-maid.fr\/index.php\/world-domination-tour-at-line-cube-shibuya\/#breadcrumb","itemListElement":[{"@type":"ListItem","position":1,"name":"Accueil","item":"https:\/\/www.band-maid.fr\/"},{"@type":"ListItem","position":2,"name":"WORLD DOMINATION TOUR at LINE CUBE SHIBUYA"}]},{"@type":"WebSite","@id":"https:\/\/www.band-maid.fr\/#website","url":"https:\/\/www.band-maid.fr\/","name":"BAND-MAID","description":"WORLD DOMINATION","publisher":{"@id":"https:\/\/www.band-maid.fr\/#organization"},"potentialAction":[{"@type":"SearchAction","target":{"@type":"EntryPoint","urlTemplate":"https:\/\/www.band-maid.fr\/?s={search_term_string}"},"query-input":{"@type":"PropertyValueSpecification","valueRequired":true,"valueName":"search_term_string"}}],"inLanguage":"fr-FR"},{"@type":"Organization","@id":"https:\/\/www.band-maid.fr\/#organization","name":"BAND-MAID","url":"https:\/\/www.band-maid.fr\/","logo":{"@type":"ImageObject","inLanguage":"fr-FR","@id":"https:\/\/www.band-maid.fr\/#\/schema\/logo\/image\/","url":"http:\/\/wglgkdc.cluster121.hosting.ovh.net\/wp-content\/uploads\/2026\/01\/logo_band-maid_b.png","contentUrl":"http:\/\/wglgkdc.cluster121.hosting.ovh.net\/wp-content\/uploads\/2026\/01\/logo_band-maid_b.png","width":540,"height":93,"caption":"BAND-MAID"},"image":{"@id":"https:\/\/www.band-maid.fr\/#\/schema\/logo\/image\/"},"sameAs":["https:\/\/www.facebook.com\/bandmaid","https:\/\/x.com\/bandmaid","https:\/\/www.instagram.com\/bandmaid.jp\/","https:\/\/www.youtube.com\/channel\/UCJToUvYrmkmTCR-bluEaQfA","https:\/\/www.tiktok.com\/@bandmaid_int"]}]}},"coauthors":[],"author_meta":{"author_link":"https:\/\/www.band-maid.fr\/index.php\/author\/admin8693\/","display_name":"LJB"},"relative_dates":{"created":"Publi\u00e9 4 mois il y a","modified":"Mis \u00e0 jour 4 mois il y a"},"absolute_dates":{"created":"Publi\u00e9 le 03\/01\/2026","modified":"Mise \u00e0 jour le 08\/01\/2026"},"absolute_dates_time":{"created":"Publi\u00e9 le 03\/01\/2026 19h17","modified":"Mise \u00e0 jour le 08\/01\/2026 17h43"},"featured_img_caption":"Created with GIMP","featured_img":"https:\/\/www.band-maid.fr\/wp-content\/uploads\/2026\/01\/bandeau-2020-World-Domination-Tour.jpg","series_order":"","featured_media_urls":{"thumbnail":["https:\/\/www.band-maid.fr\/wp-content\/uploads\/2026\/01\/bandeau-2020-World-Domination-Tour-150x150.jpg",150,150,true],"medium":["https:\/\/www.band-maid.fr\/wp-content\/uploads\/2026\/01\/bandeau-2020-World-Domination-Tour-300x54.jpg",300,54,true],"medium_large":["https:\/\/www.band-maid.fr\/wp-content\/uploads\/2026\/01\/bandeau-2020-World-Domination-Tour.jpg",768,138,false],"large":["https:\/\/www.band-maid.fr\/wp-content\/uploads\/2026\/01\/bandeau-2020-World-Domination-Tour-1024x183.jpg",950,170,true],"1536x1536":["https:\/\/www.band-maid.fr\/wp-content\/uploads\/2026\/01\/bandeau-2020-World-Domination-Tour.jpg",1200,215,false],"2048x2048":["https:\/\/www.band-maid.fr\/wp-content\/uploads\/2026\/01\/bandeau-2020-World-Domination-Tour.jpg",1200,215,false],"inspiro-featured-image":["https:\/\/www.band-maid.fr\/wp-content\/uploads\/2026\/01\/bandeau-2020-World-Domination-Tour.jpg",1200,215,false],"inspiro-loop":["https:\/\/www.band-maid.fr\/wp-content\/uploads\/2026\/01\/bandeau-2020-World-Domination-Tour-950x215.jpg",950,215,true],"inspiro-loop@2x":["https:\/\/www.band-maid.fr\/wp-content\/uploads\/2026\/01\/bandeau-2020-World-Domination-Tour.jpg",1200,215,false],"portfolio_item-thumbnail":["https:\/\/www.band-maid.fr\/wp-content\/uploads\/2026\/01\/bandeau-2020-World-Domination-Tour-600x215.jpg",600,215,true],"portfolio_item-thumbnail@2x":["https:\/\/www.band-maid.fr\/wp-content\/uploads\/2026\/01\/bandeau-2020-World-Domination-Tour.jpg",1200,215,false],"portfolio_item-masonry":["https:\/\/www.band-maid.fr\/wp-content\/uploads\/2026\/01\/bandeau-2020-World-Domination-Tour-600x108.jpg",600,108,true],"portfolio_item-masonry@2x":["https:\/\/www.band-maid.fr\/wp-content\/uploads\/2026\/01\/bandeau-2020-World-Domination-Tour.jpg",1200,215,false],"portfolio_item-thumbnail_cinema":["https:\/\/www.band-maid.fr\/wp-content\/uploads\/2026\/01\/bandeau-2020-World-Domination-Tour-800x215.jpg",800,215,true],"portfolio_item-thumbnail_portrait":["https:\/\/www.band-maid.fr\/wp-content\/uploads\/2026\/01\/bandeau-2020-World-Domination-Tour-600x215.jpg",600,215,true],"portfolio_item-thumbnail_portrait@2x":["https:\/\/www.band-maid.fr\/wp-content\/uploads\/2026\/01\/bandeau-2020-World-Domination-Tour.jpg",1200,215,false],"portfolio_item-thumbnail_square":["https:\/\/www.band-maid.fr\/wp-content\/uploads\/2026\/01\/bandeau-2020-World-Domination-Tour-800x215.jpg",800,215,true]},"_links":{"self":[{"href":"https:\/\/www.band-maid.fr\/index.php\/wp-json\/wp\/v2\/pages\/7379","targetHints":{"allow":["GET"]}}],"collection":[{"href":"https:\/\/www.band-maid.fr\/index.php\/wp-json\/wp\/v2\/pages"}],"about":[{"href":"https:\/\/www.band-maid.fr\/index.php\/wp-json\/wp\/v2\/types\/page"}],"author":[{"embeddable":true,"href":"https:\/\/www.band-maid.fr\/index.php\/wp-json\/wp\/v2\/users\/1"}],"replies":[{"embeddable":true,"href":"https:\/\/www.band-maid.fr\/index.php\/wp-json\/wp\/v2\/comments?post=7379"}],"version-history":[{"count":4,"href":"https:\/\/www.band-maid.fr\/index.php\/wp-json\/wp\/v2\/pages\/7379\/revisions"}],"predecessor-version":[{"id":7633,"href":"https:\/\/www.band-maid.fr\/index.php\/wp-json\/wp\/v2\/pages\/7379\/revisions\/7633"}],"wp:featuredmedia":[{"embeddable":true,"href":"https:\/\/www.band-maid.fr\/index.php\/wp-json\/wp\/v2\/media\/7380"}],"wp:attachment":[{"href":"https:\/\/www.band-maid.fr\/index.php\/wp-json\/wp\/v2\/media?parent=7379"}],"curies":[{"name":"wp","href":"https:\/\/api.w.org\/{rel}","templated":true}]}}