{"id":7365,"date":"2026-01-03T18:24:04","date_gmt":"2026-01-03T18:24:04","guid":{"rendered":"http:\/\/wglgkdc.cluster121.hosting.ovh.net\/?page_id=7365"},"modified":"2026-04-09T21:43:49","modified_gmt":"2026-04-09T21:43:49","slug":"protect-you","status":"publish","type":"page","link":"https:\/\/www.band-maid.fr\/index.php\/protect-you\/","title":{"rendered":"Protect You"},"content":{"rendered":"\n<figure class=\"wp-block-image aligncenter size-large\"><img fetchpriority=\"high\" decoding=\"async\" width=\"1024\" height=\"78\" src=\"https:\/\/www.band-maid.fr\/wp-content\/uploads\/2026\/02\/bande-noire-1024x78.jpg\" alt=\"\" class=\"wp-image-8482\" srcset=\"https:\/\/www.band-maid.fr\/wp-content\/uploads\/2026\/02\/bande-noire-1024x78.jpg 1024w, https:\/\/www.band-maid.fr\/wp-content\/uploads\/2026\/02\/bande-noire-300x23.jpg 300w, https:\/\/www.band-maid.fr\/wp-content\/uploads\/2026\/02\/bande-noire.jpg 1280w\" sizes=\"(max-width: 1024px) 100vw, 1024px\" \/><\/figure>\n\n\n\n<div class=\"wp-block-advgb-columns advgb-columns-wrapper\" id=\"advgb-cols-bcf0ad03-5ac4-45d6-b097-e8d106f6bbad\"><div class=\"advgb-columns-container\"><div class=\"advgb-columns advgb-columns-row advgb-is-mobile advgb-columns-2 layout-14-34 mbl-layout-stacked vgutter-10\">\n<div class=\"wp-block-advgb-column advgb-column\" id=\"advgb-col-f61492f0-d9dd-4c47-b6f7-84e7c080b3f0\"><div class=\"advgb-column-inner\" style=\"border-style:none;border-width:1px\">\n<figure class=\"wp-block-image size-full\"><img decoding=\"async\" width=\"300\" height=\"300\" src=\"https:\/\/band-maid.fr\/wp-content\/uploads\/2026\/01\/2024-06-21-Protect-You-pochette-e1767377651586.jpg\" alt=\"\" class=\"wp-image-7035\"\/><\/figure>\n<\/div><\/div>\n\n\n\n<div class=\"wp-block-advgb-column advgb-column\" id=\"advgb-col-f9365e78-77a9-4d64-8d5c-545fd17a9e67\"><div class=\"advgb-column-inner\" style=\"border-style:none;border-width:1px\">\n<div class=\"wp-block-advgb-columns advgb-columns-wrapper\" id=\"advgb-cols-3f9d9b75-1dd8-4895-bdd4-52b419f893d1\"><div class=\"advgb-columns-container\"><div class=\"advgb-columns advgb-columns-row advgb-is-mobile advgb-columns-2 layout-15-45 mbl-layout-stacked vgutter-10\">\n<div class=\"wp-block-advgb-column advgb-column\" id=\"advgb-col-e18a7aa6-ab08-46ff-bfa5-4dc499f4c9ba\"><div class=\"advgb-column-inner\" style=\"border-style:none;border-width:1px\"><\/div><\/div>\n\n\n\n<div class=\"wp-block-advgb-column advgb-column\" id=\"advgb-col-650edd67-8b08-4650-9339-5e7f6612222b\"><div class=\"advgb-column-inner\" style=\"border-style:none;border-width:1px\">\n<p>Sortie : 5 juillet 2024<\/p>\n\n\n\n<p>Dur\u00e9e : 03:17<\/p>\n\n\n\n<p>Label : Pony Canyon<\/p>\n<\/div><\/div>\n<\/div><\/div><\/div>\n<\/div><\/div>\n<\/div><\/div><\/div>\n\n\n\n<p id=\"block-98b996fe-1c4e-4ebe-b014-e983888f5e23\"><\/p>\n\n\n\n<figure class=\"wp-block-image aligncenter size-large\"><img fetchpriority=\"high\" decoding=\"async\" width=\"1024\" height=\"78\" src=\"https:\/\/www.band-maid.fr\/wp-content\/uploads\/2026\/02\/bande-noire-1024x78.jpg\" alt=\"\" class=\"wp-image-8482\" srcset=\"https:\/\/www.band-maid.fr\/wp-content\/uploads\/2026\/02\/bande-noire-1024x78.jpg 1024w, https:\/\/www.band-maid.fr\/wp-content\/uploads\/2026\/02\/bande-noire-300x23.jpg 300w, https:\/\/www.band-maid.fr\/wp-content\/uploads\/2026\/02\/bande-noire.jpg 1280w\" sizes=\"(max-width: 1024px) 100vw, 1024px\" \/><\/figure>\n\n\n\n<p id=\"block-98b996fe-1c4e-4ebe-b014-e983888f5e23\"><\/p>\n\n\n\n<table class=\"wp-block-advgb-table advgb-table-frontend is-style-regular\"><tbody><tr><td>\ufeff<\/td><td>Titres<\/td><td>Paroles<\/td><td>Musique<\/td><td>Dur\u00e9e<\/td><\/tr><tr><td>1.<\/td><td><strong><a href=\"https:\/\/www.band-maid.fr\/index.php\/protect-you-2\/\">Protect You<\/a><\/strong><\/td><td>Miku Kobato<\/td><td>Band-Maid<\/td><td>03:17<\/td><\/tr><\/tbody><\/table>\n\n\n\n<p><\/p>\n\n\n\n<figure class=\"wp-block-image aligncenter size-large\"><img fetchpriority=\"high\" decoding=\"async\" width=\"1024\" height=\"78\" src=\"https:\/\/www.band-maid.fr\/wp-content\/uploads\/2026\/02\/bande-noire-1024x78.jpg\" alt=\"\" class=\"wp-image-8482\" srcset=\"https:\/\/www.band-maid.fr\/wp-content\/uploads\/2026\/02\/bande-noire-1024x78.jpg 1024w, https:\/\/www.band-maid.fr\/wp-content\/uploads\/2026\/02\/bande-noire-300x23.jpg 300w, https:\/\/www.band-maid.fr\/wp-content\/uploads\/2026\/02\/bande-noire.jpg 1280w\" sizes=\"(max-width: 1024px) 100vw, 1024px\" \/><\/figure>\n\n\n\n<p id=\"block-e5fb0450-ead5-4293-9150-347313c2719f\"><\/p>\n\n\n\n<h2 class=\"wp-block-heading\">BAND-MAID<\/h2>\n\n\n\n<ul class=\"wp-block-list\">\n<li><strong>Saiki Atsumi <\/strong>\u2013 chant<\/li>\n\n\n\n<li><strong>Miku Kobato<\/strong> \u2013 guitare rythmique, ch\u0153urs, chant<\/li>\n\n\n\n<li><strong>Kanami T\u014dno<\/strong> \u2013 guitare solo<\/li>\n\n\n\n<li><strong>Misa<\/strong> \u2013 basse<\/li>\n\n\n\n<li><strong>Akane Hirose<\/strong> \u2013 batterie<\/li>\n<\/ul>\n\n\n\n<figure class=\"wp-block-image aligncenter size-large\"><img fetchpriority=\"high\" decoding=\"async\" width=\"1024\" height=\"78\" src=\"https:\/\/www.band-maid.fr\/wp-content\/uploads\/2026\/02\/bande-noire-1024x78.jpg\" alt=\"\" class=\"wp-image-8482\" srcset=\"https:\/\/www.band-maid.fr\/wp-content\/uploads\/2026\/02\/bande-noire-1024x78.jpg 1024w, https:\/\/www.band-maid.fr\/wp-content\/uploads\/2026\/02\/bande-noire-300x23.jpg 300w, https:\/\/www.band-maid.fr\/wp-content\/uploads\/2026\/02\/bande-noire.jpg 1280w\" sizes=\"(max-width: 1024px) 100vw, 1024px\" \/><\/figure>\n\n\n\n<figure class=\"wp-block-embed is-type-video is-provider-youtube wp-block-embed-youtube wp-embed-aspect-16-9 wp-has-aspect-ratio\"><div class=\"wp-block-embed__wrapper\">\n<iframe title=\"BAND-MAID \/ Protect You (Official Music Video)\" width=\"950\" height=\"534\" src=\"https:\/\/www.youtube.com\/embed\/knnw6Mri9gc?feature=oembed\" frameborder=\"0\" allow=\"accelerometer; autoplay; clipboard-write; encrypted-media; gyroscope; picture-in-picture; web-share\" referrerpolicy=\"strict-origin-when-cross-origin\" allowfullscreen><\/iframe>\n<\/div><\/figure>\n\n\n\n<p>Lien direct sur la page YouTube officielle de Band-Maid.<\/p>\n\n\n\n<figure class=\"wp-block-image aligncenter size-large\"><img fetchpriority=\"high\" decoding=\"async\" width=\"1024\" height=\"78\" src=\"https:\/\/www.band-maid.fr\/wp-content\/uploads\/2026\/02\/bande-noire-1024x78.jpg\" alt=\"\" class=\"wp-image-8482\" srcset=\"https:\/\/www.band-maid.fr\/wp-content\/uploads\/2026\/02\/bande-noire-1024x78.jpg 1024w, https:\/\/www.band-maid.fr\/wp-content\/uploads\/2026\/02\/bande-noire-300x23.jpg 300w, https:\/\/www.band-maid.fr\/wp-content\/uploads\/2026\/02\/bande-noire.jpg 1280w\" sizes=\"(max-width: 1024px) 100vw, 1024px\" \/><\/figure>\n<style class=\"advgb-styles-renderer\">#advgb-col-f61492f0-d9dd-4c47-b6f7-84e7c080b3f0>.advgb-column-inner{}@media screen and (max-width: 1023px) {#advgb-col-f61492f0-d9dd-4c47-b6f7-84e7c080b3f0>.advgb-column-inner{}}@media screen and (max-width: 767px) {#advgb-col-f61492f0-d9dd-4c47-b6f7-84e7c080b3f0>.advgb-column-inner{}}#advgb-col-e18a7aa6-ab08-46ff-bfa5-4dc499f4c9ba>.advgb-column-inner{}@media screen and (max-width: 1023px) {#advgb-col-e18a7aa6-ab08-46ff-bfa5-4dc499f4c9ba>.advgb-column-inner{}}@media screen and (max-width: 767px) {#advgb-col-e18a7aa6-ab08-46ff-bfa5-4dc499f4c9ba>.advgb-column-inner{}}#advgb-col-650edd67-8b08-4650-9339-5e7f6612222b>.advgb-column-inner{}@media screen and (max-width: 1023px) {#advgb-col-650edd67-8b08-4650-9339-5e7f6612222b>.advgb-column-inner{}}@media screen and (max-width: 767px) {#advgb-col-650edd67-8b08-4650-9339-5e7f6612222b>.advgb-column-inner{}}#advgb-cols-3f9d9b75-1dd8-4895-bdd4-52b419f893d1{}@media screen and (max-width: 1023px) {#advgb-cols-3f9d9b75-1dd8-4895-bdd4-52b419f893d1{}}@media screen and (max-width: 767px) {#advgb-cols-3f9d9b75-1dd8-4895-bdd4-52b419f893d1{}}#advgb-col-e18a7aa6-ab08-46ff-bfa5-4dc499f4c9ba>.advgb-column-inner{}@media screen and (max-width: 1023px) {#advgb-col-e18a7aa6-ab08-46ff-bfa5-4dc499f4c9ba>.advgb-column-inner{}}@media screen and (max-width: 767px) {#advgb-col-e18a7aa6-ab08-46ff-bfa5-4dc499f4c9ba>.advgb-column-inner{}}#advgb-col-650edd67-8b08-4650-9339-5e7f6612222b>.advgb-column-inner{}@media screen and (max-width: 1023px) {#advgb-col-650edd67-8b08-4650-9339-5e7f6612222b>.advgb-column-inner{}}@media screen and (max-width: 767px) {#advgb-col-650edd67-8b08-4650-9339-5e7f6612222b>.advgb-column-inner{}}#advgb-col-f9365e78-77a9-4d64-8d5c-545fd17a9e67>.advgb-column-inner{}@media screen and (max-width: 1023px) {#advgb-col-f9365e78-77a9-4d64-8d5c-545fd17a9e67>.advgb-column-inner{}}@media screen and (max-width: 767px) {#advgb-col-f9365e78-77a9-4d64-8d5c-545fd17a9e67>.advgb-column-inner{}}#advgb-cols-3f9d9b75-1dd8-4895-bdd4-52b419f893d1{}@media screen and (max-width: 1023px) {#advgb-cols-3f9d9b75-1dd8-4895-bdd4-52b419f893d1{}}@media screen and (max-width: 767px) {#advgb-cols-3f9d9b75-1dd8-4895-bdd4-52b419f893d1{}}#advgb-col-e18a7aa6-ab08-46ff-bfa5-4dc499f4c9ba>.advgb-column-inner{}@media screen and (max-width: 1023px) {#advgb-col-e18a7aa6-ab08-46ff-bfa5-4dc499f4c9ba>.advgb-column-inner{}}@media screen and (max-width: 767px) {#advgb-col-e18a7aa6-ab08-46ff-bfa5-4dc499f4c9ba>.advgb-column-inner{}}#advgb-col-650edd67-8b08-4650-9339-5e7f6612222b>.advgb-column-inner{}@media screen and (max-width: 1023px) {#advgb-col-650edd67-8b08-4650-9339-5e7f6612222b>.advgb-column-inner{}}@media screen and (max-width: 767px) {#advgb-col-650edd67-8b08-4650-9339-5e7f6612222b>.advgb-column-inner{}}#advgb-cols-bcf0ad03-5ac4-45d6-b097-e8d106f6bbad{}@media screen and (max-width: 1023px) {#advgb-cols-bcf0ad03-5ac4-45d6-b097-e8d106f6bbad{}}@media screen and (max-width: 767px) {#advgb-cols-bcf0ad03-5ac4-45d6-b097-e8d106f6bbad{}}#advgb-col-f61492f0-d9dd-4c47-b6f7-84e7c080b3f0>.advgb-column-inner{}@media screen and (max-width: 1023px) {#advgb-col-f61492f0-d9dd-4c47-b6f7-84e7c080b3f0>.advgb-column-inner{}}@media screen and (max-width: 767px) {#advgb-col-f61492f0-d9dd-4c47-b6f7-84e7c080b3f0>.advgb-column-inner{}}#advgb-col-f9365e78-77a9-4d64-8d5c-545fd17a9e67>.advgb-column-inner{}@media screen and (max-width: 1023px) {#advgb-col-f9365e78-77a9-4d64-8d5c-545fd17a9e67>.advgb-column-inner{}}@media screen and (max-width: 767px) {#advgb-col-f9365e78-77a9-4d64-8d5c-545fd17a9e67>.advgb-column-inner{}}#advgb-cols-3f9d9b75-1dd8-4895-bdd4-52b419f893d1{}@media screen and (max-width: 1023px) {#advgb-cols-3f9d9b75-1dd8-4895-bdd4-52b419f893d1{}}@media screen and (max-width: 767px) {#advgb-cols-3f9d9b75-1dd8-4895-bdd4-52b419f893d1{}}#advgb-col-e18a7aa6-ab08-46ff-bfa5-4dc499f4c9ba>.advgb-column-inner{}@media screen and (max-width: 1023px) {#advgb-col-e18a7aa6-ab08-46ff-bfa5-4dc499f4c9ba>.advgb-column-inner{}}@media screen and (max-width: 767px) {#advgb-col-e18a7aa6-ab08-46ff-bfa5-4dc499f4c9ba>.advgb-column-inner{}}#advgb-col-650edd67-8b08-4650-9339-5e7f6612222b>.advgb-column-inner{}@media screen and (max-width: 1023px) {#advgb-col-650edd67-8b08-4650-9339-5e7f6612222b>.advgb-column-inner{}}@media screen and (max-width: 767px) {#advgb-col-650edd67-8b08-4650-9339-5e7f6612222b>.advgb-column-inner{}}<\/style>","protected":false},"excerpt":{"rendered":"<p>BAND-MAID Lien direct sur la page YouTube officielle de Band-Maid.<\/p>\n","protected":false},"author":1,"featured_media":7366,"parent":0,"menu_order":0,"comment_status":"closed","ping_status":"closed","template":"","meta":{"advgb_blocks_editor_width":"","advgb_blocks_columns_visual_guide":"","footnotes":""},"class_list":["post-7365","page","type-page","status-publish","has-post-thumbnail","hentry"],"yoast_head":"<!-- This site is optimized with the Yoast SEO plugin v27.6 - https:\/\/yoast.com\/product\/yoast-seo-wordpress\/ -->\n<title>Protect You - BAND-MAID<\/title>\n<meta name=\"robots\" content=\"index, follow, max-snippet:-1, max-image-preview:large, max-video-preview:-1\" \/>\n<link rel=\"canonical\" href=\"https:\/\/www.band-maid.fr\/index.php\/protect-you\/\" \/>\n<meta property=\"og:locale\" content=\"fr_FR\" \/>\n<meta property=\"og:type\" content=\"article\" \/>\n<meta property=\"og:title\" content=\"Protect You - BAND-MAID\" \/>\n<meta property=\"og:description\" content=\"BAND-MAID Lien direct sur la page YouTube officielle de Band-Maid.\" \/>\n<meta property=\"og:url\" content=\"https:\/\/www.band-maid.fr\/index.php\/protect-you\/\" \/>\n<meta property=\"og:site_name\" content=\"BAND-MAID\" \/>\n<meta property=\"article:publisher\" content=\"https:\/\/www.facebook.com\/bandmaid\" \/>\n<meta property=\"article:modified_time\" content=\"2026-04-09T21:43:49+00:00\" \/>\n<meta property=\"og:image\" content=\"https:\/\/www.band-maid.fr\/wp-content\/uploads\/2026\/01\/bandeau-Protect-You.jpg\" \/>\n\t<meta property=\"og:image:width\" content=\"1200\" \/>\n\t<meta property=\"og:image:height\" content=\"215\" \/>\n\t<meta property=\"og:image:type\" content=\"image\/jpeg\" \/>\n<meta name=\"twitter:card\" content=\"summary_large_image\" \/>\n<meta name=\"twitter:site\" content=\"@bandmaid\" \/>\n<meta name=\"twitter:label1\" content=\"Dur\u00e9e de lecture estim\u00e9e\" \/>\n\t<meta name=\"twitter:data1\" content=\"2 minutes\" \/>\n<script type=\"application\/ld+json\" class=\"yoast-schema-graph\">{\"@context\":\"https:\\\/\\\/schema.org\",\"@graph\":[{\"@type\":\"WebPage\",\"@id\":\"https:\\\/\\\/www.band-maid.fr\\\/index.php\\\/protect-you\\\/\",\"url\":\"https:\\\/\\\/www.band-maid.fr\\\/index.php\\\/protect-you\\\/\",\"name\":\"Protect You - BAND-MAID\",\"isPartOf\":{\"@id\":\"https:\\\/\\\/www.band-maid.fr\\\/#website\"},\"primaryImageOfPage\":{\"@id\":\"https:\\\/\\\/www.band-maid.fr\\\/index.php\\\/protect-you\\\/#primaryimage\"},\"image\":{\"@id\":\"https:\\\/\\\/www.band-maid.fr\\\/index.php\\\/protect-you\\\/#primaryimage\"},\"thumbnailUrl\":\"https:\\\/\\\/www.band-maid.fr\\\/wp-content\\\/uploads\\\/2026\\\/01\\\/bandeau-Protect-You.jpg\",\"datePublished\":\"2026-01-03T18:24:04+00:00\",\"dateModified\":\"2026-04-09T21:43:49+00:00\",\"breadcrumb\":{\"@id\":\"https:\\\/\\\/www.band-maid.fr\\\/index.php\\\/protect-you\\\/#breadcrumb\"},\"inLanguage\":\"fr-FR\",\"potentialAction\":[{\"@type\":\"ReadAction\",\"target\":[\"https:\\\/\\\/www.band-maid.fr\\\/index.php\\\/protect-you\\\/\"]}]},{\"@type\":\"ImageObject\",\"inLanguage\":\"fr-FR\",\"@id\":\"https:\\\/\\\/www.band-maid.fr\\\/index.php\\\/protect-you\\\/#primaryimage\",\"url\":\"https:\\\/\\\/www.band-maid.fr\\\/wp-content\\\/uploads\\\/2026\\\/01\\\/bandeau-Protect-You.jpg\",\"contentUrl\":\"https:\\\/\\\/www.band-maid.fr\\\/wp-content\\\/uploads\\\/2026\\\/01\\\/bandeau-Protect-You.jpg\",\"width\":1200,\"height\":215,\"caption\":\"Created with GIMP\"},{\"@type\":\"BreadcrumbList\",\"@id\":\"https:\\\/\\\/www.band-maid.fr\\\/index.php\\\/protect-you\\\/#breadcrumb\",\"itemListElement\":[{\"@type\":\"ListItem\",\"position\":1,\"name\":\"Accueil\",\"item\":\"https:\\\/\\\/www.band-maid.fr\\\/\"},{\"@type\":\"ListItem\",\"position\":2,\"name\":\"Protect You\"}]},{\"@type\":\"WebSite\",\"@id\":\"https:\\\/\\\/www.band-maid.fr\\\/#website\",\"url\":\"https:\\\/\\\/www.band-maid.fr\\\/\",\"name\":\"BAND-MAID\",\"description\":\"WORLD DOMINATION\",\"publisher\":{\"@id\":\"https:\\\/\\\/www.band-maid.fr\\\/#organization\"},\"potentialAction\":[{\"@type\":\"SearchAction\",\"target\":{\"@type\":\"EntryPoint\",\"urlTemplate\":\"https:\\\/\\\/www.band-maid.fr\\\/?s={search_term_string}\"},\"query-input\":{\"@type\":\"PropertyValueSpecification\",\"valueRequired\":true,\"valueName\":\"search_term_string\"}}],\"inLanguage\":\"fr-FR\"},{\"@type\":\"Organization\",\"@id\":\"https:\\\/\\\/www.band-maid.fr\\\/#organization\",\"name\":\"BAND-MAID\",\"url\":\"https:\\\/\\\/www.band-maid.fr\\\/\",\"logo\":{\"@type\":\"ImageObject\",\"inLanguage\":\"fr-FR\",\"@id\":\"https:\\\/\\\/www.band-maid.fr\\\/#\\\/schema\\\/logo\\\/image\\\/\",\"url\":\"http:\\\/\\\/wglgkdc.cluster121.hosting.ovh.net\\\/wp-content\\\/uploads\\\/2026\\\/01\\\/logo_band-maid_b.png\",\"contentUrl\":\"http:\\\/\\\/wglgkdc.cluster121.hosting.ovh.net\\\/wp-content\\\/uploads\\\/2026\\\/01\\\/logo_band-maid_b.png\",\"width\":540,\"height\":93,\"caption\":\"BAND-MAID\"},\"image\":{\"@id\":\"https:\\\/\\\/www.band-maid.fr\\\/#\\\/schema\\\/logo\\\/image\\\/\"},\"sameAs\":[\"https:\\\/\\\/www.facebook.com\\\/bandmaid\",\"https:\\\/\\\/x.com\\\/bandmaid\",\"https:\\\/\\\/www.instagram.com\\\/bandmaid.jp\\\/\",\"https:\\\/\\\/www.youtube.com\\\/channel\\\/UCJToUvYrmkmTCR-bluEaQfA\",\"https:\\\/\\\/www.tiktok.com\\\/@bandmaid_int\"]}]}<\/script>\n<!-- \/ Yoast SEO plugin. -->","yoast_head_json":{"title":"Protect You - BAND-MAID","robots":{"index":"index","follow":"follow","max-snippet":"max-snippet:-1","max-image-preview":"max-image-preview:large","max-video-preview":"max-video-preview:-1"},"canonical":"https:\/\/www.band-maid.fr\/index.php\/protect-you\/","og_locale":"fr_FR","og_type":"article","og_title":"Protect You - BAND-MAID","og_description":"BAND-MAID Lien direct sur la page YouTube officielle de Band-Maid.","og_url":"https:\/\/www.band-maid.fr\/index.php\/protect-you\/","og_site_name":"BAND-MAID","article_publisher":"https:\/\/www.facebook.com\/bandmaid","article_modified_time":"2026-04-09T21:43:49+00:00","og_image":[{"width":1200,"height":215,"url":"https:\/\/www.band-maid.fr\/wp-content\/uploads\/2026\/01\/bandeau-Protect-You.jpg","type":"image\/jpeg"}],"twitter_card":"summary_large_image","twitter_site":"@bandmaid","twitter_misc":{"Dur\u00e9e de lecture estim\u00e9e":"2 minutes"},"schema":{"@context":"https:\/\/schema.org","@graph":[{"@type":"WebPage","@id":"https:\/\/www.band-maid.fr\/index.php\/protect-you\/","url":"https:\/\/www.band-maid.fr\/index.php\/protect-you\/","name":"Protect You - BAND-MAID","isPartOf":{"@id":"https:\/\/www.band-maid.fr\/#website"},"primaryImageOfPage":{"@id":"https:\/\/www.band-maid.fr\/index.php\/protect-you\/#primaryimage"},"image":{"@id":"https:\/\/www.band-maid.fr\/index.php\/protect-you\/#primaryimage"},"thumbnailUrl":"https:\/\/www.band-maid.fr\/wp-content\/uploads\/2026\/01\/bandeau-Protect-You.jpg","datePublished":"2026-01-03T18:24:04+00:00","dateModified":"2026-04-09T21:43:49+00:00","breadcrumb":{"@id":"https:\/\/www.band-maid.fr\/index.php\/protect-you\/#breadcrumb"},"inLanguage":"fr-FR","potentialAction":[{"@type":"ReadAction","target":["https:\/\/www.band-maid.fr\/index.php\/protect-you\/"]}]},{"@type":"ImageObject","inLanguage":"fr-FR","@id":"https:\/\/www.band-maid.fr\/index.php\/protect-you\/#primaryimage","url":"https:\/\/www.band-maid.fr\/wp-content\/uploads\/2026\/01\/bandeau-Protect-You.jpg","contentUrl":"https:\/\/www.band-maid.fr\/wp-content\/uploads\/2026\/01\/bandeau-Protect-You.jpg","width":1200,"height":215,"caption":"Created with GIMP"},{"@type":"BreadcrumbList","@id":"https:\/\/www.band-maid.fr\/index.php\/protect-you\/#breadcrumb","itemListElement":[{"@type":"ListItem","position":1,"name":"Accueil","item":"https:\/\/www.band-maid.fr\/"},{"@type":"ListItem","position":2,"name":"Protect You"}]},{"@type":"WebSite","@id":"https:\/\/www.band-maid.fr\/#website","url":"https:\/\/www.band-maid.fr\/","name":"BAND-MAID","description":"WORLD DOMINATION","publisher":{"@id":"https:\/\/www.band-maid.fr\/#organization"},"potentialAction":[{"@type":"SearchAction","target":{"@type":"EntryPoint","urlTemplate":"https:\/\/www.band-maid.fr\/?s={search_term_string}"},"query-input":{"@type":"PropertyValueSpecification","valueRequired":true,"valueName":"search_term_string"}}],"inLanguage":"fr-FR"},{"@type":"Organization","@id":"https:\/\/www.band-maid.fr\/#organization","name":"BAND-MAID","url":"https:\/\/www.band-maid.fr\/","logo":{"@type":"ImageObject","inLanguage":"fr-FR","@id":"https:\/\/www.band-maid.fr\/#\/schema\/logo\/image\/","url":"http:\/\/wglgkdc.cluster121.hosting.ovh.net\/wp-content\/uploads\/2026\/01\/logo_band-maid_b.png","contentUrl":"http:\/\/wglgkdc.cluster121.hosting.ovh.net\/wp-content\/uploads\/2026\/01\/logo_band-maid_b.png","width":540,"height":93,"caption":"BAND-MAID"},"image":{"@id":"https:\/\/www.band-maid.fr\/#\/schema\/logo\/image\/"},"sameAs":["https:\/\/www.facebook.com\/bandmaid","https:\/\/x.com\/bandmaid","https:\/\/www.instagram.com\/bandmaid.jp\/","https:\/\/www.youtube.com\/channel\/UCJToUvYrmkmTCR-bluEaQfA","https:\/\/www.tiktok.com\/@bandmaid_int"]}]}},"coauthors":[],"author_meta":{"author_link":"https:\/\/www.band-maid.fr\/index.php\/author\/admin8693\/","display_name":"LJB"},"relative_dates":{"created":"Publi\u00e9 4 mois il y a","modified":"Mis \u00e0 jour 1 mois il y a"},"absolute_dates":{"created":"Publi\u00e9 le 03\/01\/2026","modified":"Mise \u00e0 jour le 09\/04\/2026"},"absolute_dates_time":{"created":"Publi\u00e9 le 03\/01\/2026 18h24","modified":"Mise \u00e0 jour le 09\/04\/2026 21h43"},"featured_img_caption":"Created with GIMP","featured_img":"https:\/\/www.band-maid.fr\/wp-content\/uploads\/2026\/01\/bandeau-Protect-You.jpg","series_order":"","featured_media_urls":{"thumbnail":["https:\/\/www.band-maid.fr\/wp-content\/uploads\/2026\/01\/bandeau-Protect-You-150x150.jpg",150,150,true],"medium":["https:\/\/www.band-maid.fr\/wp-content\/uploads\/2026\/01\/bandeau-Protect-You-300x54.jpg",300,54,true],"medium_large":["https:\/\/www.band-maid.fr\/wp-content\/uploads\/2026\/01\/bandeau-Protect-You.jpg",768,138,false],"large":["https:\/\/www.band-maid.fr\/wp-content\/uploads\/2026\/01\/bandeau-Protect-You-1024x183.jpg",950,170,true],"1536x1536":["https:\/\/www.band-maid.fr\/wp-content\/uploads\/2026\/01\/bandeau-Protect-You.jpg",1200,215,false],"2048x2048":["https:\/\/www.band-maid.fr\/wp-content\/uploads\/2026\/01\/bandeau-Protect-You.jpg",1200,215,false],"inspiro-featured-image":["https:\/\/www.band-maid.fr\/wp-content\/uploads\/2026\/01\/bandeau-Protect-You.jpg",1200,215,false],"inspiro-loop":["https:\/\/www.band-maid.fr\/wp-content\/uploads\/2026\/01\/bandeau-Protect-You-950x215.jpg",950,215,true],"inspiro-loop@2x":["https:\/\/www.band-maid.fr\/wp-content\/uploads\/2026\/01\/bandeau-Protect-You.jpg",1200,215,false],"portfolio_item-thumbnail":["https:\/\/www.band-maid.fr\/wp-content\/uploads\/2026\/01\/bandeau-Protect-You-600x215.jpg",600,215,true],"portfolio_item-thumbnail@2x":["https:\/\/www.band-maid.fr\/wp-content\/uploads\/2026\/01\/bandeau-Protect-You.jpg",1200,215,false],"portfolio_item-masonry":["https:\/\/www.band-maid.fr\/wp-content\/uploads\/2026\/01\/bandeau-Protect-You-600x108.jpg",600,108,true],"portfolio_item-masonry@2x":["https:\/\/www.band-maid.fr\/wp-content\/uploads\/2026\/01\/bandeau-Protect-You.jpg",1200,215,false],"portfolio_item-thumbnail_cinema":["https:\/\/www.band-maid.fr\/wp-content\/uploads\/2026\/01\/bandeau-Protect-You-800x215.jpg",800,215,true],"portfolio_item-thumbnail_portrait":["https:\/\/www.band-maid.fr\/wp-content\/uploads\/2026\/01\/bandeau-Protect-You-600x215.jpg",600,215,true],"portfolio_item-thumbnail_portrait@2x":["https:\/\/www.band-maid.fr\/wp-content\/uploads\/2026\/01\/bandeau-Protect-You.jpg",1200,215,false],"portfolio_item-thumbnail_square":["https:\/\/www.band-maid.fr\/wp-content\/uploads\/2026\/01\/bandeau-Protect-You-800x215.jpg",800,215,true]},"_links":{"self":[{"href":"https:\/\/www.band-maid.fr\/index.php\/wp-json\/wp\/v2\/pages\/7365","targetHints":{"allow":["GET"]}}],"collection":[{"href":"https:\/\/www.band-maid.fr\/index.php\/wp-json\/wp\/v2\/pages"}],"about":[{"href":"https:\/\/www.band-maid.fr\/index.php\/wp-json\/wp\/v2\/types\/page"}],"author":[{"embeddable":true,"href":"https:\/\/www.band-maid.fr\/index.php\/wp-json\/wp\/v2\/users\/1"}],"replies":[{"embeddable":true,"href":"https:\/\/www.band-maid.fr\/index.php\/wp-json\/wp\/v2\/comments?post=7365"}],"version-history":[{"count":3,"href":"https:\/\/www.band-maid.fr\/index.php\/wp-json\/wp\/v2\/pages\/7365\/revisions"}],"predecessor-version":[{"id":9737,"href":"https:\/\/www.band-maid.fr\/index.php\/wp-json\/wp\/v2\/pages\/7365\/revisions\/9737"}],"wp:featuredmedia":[{"embeddable":true,"href":"https:\/\/www.band-maid.fr\/index.php\/wp-json\/wp\/v2\/media\/7366"}],"wp:attachment":[{"href":"https:\/\/www.band-maid.fr\/index.php\/wp-json\/wp\/v2\/media?parent=7365"}],"curies":[{"name":"wp","href":"https:\/\/api.w.org\/{rel}","templated":true}]}}