{"id":7256,"date":"2026-01-03T10:39:19","date_gmt":"2026-01-03T10:39:19","guid":{"rendered":"http:\/\/wglgkdc.cluster121.hosting.ovh.net\/?page_id=7256"},"modified":"2026-04-02T14:37:23","modified_gmt":"2026-04-02T14:37:23","slug":"unleash","status":"publish","type":"page","link":"https:\/\/www.band-maid.fr\/index.php\/unleash\/","title":{"rendered":"UNLEASH"},"content":{"rendered":"\n<p><\/p>\n\n\n\n<figure class=\"wp-block-image aligncenter size-large\"><img fetchpriority=\"high\" decoding=\"async\" width=\"1024\" height=\"78\" src=\"https:\/\/www.band-maid.fr\/wp-content\/uploads\/2026\/02\/bande-noire-1024x78.jpg\" alt=\"\" class=\"wp-image-8482\" srcset=\"https:\/\/www.band-maid.fr\/wp-content\/uploads\/2026\/02\/bande-noire-1024x78.jpg 1024w, https:\/\/www.band-maid.fr\/wp-content\/uploads\/2026\/02\/bande-noire-300x23.jpg 300w, https:\/\/www.band-maid.fr\/wp-content\/uploads\/2026\/02\/bande-noire.jpg 1280w\" sizes=\"(max-width: 1024px) 100vw, 1024px\" \/><\/figure>\n\n\n\n<div class=\"wp-block-advgb-columns advgb-columns-wrapper\" id=\"advgb-cols-d0722d66-5df0-4a5f-a65c-35a682e3c197\"><div class=\"advgb-columns-container\"><div class=\"advgb-columns advgb-columns-row advgb-is-mobile advgb-columns-2 layout-14-34 mbl-layout-stacked vgutter-10\">\n<div class=\"wp-block-advgb-column advgb-column\" id=\"advgb-col-a34f3327-b395-4eae-9142-af72adb992cd\"><div class=\"advgb-column-inner\" style=\"border-style:none;border-width:1px\">\n<figure class=\"wp-block-image size-full\"><img decoding=\"async\" width=\"300\" height=\"300\" src=\"https:\/\/band-maid.fr\/wp-content\/uploads\/2026\/01\/Unleash-e1767379355544.jpg\" alt=\"\" class=\"wp-image-6990\"\/><\/figure>\n<\/div><\/div>\n\n\n\n<div class=\"wp-block-advgb-column advgb-column\" id=\"advgb-col-f95d7963-362e-4fff-aabd-3ff74c4c6172\"><div class=\"advgb-column-inner\" style=\"border-style:none;border-width:1px\">\n<div class=\"wp-block-advgb-columns advgb-columns-wrapper\" id=\"advgb-cols-4bdeda27-e0d5-492a-8ce0-864c6c0f04bb\"><div class=\"advgb-columns-container\"><div class=\"advgb-columns advgb-columns-row advgb-is-mobile advgb-columns-2 layout-15-45 mbl-layout-stacked vgutter-10\">\n<div class=\"wp-block-advgb-column advgb-column\" id=\"advgb-col-8147d165-e26c-44c5-8987-6f110f620dca\"><div class=\"advgb-column-inner\" style=\"border-style:none;border-width:1px\"><\/div><\/div>\n\n\n\n<div class=\"wp-block-advgb-column advgb-column\" id=\"advgb-col-8d459156-6e9f-4c06-a18f-5cd3951908f6\"><div class=\"advgb-column-inner\" style=\"border-style:none;border-width:1px\">\n<p>Sortie : 21 septembre 2022<\/p>\n\n\n\n<p>Enregistrement : 2021-2022<\/p>\n\n\n\n<p>Dur\u00e9e : 28:33<\/p>\n\n\n\n<p>Label : Pony Canyon<\/p>\n<\/div><\/div>\n<\/div><\/div><\/div>\n<\/div><\/div>\n<\/div><\/div><\/div>\n\n\n\n<p id=\"block-98b996fe-1c4e-4ebe-b014-e983888f5e23\"><\/p>\n\n\n\n<figure class=\"wp-block-image aligncenter size-large\"><img fetchpriority=\"high\" decoding=\"async\" width=\"1024\" height=\"78\" src=\"https:\/\/www.band-maid.fr\/wp-content\/uploads\/2026\/02\/bande-noire-1024x78.jpg\" alt=\"\" class=\"wp-image-8482\" srcset=\"https:\/\/www.band-maid.fr\/wp-content\/uploads\/2026\/02\/bande-noire-1024x78.jpg 1024w, https:\/\/www.band-maid.fr\/wp-content\/uploads\/2026\/02\/bande-noire-300x23.jpg 300w, https:\/\/www.band-maid.fr\/wp-content\/uploads\/2026\/02\/bande-noire.jpg 1280w\" sizes=\"(max-width: 1024px) 100vw, 1024px\" \/><\/figure>\n\n\n\n<p id=\"block-98b996fe-1c4e-4ebe-b014-e983888f5e23\"><\/p>\n\n\n\n<table class=\"wp-block-advgb-table advgb-table-frontend is-style-regular\"><tbody><tr><td>\ufeff<\/td><td>Titres<\/td><td>Paroles<\/td><td>Musique<\/td><td>Dur\u00e9e<\/td><\/tr><tr><td>1.<\/td><td><strong><a href=\"https:\/\/www.band-maid.fr\/index.php\/from-now-on\/\">From Now On<\/a><\/strong><\/td><td><\/td><td>Band-Maid<\/td><td>03:46<\/td><\/tr><tr><td>2.<\/td><td><strong><strong><a href=\"https:\/\/www.band-maid.fr\/index.php\/balance\/\">Balance<\/a><\/strong><\/strong><\/td><td>Miku Kobato<\/td><td>Band-Maid<\/td><td>03:09<\/td><\/tr><tr><td>3.<\/td><td><strong><strong><a href=\"https:\/\/www.band-maid.fr\/index.php\/unleash-3\/\">Unleash!!!!!<\/a><\/strong><\/strong><\/td><td>Miku Kobato, Saiki Atsumi<\/td><td>Band-Maid<\/td><td>03:10<\/td><\/tr><tr><td>4.<\/td><td><strong><a href=\"https:\/\/www.band-maid.fr\/index.php\/sense-2\/\">Sense<\/a><\/strong><\/td><td>Miku Kobato<\/td><td>Band-Maid<\/td><td>03:24<\/td><\/tr><tr><td>5.<\/td><td><strong><a href=\"https:\/\/www.band-maid.fr\/index.php\/ill\/\">I&rsquo;ll<\/a><\/strong><\/td><td>Miku Kobato<\/td><td>Band-Maid<\/td><td>04:07<\/td><\/tr><tr><td>6.<\/td><td><strong><a href=\"https:\/\/www.band-maid.fr\/index.php\/corallium\/\">Corallium<\/a><\/strong><\/td><td>Saiki Atsumi<\/td><td>Band-Maid<\/td><td>03:54<\/td><\/tr><tr><td>7.<\/td><td><strong><strong><a href=\"https:\/\/www.band-maid.fr\/index.php\/influencer\/\">Influencer<\/a><\/strong><\/strong><\/td><td>Miku Kobato<\/td><td>Band-Maid<\/td><td>03:23<\/td><\/tr><tr><td>8.<\/td><td><strong><strong><a href=\"https:\/\/www.band-maid.fr\/index.php\/hate\/\">Hate?<\/a><\/strong><\/strong><\/td><td>Saiki Atsumi<\/td><td>Band-Maid<\/td><td>03:37<\/td><\/tr><\/tbody><\/table>\n\n\n\n<p><\/p>\n\n\n\n<figure class=\"wp-block-image aligncenter size-large\"><img fetchpriority=\"high\" decoding=\"async\" width=\"1024\" height=\"78\" src=\"https:\/\/www.band-maid.fr\/wp-content\/uploads\/2026\/02\/bande-noire-1024x78.jpg\" alt=\"\" class=\"wp-image-8482\" srcset=\"https:\/\/www.band-maid.fr\/wp-content\/uploads\/2026\/02\/bande-noire-1024x78.jpg 1024w, https:\/\/www.band-maid.fr\/wp-content\/uploads\/2026\/02\/bande-noire-300x23.jpg 300w, https:\/\/www.band-maid.fr\/wp-content\/uploads\/2026\/02\/bande-noire.jpg 1280w\" sizes=\"(max-width: 1024px) 100vw, 1024px\" \/><\/figure>\n\n\n\n<p id=\"block-e5fb0450-ead5-4293-9150-347313c2719f\"><\/p>\n\n\n\n<h2 class=\"wp-block-heading\" id=\"bandmaid-4ce6428a-0cb0-4289-bd9f-b528070943ca\">BAND-MAID<\/h2>\n\n\n\n<ul class=\"wp-block-list\">\n<li><strong>Saiki Atsumi <\/strong>\u2013 chant (except\u00e9 pour la chanson 7)<\/li>\n\n\n\n<li><strong>Miku Kobato<\/strong> \u2013 guitare rythmique, ch\u0153urs, chant (Nightingale)<\/li>\n\n\n\n<li><strong>Kanami T\u014dno<\/strong> \u2013 guitare solo<\/li>\n\n\n\n<li><strong>Misa<\/strong> \u2013 basse<\/li>\n\n\n\n<li><strong>Akane Hirose<\/strong> \u2013 batterie<\/li>\n<\/ul>\n\n\n\n<figure class=\"wp-block-image aligncenter size-large\"><img fetchpriority=\"high\" decoding=\"async\" width=\"1024\" height=\"78\" src=\"https:\/\/www.band-maid.fr\/wp-content\/uploads\/2026\/02\/bande-noire-1024x78.jpg\" alt=\"\" class=\"wp-image-8482\" srcset=\"https:\/\/www.band-maid.fr\/wp-content\/uploads\/2026\/02\/bande-noire-1024x78.jpg 1024w, https:\/\/www.band-maid.fr\/wp-content\/uploads\/2026\/02\/bande-noire-300x23.jpg 300w, https:\/\/www.band-maid.fr\/wp-content\/uploads\/2026\/02\/bande-noire.jpg 1280w\" sizes=\"(max-width: 1024px) 100vw, 1024px\" \/><\/figure>\n\n\n\n<figure class=\"wp-block-embed is-type-video is-provider-youtube wp-block-embed-youtube wp-embed-aspect-16-9 wp-has-aspect-ratio\"><div class=\"wp-block-embed__wrapper\">\n<iframe title=\"BAND-MAID \/ from now on (Official Music Video)\" width=\"950\" height=\"534\" src=\"https:\/\/www.youtube.com\/embed\/a6ZSvmnkS00?list=OLAK5uy_mCTOF2SrWJpwCELw4MdM5qqubGzJa2z3Q\" frameborder=\"0\" allow=\"accelerometer; autoplay; clipboard-write; encrypted-media; gyroscope; picture-in-picture; web-share\" referrerpolicy=\"strict-origin-when-cross-origin\" allowfullscreen><\/iframe>\n<\/div><\/figure>\n\n\n\n<p>Lien direct sur la page YouTube officielle de Band-Maid.<\/p>\n\n\n\n<p><\/p>\n\n\n\n<figure class=\"wp-block-image aligncenter size-large\"><img fetchpriority=\"high\" decoding=\"async\" width=\"1024\" height=\"78\" src=\"https:\/\/www.band-maid.fr\/wp-content\/uploads\/2026\/02\/bande-noire-1024x78.jpg\" alt=\"\" class=\"wp-image-8482\" srcset=\"https:\/\/www.band-maid.fr\/wp-content\/uploads\/2026\/02\/bande-noire-1024x78.jpg 1024w, https:\/\/www.band-maid.fr\/wp-content\/uploads\/2026\/02\/bande-noire-300x23.jpg 300w, https:\/\/www.band-maid.fr\/wp-content\/uploads\/2026\/02\/bande-noire.jpg 1280w\" sizes=\"(max-width: 1024px) 100vw, 1024px\" \/><\/figure>\n\n\n\n<h2 class=\"wp-block-heading\" id=\"limited-edition-with-bluray-or-dvd-902fb884-5edf-4b6a-90e7-edf0bce0ee9f\">\u00c9dition limit\u00e9e (avec Blu-ray ou DVD)<\/h2>\n\n\n\n<p>Blu-ray ou DVD du concert du Tour Final enregistr\u00e9 \u00e0 Studio Coast le 24 novembre 2017.<\/p>\n\n\n\n<div class=\"wp-block-group is-nowrap is-layout-flex wp-container-core-group-is-layout-6c531013 wp-block-group-is-layout-flex\">\n<ol class=\"wp-block-list\">\n<li>Unleash!!!!! <\/li>\n\n\n\n<li>From Now on<\/li>\n\n\n\n<li>Unleash!!!!! (Vid\u00e9o instrumentale)<\/li>\n\n\n\n<li>Sense (Vid\u00e9o instrumentale)<\/li>\n<\/ol>\n<\/div>\n\n\n\n<figure class=\"wp-block-image aligncenter size-large\"><img fetchpriority=\"high\" decoding=\"async\" width=\"1024\" height=\"78\" src=\"https:\/\/www.band-maid.fr\/wp-content\/uploads\/2026\/02\/bande-noire-1024x78.jpg\" alt=\"\" class=\"wp-image-8482\" srcset=\"https:\/\/www.band-maid.fr\/wp-content\/uploads\/2026\/02\/bande-noire-1024x78.jpg 1024w, https:\/\/www.band-maid.fr\/wp-content\/uploads\/2026\/02\/bande-noire-300x23.jpg 300w, https:\/\/www.band-maid.fr\/wp-content\/uploads\/2026\/02\/bande-noire.jpg 1280w\" sizes=\"(max-width: 1024px) 100vw, 1024px\" \/><\/figure>\n<style class=\"advgb-styles-renderer\">#advgb-col-a34f3327-b395-4eae-9142-af72adb992cd>.advgb-column-inner{}@media screen and (max-width: 1023px) {#advgb-col-a34f3327-b395-4eae-9142-af72adb992cd>.advgb-column-inner{}}@media screen and (max-width: 767px) {#advgb-col-a34f3327-b395-4eae-9142-af72adb992cd>.advgb-column-inner{}}#advgb-col-8147d165-e26c-44c5-8987-6f110f620dca>.advgb-column-inner{}@media screen and (max-width: 1023px) {#advgb-col-8147d165-e26c-44c5-8987-6f110f620dca>.advgb-column-inner{}}@media screen and (max-width: 767px) {#advgb-col-8147d165-e26c-44c5-8987-6f110f620dca>.advgb-column-inner{}}#advgb-col-8d459156-6e9f-4c06-a18f-5cd3951908f6>.advgb-column-inner{}@media screen and (max-width: 1023px) {#advgb-col-8d459156-6e9f-4c06-a18f-5cd3951908f6>.advgb-column-inner{}}@media screen and (max-width: 767px) {#advgb-col-8d459156-6e9f-4c06-a18f-5cd3951908f6>.advgb-column-inner{}}#advgb-cols-4bdeda27-e0d5-492a-8ce0-864c6c0f04bb{}@media screen and (max-width: 1023px) {#advgb-cols-4bdeda27-e0d5-492a-8ce0-864c6c0f04bb{}}@media screen and (max-width: 767px) {#advgb-cols-4bdeda27-e0d5-492a-8ce0-864c6c0f04bb{}}#advgb-col-8147d165-e26c-44c5-8987-6f110f620dca>.advgb-column-inner{}@media screen and (max-width: 1023px) {#advgb-col-8147d165-e26c-44c5-8987-6f110f620dca>.advgb-column-inner{}}@media screen and (max-width: 767px) {#advgb-col-8147d165-e26c-44c5-8987-6f110f620dca>.advgb-column-inner{}}#advgb-col-8d459156-6e9f-4c06-a18f-5cd3951908f6>.advgb-column-inner{}@media screen and (max-width: 1023px) {#advgb-col-8d459156-6e9f-4c06-a18f-5cd3951908f6>.advgb-column-inner{}}@media screen and (max-width: 767px) {#advgb-col-8d459156-6e9f-4c06-a18f-5cd3951908f6>.advgb-column-inner{}}#advgb-col-f95d7963-362e-4fff-aabd-3ff74c4c6172>.advgb-column-inner{}@media screen and (max-width: 1023px) {#advgb-col-f95d7963-362e-4fff-aabd-3ff74c4c6172>.advgb-column-inner{}}@media screen and (max-width: 767px) {#advgb-col-f95d7963-362e-4fff-aabd-3ff74c4c6172>.advgb-column-inner{}}#advgb-cols-4bdeda27-e0d5-492a-8ce0-864c6c0f04bb{}@media screen and (max-width: 1023px) {#advgb-cols-4bdeda27-e0d5-492a-8ce0-864c6c0f04bb{}}@media screen and (max-width: 767px) {#advgb-cols-4bdeda27-e0d5-492a-8ce0-864c6c0f04bb{}}#advgb-col-8147d165-e26c-44c5-8987-6f110f620dca>.advgb-column-inner{}@media screen and (max-width: 1023px) {#advgb-col-8147d165-e26c-44c5-8987-6f110f620dca>.advgb-column-inner{}}@media screen and (max-width: 767px) {#advgb-col-8147d165-e26c-44c5-8987-6f110f620dca>.advgb-column-inner{}}#advgb-col-8d459156-6e9f-4c06-a18f-5cd3951908f6>.advgb-column-inner{}@media screen and (max-width: 1023px) {#advgb-col-8d459156-6e9f-4c06-a18f-5cd3951908f6>.advgb-column-inner{}}@media screen and (max-width: 767px) {#advgb-col-8d459156-6e9f-4c06-a18f-5cd3951908f6>.advgb-column-inner{}}#advgb-cols-d0722d66-5df0-4a5f-a65c-35a682e3c197{}@media screen and (max-width: 1023px) {#advgb-cols-d0722d66-5df0-4a5f-a65c-35a682e3c197{}}@media screen and (max-width: 767px) {#advgb-cols-d0722d66-5df0-4a5f-a65c-35a682e3c197{}}#advgb-col-a34f3327-b395-4eae-9142-af72adb992cd>.advgb-column-inner{}@media screen and (max-width: 1023px) {#advgb-col-a34f3327-b395-4eae-9142-af72adb992cd>.advgb-column-inner{}}@media screen and (max-width: 767px) {#advgb-col-a34f3327-b395-4eae-9142-af72adb992cd>.advgb-column-inner{}}#advgb-col-f95d7963-362e-4fff-aabd-3ff74c4c6172>.advgb-column-inner{}@media screen and (max-width: 1023px) {#advgb-col-f95d7963-362e-4fff-aabd-3ff74c4c6172>.advgb-column-inner{}}@media screen and (max-width: 767px) {#advgb-col-f95d7963-362e-4fff-aabd-3ff74c4c6172>.advgb-column-inner{}}#advgb-cols-4bdeda27-e0d5-492a-8ce0-864c6c0f04bb{}@media screen and (max-width: 1023px) {#advgb-cols-4bdeda27-e0d5-492a-8ce0-864c6c0f04bb{}}@media screen and (max-width: 767px) {#advgb-cols-4bdeda27-e0d5-492a-8ce0-864c6c0f04bb{}}#advgb-col-8147d165-e26c-44c5-8987-6f110f620dca>.advgb-column-inner{}@media screen and (max-width: 1023px) {#advgb-col-8147d165-e26c-44c5-8987-6f110f620dca>.advgb-column-inner{}}@media screen and (max-width: 767px) {#advgb-col-8147d165-e26c-44c5-8987-6f110f620dca>.advgb-column-inner{}}#advgb-col-8d459156-6e9f-4c06-a18f-5cd3951908f6>.advgb-column-inner{}@media screen and (max-width: 1023px) {#advgb-col-8d459156-6e9f-4c06-a18f-5cd3951908f6>.advgb-column-inner{}}@media screen and (max-width: 767px) {#advgb-col-8d459156-6e9f-4c06-a18f-5cd3951908f6>.advgb-column-inner{}}<\/style>","protected":false},"excerpt":{"rendered":"<p>BAND-MAID Lien direct sur la page YouTube officielle de Band-Maid. \u00c9dition limit\u00e9e (avec Blu-ray ou DVD) Blu-ray ou DVD du concert du Tour Final enregistr\u00e9 \u00e0 Studio Coast le 24 novembre 2017.<\/p>\n","protected":false},"author":1,"featured_media":7258,"parent":0,"menu_order":0,"comment_status":"closed","ping_status":"closed","template":"","meta":{"advgb_blocks_editor_width":"","advgb_blocks_columns_visual_guide":"","footnotes":""},"class_list":["post-7256","page","type-page","status-publish","has-post-thumbnail","hentry"],"yoast_head":"<!-- This site is optimized with the Yoast SEO plugin v27.6 - https:\/\/yoast.com\/product\/yoast-seo-wordpress\/ -->\n<title>UNLEASH - BAND-MAID<\/title>\n<meta name=\"robots\" content=\"index, follow, max-snippet:-1, max-image-preview:large, max-video-preview:-1\" \/>\n<link rel=\"canonical\" href=\"https:\/\/www.band-maid.fr\/index.php\/unleash\/\" \/>\n<meta property=\"og:locale\" content=\"fr_FR\" \/>\n<meta property=\"og:type\" content=\"article\" \/>\n<meta property=\"og:title\" content=\"UNLEASH - BAND-MAID\" \/>\n<meta property=\"og:description\" content=\"BAND-MAID Lien direct sur la page YouTube officielle de Band-Maid. \u00c9dition limit\u00e9e (avec Blu-ray ou DVD) Blu-ray ou DVD du concert du Tour Final enregistr\u00e9 \u00e0 Studio Coast le 24 novembre 2017.\" \/>\n<meta property=\"og:url\" content=\"https:\/\/www.band-maid.fr\/index.php\/unleash\/\" \/>\n<meta property=\"og:site_name\" content=\"BAND-MAID\" \/>\n<meta property=\"article:publisher\" content=\"https:\/\/www.facebook.com\/bandmaid\" \/>\n<meta property=\"article:modified_time\" content=\"2026-04-02T14:37:23+00:00\" \/>\n<meta property=\"og:image\" content=\"https:\/\/www.band-maid.fr\/wp-content\/uploads\/2026\/01\/bandeau-Unleash.jpg\" \/>\n\t<meta property=\"og:image:width\" content=\"1600\" \/>\n\t<meta property=\"og:image:height\" content=\"700\" \/>\n\t<meta property=\"og:image:type\" content=\"image\/jpeg\" \/>\n<meta name=\"twitter:card\" content=\"summary_large_image\" \/>\n<meta name=\"twitter:site\" content=\"@bandmaid\" \/>\n<meta name=\"twitter:label1\" content=\"Dur\u00e9e de lecture estim\u00e9e\" \/>\n\t<meta name=\"twitter:data1\" content=\"3 minutes\" \/>\n<script type=\"application\/ld+json\" class=\"yoast-schema-graph\">{\"@context\":\"https:\\\/\\\/schema.org\",\"@graph\":[{\"@type\":\"WebPage\",\"@id\":\"https:\\\/\\\/www.band-maid.fr\\\/index.php\\\/unleash\\\/\",\"url\":\"https:\\\/\\\/www.band-maid.fr\\\/index.php\\\/unleash\\\/\",\"name\":\"UNLEASH - BAND-MAID\",\"isPartOf\":{\"@id\":\"https:\\\/\\\/www.band-maid.fr\\\/#website\"},\"primaryImageOfPage\":{\"@id\":\"https:\\\/\\\/www.band-maid.fr\\\/index.php\\\/unleash\\\/#primaryimage\"},\"image\":{\"@id\":\"https:\\\/\\\/www.band-maid.fr\\\/index.php\\\/unleash\\\/#primaryimage\"},\"thumbnailUrl\":\"https:\\\/\\\/www.band-maid.fr\\\/wp-content\\\/uploads\\\/2026\\\/01\\\/bandeau-Unleash.jpg\",\"datePublished\":\"2026-01-03T10:39:19+00:00\",\"dateModified\":\"2026-04-02T14:37:23+00:00\",\"breadcrumb\":{\"@id\":\"https:\\\/\\\/www.band-maid.fr\\\/index.php\\\/unleash\\\/#breadcrumb\"},\"inLanguage\":\"fr-FR\",\"potentialAction\":[{\"@type\":\"ReadAction\",\"target\":[\"https:\\\/\\\/www.band-maid.fr\\\/index.php\\\/unleash\\\/\"]}]},{\"@type\":\"ImageObject\",\"inLanguage\":\"fr-FR\",\"@id\":\"https:\\\/\\\/www.band-maid.fr\\\/index.php\\\/unleash\\\/#primaryimage\",\"url\":\"https:\\\/\\\/www.band-maid.fr\\\/wp-content\\\/uploads\\\/2026\\\/01\\\/bandeau-Unleash.jpg\",\"contentUrl\":\"https:\\\/\\\/www.band-maid.fr\\\/wp-content\\\/uploads\\\/2026\\\/01\\\/bandeau-Unleash.jpg\",\"width\":1600,\"height\":700},{\"@type\":\"BreadcrumbList\",\"@id\":\"https:\\\/\\\/www.band-maid.fr\\\/index.php\\\/unleash\\\/#breadcrumb\",\"itemListElement\":[{\"@type\":\"ListItem\",\"position\":1,\"name\":\"Accueil\",\"item\":\"https:\\\/\\\/www.band-maid.fr\\\/\"},{\"@type\":\"ListItem\",\"position\":2,\"name\":\"UNLEASH\"}]},{\"@type\":\"WebSite\",\"@id\":\"https:\\\/\\\/www.band-maid.fr\\\/#website\",\"url\":\"https:\\\/\\\/www.band-maid.fr\\\/\",\"name\":\"BAND-MAID\",\"description\":\"WORLD DOMINATION\",\"publisher\":{\"@id\":\"https:\\\/\\\/www.band-maid.fr\\\/#organization\"},\"potentialAction\":[{\"@type\":\"SearchAction\",\"target\":{\"@type\":\"EntryPoint\",\"urlTemplate\":\"https:\\\/\\\/www.band-maid.fr\\\/?s={search_term_string}\"},\"query-input\":{\"@type\":\"PropertyValueSpecification\",\"valueRequired\":true,\"valueName\":\"search_term_string\"}}],\"inLanguage\":\"fr-FR\"},{\"@type\":\"Organization\",\"@id\":\"https:\\\/\\\/www.band-maid.fr\\\/#organization\",\"name\":\"BAND-MAID\",\"url\":\"https:\\\/\\\/www.band-maid.fr\\\/\",\"logo\":{\"@type\":\"ImageObject\",\"inLanguage\":\"fr-FR\",\"@id\":\"https:\\\/\\\/www.band-maid.fr\\\/#\\\/schema\\\/logo\\\/image\\\/\",\"url\":\"http:\\\/\\\/wglgkdc.cluster121.hosting.ovh.net\\\/wp-content\\\/uploads\\\/2026\\\/01\\\/logo_band-maid_b.png\",\"contentUrl\":\"http:\\\/\\\/wglgkdc.cluster121.hosting.ovh.net\\\/wp-content\\\/uploads\\\/2026\\\/01\\\/logo_band-maid_b.png\",\"width\":540,\"height\":93,\"caption\":\"BAND-MAID\"},\"image\":{\"@id\":\"https:\\\/\\\/www.band-maid.fr\\\/#\\\/schema\\\/logo\\\/image\\\/\"},\"sameAs\":[\"https:\\\/\\\/www.facebook.com\\\/bandmaid\",\"https:\\\/\\\/x.com\\\/bandmaid\",\"https:\\\/\\\/www.instagram.com\\\/bandmaid.jp\\\/\",\"https:\\\/\\\/www.youtube.com\\\/channel\\\/UCJToUvYrmkmTCR-bluEaQfA\",\"https:\\\/\\\/www.tiktok.com\\\/@bandmaid_int\"]}]}<\/script>\n<!-- \/ Yoast SEO plugin. -->","yoast_head_json":{"title":"UNLEASH - BAND-MAID","robots":{"index":"index","follow":"follow","max-snippet":"max-snippet:-1","max-image-preview":"max-image-preview:large","max-video-preview":"max-video-preview:-1"},"canonical":"https:\/\/www.band-maid.fr\/index.php\/unleash\/","og_locale":"fr_FR","og_type":"article","og_title":"UNLEASH - BAND-MAID","og_description":"BAND-MAID Lien direct sur la page YouTube officielle de Band-Maid. \u00c9dition limit\u00e9e (avec Blu-ray ou DVD) Blu-ray ou DVD du concert du Tour Final enregistr\u00e9 \u00e0 Studio Coast le 24 novembre 2017.","og_url":"https:\/\/www.band-maid.fr\/index.php\/unleash\/","og_site_name":"BAND-MAID","article_publisher":"https:\/\/www.facebook.com\/bandmaid","article_modified_time":"2026-04-02T14:37:23+00:00","og_image":[{"width":1600,"height":700,"url":"https:\/\/www.band-maid.fr\/wp-content\/uploads\/2026\/01\/bandeau-Unleash.jpg","type":"image\/jpeg"}],"twitter_card":"summary_large_image","twitter_site":"@bandmaid","twitter_misc":{"Dur\u00e9e de lecture estim\u00e9e":"3 minutes"},"schema":{"@context":"https:\/\/schema.org","@graph":[{"@type":"WebPage","@id":"https:\/\/www.band-maid.fr\/index.php\/unleash\/","url":"https:\/\/www.band-maid.fr\/index.php\/unleash\/","name":"UNLEASH - BAND-MAID","isPartOf":{"@id":"https:\/\/www.band-maid.fr\/#website"},"primaryImageOfPage":{"@id":"https:\/\/www.band-maid.fr\/index.php\/unleash\/#primaryimage"},"image":{"@id":"https:\/\/www.band-maid.fr\/index.php\/unleash\/#primaryimage"},"thumbnailUrl":"https:\/\/www.band-maid.fr\/wp-content\/uploads\/2026\/01\/bandeau-Unleash.jpg","datePublished":"2026-01-03T10:39:19+00:00","dateModified":"2026-04-02T14:37:23+00:00","breadcrumb":{"@id":"https:\/\/www.band-maid.fr\/index.php\/unleash\/#breadcrumb"},"inLanguage":"fr-FR","potentialAction":[{"@type":"ReadAction","target":["https:\/\/www.band-maid.fr\/index.php\/unleash\/"]}]},{"@type":"ImageObject","inLanguage":"fr-FR","@id":"https:\/\/www.band-maid.fr\/index.php\/unleash\/#primaryimage","url":"https:\/\/www.band-maid.fr\/wp-content\/uploads\/2026\/01\/bandeau-Unleash.jpg","contentUrl":"https:\/\/www.band-maid.fr\/wp-content\/uploads\/2026\/01\/bandeau-Unleash.jpg","width":1600,"height":700},{"@type":"BreadcrumbList","@id":"https:\/\/www.band-maid.fr\/index.php\/unleash\/#breadcrumb","itemListElement":[{"@type":"ListItem","position":1,"name":"Accueil","item":"https:\/\/www.band-maid.fr\/"},{"@type":"ListItem","position":2,"name":"UNLEASH"}]},{"@type":"WebSite","@id":"https:\/\/www.band-maid.fr\/#website","url":"https:\/\/www.band-maid.fr\/","name":"BAND-MAID","description":"WORLD DOMINATION","publisher":{"@id":"https:\/\/www.band-maid.fr\/#organization"},"potentialAction":[{"@type":"SearchAction","target":{"@type":"EntryPoint","urlTemplate":"https:\/\/www.band-maid.fr\/?s={search_term_string}"},"query-input":{"@type":"PropertyValueSpecification","valueRequired":true,"valueName":"search_term_string"}}],"inLanguage":"fr-FR"},{"@type":"Organization","@id":"https:\/\/www.band-maid.fr\/#organization","name":"BAND-MAID","url":"https:\/\/www.band-maid.fr\/","logo":{"@type":"ImageObject","inLanguage":"fr-FR","@id":"https:\/\/www.band-maid.fr\/#\/schema\/logo\/image\/","url":"http:\/\/wglgkdc.cluster121.hosting.ovh.net\/wp-content\/uploads\/2026\/01\/logo_band-maid_b.png","contentUrl":"http:\/\/wglgkdc.cluster121.hosting.ovh.net\/wp-content\/uploads\/2026\/01\/logo_band-maid_b.png","width":540,"height":93,"caption":"BAND-MAID"},"image":{"@id":"https:\/\/www.band-maid.fr\/#\/schema\/logo\/image\/"},"sameAs":["https:\/\/www.facebook.com\/bandmaid","https:\/\/x.com\/bandmaid","https:\/\/www.instagram.com\/bandmaid.jp\/","https:\/\/www.youtube.com\/channel\/UCJToUvYrmkmTCR-bluEaQfA","https:\/\/www.tiktok.com\/@bandmaid_int"]}]}},"coauthors":[],"author_meta":{"author_link":"https:\/\/www.band-maid.fr\/index.php\/author\/admin8693\/","display_name":"LJB"},"relative_dates":{"created":"Publi\u00e9 4 mois il y a","modified":"Mis \u00e0 jour 1 mois il y a"},"absolute_dates":{"created":"Publi\u00e9 le 03\/01\/2026","modified":"Mise \u00e0 jour le 02\/04\/2026"},"absolute_dates_time":{"created":"Publi\u00e9 le 03\/01\/2026 10h39","modified":"Mise \u00e0 jour le 02\/04\/2026 14h37"},"featured_img_caption":"","featured_img":"https:\/\/www.band-maid.fr\/wp-content\/uploads\/2026\/01\/bandeau-Unleash.jpg","series_order":"","featured_media_urls":{"thumbnail":["https:\/\/www.band-maid.fr\/wp-content\/uploads\/2026\/01\/bandeau-Unleash-150x150.jpg",150,150,true],"medium":["https:\/\/www.band-maid.fr\/wp-content\/uploads\/2026\/01\/bandeau-Unleash-300x131.jpg",300,131,true],"medium_large":["https:\/\/www.band-maid.fr\/wp-content\/uploads\/2026\/01\/bandeau-Unleash.jpg",768,336,false],"large":["https:\/\/www.band-maid.fr\/wp-content\/uploads\/2026\/01\/bandeau-Unleash-1024x448.jpg",950,416,true],"1536x1536":["https:\/\/www.band-maid.fr\/wp-content\/uploads\/2026\/01\/bandeau-Unleash-1536x672.jpg",1536,672,true],"2048x2048":["https:\/\/www.band-maid.fr\/wp-content\/uploads\/2026\/01\/bandeau-Unleash.jpg",1600,700,false],"inspiro-featured-image":["https:\/\/www.band-maid.fr\/wp-content\/uploads\/2026\/01\/bandeau-Unleash.jpg",1600,700,false],"inspiro-loop":["https:\/\/www.band-maid.fr\/wp-content\/uploads\/2026\/01\/bandeau-Unleash-950x320.jpg",950,320,true],"inspiro-loop@2x":["https:\/\/www.band-maid.fr\/wp-content\/uploads\/2026\/01\/bandeau-Unleash-1600x640.jpg",1600,640,true],"portfolio_item-thumbnail":["https:\/\/www.band-maid.fr\/wp-content\/uploads\/2026\/01\/bandeau-Unleash-600x400.jpg",600,400,true],"portfolio_item-thumbnail@2x":["https:\/\/www.band-maid.fr\/wp-content\/uploads\/2026\/01\/bandeau-Unleash-1200x700.jpg",1200,700,true],"portfolio_item-masonry":["https:\/\/www.band-maid.fr\/wp-content\/uploads\/2026\/01\/bandeau-Unleash-600x263.jpg",600,263,true],"portfolio_item-masonry@2x":["https:\/\/www.band-maid.fr\/wp-content\/uploads\/2026\/01\/bandeau-Unleash-1200x525.jpg",1200,525,true],"portfolio_item-thumbnail_cinema":["https:\/\/www.band-maid.fr\/wp-content\/uploads\/2026\/01\/bandeau-Unleash-800x335.jpg",800,335,true],"portfolio_item-thumbnail_portrait":["https:\/\/www.band-maid.fr\/wp-content\/uploads\/2026\/01\/bandeau-Unleash-600x700.jpg",600,700,true],"portfolio_item-thumbnail_portrait@2x":["https:\/\/www.band-maid.fr\/wp-content\/uploads\/2026\/01\/bandeau-Unleash-1200x700.jpg",1200,700,true],"portfolio_item-thumbnail_square":["https:\/\/www.band-maid.fr\/wp-content\/uploads\/2026\/01\/bandeau-Unleash-800x700.jpg",800,700,true]},"_links":{"self":[{"href":"https:\/\/www.band-maid.fr\/index.php\/wp-json\/wp\/v2\/pages\/7256","targetHints":{"allow":["GET"]}}],"collection":[{"href":"https:\/\/www.band-maid.fr\/index.php\/wp-json\/wp\/v2\/pages"}],"about":[{"href":"https:\/\/www.band-maid.fr\/index.php\/wp-json\/wp\/v2\/types\/page"}],"author":[{"embeddable":true,"href":"https:\/\/www.band-maid.fr\/index.php\/wp-json\/wp\/v2\/users\/1"}],"replies":[{"embeddable":true,"href":"https:\/\/www.band-maid.fr\/index.php\/wp-json\/wp\/v2\/comments?post=7256"}],"version-history":[{"count":9,"href":"https:\/\/www.band-maid.fr\/index.php\/wp-json\/wp\/v2\/pages\/7256\/revisions"}],"predecessor-version":[{"id":9166,"href":"https:\/\/www.band-maid.fr\/index.php\/wp-json\/wp\/v2\/pages\/7256\/revisions\/9166"}],"wp:featuredmedia":[{"embeddable":true,"href":"https:\/\/www.band-maid.fr\/index.php\/wp-json\/wp\/v2\/media\/7258"}],"wp:attachment":[{"href":"https:\/\/www.band-maid.fr\/index.php\/wp-json\/wp\/v2\/media?parent=7256"}],"curies":[{"name":"wp","href":"https:\/\/api.w.org\/{rel}","templated":true}]}}