{"id":7215,"date":"2026-01-02T21:51:18","date_gmt":"2026-01-02T21:51:18","guid":{"rendered":"http:\/\/wglgkdc.cluster121.hosting.ovh.net\/?page_id=7215"},"modified":"2026-04-09T18:25:27","modified_gmt":"2026-04-09T18:25:27","slug":"conqueror","status":"publish","type":"page","link":"https:\/\/www.band-maid.fr\/index.php\/conqueror\/","title":{"rendered":"CONQUEROR"},"content":{"rendered":"\n<figure class=\"wp-block-image aligncenter size-large\"><img fetchpriority=\"high\" decoding=\"async\" width=\"1024\" height=\"78\" src=\"https:\/\/www.band-maid.fr\/wp-content\/uploads\/2026\/02\/bande-noire-1024x78.jpg\" alt=\"\" class=\"wp-image-8482\" srcset=\"https:\/\/www.band-maid.fr\/wp-content\/uploads\/2026\/02\/bande-noire-1024x78.jpg 1024w, https:\/\/www.band-maid.fr\/wp-content\/uploads\/2026\/02\/bande-noire-300x23.jpg 300w, https:\/\/www.band-maid.fr\/wp-content\/uploads\/2026\/02\/bande-noire.jpg 1280w\" sizes=\"(max-width: 1024px) 100vw, 1024px\" \/><\/figure>\n\n\n\n<div class=\"wp-block-advgb-columns advgb-columns-wrapper\" id=\"advgb-cols-e1c8f997-f47a-47da-b8d7-48700bac9aa8\"><div class=\"advgb-columns-container\"><div class=\"advgb-columns advgb-columns-row advgb-is-mobile advgb-columns-2 layout-14-34 mbl-layout-stacked vgutter-10\">\n<div class=\"wp-block-advgb-column advgb-column\" id=\"advgb-col-db02d4bc-f9cc-45bf-8df3-6c952e6d30e6\"><div class=\"advgb-column-inner\" style=\"border-style:none;border-width:1px\">\n<figure class=\"wp-block-image size-full\"><img decoding=\"async\" width=\"300\" height=\"298\" src=\"https:\/\/band-maid.fr\/wp-content\/uploads\/2026\/01\/CONQUEROR-e1767379171216.jpg\" alt=\"\" class=\"wp-image-6983\"\/><\/figure>\n<\/div><\/div>\n\n\n\n<div class=\"wp-block-advgb-column advgb-column\" id=\"advgb-col-a62a7ff8-c492-416e-a6dd-37ac71ad762e\"><div class=\"advgb-column-inner\" style=\"border-style:none;border-width:1px\">\n<div class=\"wp-block-advgb-columns advgb-columns-wrapper\" id=\"advgb-cols-3c9852ac-97ac-4a41-b665-9a77fd7b7a07\"><div class=\"advgb-columns-container\"><div class=\"advgb-columns advgb-columns-row advgb-is-mobile advgb-columns-2 layout-15-45 mbl-layout-stacked vgutter-10\">\n<div class=\"wp-block-advgb-column advgb-column\" id=\"advgb-col-fab736c3-a014-4767-b185-97dd1458fc02\"><div class=\"advgb-column-inner\" style=\"border-style:none;border-width:1px\"><\/div><\/div>\n\n\n\n<div class=\"wp-block-advgb-column advgb-column\" id=\"advgb-col-85714241-7ed0-4e1e-89f3-4eeecfafd655\"><div class=\"advgb-column-inner\" style=\"border-style:none;border-width:1px\">\n<p>Sortie : 4 d\u00e9cembre 2019<\/p>\n\n\n\n<p>Enregistrement : 2018-2019<\/p>\n\n\n\n<p>Dur\u00e9e : 55:27<\/p>\n\n\n\n<p>Label : Revolver&nbsp;(Japan),&nbsp;JPU Records&nbsp;(International)<\/p>\n<\/div><\/div>\n<\/div><\/div><\/div>\n<\/div><\/div>\n<\/div><\/div><\/div>\n\n\n\n<p id=\"block-98b996fe-1c4e-4ebe-b014-e983888f5e23\"><\/p>\n\n\n\n<figure class=\"wp-block-image aligncenter size-large\"><img fetchpriority=\"high\" decoding=\"async\" width=\"1024\" height=\"78\" src=\"https:\/\/www.band-maid.fr\/wp-content\/uploads\/2026\/02\/bande-noire-1024x78.jpg\" alt=\"\" class=\"wp-image-8482\" srcset=\"https:\/\/www.band-maid.fr\/wp-content\/uploads\/2026\/02\/bande-noire-1024x78.jpg 1024w, https:\/\/www.band-maid.fr\/wp-content\/uploads\/2026\/02\/bande-noire-300x23.jpg 300w, https:\/\/www.band-maid.fr\/wp-content\/uploads\/2026\/02\/bande-noire.jpg 1280w\" sizes=\"(max-width: 1024px) 100vw, 1024px\" \/><\/figure>\n\n\n\n<p id=\"block-98b996fe-1c4e-4ebe-b014-e983888f5e23\"><\/p>\n\n\n\n<p id=\"block-98b996fe-1c4e-4ebe-b014-e983888f5e23\"><\/p>\n\n\n\n<p id=\"block-6b550728-c3c7-4af0-8804-e8a4e3e45753\"><\/p>\n\n\n\n<table class=\"wp-block-advgb-table advgb-table-frontend is-style-regular\"><tbody><tr><td>\ufeff<\/td><td>Titres<\/td><td>Paroles<\/td><td>Musique<\/td><td>Dur\u00e9e<\/td><\/tr><tr><td>1.<\/td><td><strong><a href=\"https:\/\/www.band-maid.fr\/index.php\/page\/\">Page<\/a><\/strong><\/td><td>Miku Kobato<\/td><td>Band-Maid<\/td><td>04:17<\/td><\/tr><tr><td>2.<\/td><td><strong><strong><a href=\"https:\/\/www.band-maid.fr\/index.php\/glory-2\/\">Glory<\/a><\/strong><\/strong><\/td><td>Miku Kobato<\/td><td>Band-Maid<\/td><td>03:39<\/td><\/tr><tr><td>3.<\/td><td><strong><strong><a href=\"https:\/\/www.band-maid.fr\/index.php\/liberal\/\">Liberal<\/a><\/strong><\/strong><\/td><td>Miku Kobato<\/td><td>Band-Maid<\/td><td>03:14<\/td><\/tr><tr><td>4.<\/td><td><strong><strong><strong><a href=\"https:\/\/www.band-maid.fr\/index.php\/endless-story-2\/\">Endless Story<\/a><\/strong><\/strong><\/strong><\/td><td>Miku Kobato<\/td><td>Band-Maid<\/td><td>03:44<\/td><\/tr><tr><td>5.<\/td><td><strong><a href=\"https:\/\/www.band-maid.fr\/index.php\/mirage\/\">Mirage<\/a><\/strong><\/td><td>Miku Kobato<\/td><td>Band-Maid<\/td><td>03:57<\/td><\/tr><tr><td>6.<\/td><td><strong><strong><a href=\"https:\/\/www.band-maid.fr\/index.php\/at-the-drop-of-a-hat\/\">At the Drop of a Hat<\/a><\/strong><\/strong><\/td><td>Miku Kobato<\/td><td>Band-Maid<\/td><td>04:19<\/td><\/tr><tr><td>7.<\/td><td><strong><strong><a href=\"https:\/\/www.band-maid.fr\/index.php\/wonderland\/\">Wonderland<\/a><\/strong><\/strong><\/td><td>Miku Kobato<\/td><td>Band-Maid<\/td><td>03:55<\/td><\/tr><tr><td>8.<\/td><td><strong><a href=\"https:\/\/www.band-maid.fr\/index.php\/azure\/\">Azure<\/a><\/strong><\/td><td>Miku Kobato<\/td><td>Band-Maid<\/td><td>02:49<\/td><\/tr><tr><td>9.<\/td><td><strong><a href=\"https:\/\/www.band-maid.fr\/index.php\/dilemma\/\">Dilemma<\/a><\/strong><\/td><td>Miku Kobato<\/td><td>Band-Maid<\/td><td>03:36<\/td><\/tr><tr><td>10.<\/td><td><strong><a href=\"https:\/\/www.band-maid.fr\/index.php\/bubble-2\/\">Bubble<\/a><\/strong><\/td><td>Miku Kobato<\/td><td>Band-Maid<\/td><td>03:46<\/td><\/tr><tr><td>11.<\/td><td><strong><a href=\"https:\/\/www.band-maid.fr\/index.php\/the-dragon-cries\/\">The Dragon Cries<\/a><\/strong><\/td><td>Tom Kenney<\/td><td>Band-Maid<\/td><td>03:55<\/td><\/tr><tr><td>12.<\/td><td><strong><a href=\"https:\/\/www.band-maid.fr\/index.php\/flying-high\/\">Flying High<\/a><\/strong><\/td><td>Miku Kobato<\/td><td>Band-Maid<\/td><td>03:42<\/td><\/tr><tr><td>13.<\/td><td><strong><a href=\"https:\/\/www.band-maid.fr\/index.php\/catharsis\/\">Catharsis (\u30ab\u30bf\u30eb\u30b7\u30b9)<\/a><\/strong><\/td><td>Miku Kobato<\/td><td>Band-Maid<\/td><td>03:18<\/td><\/tr><tr><td>14.<\/td><td><strong><a href=\"https:\/\/www.band-maid.fr\/index.php\/blooming\/\">Blooming<\/a><\/strong><\/td><td>Miku Kobato<\/td><td>Band-Maid<\/td><td>03:49<\/td><\/tr><tr><td>15.<\/td><td><a href=\"https:\/\/www.band-maid.fr\/index.php\/rinne\/\">Re<strong>incarnation <\/strong>(Ri<strong>nne, \u8f2a\u5efb)<\/strong><\/a><\/td><td>Miku Kobato<\/td><td>Band-Maid<\/td><td>03:27<\/td><\/tr><tr><td><\/td><td><\/td><td><\/td><td><\/td><td><\/td><\/tr><tr><td><\/td><td>DVD Bonus<\/td><td><\/td><td><\/td><td><\/td><\/tr><tr><td>1.<\/td><td><strong><strong><strong>Domination <\/strong><\/strong><\/strong>(Vid\u00e9o Instrumentale)<\/td><td>Miku Kobato<\/td><td>Band-Maid<\/td><td><\/td><\/tr><tr><td>2.<\/td><td><strong><strong>Dice<\/strong><\/strong>  (Vid\u00e9o Instrumentale)<\/td><td>Miku Kobato<\/td><td>Band-Maid<\/td><td><\/td><\/tr><tr><td>3.<\/td><td><a href=\"https:\/\/www.band-maid.fr\/index.php\/onset\/\"><strong>Onset<\/strong> <\/a>(Vid\u00e9o Instrumentale)<\/td><td><\/td><td>Band-Maid<\/td><td><\/td><\/tr><\/tbody><\/table>\n\n\n\n<p><\/p>\n\n\n\n<figure class=\"wp-block-image aligncenter size-large\"><img fetchpriority=\"high\" decoding=\"async\" width=\"1024\" height=\"78\" src=\"https:\/\/www.band-maid.fr\/wp-content\/uploads\/2026\/02\/bande-noire-1024x78.jpg\" alt=\"\" class=\"wp-image-8482\" srcset=\"https:\/\/www.band-maid.fr\/wp-content\/uploads\/2026\/02\/bande-noire-1024x78.jpg 1024w, https:\/\/www.band-maid.fr\/wp-content\/uploads\/2026\/02\/bande-noire-300x23.jpg 300w, https:\/\/www.band-maid.fr\/wp-content\/uploads\/2026\/02\/bande-noire.jpg 1280w\" sizes=\"(max-width: 1024px) 100vw, 1024px\" \/><\/figure>\n\n\n\n<p id=\"block-e5fb0450-ead5-4293-9150-347313c2719f\"><\/p>\n\n\n\n<h2 class=\"wp-block-heading\">BAND-MAID<\/h2>\n\n\n\n<ul class=\"wp-block-list\">\n<li><strong>Saiki Atsumi <\/strong>\u2013 chant<\/li>\n\n\n\n<li><strong>Miku Kobato<\/strong> \u2013 guitare rythmique, ch\u0153urs, chant<\/li>\n\n\n\n<li><strong>Kanami T\u014dno<\/strong> \u2013 guitare solo<\/li>\n\n\n\n<li><strong>Misa<\/strong> \u2013 basse<\/li>\n\n\n\n<li><strong>Akane Hirose<\/strong> \u2013 batterie<\/li>\n<\/ul>\n\n\n\n<p><\/p>\n\n\n\n<figure class=\"wp-block-image aligncenter size-large\"><img fetchpriority=\"high\" decoding=\"async\" width=\"1024\" height=\"78\" src=\"https:\/\/www.band-maid.fr\/wp-content\/uploads\/2026\/02\/bande-noire-1024x78.jpg\" alt=\"\" class=\"wp-image-8482\" srcset=\"https:\/\/www.band-maid.fr\/wp-content\/uploads\/2026\/02\/bande-noire-1024x78.jpg 1024w, https:\/\/www.band-maid.fr\/wp-content\/uploads\/2026\/02\/bande-noire-300x23.jpg 300w, https:\/\/www.band-maid.fr\/wp-content\/uploads\/2026\/02\/bande-noire.jpg 1280w\" sizes=\"(max-width: 1024px) 100vw, 1024px\" \/><\/figure>\n\n\n\n<figure class=\"wp-block-embed is-type-video is-provider-youtube wp-block-embed-youtube wp-embed-aspect-4-3 wp-has-aspect-ratio\"><div class=\"wp-block-embed__wrapper\">\n<iframe title=\"PAGE\" width=\"950\" height=\"713\" src=\"https:\/\/www.youtube.com\/embed\/nxCjEu4_7rU?list=OLAK5uy_lHK0hp3fAXlOrq1gC6EnZj5a7c9MkJKq8\" frameborder=\"0\" allow=\"accelerometer; autoplay; clipboard-write; encrypted-media; gyroscope; picture-in-picture; web-share\" referrerpolicy=\"strict-origin-when-cross-origin\" allowfullscreen><\/iframe>\n<\/div><\/figure>\n\n\n\n<p>Lien direct sur la page YouTube officielle de Band-Maid.<\/p>\n\n\n\n<figure class=\"wp-block-image aligncenter size-large\"><img fetchpriority=\"high\" decoding=\"async\" width=\"1024\" height=\"78\" src=\"https:\/\/www.band-maid.fr\/wp-content\/uploads\/2026\/02\/bande-noire-1024x78.jpg\" alt=\"\" class=\"wp-image-8482\" srcset=\"https:\/\/www.band-maid.fr\/wp-content\/uploads\/2026\/02\/bande-noire-1024x78.jpg 1024w, https:\/\/www.band-maid.fr\/wp-content\/uploads\/2026\/02\/bande-noire-300x23.jpg 300w, https:\/\/www.band-maid.fr\/wp-content\/uploads\/2026\/02\/bande-noire.jpg 1280w\" sizes=\"(max-width: 1024px) 100vw, 1024px\" \/><\/figure>\n<style class=\"advgb-styles-renderer\">#advgb-col-db02d4bc-f9cc-45bf-8df3-6c952e6d30e6>.advgb-column-inner{}@media screen and (max-width: 1023px) {#advgb-col-db02d4bc-f9cc-45bf-8df3-6c952e6d30e6>.advgb-column-inner{}}@media screen and (max-width: 767px) {#advgb-col-db02d4bc-f9cc-45bf-8df3-6c952e6d30e6>.advgb-column-inner{}}#advgb-col-fab736c3-a014-4767-b185-97dd1458fc02>.advgb-column-inner{}@media screen and (max-width: 1023px) {#advgb-col-fab736c3-a014-4767-b185-97dd1458fc02>.advgb-column-inner{}}@media screen and (max-width: 767px) {#advgb-col-fab736c3-a014-4767-b185-97dd1458fc02>.advgb-column-inner{}}#advgb-col-85714241-7ed0-4e1e-89f3-4eeecfafd655>.advgb-column-inner{}@media screen and (max-width: 1023px) {#advgb-col-85714241-7ed0-4e1e-89f3-4eeecfafd655>.advgb-column-inner{}}@media screen and (max-width: 767px) {#advgb-col-85714241-7ed0-4e1e-89f3-4eeecfafd655>.advgb-column-inner{}}#advgb-cols-3c9852ac-97ac-4a41-b665-9a77fd7b7a07{}@media screen and (max-width: 1023px) {#advgb-cols-3c9852ac-97ac-4a41-b665-9a77fd7b7a07{}}@media screen and (max-width: 767px) {#advgb-cols-3c9852ac-97ac-4a41-b665-9a77fd7b7a07{}}#advgb-col-fab736c3-a014-4767-b185-97dd1458fc02>.advgb-column-inner{}@media screen and (max-width: 1023px) {#advgb-col-fab736c3-a014-4767-b185-97dd1458fc02>.advgb-column-inner{}}@media screen and (max-width: 767px) {#advgb-col-fab736c3-a014-4767-b185-97dd1458fc02>.advgb-column-inner{}}#advgb-col-85714241-7ed0-4e1e-89f3-4eeecfafd655>.advgb-column-inner{}@media screen and (max-width: 1023px) {#advgb-col-85714241-7ed0-4e1e-89f3-4eeecfafd655>.advgb-column-inner{}}@media screen and (max-width: 767px) {#advgb-col-85714241-7ed0-4e1e-89f3-4eeecfafd655>.advgb-column-inner{}}#advgb-col-a62a7ff8-c492-416e-a6dd-37ac71ad762e>.advgb-column-inner{}@media screen and (max-width: 1023px) {#advgb-col-a62a7ff8-c492-416e-a6dd-37ac71ad762e>.advgb-column-inner{}}@media screen and (max-width: 767px) {#advgb-col-a62a7ff8-c492-416e-a6dd-37ac71ad762e>.advgb-column-inner{}}#advgb-cols-3c9852ac-97ac-4a41-b665-9a77fd7b7a07{}@media screen and (max-width: 1023px) {#advgb-cols-3c9852ac-97ac-4a41-b665-9a77fd7b7a07{}}@media screen and (max-width: 767px) {#advgb-cols-3c9852ac-97ac-4a41-b665-9a77fd7b7a07{}}#advgb-col-fab736c3-a014-4767-b185-97dd1458fc02>.advgb-column-inner{}@media screen and (max-width: 1023px) {#advgb-col-fab736c3-a014-4767-b185-97dd1458fc02>.advgb-column-inner{}}@media screen and (max-width: 767px) {#advgb-col-fab736c3-a014-4767-b185-97dd1458fc02>.advgb-column-inner{}}#advgb-col-85714241-7ed0-4e1e-89f3-4eeecfafd655>.advgb-column-inner{}@media screen and (max-width: 1023px) {#advgb-col-85714241-7ed0-4e1e-89f3-4eeecfafd655>.advgb-column-inner{}}@media screen and (max-width: 767px) {#advgb-col-85714241-7ed0-4e1e-89f3-4eeecfafd655>.advgb-column-inner{}}#advgb-cols-e1c8f997-f47a-47da-b8d7-48700bac9aa8{}@media screen and (max-width: 1023px) {#advgb-cols-e1c8f997-f47a-47da-b8d7-48700bac9aa8{}}@media screen and (max-width: 767px) {#advgb-cols-e1c8f997-f47a-47da-b8d7-48700bac9aa8{}}#advgb-col-db02d4bc-f9cc-45bf-8df3-6c952e6d30e6>.advgb-column-inner{}@media screen and (max-width: 1023px) {#advgb-col-db02d4bc-f9cc-45bf-8df3-6c952e6d30e6>.advgb-column-inner{}}@media screen and (max-width: 767px) {#advgb-col-db02d4bc-f9cc-45bf-8df3-6c952e6d30e6>.advgb-column-inner{}}#advgb-col-a62a7ff8-c492-416e-a6dd-37ac71ad762e>.advgb-column-inner{}@media screen and (max-width: 1023px) {#advgb-col-a62a7ff8-c492-416e-a6dd-37ac71ad762e>.advgb-column-inner{}}@media screen and (max-width: 767px) {#advgb-col-a62a7ff8-c492-416e-a6dd-37ac71ad762e>.advgb-column-inner{}}#advgb-cols-3c9852ac-97ac-4a41-b665-9a77fd7b7a07{}@media screen and (max-width: 1023px) {#advgb-cols-3c9852ac-97ac-4a41-b665-9a77fd7b7a07{}}@media screen and (max-width: 767px) {#advgb-cols-3c9852ac-97ac-4a41-b665-9a77fd7b7a07{}}#advgb-col-fab736c3-a014-4767-b185-97dd1458fc02>.advgb-column-inner{}@media screen and (max-width: 1023px) {#advgb-col-fab736c3-a014-4767-b185-97dd1458fc02>.advgb-column-inner{}}@media screen and (max-width: 767px) {#advgb-col-fab736c3-a014-4767-b185-97dd1458fc02>.advgb-column-inner{}}#advgb-col-85714241-7ed0-4e1e-89f3-4eeecfafd655>.advgb-column-inner{}@media screen and (max-width: 1023px) {#advgb-col-85714241-7ed0-4e1e-89f3-4eeecfafd655>.advgb-column-inner{}}@media screen and (max-width: 767px) {#advgb-col-85714241-7ed0-4e1e-89f3-4eeecfafd655>.advgb-column-inner{}}<\/style>","protected":false},"excerpt":{"rendered":"<p>BAND-MAID Lien direct sur la page YouTube officielle de Band-Maid.<\/p>\n","protected":false},"author":1,"featured_media":9237,"parent":0,"menu_order":0,"comment_status":"closed","ping_status":"closed","template":"","meta":{"advgb_blocks_editor_width":"","advgb_blocks_columns_visual_guide":"","footnotes":""},"class_list":["post-7215","page","type-page","status-publish","has-post-thumbnail","hentry"],"yoast_head":"<!-- This site is optimized with the Yoast SEO plugin v27.6 - https:\/\/yoast.com\/product\/yoast-seo-wordpress\/ -->\n<title>CONQUEROR - BAND-MAID<\/title>\n<meta name=\"robots\" content=\"index, follow, max-snippet:-1, max-image-preview:large, max-video-preview:-1\" \/>\n<link rel=\"canonical\" href=\"https:\/\/www.band-maid.fr\/index.php\/conqueror\/\" \/>\n<meta property=\"og:locale\" content=\"fr_FR\" \/>\n<meta property=\"og:type\" content=\"article\" \/>\n<meta property=\"og:title\" content=\"CONQUEROR - BAND-MAID\" \/>\n<meta property=\"og:description\" content=\"BAND-MAID Lien direct sur la page YouTube officielle de Band-Maid.\" \/>\n<meta property=\"og:url\" content=\"https:\/\/www.band-maid.fr\/index.php\/conqueror\/\" \/>\n<meta property=\"og:site_name\" content=\"BAND-MAID\" \/>\n<meta property=\"article:publisher\" content=\"https:\/\/www.facebook.com\/bandmaid\" \/>\n<meta property=\"article:modified_time\" content=\"2026-04-09T18:25:27+00:00\" \/>\n<meta property=\"og:image\" content=\"https:\/\/www.band-maid.fr\/wp-content\/uploads\/2026\/04\/Bandeau-conqueror2.jpg\" \/>\n\t<meta property=\"og:image:width\" content=\"2000\" \/>\n\t<meta property=\"og:image:height\" content=\"1771\" \/>\n\t<meta property=\"og:image:type\" content=\"image\/jpeg\" \/>\n<meta name=\"twitter:card\" content=\"summary_large_image\" \/>\n<meta name=\"twitter:site\" content=\"@bandmaid\" \/>\n<meta name=\"twitter:label1\" content=\"Dur\u00e9e de lecture estim\u00e9e\" \/>\n\t<meta name=\"twitter:data1\" content=\"3 minutes\" \/>\n<script type=\"application\/ld+json\" class=\"yoast-schema-graph\">{\"@context\":\"https:\\\/\\\/schema.org\",\"@graph\":[{\"@type\":\"WebPage\",\"@id\":\"https:\\\/\\\/www.band-maid.fr\\\/index.php\\\/conqueror\\\/\",\"url\":\"https:\\\/\\\/www.band-maid.fr\\\/index.php\\\/conqueror\\\/\",\"name\":\"CONQUEROR - BAND-MAID\",\"isPartOf\":{\"@id\":\"https:\\\/\\\/www.band-maid.fr\\\/#website\"},\"primaryImageOfPage\":{\"@id\":\"https:\\\/\\\/www.band-maid.fr\\\/index.php\\\/conqueror\\\/#primaryimage\"},\"image\":{\"@id\":\"https:\\\/\\\/www.band-maid.fr\\\/index.php\\\/conqueror\\\/#primaryimage\"},\"thumbnailUrl\":\"https:\\\/\\\/www.band-maid.fr\\\/wp-content\\\/uploads\\\/2026\\\/04\\\/Bandeau-conqueror2.jpg\",\"datePublished\":\"2026-01-02T21:51:18+00:00\",\"dateModified\":\"2026-04-09T18:25:27+00:00\",\"breadcrumb\":{\"@id\":\"https:\\\/\\\/www.band-maid.fr\\\/index.php\\\/conqueror\\\/#breadcrumb\"},\"inLanguage\":\"fr-FR\",\"potentialAction\":[{\"@type\":\"ReadAction\",\"target\":[\"https:\\\/\\\/www.band-maid.fr\\\/index.php\\\/conqueror\\\/\"]}]},{\"@type\":\"ImageObject\",\"inLanguage\":\"fr-FR\",\"@id\":\"https:\\\/\\\/www.band-maid.fr\\\/index.php\\\/conqueror\\\/#primaryimage\",\"url\":\"https:\\\/\\\/www.band-maid.fr\\\/wp-content\\\/uploads\\\/2026\\\/04\\\/Bandeau-conqueror2.jpg\",\"contentUrl\":\"https:\\\/\\\/www.band-maid.fr\\\/wp-content\\\/uploads\\\/2026\\\/04\\\/Bandeau-conqueror2.jpg\",\"width\":2000,\"height\":1771},{\"@type\":\"BreadcrumbList\",\"@id\":\"https:\\\/\\\/www.band-maid.fr\\\/index.php\\\/conqueror\\\/#breadcrumb\",\"itemListElement\":[{\"@type\":\"ListItem\",\"position\":1,\"name\":\"Accueil\",\"item\":\"https:\\\/\\\/www.band-maid.fr\\\/\"},{\"@type\":\"ListItem\",\"position\":2,\"name\":\"CONQUEROR\"}]},{\"@type\":\"WebSite\",\"@id\":\"https:\\\/\\\/www.band-maid.fr\\\/#website\",\"url\":\"https:\\\/\\\/www.band-maid.fr\\\/\",\"name\":\"BAND-MAID\",\"description\":\"WORLD DOMINATION\",\"publisher\":{\"@id\":\"https:\\\/\\\/www.band-maid.fr\\\/#organization\"},\"potentialAction\":[{\"@type\":\"SearchAction\",\"target\":{\"@type\":\"EntryPoint\",\"urlTemplate\":\"https:\\\/\\\/www.band-maid.fr\\\/?s={search_term_string}\"},\"query-input\":{\"@type\":\"PropertyValueSpecification\",\"valueRequired\":true,\"valueName\":\"search_term_string\"}}],\"inLanguage\":\"fr-FR\"},{\"@type\":\"Organization\",\"@id\":\"https:\\\/\\\/www.band-maid.fr\\\/#organization\",\"name\":\"BAND-MAID\",\"url\":\"https:\\\/\\\/www.band-maid.fr\\\/\",\"logo\":{\"@type\":\"ImageObject\",\"inLanguage\":\"fr-FR\",\"@id\":\"https:\\\/\\\/www.band-maid.fr\\\/#\\\/schema\\\/logo\\\/image\\\/\",\"url\":\"http:\\\/\\\/wglgkdc.cluster121.hosting.ovh.net\\\/wp-content\\\/uploads\\\/2026\\\/01\\\/logo_band-maid_b.png\",\"contentUrl\":\"http:\\\/\\\/wglgkdc.cluster121.hosting.ovh.net\\\/wp-content\\\/uploads\\\/2026\\\/01\\\/logo_band-maid_b.png\",\"width\":540,\"height\":93,\"caption\":\"BAND-MAID\"},\"image\":{\"@id\":\"https:\\\/\\\/www.band-maid.fr\\\/#\\\/schema\\\/logo\\\/image\\\/\"},\"sameAs\":[\"https:\\\/\\\/www.facebook.com\\\/bandmaid\",\"https:\\\/\\\/x.com\\\/bandmaid\",\"https:\\\/\\\/www.instagram.com\\\/bandmaid.jp\\\/\",\"https:\\\/\\\/www.youtube.com\\\/channel\\\/UCJToUvYrmkmTCR-bluEaQfA\",\"https:\\\/\\\/www.tiktok.com\\\/@bandmaid_int\"]}]}<\/script>\n<!-- \/ Yoast SEO plugin. -->","yoast_head_json":{"title":"CONQUEROR - BAND-MAID","robots":{"index":"index","follow":"follow","max-snippet":"max-snippet:-1","max-image-preview":"max-image-preview:large","max-video-preview":"max-video-preview:-1"},"canonical":"https:\/\/www.band-maid.fr\/index.php\/conqueror\/","og_locale":"fr_FR","og_type":"article","og_title":"CONQUEROR - BAND-MAID","og_description":"BAND-MAID Lien direct sur la page YouTube officielle de Band-Maid.","og_url":"https:\/\/www.band-maid.fr\/index.php\/conqueror\/","og_site_name":"BAND-MAID","article_publisher":"https:\/\/www.facebook.com\/bandmaid","article_modified_time":"2026-04-09T18:25:27+00:00","og_image":[{"width":2000,"height":1771,"url":"https:\/\/www.band-maid.fr\/wp-content\/uploads\/2026\/04\/Bandeau-conqueror2.jpg","type":"image\/jpeg"}],"twitter_card":"summary_large_image","twitter_site":"@bandmaid","twitter_misc":{"Dur\u00e9e de lecture estim\u00e9e":"3 minutes"},"schema":{"@context":"https:\/\/schema.org","@graph":[{"@type":"WebPage","@id":"https:\/\/www.band-maid.fr\/index.php\/conqueror\/","url":"https:\/\/www.band-maid.fr\/index.php\/conqueror\/","name":"CONQUEROR - BAND-MAID","isPartOf":{"@id":"https:\/\/www.band-maid.fr\/#website"},"primaryImageOfPage":{"@id":"https:\/\/www.band-maid.fr\/index.php\/conqueror\/#primaryimage"},"image":{"@id":"https:\/\/www.band-maid.fr\/index.php\/conqueror\/#primaryimage"},"thumbnailUrl":"https:\/\/www.band-maid.fr\/wp-content\/uploads\/2026\/04\/Bandeau-conqueror2.jpg","datePublished":"2026-01-02T21:51:18+00:00","dateModified":"2026-04-09T18:25:27+00:00","breadcrumb":{"@id":"https:\/\/www.band-maid.fr\/index.php\/conqueror\/#breadcrumb"},"inLanguage":"fr-FR","potentialAction":[{"@type":"ReadAction","target":["https:\/\/www.band-maid.fr\/index.php\/conqueror\/"]}]},{"@type":"ImageObject","inLanguage":"fr-FR","@id":"https:\/\/www.band-maid.fr\/index.php\/conqueror\/#primaryimage","url":"https:\/\/www.band-maid.fr\/wp-content\/uploads\/2026\/04\/Bandeau-conqueror2.jpg","contentUrl":"https:\/\/www.band-maid.fr\/wp-content\/uploads\/2026\/04\/Bandeau-conqueror2.jpg","width":2000,"height":1771},{"@type":"BreadcrumbList","@id":"https:\/\/www.band-maid.fr\/index.php\/conqueror\/#breadcrumb","itemListElement":[{"@type":"ListItem","position":1,"name":"Accueil","item":"https:\/\/www.band-maid.fr\/"},{"@type":"ListItem","position":2,"name":"CONQUEROR"}]},{"@type":"WebSite","@id":"https:\/\/www.band-maid.fr\/#website","url":"https:\/\/www.band-maid.fr\/","name":"BAND-MAID","description":"WORLD DOMINATION","publisher":{"@id":"https:\/\/www.band-maid.fr\/#organization"},"potentialAction":[{"@type":"SearchAction","target":{"@type":"EntryPoint","urlTemplate":"https:\/\/www.band-maid.fr\/?s={search_term_string}"},"query-input":{"@type":"PropertyValueSpecification","valueRequired":true,"valueName":"search_term_string"}}],"inLanguage":"fr-FR"},{"@type":"Organization","@id":"https:\/\/www.band-maid.fr\/#organization","name":"BAND-MAID","url":"https:\/\/www.band-maid.fr\/","logo":{"@type":"ImageObject","inLanguage":"fr-FR","@id":"https:\/\/www.band-maid.fr\/#\/schema\/logo\/image\/","url":"http:\/\/wglgkdc.cluster121.hosting.ovh.net\/wp-content\/uploads\/2026\/01\/logo_band-maid_b.png","contentUrl":"http:\/\/wglgkdc.cluster121.hosting.ovh.net\/wp-content\/uploads\/2026\/01\/logo_band-maid_b.png","width":540,"height":93,"caption":"BAND-MAID"},"image":{"@id":"https:\/\/www.band-maid.fr\/#\/schema\/logo\/image\/"},"sameAs":["https:\/\/www.facebook.com\/bandmaid","https:\/\/x.com\/bandmaid","https:\/\/www.instagram.com\/bandmaid.jp\/","https:\/\/www.youtube.com\/channel\/UCJToUvYrmkmTCR-bluEaQfA","https:\/\/www.tiktok.com\/@bandmaid_int"]}]}},"coauthors":[],"author_meta":{"author_link":"https:\/\/www.band-maid.fr\/index.php\/author\/admin8693\/","display_name":"LJB"},"relative_dates":{"created":"Publi\u00e9 4 mois il y a","modified":"Mis \u00e0 jour 1 mois il y a"},"absolute_dates":{"created":"Publi\u00e9 le 02\/01\/2026","modified":"Mise \u00e0 jour le 09\/04\/2026"},"absolute_dates_time":{"created":"Publi\u00e9 le 02\/01\/2026 21h51","modified":"Mise \u00e0 jour le 09\/04\/2026 18h25"},"featured_img_caption":"","featured_img":"https:\/\/www.band-maid.fr\/wp-content\/uploads\/2026\/04\/Bandeau-conqueror2.jpg","series_order":"","featured_media_urls":{"thumbnail":["https:\/\/www.band-maid.fr\/wp-content\/uploads\/2026\/04\/Bandeau-conqueror2-150x150.jpg",150,150,true],"medium":["https:\/\/www.band-maid.fr\/wp-content\/uploads\/2026\/04\/Bandeau-conqueror2-300x266.jpg",300,266,true],"medium_large":["https:\/\/www.band-maid.fr\/wp-content\/uploads\/2026\/04\/Bandeau-conqueror2.jpg",768,680,false],"large":["https:\/\/www.band-maid.fr\/wp-content\/uploads\/2026\/04\/Bandeau-conqueror2-1024x907.jpg",950,841,true],"1536x1536":["https:\/\/www.band-maid.fr\/wp-content\/uploads\/2026\/04\/Bandeau-conqueror2-1536x1360.jpg",1536,1360,true],"2048x2048":["https:\/\/www.band-maid.fr\/wp-content\/uploads\/2026\/04\/Bandeau-conqueror2.jpg",2000,1771,false],"inspiro-featured-image":["https:\/\/www.band-maid.fr\/wp-content\/uploads\/2026\/04\/Bandeau-conqueror2.jpg",2000,1771,false],"inspiro-loop":["https:\/\/www.band-maid.fr\/wp-content\/uploads\/2026\/04\/Bandeau-conqueror2-950x320.jpg",950,320,true],"inspiro-loop@2x":["https:\/\/www.band-maid.fr\/wp-content\/uploads\/2026\/04\/Bandeau-conqueror2-1900x640.jpg",1900,640,true],"portfolio_item-thumbnail":["https:\/\/www.band-maid.fr\/wp-content\/uploads\/2026\/04\/Bandeau-conqueror2-600x400.jpg",600,400,true],"portfolio_item-thumbnail@2x":["https:\/\/www.band-maid.fr\/wp-content\/uploads\/2026\/04\/Bandeau-conqueror2-1200x800.jpg",1200,800,true],"portfolio_item-masonry":["https:\/\/www.band-maid.fr\/wp-content\/uploads\/2026\/04\/Bandeau-conqueror2-600x531.jpg",600,531,true],"portfolio_item-masonry@2x":["https:\/\/www.band-maid.fr\/wp-content\/uploads\/2026\/04\/Bandeau-conqueror2-1200x1063.jpg",1200,1063,true],"portfolio_item-thumbnail_cinema":["https:\/\/www.band-maid.fr\/wp-content\/uploads\/2026\/04\/Bandeau-conqueror2-800x335.jpg",800,335,true],"portfolio_item-thumbnail_portrait":["https:\/\/www.band-maid.fr\/wp-content\/uploads\/2026\/04\/Bandeau-conqueror2-600x900.jpg",600,900,true],"portfolio_item-thumbnail_portrait@2x":["https:\/\/www.band-maid.fr\/wp-content\/uploads\/2026\/04\/Bandeau-conqueror2-1200x1771.jpg",1200,1771,true],"portfolio_item-thumbnail_square":["https:\/\/www.band-maid.fr\/wp-content\/uploads\/2026\/04\/Bandeau-conqueror2-800x800.jpg",800,800,true]},"_links":{"self":[{"href":"https:\/\/www.band-maid.fr\/index.php\/wp-json\/wp\/v2\/pages\/7215","targetHints":{"allow":["GET"]}}],"collection":[{"href":"https:\/\/www.band-maid.fr\/index.php\/wp-json\/wp\/v2\/pages"}],"about":[{"href":"https:\/\/www.band-maid.fr\/index.php\/wp-json\/wp\/v2\/types\/page"}],"author":[{"embeddable":true,"href":"https:\/\/www.band-maid.fr\/index.php\/wp-json\/wp\/v2\/users\/1"}],"replies":[{"embeddable":true,"href":"https:\/\/www.band-maid.fr\/index.php\/wp-json\/wp\/v2\/comments?post=7215"}],"version-history":[{"count":14,"href":"https:\/\/www.band-maid.fr\/index.php\/wp-json\/wp\/v2\/pages\/7215\/revisions"}],"predecessor-version":[{"id":9662,"href":"https:\/\/www.band-maid.fr\/index.php\/wp-json\/wp\/v2\/pages\/7215\/revisions\/9662"}],"wp:featuredmedia":[{"embeddable":true,"href":"https:\/\/www.band-maid.fr\/index.php\/wp-json\/wp\/v2\/media\/9237"}],"wp:attachment":[{"href":"https:\/\/www.band-maid.fr\/index.php\/wp-json\/wp\/v2\/media?parent=7215"}],"curies":[{"name":"wp","href":"https:\/\/api.w.org\/{rel}","templated":true}]}}