{"id":7158,"date":"2026-01-02T15:19:02","date_gmt":"2026-01-02T15:19:02","guid":{"rendered":"http:\/\/wglgkdc.cluster121.hosting.ovh.net\/?page_id=7158"},"modified":"2026-04-05T17:13:56","modified_gmt":"2026-04-05T17:13:56","slug":"world-domination","status":"publish","type":"page","link":"https:\/\/www.band-maid.fr\/index.php\/world-domination\/","title":{"rendered":"WORLD DOMINATION"},"content":{"rendered":"\n<div class=\"wp-block-advgb-columns advgb-columns-wrapper\" id=\"advgb-cols-8808f532-5b0e-4be9-a049-9c7dafdf7539\"><div class=\"advgb-columns-container\"><div class=\"advgb-columns advgb-columns-row advgb-is-mobile advgb-columns-2 layout-14-34 mbl-layout-stacked vgutter-10\">\n<div class=\"wp-block-advgb-column advgb-column\" id=\"advgb-col-666efe25-6859-4250-8eb7-7ba2077f78a2\"><div class=\"advgb-column-inner\" style=\"border-style:none;border-width:1px\">\n<figure class=\"wp-block-image size-full\"><img fetchpriority=\"high\" decoding=\"async\" width=\"300\" height=\"274\" src=\"https:\/\/band-maid.fr\/wp-content\/uploads\/2026\/01\/World-Domination-e1767379089838.jpg\" alt=\"\" class=\"wp-image-6991\"\/><\/figure>\n<\/div><\/div>\n\n\n\n<div class=\"wp-block-advgb-column advgb-column\" id=\"advgb-col-a2d0d813-8a4b-4ea9-9d95-fcc5b0d092ad\"><div class=\"advgb-column-inner\" style=\"border-style:none;border-width:1px\">\n<div class=\"wp-block-advgb-columns advgb-columns-wrapper\" id=\"advgb-cols-b4f02676-88b2-4c4a-866d-3f39b2cf5cf4\"><div class=\"advgb-columns-container\"><div class=\"advgb-columns advgb-columns-row advgb-is-mobile advgb-columns-2 layout-15-45 mbl-layout-stacked vgutter-10\">\n<div class=\"wp-block-advgb-column advgb-column\" id=\"advgb-col-0d25f874-898f-40e5-ac5b-d7fd5681f78c\"><div class=\"advgb-column-inner\" style=\"border-style:none;border-width:1px\"><\/div><\/div>\n\n\n\n<div class=\"wp-block-advgb-column advgb-column\" id=\"advgb-col-9de2a05e-f333-4bee-8e58-d9a916df1133\"><div class=\"advgb-column-inner\" style=\"border-style:none;border-width:1px\">\n<p>Sortie : 14 f\u00e9vrier 2018<\/p>\n\n\n\n<p>Enregistrement : 2017<\/p>\n\n\n\n<p>Dur\u00e9e : 53:56<\/p>\n\n\n\n<p>Label : Crown Stones&nbsp;(Japan),&nbsp;JPU Records&nbsp;(International)<\/p>\n<\/div><\/div>\n<\/div><\/div><\/div>\n<\/div><\/div>\n<\/div><\/div><\/div>\n\n\n\n<p id=\"block-98b996fe-1c4e-4ebe-b014-e983888f5e23\"><\/p>\n\n\n\n<p id=\"block-6b550728-c3c7-4af0-8804-e8a4e3e45753\"><\/p>\n\n\n\n<table class=\"wp-block-advgb-table advgb-table-frontend is-style-regular\"><tbody><tr><td>\ufeff<\/td><td>Titres<\/td><td>Paroles<\/td><td>Musique<\/td><td>Dur\u00e9e<\/td><\/tr><tr><td>1.<\/td><td><strong><a href=\"https:\/\/www.band-maid.fr\/index.php\/i-cant-live-without-you\/\">I Can&rsquo;t Live Without You.<\/a><\/strong><\/td><td>Miku Kobato<\/td><td>Band-Maid<\/td><td>03:49<\/td><\/tr><tr><td>2.<\/td><td><strong><strong><a href=\"https:\/\/www.band-maid.fr\/index.php\/play\/\">Play<\/a><\/strong><\/strong><\/td><td>Miku Kobato<\/td><td>Band-Maid<\/td><td>03:19<\/td><\/tr><tr><td>3.<\/td><td><strong><strong><a href=\"https:\/\/www.band-maid.fr\/index.php\/one-and-only\/\">One and Only<\/a><\/strong><\/strong><\/td><td>Miku Kobato<\/td><td>Band-Maid<\/td><td>03:22<\/td><\/tr><tr><td>4.<\/td><td><strong><strong><strong><a href=\"https:\/\/www.band-maid.fr\/index.php\/domination\/\">Domination<\/a><\/strong><\/strong><\/strong><\/td><td>Miku Kobato<\/td><td>Band-Maid<\/td><td>03:51<\/td><\/tr><tr><td>5.<\/td><td><strong><a href=\"https:\/\/www.band-maid.fr\/index.php\/fate\/\">Fate<\/a><\/strong><\/td><td>Miku Kobato<\/td><td>Kentaro Akutsu, Band-Maid<\/td><td>04:31<\/td><\/tr><tr><td>6.<\/td><td><strong><strong><a href=\"https:\/\/www.band-maid.fr\/index.php\/spirit\/\">Spirit!!<\/a><\/strong><\/strong><\/td><td>Miku Kobato<\/td><td>Band-Maid<\/td><td>03:41<\/td><\/tr><tr><td>7.<\/td><td><strong><strong><a href=\"https:\/\/www.band-maid.fr\/index.php\/rock-in-me\/\">Rock in Me<\/a><\/strong><\/strong><\/td><td>Miku Kobato<\/td><td>Tienowa, Band-Maid<\/td><td>03:21<\/td><\/tr><tr><td>8.<\/td><td><strong><strong><a href=\"https:\/\/www.band-maid.fr\/index.php\/clang\/\">Clang<\/a><\/strong><\/strong><\/td><td>Miku Kobato<\/td><td>Band-Maid<\/td><td>04:10<\/td><\/tr><tr><td>9.<\/td><td><strong><a href=\"https:\/\/www.band-maid.fr\/index.php\/turn-me-on\/\">Turn Me On<\/a><\/strong><\/td><td>Miku Kobato<\/td><td>Kentaro Akutsu, Band-Maid<\/td><td>04:15<\/td><\/tr><tr><td>10.      <\/td><td><strong><a href=\"https:\/\/www.band-maid.fr\/index.php\/carry-on-living\/\">Carry On Living<\/a><\/strong><\/td><td>Miku Kobato   <\/td><td>Band-Maid<\/td><td>03:32<\/td><\/tr><tr><td>11.<\/td><td><strong><a href=\"https:\/\/www.band-maid.fr\/index.php\/daydreaming\/\">Daydreaming<\/a><\/strong><\/td><td>Miku Kobato, Saiki Atsumi<\/td><td>Band-Maid<\/td><td>03:57<\/td><\/tr><tr><td>12.<\/td><td><strong><a href=\"https:\/\/www.band-maid.fr\/index.php\/anemone\/\">Anemone<\/a><\/strong><\/td><td>Miku Kobato<\/td><td>Band-Maid<\/td><td>04:22<\/td><\/tr><tr><td>13.<\/td><td><strong><a href=\"https:\/\/www.band-maid.fr\/index.php\/alive-or-dead\/\">Alive-or-Dead<\/a><\/strong><\/td><td>Miku Kobato<\/td><td>Band-Maid<\/td><td>03:44<\/td><\/tr><tr><td>14.<\/td><td><strong><a href=\"https:\/\/www.band-maid.fr\/index.php\/dice\/\">Dice<\/a><\/strong><\/td><td>Miku Kobato<\/td><td>Band-Maid<\/td><td>04:02<\/td><\/tr><tr><td><\/td><td><\/td><td><\/td><td><\/td><td><\/td><\/tr><tr><td><\/td><td>Bonus Track \u00e9dition standard<\/td><td><\/td><td><\/td><td><\/td><\/tr><tr><td>15.<\/td><td><a href=\"https:\/\/www.band-maid.fr\/index.php\/honey\/\"><strong>Honey (\u30cf\u30cb\u30fc) <\/strong>(Mucc&nbsp;cover)<\/a><\/td><td>Miya<\/td><td>Miya<\/td><td>03:24<\/td><\/tr><\/tbody><\/table>\n\n\n\n<hr class=\"wp-block-separator has-alpha-channel-opacity\"\/>\n\n\n\n<p id=\"block-e5fb0450-ead5-4293-9150-347313c2719f\"><\/p>\n\n\n\n<h2 class=\"wp-block-heading\">BAND-MAID<\/h2>\n\n\n\n<ul class=\"wp-block-list\">\n<li><strong>Saiki Atsumi <\/strong>\u2013 chant (except\u00e9 pour la chanson 7)<\/li>\n\n\n\n<li><strong>Miku Kobato<\/strong> \u2013  guitare rythmique, ch\u0153urs, chant (Rock In Me)<\/li>\n\n\n\n<li><strong>Kanami T\u014dno<\/strong> \u2013 guitare solo<\/li>\n\n\n\n<li><strong>Misa<\/strong> \u2013 basse<\/li>\n\n\n\n<li><strong>Akane Hirose<\/strong> \u2013 batterie<\/li>\n<\/ul>\n\n\n\n<hr class=\"wp-block-separator has-alpha-channel-opacity\"\/>\n\n\n\n<figure class=\"wp-block-embed is-type-video is-provider-youtube wp-block-embed-youtube wp-embed-aspect-4-3 wp-has-aspect-ratio\"><div class=\"wp-block-embed__wrapper\">\n<iframe title=\"I can&#039;t live without you.\" width=\"950\" height=\"713\" src=\"https:\/\/www.youtube.com\/embed\/3C7hDUB0lgk?list=OLAK5uy_nvDJpSAqKoQ4lWACTfm8G5CyjwdPjeAq0\" frameborder=\"0\" allow=\"accelerometer; autoplay; clipboard-write; encrypted-media; gyroscope; picture-in-picture; web-share\" referrerpolicy=\"strict-origin-when-cross-origin\" allowfullscreen><\/iframe>\n<\/div><\/figure>\n\n\n\n<p>Lien direct sur la page YouTube officielle de Band-Maid.<\/p>\n\n\n\n<p><\/p>\n\n\n\n<hr class=\"wp-block-separator has-alpha-channel-opacity\"\/>\n\n\n\n<h2 class=\"wp-block-heading\" id=\"limited-edition-with-bluray-or-dvd-902fb884-5edf-4b6a-90e7-edf0bce0ee9f\">\u00c9dition limit\u00e9e (avec Blu-ray ou DVD)<\/h2>\n\n\n\n<p>Blu-ray ou DVD du concert du Tour Final, enregistr\u00e9 \u00e0 Studio Coast, le 24 novembre 2017.<\/p>\n\n\n\n<div class=\"wp-block-group is-nowrap is-layout-flex wp-container-core-group-is-layout-6c531013 wp-block-group-is-layout-flex\">\n<ol class=\"wp-block-list\">\n<li>Choose Me<\/li>\n\n\n\n<li>Don&rsquo;t You Tell Me<\/li>\n\n\n\n<li>\u30e2\u30e9\u30c8\u30ea\u30a2\u30e0<\/li>\n\n\n\n<li>Puzzle<\/li>\n\n\n\n<li>Cross<\/li>\n\n\n\n<li>Matchless Gum<\/li>\n\n\n\n<li>Awkward<\/li>\n\n\n\n<li>Daydreaming<\/li>\n\n\n\n<li>YOLO<\/li>\n\n\n\n<li>Alone<\/li>\n\n\n\n<li>Real Existence<\/li>\n\n\n\n<li>Take Me Higher!<\/li>\n\n\n\n<li>Play<\/li>\n\n\n\n<li>Secret My Lips<\/li>\n\n\n\n<li>The Non-Fiction Days<\/li>\n<\/ol>\n\n\n\n<p><\/p>\n<\/div>\n\n\n\n<p><\/p>\n<style class=\"advgb-styles-renderer\">#advgb-col-666efe25-6859-4250-8eb7-7ba2077f78a2>.advgb-column-inner{}@media screen and (max-width: 1023px) {#advgb-col-666efe25-6859-4250-8eb7-7ba2077f78a2>.advgb-column-inner{}}@media screen and (max-width: 767px) {#advgb-col-666efe25-6859-4250-8eb7-7ba2077f78a2>.advgb-column-inner{}}#advgb-col-0d25f874-898f-40e5-ac5b-d7fd5681f78c>.advgb-column-inner{}@media screen and (max-width: 1023px) {#advgb-col-0d25f874-898f-40e5-ac5b-d7fd5681f78c>.advgb-column-inner{}}@media screen and (max-width: 767px) {#advgb-col-0d25f874-898f-40e5-ac5b-d7fd5681f78c>.advgb-column-inner{}}#advgb-col-9de2a05e-f333-4bee-8e58-d9a916df1133>.advgb-column-inner{}@media screen and (max-width: 1023px) {#advgb-col-9de2a05e-f333-4bee-8e58-d9a916df1133>.advgb-column-inner{}}@media screen and (max-width: 767px) {#advgb-col-9de2a05e-f333-4bee-8e58-d9a916df1133>.advgb-column-inner{}}#advgb-cols-b4f02676-88b2-4c4a-866d-3f39b2cf5cf4{}@media screen and (max-width: 1023px) {#advgb-cols-b4f02676-88b2-4c4a-866d-3f39b2cf5cf4{}}@media screen and (max-width: 767px) {#advgb-cols-b4f02676-88b2-4c4a-866d-3f39b2cf5cf4{}}#advgb-col-0d25f874-898f-40e5-ac5b-d7fd5681f78c>.advgb-column-inner{}@media screen and (max-width: 1023px) {#advgb-col-0d25f874-898f-40e5-ac5b-d7fd5681f78c>.advgb-column-inner{}}@media screen and (max-width: 767px) {#advgb-col-0d25f874-898f-40e5-ac5b-d7fd5681f78c>.advgb-column-inner{}}#advgb-col-9de2a05e-f333-4bee-8e58-d9a916df1133>.advgb-column-inner{}@media screen and (max-width: 1023px) {#advgb-col-9de2a05e-f333-4bee-8e58-d9a916df1133>.advgb-column-inner{}}@media screen and (max-width: 767px) {#advgb-col-9de2a05e-f333-4bee-8e58-d9a916df1133>.advgb-column-inner{}}#advgb-col-a2d0d813-8a4b-4ea9-9d95-fcc5b0d092ad>.advgb-column-inner{}@media screen and (max-width: 1023px) {#advgb-col-a2d0d813-8a4b-4ea9-9d95-fcc5b0d092ad>.advgb-column-inner{}}@media screen and (max-width: 767px) {#advgb-col-a2d0d813-8a4b-4ea9-9d95-fcc5b0d092ad>.advgb-column-inner{}}#advgb-cols-b4f02676-88b2-4c4a-866d-3f39b2cf5cf4{}@media screen and (max-width: 1023px) {#advgb-cols-b4f02676-88b2-4c4a-866d-3f39b2cf5cf4{}}@media screen and (max-width: 767px) {#advgb-cols-b4f02676-88b2-4c4a-866d-3f39b2cf5cf4{}}#advgb-col-0d25f874-898f-40e5-ac5b-d7fd5681f78c>.advgb-column-inner{}@media screen and (max-width: 1023px) {#advgb-col-0d25f874-898f-40e5-ac5b-d7fd5681f78c>.advgb-column-inner{}}@media screen and (max-width: 767px) {#advgb-col-0d25f874-898f-40e5-ac5b-d7fd5681f78c>.advgb-column-inner{}}#advgb-col-9de2a05e-f333-4bee-8e58-d9a916df1133>.advgb-column-inner{}@media screen and (max-width: 1023px) {#advgb-col-9de2a05e-f333-4bee-8e58-d9a916df1133>.advgb-column-inner{}}@media screen and (max-width: 767px) {#advgb-col-9de2a05e-f333-4bee-8e58-d9a916df1133>.advgb-column-inner{}}#advgb-cols-8808f532-5b0e-4be9-a049-9c7dafdf7539{}@media screen and (max-width: 1023px) {#advgb-cols-8808f532-5b0e-4be9-a049-9c7dafdf7539{}}@media screen and (max-width: 767px) {#advgb-cols-8808f532-5b0e-4be9-a049-9c7dafdf7539{}}#advgb-col-666efe25-6859-4250-8eb7-7ba2077f78a2>.advgb-column-inner{}@media screen and (max-width: 1023px) {#advgb-col-666efe25-6859-4250-8eb7-7ba2077f78a2>.advgb-column-inner{}}@media screen and (max-width: 767px) {#advgb-col-666efe25-6859-4250-8eb7-7ba2077f78a2>.advgb-column-inner{}}#advgb-col-a2d0d813-8a4b-4ea9-9d95-fcc5b0d092ad>.advgb-column-inner{}@media screen and (max-width: 1023px) {#advgb-col-a2d0d813-8a4b-4ea9-9d95-fcc5b0d092ad>.advgb-column-inner{}}@media screen and (max-width: 767px) {#advgb-col-a2d0d813-8a4b-4ea9-9d95-fcc5b0d092ad>.advgb-column-inner{}}#advgb-cols-b4f02676-88b2-4c4a-866d-3f39b2cf5cf4{}@media screen and (max-width: 1023px) {#advgb-cols-b4f02676-88b2-4c4a-866d-3f39b2cf5cf4{}}@media screen and (max-width: 767px) {#advgb-cols-b4f02676-88b2-4c4a-866d-3f39b2cf5cf4{}}#advgb-col-0d25f874-898f-40e5-ac5b-d7fd5681f78c>.advgb-column-inner{}@media screen and (max-width: 1023px) {#advgb-col-0d25f874-898f-40e5-ac5b-d7fd5681f78c>.advgb-column-inner{}}@media screen and (max-width: 767px) {#advgb-col-0d25f874-898f-40e5-ac5b-d7fd5681f78c>.advgb-column-inner{}}#advgb-col-9de2a05e-f333-4bee-8e58-d9a916df1133>.advgb-column-inner{}@media screen and (max-width: 1023px) {#advgb-col-9de2a05e-f333-4bee-8e58-d9a916df1133>.advgb-column-inner{}}@media screen and (max-width: 767px) {#advgb-col-9de2a05e-f333-4bee-8e58-d9a916df1133>.advgb-column-inner{}}<\/style>","protected":false},"excerpt":{"rendered":"<p>BAND-MAID Lien direct sur la page YouTube officielle de Band-Maid. \u00c9dition limit\u00e9e (avec Blu-ray ou DVD) Blu-ray ou DVD du concert du Tour Final, enregistr\u00e9 \u00e0 Studio Coast, le 24 novembre 2017.<\/p>\n","protected":false},"author":1,"featured_media":7192,"parent":0,"menu_order":0,"comment_status":"closed","ping_status":"closed","template":"","meta":{"advgb_blocks_editor_width":"","advgb_blocks_columns_visual_guide":"","footnotes":""},"class_list":["post-7158","page","type-page","status-publish","has-post-thumbnail","hentry"],"yoast_head":"<!-- This site is optimized with the Yoast SEO plugin v27.6 - https:\/\/yoast.com\/product\/yoast-seo-wordpress\/ -->\n<title>WORLD DOMINATION - BAND-MAID<\/title>\n<meta name=\"description\" content=\"D\u00e9couvrez toutes les informations sur le second LP de BAND-MAID sorti en f\u00e9vrier 2018 : WORLD DOMINATION. Hard rock japonais !\" \/>\n<meta name=\"robots\" content=\"index, follow, max-snippet:-1, max-image-preview:large, max-video-preview:-1\" \/>\n<link rel=\"canonical\" href=\"https:\/\/www.band-maid.fr\/index.php\/world-domination\/\" \/>\n<meta property=\"og:locale\" content=\"fr_FR\" \/>\n<meta property=\"og:type\" content=\"article\" \/>\n<meta property=\"og:title\" content=\"WORLD DOMINATION - BAND-MAID\" \/>\n<meta property=\"og:description\" content=\"D\u00e9couvrez toutes les informations sur le second LP de BAND-MAID sorti en f\u00e9vrier 2018 : WORLD DOMINATION. Hard rock japonais !\" \/>\n<meta property=\"og:url\" content=\"https:\/\/www.band-maid.fr\/index.php\/world-domination\/\" \/>\n<meta property=\"og:site_name\" content=\"BAND-MAID\" \/>\n<meta property=\"article:publisher\" content=\"https:\/\/www.facebook.com\/bandmaid\" \/>\n<meta property=\"article:modified_time\" content=\"2026-04-05T17:13:56+00:00\" \/>\n<meta property=\"og:image\" content=\"https:\/\/www.band-maid.fr\/wp-content\/uploads\/2026\/01\/Bandeau-World-domination.jpg\" \/>\n\t<meta property=\"og:image:width\" content=\"1200\" \/>\n\t<meta property=\"og:image:height\" content=\"675\" \/>\n\t<meta property=\"og:image:type\" content=\"image\/jpeg\" \/>\n<meta name=\"twitter:card\" content=\"summary_large_image\" \/>\n<meta name=\"twitter:site\" content=\"@bandmaid\" \/>\n<meta name=\"twitter:label1\" content=\"Dur\u00e9e de lecture estim\u00e9e\" \/>\n\t<meta name=\"twitter:data1\" content=\"2 minutes\" \/>\n<script type=\"application\/ld+json\" class=\"yoast-schema-graph\">{\"@context\":\"https:\\\/\\\/schema.org\",\"@graph\":[{\"@type\":\"WebPage\",\"@id\":\"https:\\\/\\\/www.band-maid.fr\\\/index.php\\\/world-domination\\\/\",\"url\":\"https:\\\/\\\/www.band-maid.fr\\\/index.php\\\/world-domination\\\/\",\"name\":\"WORLD DOMINATION - BAND-MAID\",\"isPartOf\":{\"@id\":\"https:\\\/\\\/www.band-maid.fr\\\/#website\"},\"primaryImageOfPage\":{\"@id\":\"https:\\\/\\\/www.band-maid.fr\\\/index.php\\\/world-domination\\\/#primaryimage\"},\"image\":{\"@id\":\"https:\\\/\\\/www.band-maid.fr\\\/index.php\\\/world-domination\\\/#primaryimage\"},\"thumbnailUrl\":\"https:\\\/\\\/www.band-maid.fr\\\/wp-content\\\/uploads\\\/2026\\\/01\\\/Bandeau-World-domination.jpg\",\"datePublished\":\"2026-01-02T15:19:02+00:00\",\"dateModified\":\"2026-04-05T17:13:56+00:00\",\"description\":\"D\u00e9couvrez toutes les informations sur le second LP de BAND-MAID sorti en f\u00e9vrier 2018 : WORLD DOMINATION. Hard rock japonais !\",\"breadcrumb\":{\"@id\":\"https:\\\/\\\/www.band-maid.fr\\\/index.php\\\/world-domination\\\/#breadcrumb\"},\"inLanguage\":\"fr-FR\",\"potentialAction\":[{\"@type\":\"ReadAction\",\"target\":[\"https:\\\/\\\/www.band-maid.fr\\\/index.php\\\/world-domination\\\/\"]}]},{\"@type\":\"ImageObject\",\"inLanguage\":\"fr-FR\",\"@id\":\"https:\\\/\\\/www.band-maid.fr\\\/index.php\\\/world-domination\\\/#primaryimage\",\"url\":\"https:\\\/\\\/www.band-maid.fr\\\/wp-content\\\/uploads\\\/2026\\\/01\\\/Bandeau-World-domination.jpg\",\"contentUrl\":\"https:\\\/\\\/www.band-maid.fr\\\/wp-content\\\/uploads\\\/2026\\\/01\\\/Bandeau-World-domination.jpg\",\"width\":1200,\"height\":675},{\"@type\":\"BreadcrumbList\",\"@id\":\"https:\\\/\\\/www.band-maid.fr\\\/index.php\\\/world-domination\\\/#breadcrumb\",\"itemListElement\":[{\"@type\":\"ListItem\",\"position\":1,\"name\":\"Accueil\",\"item\":\"https:\\\/\\\/www.band-maid.fr\\\/\"},{\"@type\":\"ListItem\",\"position\":2,\"name\":\"WORLD DOMINATION\"}]},{\"@type\":\"WebSite\",\"@id\":\"https:\\\/\\\/www.band-maid.fr\\\/#website\",\"url\":\"https:\\\/\\\/www.band-maid.fr\\\/\",\"name\":\"BAND-MAID\",\"description\":\"WORLD DOMINATION\",\"publisher\":{\"@id\":\"https:\\\/\\\/www.band-maid.fr\\\/#organization\"},\"potentialAction\":[{\"@type\":\"SearchAction\",\"target\":{\"@type\":\"EntryPoint\",\"urlTemplate\":\"https:\\\/\\\/www.band-maid.fr\\\/?s={search_term_string}\"},\"query-input\":{\"@type\":\"PropertyValueSpecification\",\"valueRequired\":true,\"valueName\":\"search_term_string\"}}],\"inLanguage\":\"fr-FR\"},{\"@type\":\"Organization\",\"@id\":\"https:\\\/\\\/www.band-maid.fr\\\/#organization\",\"name\":\"BAND-MAID\",\"url\":\"https:\\\/\\\/www.band-maid.fr\\\/\",\"logo\":{\"@type\":\"ImageObject\",\"inLanguage\":\"fr-FR\",\"@id\":\"https:\\\/\\\/www.band-maid.fr\\\/#\\\/schema\\\/logo\\\/image\\\/\",\"url\":\"http:\\\/\\\/wglgkdc.cluster121.hosting.ovh.net\\\/wp-content\\\/uploads\\\/2026\\\/01\\\/logo_band-maid_b.png\",\"contentUrl\":\"http:\\\/\\\/wglgkdc.cluster121.hosting.ovh.net\\\/wp-content\\\/uploads\\\/2026\\\/01\\\/logo_band-maid_b.png\",\"width\":540,\"height\":93,\"caption\":\"BAND-MAID\"},\"image\":{\"@id\":\"https:\\\/\\\/www.band-maid.fr\\\/#\\\/schema\\\/logo\\\/image\\\/\"},\"sameAs\":[\"https:\\\/\\\/www.facebook.com\\\/bandmaid\",\"https:\\\/\\\/x.com\\\/bandmaid\",\"https:\\\/\\\/www.instagram.com\\\/bandmaid.jp\\\/\",\"https:\\\/\\\/www.youtube.com\\\/channel\\\/UCJToUvYrmkmTCR-bluEaQfA\",\"https:\\\/\\\/www.tiktok.com\\\/@bandmaid_int\"]}]}<\/script>\n<!-- \/ Yoast SEO plugin. -->","yoast_head_json":{"title":"WORLD DOMINATION - BAND-MAID","description":"D\u00e9couvrez toutes les informations sur le second LP de BAND-MAID sorti en f\u00e9vrier 2018 : WORLD DOMINATION. Hard rock japonais !","robots":{"index":"index","follow":"follow","max-snippet":"max-snippet:-1","max-image-preview":"max-image-preview:large","max-video-preview":"max-video-preview:-1"},"canonical":"https:\/\/www.band-maid.fr\/index.php\/world-domination\/","og_locale":"fr_FR","og_type":"article","og_title":"WORLD DOMINATION - BAND-MAID","og_description":"D\u00e9couvrez toutes les informations sur le second LP de BAND-MAID sorti en f\u00e9vrier 2018 : WORLD DOMINATION. Hard rock japonais !","og_url":"https:\/\/www.band-maid.fr\/index.php\/world-domination\/","og_site_name":"BAND-MAID","article_publisher":"https:\/\/www.facebook.com\/bandmaid","article_modified_time":"2026-04-05T17:13:56+00:00","og_image":[{"width":1200,"height":675,"url":"https:\/\/www.band-maid.fr\/wp-content\/uploads\/2026\/01\/Bandeau-World-domination.jpg","type":"image\/jpeg"}],"twitter_card":"summary_large_image","twitter_site":"@bandmaid","twitter_misc":{"Dur\u00e9e de lecture estim\u00e9e":"2 minutes"},"schema":{"@context":"https:\/\/schema.org","@graph":[{"@type":"WebPage","@id":"https:\/\/www.band-maid.fr\/index.php\/world-domination\/","url":"https:\/\/www.band-maid.fr\/index.php\/world-domination\/","name":"WORLD DOMINATION - BAND-MAID","isPartOf":{"@id":"https:\/\/www.band-maid.fr\/#website"},"primaryImageOfPage":{"@id":"https:\/\/www.band-maid.fr\/index.php\/world-domination\/#primaryimage"},"image":{"@id":"https:\/\/www.band-maid.fr\/index.php\/world-domination\/#primaryimage"},"thumbnailUrl":"https:\/\/www.band-maid.fr\/wp-content\/uploads\/2026\/01\/Bandeau-World-domination.jpg","datePublished":"2026-01-02T15:19:02+00:00","dateModified":"2026-04-05T17:13:56+00:00","description":"D\u00e9couvrez toutes les informations sur le second LP de BAND-MAID sorti en f\u00e9vrier 2018 : WORLD DOMINATION. Hard rock japonais !","breadcrumb":{"@id":"https:\/\/www.band-maid.fr\/index.php\/world-domination\/#breadcrumb"},"inLanguage":"fr-FR","potentialAction":[{"@type":"ReadAction","target":["https:\/\/www.band-maid.fr\/index.php\/world-domination\/"]}]},{"@type":"ImageObject","inLanguage":"fr-FR","@id":"https:\/\/www.band-maid.fr\/index.php\/world-domination\/#primaryimage","url":"https:\/\/www.band-maid.fr\/wp-content\/uploads\/2026\/01\/Bandeau-World-domination.jpg","contentUrl":"https:\/\/www.band-maid.fr\/wp-content\/uploads\/2026\/01\/Bandeau-World-domination.jpg","width":1200,"height":675},{"@type":"BreadcrumbList","@id":"https:\/\/www.band-maid.fr\/index.php\/world-domination\/#breadcrumb","itemListElement":[{"@type":"ListItem","position":1,"name":"Accueil","item":"https:\/\/www.band-maid.fr\/"},{"@type":"ListItem","position":2,"name":"WORLD DOMINATION"}]},{"@type":"WebSite","@id":"https:\/\/www.band-maid.fr\/#website","url":"https:\/\/www.band-maid.fr\/","name":"BAND-MAID","description":"WORLD DOMINATION","publisher":{"@id":"https:\/\/www.band-maid.fr\/#organization"},"potentialAction":[{"@type":"SearchAction","target":{"@type":"EntryPoint","urlTemplate":"https:\/\/www.band-maid.fr\/?s={search_term_string}"},"query-input":{"@type":"PropertyValueSpecification","valueRequired":true,"valueName":"search_term_string"}}],"inLanguage":"fr-FR"},{"@type":"Organization","@id":"https:\/\/www.band-maid.fr\/#organization","name":"BAND-MAID","url":"https:\/\/www.band-maid.fr\/","logo":{"@type":"ImageObject","inLanguage":"fr-FR","@id":"https:\/\/www.band-maid.fr\/#\/schema\/logo\/image\/","url":"http:\/\/wglgkdc.cluster121.hosting.ovh.net\/wp-content\/uploads\/2026\/01\/logo_band-maid_b.png","contentUrl":"http:\/\/wglgkdc.cluster121.hosting.ovh.net\/wp-content\/uploads\/2026\/01\/logo_band-maid_b.png","width":540,"height":93,"caption":"BAND-MAID"},"image":{"@id":"https:\/\/www.band-maid.fr\/#\/schema\/logo\/image\/"},"sameAs":["https:\/\/www.facebook.com\/bandmaid","https:\/\/x.com\/bandmaid","https:\/\/www.instagram.com\/bandmaid.jp\/","https:\/\/www.youtube.com\/channel\/UCJToUvYrmkmTCR-bluEaQfA","https:\/\/www.tiktok.com\/@bandmaid_int"]}]}},"coauthors":[],"author_meta":{"author_link":"https:\/\/www.band-maid.fr\/index.php\/author\/admin8693\/","display_name":"LJB"},"relative_dates":{"created":"Publi\u00e9 4 mois il y a","modified":"Mis \u00e0 jour 1 mois il y a"},"absolute_dates":{"created":"Publi\u00e9 le 02\/01\/2026","modified":"Mise \u00e0 jour le 05\/04\/2026"},"absolute_dates_time":{"created":"Publi\u00e9 le 02\/01\/2026 15h19","modified":"Mise \u00e0 jour le 05\/04\/2026 17h13"},"featured_img_caption":"","featured_img":"https:\/\/www.band-maid.fr\/wp-content\/uploads\/2026\/01\/Bandeau-World-domination.jpg","series_order":"","featured_media_urls":{"thumbnail":["https:\/\/www.band-maid.fr\/wp-content\/uploads\/2026\/01\/Bandeau-World-domination-150x150.jpg",150,150,true],"medium":["https:\/\/www.band-maid.fr\/wp-content\/uploads\/2026\/01\/Bandeau-World-domination-300x169.jpg",300,169,true],"medium_large":["https:\/\/www.band-maid.fr\/wp-content\/uploads\/2026\/01\/Bandeau-World-domination.jpg",768,432,false],"large":["https:\/\/www.band-maid.fr\/wp-content\/uploads\/2026\/01\/Bandeau-World-domination-1024x576.jpg",950,534,true],"1536x1536":["https:\/\/www.band-maid.fr\/wp-content\/uploads\/2026\/01\/Bandeau-World-domination.jpg",1200,675,false],"2048x2048":["https:\/\/www.band-maid.fr\/wp-content\/uploads\/2026\/01\/Bandeau-World-domination.jpg",1200,675,false],"inspiro-featured-image":["https:\/\/www.band-maid.fr\/wp-content\/uploads\/2026\/01\/Bandeau-World-domination.jpg",1200,675,false],"inspiro-loop":["https:\/\/www.band-maid.fr\/wp-content\/uploads\/2026\/01\/Bandeau-World-domination-950x320.jpg",950,320,true],"inspiro-loop@2x":["https:\/\/www.band-maid.fr\/wp-content\/uploads\/2026\/01\/Bandeau-World-domination-1200x640.jpg",1200,640,true],"portfolio_item-thumbnail":["https:\/\/www.band-maid.fr\/wp-content\/uploads\/2026\/01\/Bandeau-World-domination-600x400.jpg",600,400,true],"portfolio_item-thumbnail@2x":["https:\/\/www.band-maid.fr\/wp-content\/uploads\/2026\/01\/Bandeau-World-domination.jpg",1200,675,false],"portfolio_item-masonry":["https:\/\/www.band-maid.fr\/wp-content\/uploads\/2026\/01\/Bandeau-World-domination-600x338.jpg",600,338,true],"portfolio_item-masonry@2x":["https:\/\/www.band-maid.fr\/wp-content\/uploads\/2026\/01\/Bandeau-World-domination.jpg",1200,675,false],"portfolio_item-thumbnail_cinema":["https:\/\/www.band-maid.fr\/wp-content\/uploads\/2026\/01\/Bandeau-World-domination-800x335.jpg",800,335,true],"portfolio_item-thumbnail_portrait":["https:\/\/www.band-maid.fr\/wp-content\/uploads\/2026\/01\/Bandeau-World-domination-600x675.jpg",600,675,true],"portfolio_item-thumbnail_portrait@2x":["https:\/\/www.band-maid.fr\/wp-content\/uploads\/2026\/01\/Bandeau-World-domination.jpg",1200,675,false],"portfolio_item-thumbnail_square":["https:\/\/www.band-maid.fr\/wp-content\/uploads\/2026\/01\/Bandeau-World-domination-800x675.jpg",800,675,true]},"_links":{"self":[{"href":"https:\/\/www.band-maid.fr\/index.php\/wp-json\/wp\/v2\/pages\/7158","targetHints":{"allow":["GET"]}}],"collection":[{"href":"https:\/\/www.band-maid.fr\/index.php\/wp-json\/wp\/v2\/pages"}],"about":[{"href":"https:\/\/www.band-maid.fr\/index.php\/wp-json\/wp\/v2\/types\/page"}],"author":[{"embeddable":true,"href":"https:\/\/www.band-maid.fr\/index.php\/wp-json\/wp\/v2\/users\/1"}],"replies":[{"embeddable":true,"href":"https:\/\/www.band-maid.fr\/index.php\/wp-json\/wp\/v2\/comments?post=7158"}],"version-history":[{"count":20,"href":"https:\/\/www.band-maid.fr\/index.php\/wp-json\/wp\/v2\/pages\/7158\/revisions"}],"predecessor-version":[{"id":9389,"href":"https:\/\/www.band-maid.fr\/index.php\/wp-json\/wp\/v2\/pages\/7158\/revisions\/9389"}],"wp:featuredmedia":[{"embeddable":true,"href":"https:\/\/www.band-maid.fr\/index.php\/wp-json\/wp\/v2\/media\/7192"}],"wp:attachment":[{"href":"https:\/\/www.band-maid.fr\/index.php\/wp-json\/wp\/v2\/media?parent=7158"}],"curies":[{"name":"wp","href":"https:\/\/api.w.org\/{rel}","templated":true}]}}