{"id":7150,"date":"2026-01-02T14:07:04","date_gmt":"2026-01-02T14:07:04","guid":{"rendered":"http:\/\/wglgkdc.cluster121.hosting.ovh.net\/?page_id=7150"},"modified":"2026-04-08T10:13:03","modified_gmt":"2026-04-08T10:13:03","slug":"brand-new-maid","status":"publish","type":"page","link":"https:\/\/www.band-maid.fr\/index.php\/brand-new-maid\/","title":{"rendered":"BRAND NEW MAID"},"content":{"rendered":"\n<div class=\"wp-block-advgb-columns advgb-columns-wrapper\" id=\"advgb-cols-9457ab94-a7a3-4ae6-84ca-079a02e2ebc3\"><div class=\"advgb-columns-container\"><div class=\"advgb-columns advgb-columns-row advgb-is-mobile advgb-columns-2 layout-14-34 mbl-layout-stacked vgutter-10\">\n<div class=\"wp-block-advgb-column advgb-column\" id=\"advgb-col-e0751340-de6f-420c-9358-9da96d2df4a1\"><div class=\"advgb-column-inner\" style=\"border-style:none;border-width:1px\">\n<figure class=\"wp-block-image size-full\"><img fetchpriority=\"high\" decoding=\"async\" width=\"300\" height=\"298\" src=\"https:\/\/band-maid.fr\/wp-content\/uploads\/2026\/01\/Brand-New-MAID-e1767379145735.jpg\" alt=\"\" class=\"wp-image-6982\"\/><\/figure>\n<\/div><\/div>\n\n\n\n<div class=\"wp-block-advgb-column advgb-column\" id=\"advgb-col-280be4e6-37d3-47eb-9bfc-52838052c847\"><div class=\"advgb-column-inner\" style=\"border-style:none;border-width:1px\">\n<div class=\"wp-block-advgb-columns advgb-columns-wrapper\" id=\"advgb-cols-d34c16c4-49d9-43e1-b19c-5331c4e610df\"><div class=\"advgb-columns-container\"><div class=\"advgb-columns advgb-columns-row advgb-is-mobile advgb-columns-2 layout-15-45 mbl-layout-stacked vgutter-10\">\n<div class=\"wp-block-advgb-column advgb-column\" id=\"advgb-col-fdfa7fdf-6b33-4ee3-965c-81dc0678d992\"><div class=\"advgb-column-inner\" style=\"border-style:none;border-width:1px\"><\/div><\/div>\n\n\n\n<div class=\"wp-block-advgb-column advgb-column\" id=\"advgb-col-e04b027c-eaa9-42af-b8da-87d1cda02d60\"><div class=\"advgb-column-inner\" style=\"border-style:none;border-width:1px\">\n<p>Sortie : 18 mai 2016<\/p>\n\n\n\n<p>Enregistrement : 2016<\/p>\n\n\n\n<p>Dur\u00e9e : 31:09<\/p>\n\n\n\n<p>Label : Crown Stones&nbsp;(Japon),&nbsp;JPU&nbsp;(international)<\/p>\n<\/div><\/div>\n<\/div><\/div><\/div>\n<\/div><\/div>\n<\/div><\/div><\/div>\n\n\n\n<p id=\"block-98b996fe-1c4e-4ebe-b014-e983888f5e23\"><\/p>\n\n\n\n<p id=\"block-6b550728-c3c7-4af0-8804-e8a4e3e45753\"><\/p>\n\n\n\n<table class=\"wp-block-advgb-table advgb-table-frontend is-style-regular\"><tbody><tr><td>\ufeff<\/td><td>Titres<\/td><td>Paroles<\/td><td>Musique<\/td><td>Dur\u00e9e<\/td><\/tr><tr><td>1.<\/td><td><strong><a href=\"https:\/\/www.band-maid.fr\/index.php\/the-non-fiction-days\/\">The Non-Fiction Days<\/a><\/strong><\/td><td>Miwa Sasaki<\/td><td>KentToshinari Ohnishi<\/td><td>04:44<\/td><\/tr><tr><td>2.<\/td><td><strong><strong><a href=\"https:\/\/www.band-maid.fr\/index.php\/look-at-me\/\">Look at Me<\/a><\/strong><\/strong><\/td><td>Miwa Sasaki<\/td><td>AtsushiKoji Goto (ck510)<\/td><td>04:00<\/td><\/tr><tr><td>3.<\/td><td><strong><strong><a href=\"https:\/\/www.band-maid.fr\/index.php\/order\/\">Order<\/a><\/strong><\/strong><\/td><td>Miwa Sasaki<\/td><td>Akihito Tokunaga<\/td><td>03:24<\/td><\/tr><tr><td>4.<\/td><td><strong><strong><strong><a href=\"https:\/\/www.band-maid.fr\/index.php\/brand-new-road\/\">Brand-New Road<\/a><\/strong><\/strong><\/strong><\/td><td>Shinichiro Yamashita<\/td><td>OsoKoji Goto (ck510)<\/td><td>03:55<\/td><\/tr><tr><td>5.<\/td><td><strong><a href=\"https:\/\/www.band-maid.fr\/index.php\/yuragu\/\">Yuragu<\/a><\/strong><\/td><td>Miku Kobato, Saiki Atsumi<\/td><td>Atsushi Yamaguchi<\/td><td>04:05<\/td><\/tr><tr><td>6.<\/td><td><strong><strong><a href=\"https:\/\/www.band-maid.fr\/index.php\/freedom\/\">Freedom<\/a><\/strong><\/strong><\/td><td>Miku Kobato<\/td><td>Ichiro Iguchi<\/td><td>03:46<\/td><\/tr><tr><td>7.<\/td><td><strong><strong><a href=\"https:\/\/www.band-maid.fr\/index.php\/before-yesterday\/\">Before Yesterday<\/a><\/strong><\/strong><\/td><td>Kanata Nakamura<\/td><td>Hitoshi Okamoto<\/td><td>03:47<\/td><\/tr><tr><td>8.<\/td><td><strong><strong><a href=\"https:\/\/www.band-maid.fr\/index.php\/alone\/\">Alone<\/a><\/strong><\/strong><\/td><td>Miku Kobato, Saiki Atsumi<\/td><td>Band-Maid<\/td><td>03:28<\/td><\/tr><tr><td><\/td><td><\/td><td><\/td><td><\/td><td>\ufeff<\/td><\/tr><tr><td>      <\/td><td>    <\/td><td>    <\/td><td>    <\/td><td>  <\/td><\/tr><tr><td>Bonus DVD<\/td><td>\ufeff<\/td><td>\ufeff<\/td><td>\ufeff<\/td><td>\ufeff<\/td><\/tr><tr><td>9.<\/td><td><strong>Real Existence (Live music video)<\/strong><\/td><td>Miwa Sasaki<\/td><td>Koji Goto (ck 510)<\/td><td>04:26<\/td><\/tr><tr><td><\/td><td><\/td><td><\/td><td><\/td><td><\/td><\/tr><\/tbody><\/table>\n\n\n\n<p id=\"block-e5fb0450-ead5-4293-9150-347313c2719f\"><\/p>\n\n\n\n<p id=\"block-e5fb0450-ead5-4293-9150-347313c2719f\"><\/p>\n\n\n\n<p><strong>Saiki Atsumi <\/strong>\u2013 chant<\/p>\n\n\n\n<p><strong>Miku Kobato<\/strong> \u2013 guitare rythmique, ch\u0153urs, chant<\/p>\n\n\n\n<p><strong>Kanami T\u014dno<\/strong> \u2013 guitare solo<\/p>\n\n\n\n<p id=\"block-e5fb0450-ead5-4293-9150-347313c2719f\"><strong>Misa<\/strong> \u2013 basse<\/p>\n\n\n\n<p id=\"block-e5fb0450-ead5-4293-9150-347313c2719f\"><strong>Akane Hirose<\/strong> \u2013 batterie<\/p>\n\n\n\n<hr class=\"wp-block-separator has-alpha-channel-opacity\"\/>\n\n\n\n<figure class=\"wp-block-embed is-type-video is-provider-youtube wp-block-embed-youtube wp-embed-aspect-16-9 wp-has-aspect-ratio\"><div class=\"wp-block-embed__wrapper\">\n<iframe title=\"BAND-MAID \/ the non-fiction days (Official Music Video)\" width=\"950\" height=\"534\" src=\"https:\/\/www.youtube.com\/embed\/ItYN-ri1NPs?list=OLAK5uy_mygerF0O67xw04I-XvlGv_ZAF7BDaxYyE\" frameborder=\"0\" allow=\"accelerometer; autoplay; clipboard-write; encrypted-media; gyroscope; picture-in-picture; web-share\" referrerpolicy=\"strict-origin-when-cross-origin\" allowfullscreen><\/iframe>\n<\/div><\/figure>\n\n\n\n<p>Lien direct sur la page YouTube officielle de Band-Maid.<\/p>\n<style class=\"advgb-styles-renderer\">#advgb-col-e0751340-de6f-420c-9358-9da96d2df4a1>.advgb-column-inner{}@media screen and (max-width: 1023px) {#advgb-col-e0751340-de6f-420c-9358-9da96d2df4a1>.advgb-column-inner{}}@media screen and (max-width: 767px) {#advgb-col-e0751340-de6f-420c-9358-9da96d2df4a1>.advgb-column-inner{}}#advgb-col-fdfa7fdf-6b33-4ee3-965c-81dc0678d992>.advgb-column-inner{}@media screen and (max-width: 1023px) {#advgb-col-fdfa7fdf-6b33-4ee3-965c-81dc0678d992>.advgb-column-inner{}}@media screen and (max-width: 767px) {#advgb-col-fdfa7fdf-6b33-4ee3-965c-81dc0678d992>.advgb-column-inner{}}#advgb-col-e04b027c-eaa9-42af-b8da-87d1cda02d60>.advgb-column-inner{}@media screen and (max-width: 1023px) {#advgb-col-e04b027c-eaa9-42af-b8da-87d1cda02d60>.advgb-column-inner{}}@media screen and (max-width: 767px) {#advgb-col-e04b027c-eaa9-42af-b8da-87d1cda02d60>.advgb-column-inner{}}#advgb-cols-d34c16c4-49d9-43e1-b19c-5331c4e610df{}@media screen and (max-width: 1023px) {#advgb-cols-d34c16c4-49d9-43e1-b19c-5331c4e610df{}}@media screen and (max-width: 767px) {#advgb-cols-d34c16c4-49d9-43e1-b19c-5331c4e610df{}}#advgb-col-fdfa7fdf-6b33-4ee3-965c-81dc0678d992>.advgb-column-inner{}@media screen and (max-width: 1023px) {#advgb-col-fdfa7fdf-6b33-4ee3-965c-81dc0678d992>.advgb-column-inner{}}@media screen and (max-width: 767px) {#advgb-col-fdfa7fdf-6b33-4ee3-965c-81dc0678d992>.advgb-column-inner{}}#advgb-col-e04b027c-eaa9-42af-b8da-87d1cda02d60>.advgb-column-inner{}@media screen and (max-width: 1023px) {#advgb-col-e04b027c-eaa9-42af-b8da-87d1cda02d60>.advgb-column-inner{}}@media screen and (max-width: 767px) {#advgb-col-e04b027c-eaa9-42af-b8da-87d1cda02d60>.advgb-column-inner{}}#advgb-col-280be4e6-37d3-47eb-9bfc-52838052c847>.advgb-column-inner{}@media screen and (max-width: 1023px) {#advgb-col-280be4e6-37d3-47eb-9bfc-52838052c847>.advgb-column-inner{}}@media screen and (max-width: 767px) {#advgb-col-280be4e6-37d3-47eb-9bfc-52838052c847>.advgb-column-inner{}}#advgb-cols-d34c16c4-49d9-43e1-b19c-5331c4e610df{}@media screen and (max-width: 1023px) {#advgb-cols-d34c16c4-49d9-43e1-b19c-5331c4e610df{}}@media screen and (max-width: 767px) {#advgb-cols-d34c16c4-49d9-43e1-b19c-5331c4e610df{}}#advgb-col-fdfa7fdf-6b33-4ee3-965c-81dc0678d992>.advgb-column-inner{}@media screen and (max-width: 1023px) {#advgb-col-fdfa7fdf-6b33-4ee3-965c-81dc0678d992>.advgb-column-inner{}}@media screen and (max-width: 767px) {#advgb-col-fdfa7fdf-6b33-4ee3-965c-81dc0678d992>.advgb-column-inner{}}#advgb-col-e04b027c-eaa9-42af-b8da-87d1cda02d60>.advgb-column-inner{}@media screen and (max-width: 1023px) {#advgb-col-e04b027c-eaa9-42af-b8da-87d1cda02d60>.advgb-column-inner{}}@media screen and (max-width: 767px) {#advgb-col-e04b027c-eaa9-42af-b8da-87d1cda02d60>.advgb-column-inner{}}#advgb-cols-9457ab94-a7a3-4ae6-84ca-079a02e2ebc3{}@media screen and (max-width: 1023px) {#advgb-cols-9457ab94-a7a3-4ae6-84ca-079a02e2ebc3{}}@media screen and (max-width: 767px) {#advgb-cols-9457ab94-a7a3-4ae6-84ca-079a02e2ebc3{}}#advgb-col-e0751340-de6f-420c-9358-9da96d2df4a1>.advgb-column-inner{}@media screen and (max-width: 1023px) {#advgb-col-e0751340-de6f-420c-9358-9da96d2df4a1>.advgb-column-inner{}}@media screen and (max-width: 767px) {#advgb-col-e0751340-de6f-420c-9358-9da96d2df4a1>.advgb-column-inner{}}#advgb-col-280be4e6-37d3-47eb-9bfc-52838052c847>.advgb-column-inner{}@media screen and (max-width: 1023px) {#advgb-col-280be4e6-37d3-47eb-9bfc-52838052c847>.advgb-column-inner{}}@media screen and (max-width: 767px) {#advgb-col-280be4e6-37d3-47eb-9bfc-52838052c847>.advgb-column-inner{}}#advgb-cols-d34c16c4-49d9-43e1-b19c-5331c4e610df{}@media screen and (max-width: 1023px) {#advgb-cols-d34c16c4-49d9-43e1-b19c-5331c4e610df{}}@media screen and (max-width: 767px) {#advgb-cols-d34c16c4-49d9-43e1-b19c-5331c4e610df{}}#advgb-col-fdfa7fdf-6b33-4ee3-965c-81dc0678d992>.advgb-column-inner{}@media screen and (max-width: 1023px) {#advgb-col-fdfa7fdf-6b33-4ee3-965c-81dc0678d992>.advgb-column-inner{}}@media screen and (max-width: 767px) {#advgb-col-fdfa7fdf-6b33-4ee3-965c-81dc0678d992>.advgb-column-inner{}}#advgb-col-e04b027c-eaa9-42af-b8da-87d1cda02d60>.advgb-column-inner{}@media screen and (max-width: 1023px) {#advgb-col-e04b027c-eaa9-42af-b8da-87d1cda02d60>.advgb-column-inner{}}@media screen and (max-width: 767px) {#advgb-col-e04b027c-eaa9-42af-b8da-87d1cda02d60>.advgb-column-inner{}}<\/style>","protected":false},"excerpt":{"rendered":"<p>Saiki Atsumi \u2013 chant Miku Kobato \u2013 guitare rythmique, ch\u0153urs, chant Kanami T\u014dno \u2013 guitare solo Misa \u2013 basse Akane Hirose \u2013 batterie Lien direct sur la page YouTube officielle de Band-Maid.<\/p>\n","protected":false},"author":1,"featured_media":7201,"parent":0,"menu_order":0,"comment_status":"closed","ping_status":"closed","template":"","meta":{"advgb_blocks_editor_width":"","advgb_blocks_columns_visual_guide":"","footnotes":""},"class_list":["post-7150","page","type-page","status-publish","has-post-thumbnail","hentry"],"yoast_head":"<!-- This site is optimized with the Yoast SEO plugin v27.6 - https:\/\/yoast.com\/product\/yoast-seo-wordpress\/ -->\n<title>BRAND NEW MAID - BAND-MAID<\/title>\n<meta name=\"description\" content=\"D\u00e9couvrez toutes les informations sur le troisi\u00e8me EP de BAND-MAID sorti en mai 2016 : Brand New Maid.\" \/>\n<meta name=\"robots\" content=\"index, follow, max-snippet:-1, max-image-preview:large, max-video-preview:-1\" \/>\n<link rel=\"canonical\" href=\"https:\/\/www.band-maid.fr\/index.php\/brand-new-maid\/\" \/>\n<meta property=\"og:locale\" content=\"fr_FR\" \/>\n<meta property=\"og:type\" content=\"article\" \/>\n<meta property=\"og:title\" content=\"BRAND NEW MAID - BAND-MAID\" \/>\n<meta property=\"og:description\" content=\"D\u00e9couvrez toutes les informations sur le troisi\u00e8me EP de BAND-MAID sorti en mai 2016 : Brand New Maid.\" \/>\n<meta property=\"og:url\" content=\"https:\/\/www.band-maid.fr\/index.php\/brand-new-maid\/\" \/>\n<meta property=\"og:site_name\" content=\"BAND-MAID\" \/>\n<meta property=\"article:publisher\" content=\"https:\/\/www.facebook.com\/bandmaid\" \/>\n<meta property=\"article:modified_time\" content=\"2026-04-08T10:13:03+00:00\" \/>\n<meta property=\"og:image\" content=\"https:\/\/www.band-maid.fr\/wp-content\/uploads\/2026\/01\/band-maid-Brand-New-Maid.jpg\" \/>\n\t<meta property=\"og:image:width\" content=\"1200\" \/>\n\t<meta property=\"og:image:height\" content=\"215\" \/>\n\t<meta property=\"og:image:type\" content=\"image\/jpeg\" \/>\n<meta name=\"twitter:card\" content=\"summary_large_image\" \/>\n<meta name=\"twitter:site\" content=\"@bandmaid\" \/>\n<meta name=\"twitter:label1\" content=\"Dur\u00e9e de lecture estim\u00e9e\" \/>\n\t<meta name=\"twitter:data1\" content=\"2 minutes\" \/>\n<script type=\"application\/ld+json\" class=\"yoast-schema-graph\">{\"@context\":\"https:\\\/\\\/schema.org\",\"@graph\":[{\"@type\":\"WebPage\",\"@id\":\"https:\\\/\\\/www.band-maid.fr\\\/index.php\\\/brand-new-maid\\\/\",\"url\":\"https:\\\/\\\/www.band-maid.fr\\\/index.php\\\/brand-new-maid\\\/\",\"name\":\"BRAND NEW MAID - BAND-MAID\",\"isPartOf\":{\"@id\":\"https:\\\/\\\/www.band-maid.fr\\\/#website\"},\"primaryImageOfPage\":{\"@id\":\"https:\\\/\\\/www.band-maid.fr\\\/index.php\\\/brand-new-maid\\\/#primaryimage\"},\"image\":{\"@id\":\"https:\\\/\\\/www.band-maid.fr\\\/index.php\\\/brand-new-maid\\\/#primaryimage\"},\"thumbnailUrl\":\"https:\\\/\\\/www.band-maid.fr\\\/wp-content\\\/uploads\\\/2026\\\/01\\\/band-maid-Brand-New-Maid.jpg\",\"datePublished\":\"2026-01-02T14:07:04+00:00\",\"dateModified\":\"2026-04-08T10:13:03+00:00\",\"description\":\"D\u00e9couvrez toutes les informations sur le troisi\u00e8me EP de BAND-MAID sorti en mai 2016 : Brand New Maid.\",\"breadcrumb\":{\"@id\":\"https:\\\/\\\/www.band-maid.fr\\\/index.php\\\/brand-new-maid\\\/#breadcrumb\"},\"inLanguage\":\"fr-FR\",\"potentialAction\":[{\"@type\":\"ReadAction\",\"target\":[\"https:\\\/\\\/www.band-maid.fr\\\/index.php\\\/brand-new-maid\\\/\"]}]},{\"@type\":\"ImageObject\",\"inLanguage\":\"fr-FR\",\"@id\":\"https:\\\/\\\/www.band-maid.fr\\\/index.php\\\/brand-new-maid\\\/#primaryimage\",\"url\":\"https:\\\/\\\/www.band-maid.fr\\\/wp-content\\\/uploads\\\/2026\\\/01\\\/band-maid-Brand-New-Maid.jpg\",\"contentUrl\":\"https:\\\/\\\/www.band-maid.fr\\\/wp-content\\\/uploads\\\/2026\\\/01\\\/band-maid-Brand-New-Maid.jpg\",\"width\":1200,\"height\":215},{\"@type\":\"BreadcrumbList\",\"@id\":\"https:\\\/\\\/www.band-maid.fr\\\/index.php\\\/brand-new-maid\\\/#breadcrumb\",\"itemListElement\":[{\"@type\":\"ListItem\",\"position\":1,\"name\":\"Accueil\",\"item\":\"https:\\\/\\\/www.band-maid.fr\\\/\"},{\"@type\":\"ListItem\",\"position\":2,\"name\":\"BRAND NEW MAID\"}]},{\"@type\":\"WebSite\",\"@id\":\"https:\\\/\\\/www.band-maid.fr\\\/#website\",\"url\":\"https:\\\/\\\/www.band-maid.fr\\\/\",\"name\":\"BAND-MAID\",\"description\":\"WORLD DOMINATION\",\"publisher\":{\"@id\":\"https:\\\/\\\/www.band-maid.fr\\\/#organization\"},\"potentialAction\":[{\"@type\":\"SearchAction\",\"target\":{\"@type\":\"EntryPoint\",\"urlTemplate\":\"https:\\\/\\\/www.band-maid.fr\\\/?s={search_term_string}\"},\"query-input\":{\"@type\":\"PropertyValueSpecification\",\"valueRequired\":true,\"valueName\":\"search_term_string\"}}],\"inLanguage\":\"fr-FR\"},{\"@type\":\"Organization\",\"@id\":\"https:\\\/\\\/www.band-maid.fr\\\/#organization\",\"name\":\"BAND-MAID\",\"url\":\"https:\\\/\\\/www.band-maid.fr\\\/\",\"logo\":{\"@type\":\"ImageObject\",\"inLanguage\":\"fr-FR\",\"@id\":\"https:\\\/\\\/www.band-maid.fr\\\/#\\\/schema\\\/logo\\\/image\\\/\",\"url\":\"http:\\\/\\\/wglgkdc.cluster121.hosting.ovh.net\\\/wp-content\\\/uploads\\\/2026\\\/01\\\/logo_band-maid_b.png\",\"contentUrl\":\"http:\\\/\\\/wglgkdc.cluster121.hosting.ovh.net\\\/wp-content\\\/uploads\\\/2026\\\/01\\\/logo_band-maid_b.png\",\"width\":540,\"height\":93,\"caption\":\"BAND-MAID\"},\"image\":{\"@id\":\"https:\\\/\\\/www.band-maid.fr\\\/#\\\/schema\\\/logo\\\/image\\\/\"},\"sameAs\":[\"https:\\\/\\\/www.facebook.com\\\/bandmaid\",\"https:\\\/\\\/x.com\\\/bandmaid\",\"https:\\\/\\\/www.instagram.com\\\/bandmaid.jp\\\/\",\"https:\\\/\\\/www.youtube.com\\\/channel\\\/UCJToUvYrmkmTCR-bluEaQfA\",\"https:\\\/\\\/www.tiktok.com\\\/@bandmaid_int\"]}]}<\/script>\n<!-- \/ Yoast SEO plugin. -->","yoast_head_json":{"title":"BRAND NEW MAID - BAND-MAID","description":"D\u00e9couvrez toutes les informations sur le troisi\u00e8me EP de BAND-MAID sorti en mai 2016 : Brand New Maid.","robots":{"index":"index","follow":"follow","max-snippet":"max-snippet:-1","max-image-preview":"max-image-preview:large","max-video-preview":"max-video-preview:-1"},"canonical":"https:\/\/www.band-maid.fr\/index.php\/brand-new-maid\/","og_locale":"fr_FR","og_type":"article","og_title":"BRAND NEW MAID - BAND-MAID","og_description":"D\u00e9couvrez toutes les informations sur le troisi\u00e8me EP de BAND-MAID sorti en mai 2016 : Brand New Maid.","og_url":"https:\/\/www.band-maid.fr\/index.php\/brand-new-maid\/","og_site_name":"BAND-MAID","article_publisher":"https:\/\/www.facebook.com\/bandmaid","article_modified_time":"2026-04-08T10:13:03+00:00","og_image":[{"width":1200,"height":215,"url":"https:\/\/www.band-maid.fr\/wp-content\/uploads\/2026\/01\/band-maid-Brand-New-Maid.jpg","type":"image\/jpeg"}],"twitter_card":"summary_large_image","twitter_site":"@bandmaid","twitter_misc":{"Dur\u00e9e de lecture estim\u00e9e":"2 minutes"},"schema":{"@context":"https:\/\/schema.org","@graph":[{"@type":"WebPage","@id":"https:\/\/www.band-maid.fr\/index.php\/brand-new-maid\/","url":"https:\/\/www.band-maid.fr\/index.php\/brand-new-maid\/","name":"BRAND NEW MAID - BAND-MAID","isPartOf":{"@id":"https:\/\/www.band-maid.fr\/#website"},"primaryImageOfPage":{"@id":"https:\/\/www.band-maid.fr\/index.php\/brand-new-maid\/#primaryimage"},"image":{"@id":"https:\/\/www.band-maid.fr\/index.php\/brand-new-maid\/#primaryimage"},"thumbnailUrl":"https:\/\/www.band-maid.fr\/wp-content\/uploads\/2026\/01\/band-maid-Brand-New-Maid.jpg","datePublished":"2026-01-02T14:07:04+00:00","dateModified":"2026-04-08T10:13:03+00:00","description":"D\u00e9couvrez toutes les informations sur le troisi\u00e8me EP de BAND-MAID sorti en mai 2016 : Brand New Maid.","breadcrumb":{"@id":"https:\/\/www.band-maid.fr\/index.php\/brand-new-maid\/#breadcrumb"},"inLanguage":"fr-FR","potentialAction":[{"@type":"ReadAction","target":["https:\/\/www.band-maid.fr\/index.php\/brand-new-maid\/"]}]},{"@type":"ImageObject","inLanguage":"fr-FR","@id":"https:\/\/www.band-maid.fr\/index.php\/brand-new-maid\/#primaryimage","url":"https:\/\/www.band-maid.fr\/wp-content\/uploads\/2026\/01\/band-maid-Brand-New-Maid.jpg","contentUrl":"https:\/\/www.band-maid.fr\/wp-content\/uploads\/2026\/01\/band-maid-Brand-New-Maid.jpg","width":1200,"height":215},{"@type":"BreadcrumbList","@id":"https:\/\/www.band-maid.fr\/index.php\/brand-new-maid\/#breadcrumb","itemListElement":[{"@type":"ListItem","position":1,"name":"Accueil","item":"https:\/\/www.band-maid.fr\/"},{"@type":"ListItem","position":2,"name":"BRAND NEW MAID"}]},{"@type":"WebSite","@id":"https:\/\/www.band-maid.fr\/#website","url":"https:\/\/www.band-maid.fr\/","name":"BAND-MAID","description":"WORLD DOMINATION","publisher":{"@id":"https:\/\/www.band-maid.fr\/#organization"},"potentialAction":[{"@type":"SearchAction","target":{"@type":"EntryPoint","urlTemplate":"https:\/\/www.band-maid.fr\/?s={search_term_string}"},"query-input":{"@type":"PropertyValueSpecification","valueRequired":true,"valueName":"search_term_string"}}],"inLanguage":"fr-FR"},{"@type":"Organization","@id":"https:\/\/www.band-maid.fr\/#organization","name":"BAND-MAID","url":"https:\/\/www.band-maid.fr\/","logo":{"@type":"ImageObject","inLanguage":"fr-FR","@id":"https:\/\/www.band-maid.fr\/#\/schema\/logo\/image\/","url":"http:\/\/wglgkdc.cluster121.hosting.ovh.net\/wp-content\/uploads\/2026\/01\/logo_band-maid_b.png","contentUrl":"http:\/\/wglgkdc.cluster121.hosting.ovh.net\/wp-content\/uploads\/2026\/01\/logo_band-maid_b.png","width":540,"height":93,"caption":"BAND-MAID"},"image":{"@id":"https:\/\/www.band-maid.fr\/#\/schema\/logo\/image\/"},"sameAs":["https:\/\/www.facebook.com\/bandmaid","https:\/\/x.com\/bandmaid","https:\/\/www.instagram.com\/bandmaid.jp\/","https:\/\/www.youtube.com\/channel\/UCJToUvYrmkmTCR-bluEaQfA","https:\/\/www.tiktok.com\/@bandmaid_int"]}]}},"coauthors":[],"author_meta":{"author_link":"https:\/\/www.band-maid.fr\/index.php\/author\/admin8693\/","display_name":"LJB"},"relative_dates":{"created":"Publi\u00e9 4 mois il y a","modified":"Mis \u00e0 jour 1 mois il y a"},"absolute_dates":{"created":"Publi\u00e9 le 02\/01\/2026","modified":"Mise \u00e0 jour le 08\/04\/2026"},"absolute_dates_time":{"created":"Publi\u00e9 le 02\/01\/2026 14h07","modified":"Mise \u00e0 jour le 08\/04\/2026 10h13"},"featured_img_caption":"","featured_img":"https:\/\/www.band-maid.fr\/wp-content\/uploads\/2026\/01\/band-maid-Brand-New-Maid.jpg","series_order":"","featured_media_urls":{"thumbnail":["https:\/\/www.band-maid.fr\/wp-content\/uploads\/2026\/01\/band-maid-Brand-New-Maid-150x150.jpg",150,150,true],"medium":["https:\/\/www.band-maid.fr\/wp-content\/uploads\/2026\/01\/band-maid-Brand-New-Maid-300x54.jpg",300,54,true],"medium_large":["https:\/\/www.band-maid.fr\/wp-content\/uploads\/2026\/01\/band-maid-Brand-New-Maid.jpg",768,138,false],"large":["https:\/\/www.band-maid.fr\/wp-content\/uploads\/2026\/01\/band-maid-Brand-New-Maid-1024x183.jpg",950,170,true],"1536x1536":["https:\/\/www.band-maid.fr\/wp-content\/uploads\/2026\/01\/band-maid-Brand-New-Maid.jpg",1200,215,false],"2048x2048":["https:\/\/www.band-maid.fr\/wp-content\/uploads\/2026\/01\/band-maid-Brand-New-Maid.jpg",1200,215,false],"inspiro-featured-image":["https:\/\/www.band-maid.fr\/wp-content\/uploads\/2026\/01\/band-maid-Brand-New-Maid.jpg",1200,215,false],"inspiro-loop":["https:\/\/www.band-maid.fr\/wp-content\/uploads\/2026\/01\/band-maid-Brand-New-Maid-950x215.jpg",950,215,true],"inspiro-loop@2x":["https:\/\/www.band-maid.fr\/wp-content\/uploads\/2026\/01\/band-maid-Brand-New-Maid.jpg",1200,215,false],"portfolio_item-thumbnail":["https:\/\/www.band-maid.fr\/wp-content\/uploads\/2026\/01\/band-maid-Brand-New-Maid-600x215.jpg",600,215,true],"portfolio_item-thumbnail@2x":["https:\/\/www.band-maid.fr\/wp-content\/uploads\/2026\/01\/band-maid-Brand-New-Maid.jpg",1200,215,false],"portfolio_item-masonry":["https:\/\/www.band-maid.fr\/wp-content\/uploads\/2026\/01\/band-maid-Brand-New-Maid-600x108.jpg",600,108,true],"portfolio_item-masonry@2x":["https:\/\/www.band-maid.fr\/wp-content\/uploads\/2026\/01\/band-maid-Brand-New-Maid.jpg",1200,215,false],"portfolio_item-thumbnail_cinema":["https:\/\/www.band-maid.fr\/wp-content\/uploads\/2026\/01\/band-maid-Brand-New-Maid-800x215.jpg",800,215,true],"portfolio_item-thumbnail_portrait":["https:\/\/www.band-maid.fr\/wp-content\/uploads\/2026\/01\/band-maid-Brand-New-Maid-600x215.jpg",600,215,true],"portfolio_item-thumbnail_portrait@2x":["https:\/\/www.band-maid.fr\/wp-content\/uploads\/2026\/01\/band-maid-Brand-New-Maid.jpg",1200,215,false],"portfolio_item-thumbnail_square":["https:\/\/www.band-maid.fr\/wp-content\/uploads\/2026\/01\/band-maid-Brand-New-Maid-800x215.jpg",800,215,true]},"_links":{"self":[{"href":"https:\/\/www.band-maid.fr\/index.php\/wp-json\/wp\/v2\/pages\/7150","targetHints":{"allow":["GET"]}}],"collection":[{"href":"https:\/\/www.band-maid.fr\/index.php\/wp-json\/wp\/v2\/pages"}],"about":[{"href":"https:\/\/www.band-maid.fr\/index.php\/wp-json\/wp\/v2\/types\/page"}],"author":[{"embeddable":true,"href":"https:\/\/www.band-maid.fr\/index.php\/wp-json\/wp\/v2\/users\/1"}],"replies":[{"embeddable":true,"href":"https:\/\/www.band-maid.fr\/index.php\/wp-json\/wp\/v2\/comments?post=7150"}],"version-history":[{"count":12,"href":"https:\/\/www.band-maid.fr\/index.php\/wp-json\/wp\/v2\/pages\/7150\/revisions"}],"predecessor-version":[{"id":9500,"href":"https:\/\/www.band-maid.fr\/index.php\/wp-json\/wp\/v2\/pages\/7150\/revisions\/9500"}],"wp:featuredmedia":[{"embeddable":true,"href":"https:\/\/www.band-maid.fr\/index.php\/wp-json\/wp\/v2\/media\/7201"}],"wp:attachment":[{"href":"https:\/\/www.band-maid.fr\/index.php\/wp-json\/wp\/v2\/media?parent=7150"}],"curies":[{"name":"wp","href":"https:\/\/api.w.org\/{rel}","templated":true}]}}