{"id":7088,"date":"2026-01-02T09:07:46","date_gmt":"2026-01-02T09:07:46","guid":{"rendered":"http:\/\/wglgkdc.cluster121.hosting.ovh.net\/?page_id=7088"},"modified":"2026-04-09T11:18:47","modified_gmt":"2026-04-09T11:18:47","slug":"maid-in-japan","status":"publish","type":"page","link":"https:\/\/www.band-maid.fr\/index.php\/maid-in-japan\/","title":{"rendered":"MAID IN JAPAN"},"content":{"rendered":"\n<div class=\"wp-block-advgb-columns advgb-columns-wrapper\" id=\"advgb-cols-63677cb2-f936-4688-9405-2ffa4f45b46c\"><div class=\"advgb-columns-container\"><div class=\"advgb-columns advgb-columns-row advgb-is-mobile advgb-columns-2 layout-14-34 mbl-layout-stacked vgutter-10\">\n<div class=\"wp-block-advgb-column advgb-column\" id=\"advgb-col-89474c01-783e-4dca-91ed-57f55b58a944\"><div class=\"advgb-column-inner\" style=\"border-style:none;border-width:1px\">\n<figure class=\"wp-block-image size-full\"><img fetchpriority=\"high\" decoding=\"async\" width=\"299\" height=\"300\" src=\"https:\/\/band-maid.fr\/wp-content\/uploads\/2026\/01\/MAID-IN-JAPAN-e1767379215374.jpg\" alt=\"\" class=\"wp-image-6985\"\/><\/figure>\n<\/div><\/div>\n\n\n\n<div class=\"wp-block-advgb-column advgb-column\" id=\"advgb-col-57fe6bca-d96d-4364-9648-3462ca8b2dd2\"><div class=\"advgb-column-inner\" style=\"border-style:none;border-width:1px\">\n<div class=\"wp-block-advgb-columns advgb-columns-wrapper\" id=\"advgb-cols-7c205d67-f58c-4892-a53c-b653d461d26b\"><div class=\"advgb-columns-container\"><div class=\"advgb-columns advgb-columns-row advgb-is-mobile advgb-columns-2 layout-15-45 mbl-layout-stacked vgutter-10\">\n<div class=\"wp-block-advgb-column advgb-column\" id=\"advgb-col-097094cd-c4e9-4c54-bed6-f0845717a7bf\"><div class=\"advgb-column-inner\" style=\"border-style:none;border-width:1px\"><\/div><\/div>\n\n\n\n<div class=\"wp-block-advgb-column advgb-column\" id=\"advgb-col-3d8b8e91-6b35-4078-acd4-00d5c34fb2f1\"><div class=\"advgb-column-inner\" style=\"border-style:none;border-width:1px\">\n<p>Sortie : 8 janvier 2014<\/p>\n\n\n\n<p>Enregistrement : 2013<\/p>\n\n\n\n<p>Dur\u00e9e : 30&rsquo;24 (original)<br>             38&rsquo;06 (r\u00e9\u00e9dition)<\/p>\n\n\n\n<p>Label : Gump, Crown Stones<\/p>\n<\/div><\/div>\n<\/div><\/div><\/div>\n<\/div><\/div>\n<\/div><\/div><\/div>\n\n\n\n<p><\/p>\n\n\n\n<table class=\"wp-block-advgb-table advgb-table-frontend\"><tbody><tr><td><\/td><td>Titres<\/td><td>Paroles<\/td><td>Musique<\/td><td>Dur\u00e9e<\/td><\/tr><tr><td>1.<\/td><td><strong><a href=\"https:\/\/www.band-maid.fr\/index.php\/be-ok\/\">Be OK<\/a><\/strong><\/td><td>Kentar\u014d Akutsu<\/td><td>Kentar\u014d Akutsu<\/td><td>04:13<\/td><\/tr><tr><td>2.<\/td><td><strong><a href=\"https:\/\/www.band-maid.fr\/index.php\/ever-green\/\">Ever Green<\/a><\/strong><\/td><td>Kentar\u014d Akutsu<\/td><td>Kentar\u014d Akutsu<\/td><td>03:43<\/td><\/tr><tr><td>3.<\/td><td><strong><a href=\"https:\/\/www.band-maid.fr\/index.php\/key\/\">Key<\/a><\/strong><\/td><td>Kentar\u014d Akutsu<\/td><td>Kentar\u014d Akutsu<\/td><td>03:40<\/td><\/tr><tr><td>4.<\/td><td><strong><a href=\"https:\/\/www.band-maid.fr\/index.php\/bye-my-tears\/\">Bye My Tears<\/a><\/strong><\/td><td>Kentar\u014d Akutsu<\/td><td>Kentar\u014d Akutsu<\/td><td>03:12<\/td><\/tr><tr><td>5.<\/td><td><strong><a href=\"https:\/\/www.band-maid.fr\/index.php\/knockin-on-your-heart\/\">Knockin&rsquo; on Your Heart<\/a><\/strong><\/td><td>Kentar\u014d Akutsu<\/td><td>Fukui<\/td><td>03:52<\/td><\/tr><tr><td>6.<\/td><td><strong><a href=\"https:\/\/www.band-maid.fr\/index.php\/big-dad\/\">Big Dad<\/a><\/strong><\/td><td>G-YUNcoSANDY, Akutsu<\/td><td>Fukui<\/td><td>03:26<\/td><\/tr><tr><td>7.<\/td><td><strong><a href=\"https:\/\/www.band-maid.fr\/index.php\/yoake-mae\/\">Before Dawn (Yoake mae \u2013 \u591c\u660e\u3051\u524d)<\/a><\/strong><\/td><td>Kentar\u014d Akutsu<\/td><td>Fukui<\/td><td>03:29<\/td><\/tr><tr><td>8.<\/td><td><strong><a href=\"https:\/\/www.band-maid.fr\/index.php\/forward\/\">Forward<\/a><\/strong><\/td><td>Kentar\u014d Akutsu<\/td><td>Kentar\u014d Akutsu<\/td><td>04:49<\/td><\/tr><tr><td><\/td><td><\/td><td><\/td><td><\/td><td><\/td><\/tr><tr><td>R\u00e9\u00e9dition<\/td><td><\/td><td><\/td><td><\/td><td><\/td><\/tr><tr><td>9.<\/td><td><strong><a href=\"https:\/\/www.band-maid.fr\/index.php\/ai-to-jonetsu-no-matador-2\/\">Ai to J\u014dnetsu no Matador<\/a><\/strong><\/td><td>Kentar\u014d Akutsu<\/td><td>Kentar\u014d Akutsu<\/td><td>03:18<\/td><\/tr><tr><td>10.<\/td><td><strong><a href=\"https:\/\/www.band-maid.fr\/index.php\/summer-drive\/\">Summer Drive<\/a><\/strong><\/td><td>Kentar\u014d Akutsu<\/td><td>Kentar\u014d Akutsu<\/td><td>04:24<\/td><\/tr><\/tbody><\/table>\n\n\n\n<p><\/p>\n\n\n\n<p id=\"block-e5fb0450-ead5-4293-9150-347313c2719f\"><\/p>\n\n\n\n<p><strong>Saiki Atsumi <\/strong>\u2013 chant (except\u00e9 chansons 6 et 10)<\/p>\n\n\n\n<p><strong>Miku Kobato<\/strong> \u2013 guitare rythmique, ch\u0153urs, chant (Big Dad et Summer Drive)<\/p>\n\n\n\n<p><strong>Kanami T\u014dno<\/strong> \u2013 guitare solo<\/p>\n\n\n\n<p id=\"block-e5fb0450-ead5-4293-9150-347313c2719f\"><strong>Misa<\/strong> \u2013 basse<\/p>\n\n\n\n<p id=\"block-e5fb0450-ead5-4293-9150-347313c2719f\"><strong>Akane Hirose<\/strong> \u2013 batterie<\/p>\n\n\n\n<hr class=\"wp-block-separator has-alpha-channel-opacity\"\/>\n\n\n\n<figure class=\"wp-block-embed is-type-video is-provider-youtube wp-block-embed-youtube wp-embed-aspect-4-3 wp-has-aspect-ratio\"><div class=\"wp-block-embed__wrapper\">\n<iframe title=\"Be Ok - BAND-MAID\" width=\"950\" height=\"713\" src=\"https:\/\/www.youtube.com\/embed\/SYBn9nNM0nk?list=PLWzEFy2u_wSs2aDm-a7YNymffzHmfsVxI\" frameborder=\"0\" allow=\"accelerometer; autoplay; clipboard-write; encrypted-media; gyroscope; picture-in-picture; web-share\" referrerpolicy=\"strict-origin-when-cross-origin\" allowfullscreen><\/iframe>\n<\/div><\/figure>\n\n\n\n<p>En l&rsquo;absence de lien direct sur la page YouTube officielle de Band-Maid, le lien est sur celle de Gerson Reyes.<\/p>\n\n\n\n<p><\/p>\n\n\n\n<p><\/p>\n<style class=\"advgb-styles-renderer\">#advgb-col-89474c01-783e-4dca-91ed-57f55b58a944>.advgb-column-inner{}@media screen and (max-width: 1023px) {#advgb-col-89474c01-783e-4dca-91ed-57f55b58a944>.advgb-column-inner{}}@media screen and (max-width: 767px) {#advgb-col-89474c01-783e-4dca-91ed-57f55b58a944>.advgb-column-inner{}}#advgb-col-097094cd-c4e9-4c54-bed6-f0845717a7bf>.advgb-column-inner{}@media screen and (max-width: 1023px) {#advgb-col-097094cd-c4e9-4c54-bed6-f0845717a7bf>.advgb-column-inner{}}@media screen and (max-width: 767px) {#advgb-col-097094cd-c4e9-4c54-bed6-f0845717a7bf>.advgb-column-inner{}}#advgb-col-3d8b8e91-6b35-4078-acd4-00d5c34fb2f1>.advgb-column-inner{}@media screen and (max-width: 1023px) {#advgb-col-3d8b8e91-6b35-4078-acd4-00d5c34fb2f1>.advgb-column-inner{}}@media screen and (max-width: 767px) {#advgb-col-3d8b8e91-6b35-4078-acd4-00d5c34fb2f1>.advgb-column-inner{}}#advgb-cols-7c205d67-f58c-4892-a53c-b653d461d26b{}@media screen and (max-width: 1023px) {#advgb-cols-7c205d67-f58c-4892-a53c-b653d461d26b{}}@media screen and (max-width: 767px) {#advgb-cols-7c205d67-f58c-4892-a53c-b653d461d26b{}}#advgb-col-097094cd-c4e9-4c54-bed6-f0845717a7bf>.advgb-column-inner{}@media screen and (max-width: 1023px) {#advgb-col-097094cd-c4e9-4c54-bed6-f0845717a7bf>.advgb-column-inner{}}@media screen and (max-width: 767px) {#advgb-col-097094cd-c4e9-4c54-bed6-f0845717a7bf>.advgb-column-inner{}}#advgb-col-3d8b8e91-6b35-4078-acd4-00d5c34fb2f1>.advgb-column-inner{}@media screen and (max-width: 1023px) {#advgb-col-3d8b8e91-6b35-4078-acd4-00d5c34fb2f1>.advgb-column-inner{}}@media screen and (max-width: 767px) {#advgb-col-3d8b8e91-6b35-4078-acd4-00d5c34fb2f1>.advgb-column-inner{}}#advgb-col-57fe6bca-d96d-4364-9648-3462ca8b2dd2>.advgb-column-inner{}@media screen and (max-width: 1023px) {#advgb-col-57fe6bca-d96d-4364-9648-3462ca8b2dd2>.advgb-column-inner{}}@media screen and (max-width: 767px) {#advgb-col-57fe6bca-d96d-4364-9648-3462ca8b2dd2>.advgb-column-inner{}}#advgb-cols-7c205d67-f58c-4892-a53c-b653d461d26b{}@media screen and (max-width: 1023px) {#advgb-cols-7c205d67-f58c-4892-a53c-b653d461d26b{}}@media screen and (max-width: 767px) {#advgb-cols-7c205d67-f58c-4892-a53c-b653d461d26b{}}#advgb-col-097094cd-c4e9-4c54-bed6-f0845717a7bf>.advgb-column-inner{}@media screen and (max-width: 1023px) {#advgb-col-097094cd-c4e9-4c54-bed6-f0845717a7bf>.advgb-column-inner{}}@media screen and (max-width: 767px) {#advgb-col-097094cd-c4e9-4c54-bed6-f0845717a7bf>.advgb-column-inner{}}#advgb-col-3d8b8e91-6b35-4078-acd4-00d5c34fb2f1>.advgb-column-inner{}@media screen and (max-width: 1023px) {#advgb-col-3d8b8e91-6b35-4078-acd4-00d5c34fb2f1>.advgb-column-inner{}}@media screen and (max-width: 767px) {#advgb-col-3d8b8e91-6b35-4078-acd4-00d5c34fb2f1>.advgb-column-inner{}}#advgb-cols-63677cb2-f936-4688-9405-2ffa4f45b46c{}@media screen and (max-width: 1023px) {#advgb-cols-63677cb2-f936-4688-9405-2ffa4f45b46c{}}@media screen and (max-width: 767px) {#advgb-cols-63677cb2-f936-4688-9405-2ffa4f45b46c{}}#advgb-col-89474c01-783e-4dca-91ed-57f55b58a944>.advgb-column-inner{}@media screen and (max-width: 1023px) {#advgb-col-89474c01-783e-4dca-91ed-57f55b58a944>.advgb-column-inner{}}@media screen and (max-width: 767px) {#advgb-col-89474c01-783e-4dca-91ed-57f55b58a944>.advgb-column-inner{}}#advgb-col-57fe6bca-d96d-4364-9648-3462ca8b2dd2>.advgb-column-inner{}@media screen and (max-width: 1023px) {#advgb-col-57fe6bca-d96d-4364-9648-3462ca8b2dd2>.advgb-column-inner{}}@media screen and (max-width: 767px) {#advgb-col-57fe6bca-d96d-4364-9648-3462ca8b2dd2>.advgb-column-inner{}}#advgb-cols-7c205d67-f58c-4892-a53c-b653d461d26b{}@media screen and (max-width: 1023px) {#advgb-cols-7c205d67-f58c-4892-a53c-b653d461d26b{}}@media screen and (max-width: 767px) {#advgb-cols-7c205d67-f58c-4892-a53c-b653d461d26b{}}#advgb-col-097094cd-c4e9-4c54-bed6-f0845717a7bf>.advgb-column-inner{}@media screen and (max-width: 1023px) {#advgb-col-097094cd-c4e9-4c54-bed6-f0845717a7bf>.advgb-column-inner{}}@media screen and (max-width: 767px) {#advgb-col-097094cd-c4e9-4c54-bed6-f0845717a7bf>.advgb-column-inner{}}#advgb-col-3d8b8e91-6b35-4078-acd4-00d5c34fb2f1>.advgb-column-inner{}@media screen and (max-width: 1023px) {#advgb-col-3d8b8e91-6b35-4078-acd4-00d5c34fb2f1>.advgb-column-inner{}}@media screen and (max-width: 767px) {#advgb-col-3d8b8e91-6b35-4078-acd4-00d5c34fb2f1>.advgb-column-inner{}}<\/style>","protected":false},"excerpt":{"rendered":"<p>Saiki Atsumi \u2013 chant (except\u00e9 chansons 6 et 10) Miku Kobato \u2013 guitare rythmique, ch\u0153urs, chant (Big Dad et Summer Drive) Kanami T\u014dno \u2013 guitare solo Misa \u2013 basse Akane Hirose \u2013 batterie En l&rsquo;absence de lien direct sur la page YouTube officielle de Band-Maid, le lien est sur celle de Gerson Reyes.<\/p>\n","protected":false},"author":1,"featured_media":7197,"parent":0,"menu_order":0,"comment_status":"closed","ping_status":"closed","template":"","meta":{"advgb_blocks_editor_width":"","advgb_blocks_columns_visual_guide":"","footnotes":""},"class_list":["post-7088","page","type-page","status-publish","has-post-thumbnail","hentry"],"yoast_head":"<!-- This site is optimized with the Yoast SEO plugin v27.6 - https:\/\/yoast.com\/product\/yoast-seo-wordpress\/ -->\n<title>MAID IN JAPAN - BAND-MAID<\/title>\n<meta name=\"description\" content=\"D\u00e9couvrez toutes les informations sur le premier EP de BAND-MAID sorti en janvier 2014 : Maid in Japan.\" \/>\n<meta name=\"robots\" content=\"index, follow, max-snippet:-1, max-image-preview:large, max-video-preview:-1\" \/>\n<link rel=\"canonical\" href=\"https:\/\/www.band-maid.fr\/index.php\/maid-in-japan\/\" \/>\n<meta property=\"og:locale\" content=\"fr_FR\" \/>\n<meta property=\"og:type\" content=\"article\" \/>\n<meta property=\"og:title\" content=\"MAID IN JAPAN - BAND-MAID\" \/>\n<meta property=\"og:description\" content=\"D\u00e9couvrez toutes les informations sur le premier EP de BAND-MAID sorti en janvier 2014 : Maid in Japan.\" \/>\n<meta property=\"og:url\" content=\"https:\/\/www.band-maid.fr\/index.php\/maid-in-japan\/\" \/>\n<meta property=\"og:site_name\" content=\"BAND-MAID\" \/>\n<meta property=\"article:publisher\" content=\"https:\/\/www.facebook.com\/bandmaid\" \/>\n<meta property=\"article:modified_time\" content=\"2026-04-09T11:18:47+00:00\" \/>\n<meta property=\"og:image\" content=\"https:\/\/www.band-maid.fr\/wp-content\/uploads\/2026\/01\/band-maid-ameba-2.jpg\" \/>\n\t<meta property=\"og:image:width\" content=\"1200\" \/>\n\t<meta property=\"og:image:height\" content=\"215\" \/>\n\t<meta property=\"og:image:type\" content=\"image\/jpeg\" \/>\n<meta name=\"twitter:card\" content=\"summary_large_image\" \/>\n<meta name=\"twitter:site\" content=\"@bandmaid\" \/>\n<meta name=\"twitter:label1\" content=\"Dur\u00e9e de lecture estim\u00e9e\" \/>\n\t<meta name=\"twitter:data1\" content=\"2 minutes\" \/>\n<script type=\"application\/ld+json\" class=\"yoast-schema-graph\">{\"@context\":\"https:\\\/\\\/schema.org\",\"@graph\":[{\"@type\":\"WebPage\",\"@id\":\"https:\\\/\\\/www.band-maid.fr\\\/index.php\\\/maid-in-japan\\\/\",\"url\":\"https:\\\/\\\/www.band-maid.fr\\\/index.php\\\/maid-in-japan\\\/\",\"name\":\"MAID IN JAPAN - BAND-MAID\",\"isPartOf\":{\"@id\":\"https:\\\/\\\/www.band-maid.fr\\\/#website\"},\"primaryImageOfPage\":{\"@id\":\"https:\\\/\\\/www.band-maid.fr\\\/index.php\\\/maid-in-japan\\\/#primaryimage\"},\"image\":{\"@id\":\"https:\\\/\\\/www.band-maid.fr\\\/index.php\\\/maid-in-japan\\\/#primaryimage\"},\"thumbnailUrl\":\"https:\\\/\\\/www.band-maid.fr\\\/wp-content\\\/uploads\\\/2026\\\/01\\\/band-maid-ameba-2.jpg\",\"datePublished\":\"2026-01-02T09:07:46+00:00\",\"dateModified\":\"2026-04-09T11:18:47+00:00\",\"description\":\"D\u00e9couvrez toutes les informations sur le premier EP de BAND-MAID sorti en janvier 2014 : Maid in Japan.\",\"breadcrumb\":{\"@id\":\"https:\\\/\\\/www.band-maid.fr\\\/index.php\\\/maid-in-japan\\\/#breadcrumb\"},\"inLanguage\":\"fr-FR\",\"potentialAction\":[{\"@type\":\"ReadAction\",\"target\":[\"https:\\\/\\\/www.band-maid.fr\\\/index.php\\\/maid-in-japan\\\/\"]}]},{\"@type\":\"ImageObject\",\"inLanguage\":\"fr-FR\",\"@id\":\"https:\\\/\\\/www.band-maid.fr\\\/index.php\\\/maid-in-japan\\\/#primaryimage\",\"url\":\"https:\\\/\\\/www.band-maid.fr\\\/wp-content\\\/uploads\\\/2026\\\/01\\\/band-maid-ameba-2.jpg\",\"contentUrl\":\"https:\\\/\\\/www.band-maid.fr\\\/wp-content\\\/uploads\\\/2026\\\/01\\\/band-maid-ameba-2.jpg\",\"width\":1200,\"height\":215},{\"@type\":\"BreadcrumbList\",\"@id\":\"https:\\\/\\\/www.band-maid.fr\\\/index.php\\\/maid-in-japan\\\/#breadcrumb\",\"itemListElement\":[{\"@type\":\"ListItem\",\"position\":1,\"name\":\"Accueil\",\"item\":\"https:\\\/\\\/www.band-maid.fr\\\/\"},{\"@type\":\"ListItem\",\"position\":2,\"name\":\"MAID IN JAPAN\"}]},{\"@type\":\"WebSite\",\"@id\":\"https:\\\/\\\/www.band-maid.fr\\\/#website\",\"url\":\"https:\\\/\\\/www.band-maid.fr\\\/\",\"name\":\"BAND-MAID\",\"description\":\"WORLD DOMINATION\",\"publisher\":{\"@id\":\"https:\\\/\\\/www.band-maid.fr\\\/#organization\"},\"potentialAction\":[{\"@type\":\"SearchAction\",\"target\":{\"@type\":\"EntryPoint\",\"urlTemplate\":\"https:\\\/\\\/www.band-maid.fr\\\/?s={search_term_string}\"},\"query-input\":{\"@type\":\"PropertyValueSpecification\",\"valueRequired\":true,\"valueName\":\"search_term_string\"}}],\"inLanguage\":\"fr-FR\"},{\"@type\":\"Organization\",\"@id\":\"https:\\\/\\\/www.band-maid.fr\\\/#organization\",\"name\":\"BAND-MAID\",\"url\":\"https:\\\/\\\/www.band-maid.fr\\\/\",\"logo\":{\"@type\":\"ImageObject\",\"inLanguage\":\"fr-FR\",\"@id\":\"https:\\\/\\\/www.band-maid.fr\\\/#\\\/schema\\\/logo\\\/image\\\/\",\"url\":\"http:\\\/\\\/wglgkdc.cluster121.hosting.ovh.net\\\/wp-content\\\/uploads\\\/2026\\\/01\\\/logo_band-maid_b.png\",\"contentUrl\":\"http:\\\/\\\/wglgkdc.cluster121.hosting.ovh.net\\\/wp-content\\\/uploads\\\/2026\\\/01\\\/logo_band-maid_b.png\",\"width\":540,\"height\":93,\"caption\":\"BAND-MAID\"},\"image\":{\"@id\":\"https:\\\/\\\/www.band-maid.fr\\\/#\\\/schema\\\/logo\\\/image\\\/\"},\"sameAs\":[\"https:\\\/\\\/www.facebook.com\\\/bandmaid\",\"https:\\\/\\\/x.com\\\/bandmaid\",\"https:\\\/\\\/www.instagram.com\\\/bandmaid.jp\\\/\",\"https:\\\/\\\/www.youtube.com\\\/channel\\\/UCJToUvYrmkmTCR-bluEaQfA\",\"https:\\\/\\\/www.tiktok.com\\\/@bandmaid_int\"]}]}<\/script>\n<!-- \/ Yoast SEO plugin. -->","yoast_head_json":{"title":"MAID IN JAPAN - BAND-MAID","description":"D\u00e9couvrez toutes les informations sur le premier EP de BAND-MAID sorti en janvier 2014 : Maid in Japan.","robots":{"index":"index","follow":"follow","max-snippet":"max-snippet:-1","max-image-preview":"max-image-preview:large","max-video-preview":"max-video-preview:-1"},"canonical":"https:\/\/www.band-maid.fr\/index.php\/maid-in-japan\/","og_locale":"fr_FR","og_type":"article","og_title":"MAID IN JAPAN - BAND-MAID","og_description":"D\u00e9couvrez toutes les informations sur le premier EP de BAND-MAID sorti en janvier 2014 : Maid in Japan.","og_url":"https:\/\/www.band-maid.fr\/index.php\/maid-in-japan\/","og_site_name":"BAND-MAID","article_publisher":"https:\/\/www.facebook.com\/bandmaid","article_modified_time":"2026-04-09T11:18:47+00:00","og_image":[{"width":1200,"height":215,"url":"https:\/\/www.band-maid.fr\/wp-content\/uploads\/2026\/01\/band-maid-ameba-2.jpg","type":"image\/jpeg"}],"twitter_card":"summary_large_image","twitter_site":"@bandmaid","twitter_misc":{"Dur\u00e9e de lecture estim\u00e9e":"2 minutes"},"schema":{"@context":"https:\/\/schema.org","@graph":[{"@type":"WebPage","@id":"https:\/\/www.band-maid.fr\/index.php\/maid-in-japan\/","url":"https:\/\/www.band-maid.fr\/index.php\/maid-in-japan\/","name":"MAID IN JAPAN - BAND-MAID","isPartOf":{"@id":"https:\/\/www.band-maid.fr\/#website"},"primaryImageOfPage":{"@id":"https:\/\/www.band-maid.fr\/index.php\/maid-in-japan\/#primaryimage"},"image":{"@id":"https:\/\/www.band-maid.fr\/index.php\/maid-in-japan\/#primaryimage"},"thumbnailUrl":"https:\/\/www.band-maid.fr\/wp-content\/uploads\/2026\/01\/band-maid-ameba-2.jpg","datePublished":"2026-01-02T09:07:46+00:00","dateModified":"2026-04-09T11:18:47+00:00","description":"D\u00e9couvrez toutes les informations sur le premier EP de BAND-MAID sorti en janvier 2014 : Maid in Japan.","breadcrumb":{"@id":"https:\/\/www.band-maid.fr\/index.php\/maid-in-japan\/#breadcrumb"},"inLanguage":"fr-FR","potentialAction":[{"@type":"ReadAction","target":["https:\/\/www.band-maid.fr\/index.php\/maid-in-japan\/"]}]},{"@type":"ImageObject","inLanguage":"fr-FR","@id":"https:\/\/www.band-maid.fr\/index.php\/maid-in-japan\/#primaryimage","url":"https:\/\/www.band-maid.fr\/wp-content\/uploads\/2026\/01\/band-maid-ameba-2.jpg","contentUrl":"https:\/\/www.band-maid.fr\/wp-content\/uploads\/2026\/01\/band-maid-ameba-2.jpg","width":1200,"height":215},{"@type":"BreadcrumbList","@id":"https:\/\/www.band-maid.fr\/index.php\/maid-in-japan\/#breadcrumb","itemListElement":[{"@type":"ListItem","position":1,"name":"Accueil","item":"https:\/\/www.band-maid.fr\/"},{"@type":"ListItem","position":2,"name":"MAID IN JAPAN"}]},{"@type":"WebSite","@id":"https:\/\/www.band-maid.fr\/#website","url":"https:\/\/www.band-maid.fr\/","name":"BAND-MAID","description":"WORLD DOMINATION","publisher":{"@id":"https:\/\/www.band-maid.fr\/#organization"},"potentialAction":[{"@type":"SearchAction","target":{"@type":"EntryPoint","urlTemplate":"https:\/\/www.band-maid.fr\/?s={search_term_string}"},"query-input":{"@type":"PropertyValueSpecification","valueRequired":true,"valueName":"search_term_string"}}],"inLanguage":"fr-FR"},{"@type":"Organization","@id":"https:\/\/www.band-maid.fr\/#organization","name":"BAND-MAID","url":"https:\/\/www.band-maid.fr\/","logo":{"@type":"ImageObject","inLanguage":"fr-FR","@id":"https:\/\/www.band-maid.fr\/#\/schema\/logo\/image\/","url":"http:\/\/wglgkdc.cluster121.hosting.ovh.net\/wp-content\/uploads\/2026\/01\/logo_band-maid_b.png","contentUrl":"http:\/\/wglgkdc.cluster121.hosting.ovh.net\/wp-content\/uploads\/2026\/01\/logo_band-maid_b.png","width":540,"height":93,"caption":"BAND-MAID"},"image":{"@id":"https:\/\/www.band-maid.fr\/#\/schema\/logo\/image\/"},"sameAs":["https:\/\/www.facebook.com\/bandmaid","https:\/\/x.com\/bandmaid","https:\/\/www.instagram.com\/bandmaid.jp\/","https:\/\/www.youtube.com\/channel\/UCJToUvYrmkmTCR-bluEaQfA","https:\/\/www.tiktok.com\/@bandmaid_int"]}]}},"coauthors":[],"author_meta":{"author_link":"https:\/\/www.band-maid.fr\/index.php\/author\/admin8693\/","display_name":"LJB"},"relative_dates":{"created":"Publi\u00e9 4 mois il y a","modified":"Mis \u00e0 jour 1 mois il y a"},"absolute_dates":{"created":"Publi\u00e9 le 02\/01\/2026","modified":"Mise \u00e0 jour le 09\/04\/2026"},"absolute_dates_time":{"created":"Publi\u00e9 le 02\/01\/2026 9h07","modified":"Mise \u00e0 jour le 09\/04\/2026 11h18"},"featured_img_caption":"","featured_img":"https:\/\/www.band-maid.fr\/wp-content\/uploads\/2026\/01\/band-maid-ameba-2.jpg","series_order":"","featured_media_urls":{"thumbnail":["https:\/\/www.band-maid.fr\/wp-content\/uploads\/2026\/01\/band-maid-ameba-2-150x150.jpg",150,150,true],"medium":["https:\/\/www.band-maid.fr\/wp-content\/uploads\/2026\/01\/band-maid-ameba-2-300x54.jpg",300,54,true],"medium_large":["https:\/\/www.band-maid.fr\/wp-content\/uploads\/2026\/01\/band-maid-ameba-2.jpg",768,138,false],"large":["https:\/\/www.band-maid.fr\/wp-content\/uploads\/2026\/01\/band-maid-ameba-2-1024x183.jpg",950,170,true],"1536x1536":["https:\/\/www.band-maid.fr\/wp-content\/uploads\/2026\/01\/band-maid-ameba-2.jpg",1200,215,false],"2048x2048":["https:\/\/www.band-maid.fr\/wp-content\/uploads\/2026\/01\/band-maid-ameba-2.jpg",1200,215,false],"inspiro-featured-image":["https:\/\/www.band-maid.fr\/wp-content\/uploads\/2026\/01\/band-maid-ameba-2.jpg",1200,215,false],"inspiro-loop":["https:\/\/www.band-maid.fr\/wp-content\/uploads\/2026\/01\/band-maid-ameba-2-950x215.jpg",950,215,true],"inspiro-loop@2x":["https:\/\/www.band-maid.fr\/wp-content\/uploads\/2026\/01\/band-maid-ameba-2.jpg",1200,215,false],"portfolio_item-thumbnail":["https:\/\/www.band-maid.fr\/wp-content\/uploads\/2026\/01\/band-maid-ameba-2-600x215.jpg",600,215,true],"portfolio_item-thumbnail@2x":["https:\/\/www.band-maid.fr\/wp-content\/uploads\/2026\/01\/band-maid-ameba-2.jpg",1200,215,false],"portfolio_item-masonry":["https:\/\/www.band-maid.fr\/wp-content\/uploads\/2026\/01\/band-maid-ameba-2-600x108.jpg",600,108,true],"portfolio_item-masonry@2x":["https:\/\/www.band-maid.fr\/wp-content\/uploads\/2026\/01\/band-maid-ameba-2.jpg",1200,215,false],"portfolio_item-thumbnail_cinema":["https:\/\/www.band-maid.fr\/wp-content\/uploads\/2026\/01\/band-maid-ameba-2-800x215.jpg",800,215,true],"portfolio_item-thumbnail_portrait":["https:\/\/www.band-maid.fr\/wp-content\/uploads\/2026\/01\/band-maid-ameba-2-600x215.jpg",600,215,true],"portfolio_item-thumbnail_portrait@2x":["https:\/\/www.band-maid.fr\/wp-content\/uploads\/2026\/01\/band-maid-ameba-2.jpg",1200,215,false],"portfolio_item-thumbnail_square":["https:\/\/www.band-maid.fr\/wp-content\/uploads\/2026\/01\/band-maid-ameba-2-800x215.jpg",800,215,true]},"_links":{"self":[{"href":"https:\/\/www.band-maid.fr\/index.php\/wp-json\/wp\/v2\/pages\/7088","targetHints":{"allow":["GET"]}}],"collection":[{"href":"https:\/\/www.band-maid.fr\/index.php\/wp-json\/wp\/v2\/pages"}],"about":[{"href":"https:\/\/www.band-maid.fr\/index.php\/wp-json\/wp\/v2\/types\/page"}],"author":[{"embeddable":true,"href":"https:\/\/www.band-maid.fr\/index.php\/wp-json\/wp\/v2\/users\/1"}],"replies":[{"embeddable":true,"href":"https:\/\/www.band-maid.fr\/index.php\/wp-json\/wp\/v2\/comments?post=7088"}],"version-history":[{"count":27,"href":"https:\/\/www.band-maid.fr\/index.php\/wp-json\/wp\/v2\/pages\/7088\/revisions"}],"predecessor-version":[{"id":9593,"href":"https:\/\/www.band-maid.fr\/index.php\/wp-json\/wp\/v2\/pages\/7088\/revisions\/9593"}],"wp:featuredmedia":[{"embeddable":true,"href":"https:\/\/www.band-maid.fr\/index.php\/wp-json\/wp\/v2\/media\/7197"}],"wp:attachment":[{"href":"https:\/\/www.band-maid.fr\/index.php\/wp-json\/wp\/v2\/media?parent=7088"}],"curies":[{"name":"wp","href":"https:\/\/api.w.org\/{rel}","templated":true}]}}