{"id":10311,"date":"2026-05-01T09:27:25","date_gmt":"2026-05-01T09:27:25","guid":{"rendered":"https:\/\/www.band-maid.fr\/?page_id=10311"},"modified":"2026-05-01T09:27:26","modified_gmt":"2026-05-01T09:27:26","slug":"seasoned","status":"publish","type":"page","link":"https:\/\/www.band-maid.fr\/index.php\/seasoned\/","title":{"rendered":"Seasoned"},"content":{"rendered":"\n<figure class=\"wp-block-image aligncenter size-large\"><img fetchpriority=\"high\" decoding=\"async\" width=\"1024\" height=\"78\" src=\"https:\/\/www.band-maid.fr\/wp-content\/uploads\/2026\/02\/bande-noire-1024x78.jpg\" alt=\"\" class=\"wp-image-8482\" srcset=\"https:\/\/www.band-maid.fr\/wp-content\/uploads\/2026\/02\/bande-noire-1024x78.jpg 1024w, https:\/\/www.band-maid.fr\/wp-content\/uploads\/2026\/02\/bande-noire-300x23.jpg 300w, https:\/\/www.band-maid.fr\/wp-content\/uploads\/2026\/02\/bande-noire.jpg 1280w\" sizes=\"(max-width: 1024px) 100vw, 1024px\" \/><\/figure>\n\n\n\n<figure class=\"wp-block-image aligncenter size-full\"><img decoding=\"async\" width=\"599\" height=\"599\" src=\"https:\/\/www.band-maid.fr\/wp-content\/uploads\/2026\/05\/seasoned.jpg\" alt=\"\" class=\"wp-image-10314\" srcset=\"https:\/\/www.band-maid.fr\/wp-content\/uploads\/2026\/05\/seasoned.jpg 599w, https:\/\/www.band-maid.fr\/wp-content\/uploads\/2026\/05\/seasoned-300x300.jpg 300w, https:\/\/www.band-maid.fr\/wp-content\/uploads\/2026\/05\/seasoned-150x150.jpg 150w\" sizes=\"(max-width: 599px) 100vw, 599px\" \/><\/figure>\n\n\n\n<figure class=\"wp-block-image aligncenter size-large\"><img fetchpriority=\"high\" decoding=\"async\" width=\"1024\" height=\"78\" src=\"https:\/\/www.band-maid.fr\/wp-content\/uploads\/2026\/02\/bande-noire-1024x78.jpg\" alt=\"\" class=\"wp-image-8482\" srcset=\"https:\/\/www.band-maid.fr\/wp-content\/uploads\/2026\/02\/bande-noire-1024x78.jpg 1024w, https:\/\/www.band-maid.fr\/wp-content\/uploads\/2026\/02\/bande-noire-300x23.jpg 300w, https:\/\/www.band-maid.fr\/wp-content\/uploads\/2026\/02\/bande-noire.jpg 1280w\" sizes=\"(max-width: 1024px) 100vw, 1024px\" \/><\/figure>\n\n\n\n<p><br>Musique: <strong>Band-Maid<\/strong><br>Album : <strong>Epic Narratives<\/strong> (25 septembre 2024)<\/p>\n\n\n\n<figure class=\"wp-block-image aligncenter size-large\"><img fetchpriority=\"high\" decoding=\"async\" width=\"1024\" height=\"78\" src=\"https:\/\/www.band-maid.fr\/wp-content\/uploads\/2026\/02\/bande-noire-1024x78.jpg\" alt=\"\" class=\"wp-image-8482\" srcset=\"https:\/\/www.band-maid.fr\/wp-content\/uploads\/2026\/02\/bande-noire-1024x78.jpg 1024w, https:\/\/www.band-maid.fr\/wp-content\/uploads\/2026\/02\/bande-noire-300x23.jpg 300w, https:\/\/www.band-maid.fr\/wp-content\/uploads\/2026\/02\/bande-noire.jpg 1280w\" sizes=\"(max-width: 1024px) 100vw, 1024px\" \/><\/figure>\n\n\n\n<h2 class=\"wp-block-heading\">Notes et citations (Band-Maid Songs Encyclopedia)<\/h2>\n\n\n\n<p>Titre bonus inclus dans l\u2019\u00e9dition limit\u00e9e d&rsquo;Epic Narratives.<br>Musique d\u2019entr\u00e9e de la tourn\u00e9e Epic Narratives.<\/p>\n\n\n\n<figure class=\"wp-block-image aligncenter size-large\"><img fetchpriority=\"high\" decoding=\"async\" width=\"1024\" height=\"78\" src=\"https:\/\/www.band-maid.fr\/wp-content\/uploads\/2026\/02\/bande-noire-1024x78.jpg\" alt=\"\" class=\"wp-image-8482\" srcset=\"https:\/\/www.band-maid.fr\/wp-content\/uploads\/2026\/02\/bande-noire-1024x78.jpg 1024w, https:\/\/www.band-maid.fr\/wp-content\/uploads\/2026\/02\/bande-noire-300x23.jpg 300w, https:\/\/www.band-maid.fr\/wp-content\/uploads\/2026\/02\/bande-noire.jpg 1280w\" sizes=\"(max-width: 1024px) 100vw, 1024px\" \/><\/figure>\n\n\n\n<div class=\"wp-block-advgb-columns advgb-columns-wrapper\" id=\"advgb-cols-f72675d8-dd3c-4164-ac84-383aa3dc2459\"><div class=\"advgb-columns-container\"><div class=\"advgb-columns advgb-columns-row advgb-is-mobile advgb-columns-3 layout-13-13-13 mbl-layout-stacked vgutter-10\">\n<div class=\"wp-block-advgb-column advgb-column\" id=\"advgb-col-29950958-d896-468b-aae3-34739fded86a\"><div class=\"advgb-column-inner\" style=\"border-style:none;border-width:1px\">\n<div class=\"wp-block-advgb-button align\"><a class=\"wp-block-advgb-button_link advgbbtn-4ba54982-db89-4f7a-a289-b2e6de1e1193\" href=\"https:\/\/band-maid.fr\/index.php\/epic-narratives\/\" target=\"_self\" rel=\"noopener noreferrer\"><span>Epic Narratives<\/span><\/a><\/div>\n<\/div><\/div>\n\n\n\n<div class=\"wp-block-advgb-column advgb-column\" id=\"advgb-col-739df5b1-a3e9-4b8b-8d15-afa16ab0d9f2\"><div class=\"advgb-column-inner\" style=\"border-style:none;border-width:1px\"><\/div><\/div>\n\n\n\n<div class=\"wp-block-advgb-column advgb-column\" id=\"advgb-col-f2973cae-de96-4d26-bc7e-f3057cf4bba0\"><div class=\"advgb-column-inner\" style=\"border-style:none;border-width:1px\">\n<div class=\"wp-block-advgb-button alignright\"><a class=\"wp-block-advgb-button_link advgbbtn-c2d051d0-a7b8-4943-af6a-8a222f6ea714\" href=\"https:\/\/www.band-maid.fr\/index.php\/discographie-de-band-maid\/\" target=\"_self\" rel=\"noopener noreferrer\"><span>Discographie<\/span><\/a><\/div>\n<\/div><\/div>\n<\/div><\/div><\/div>\n\n\n\n<figure class=\"wp-block-image aligncenter size-large\"><img fetchpriority=\"high\" decoding=\"async\" width=\"1024\" height=\"78\" src=\"https:\/\/www.band-maid.fr\/wp-content\/uploads\/2026\/02\/bande-noire-1024x78.jpg\" alt=\"\" class=\"wp-image-8482\" srcset=\"https:\/\/www.band-maid.fr\/wp-content\/uploads\/2026\/02\/bande-noire-1024x78.jpg 1024w, https:\/\/www.band-maid.fr\/wp-content\/uploads\/2026\/02\/bande-noire-300x23.jpg 300w, https:\/\/www.band-maid.fr\/wp-content\/uploads\/2026\/02\/bande-noire.jpg 1280w\" sizes=\"(max-width: 1024px) 100vw, 1024px\" \/><\/figure>\n<style class=\"advgb-styles-renderer\">.advgbbtn-4ba54982-db89-4f7a-a289-b2e6de1e1193{font-size:18px;color:#fff !important;background-color:#2196f3 !important;margin:0px 0px 0px 0px !important;padding:10px 30px 10px 30px;border-width:1px !important;border-style:none;border-radius:50px !important;}.advgbbtn-4ba54982-db89-4f7a-a289-b2e6de1e1193:hover{box-shadow:1px 1px 12px 0px #ccc;opacity:1;transition:all 0.2s ease;}.advgbbtn-4ba54982-db89-4f7a-a289-b2e6de1e1193 > i {display: none !important;}#advgb-col-29950958-d896-468b-aae3-34739fded86a>.advgb-column-inner{}@media screen and (max-width: 1023px) {#advgb-col-29950958-d896-468b-aae3-34739fded86a>.advgb-column-inner{}}@media screen and (max-width: 767px) {#advgb-col-29950958-d896-468b-aae3-34739fded86a>.advgb-column-inner{}}.advgbbtn-4ba54982-db89-4f7a-a289-b2e6de1e1193{font-size:18px;color:#fff !important;background-color:#2196f3 !important;margin:0px 0px 0px 0px !important;padding:10px 30px 10px 30px;border-width:1px !important;border-style:none;border-radius:50px !important;}.advgbbtn-4ba54982-db89-4f7a-a289-b2e6de1e1193:hover{box-shadow:1px 1px 12px 0px #ccc;opacity:1;transition:all 0.2s ease;}.advgbbtn-4ba54982-db89-4f7a-a289-b2e6de1e1193 > i {display: none !important;}#advgb-col-739df5b1-a3e9-4b8b-8d15-afa16ab0d9f2>.advgb-column-inner{}@media screen and (max-width: 1023px) {#advgb-col-739df5b1-a3e9-4b8b-8d15-afa16ab0d9f2>.advgb-column-inner{}}@media screen and (max-width: 767px) {#advgb-col-739df5b1-a3e9-4b8b-8d15-afa16ab0d9f2>.advgb-column-inner{}}.advgbbtn-c2d051d0-a7b8-4943-af6a-8a222f6ea714{font-size:18px;color:#fff !important;background-color:#2196f3 !important;margin:0px 0px 0px 0px !important;padding:10px 30px 10px 30px;border-width:1px !important;border-style:none;border-radius:50px !important;}.advgbbtn-c2d051d0-a7b8-4943-af6a-8a222f6ea714:hover{box-shadow:1px 1px 12px 0px #ccc;opacity:1;transition:all 0.2s ease;}.advgbbtn-c2d051d0-a7b8-4943-af6a-8a222f6ea714 > i {display: none !important;}#advgb-col-f2973cae-de96-4d26-bc7e-f3057cf4bba0>.advgb-column-inner{}@media screen and (max-width: 1023px) {#advgb-col-f2973cae-de96-4d26-bc7e-f3057cf4bba0>.advgb-column-inner{}}@media screen and (max-width: 767px) {#advgb-col-f2973cae-de96-4d26-bc7e-f3057cf4bba0>.advgb-column-inner{}}.advgbbtn-c2d051d0-a7b8-4943-af6a-8a222f6ea714{font-size:18px;color:#fff !important;background-color:#2196f3 !important;margin:0px 0px 0px 0px !important;padding:10px 30px 10px 30px;border-width:1px !important;border-style:none;border-radius:50px !important;}.advgbbtn-c2d051d0-a7b8-4943-af6a-8a222f6ea714:hover{box-shadow:1px 1px 12px 0px #ccc;opacity:1;transition:all 0.2s ease;}.advgbbtn-c2d051d0-a7b8-4943-af6a-8a222f6ea714 > i {display: none !important;}#advgb-cols-f72675d8-dd3c-4164-ac84-383aa3dc2459{}@media screen and (max-width: 1023px) {#advgb-cols-f72675d8-dd3c-4164-ac84-383aa3dc2459{}}@media screen and (max-width: 767px) {#advgb-cols-f72675d8-dd3c-4164-ac84-383aa3dc2459{}}#advgb-col-29950958-d896-468b-aae3-34739fded86a>.advgb-column-inner{}@media screen and (max-width: 1023px) {#advgb-col-29950958-d896-468b-aae3-34739fded86a>.advgb-column-inner{}}@media screen and (max-width: 767px) {#advgb-col-29950958-d896-468b-aae3-34739fded86a>.advgb-column-inner{}}.advgbbtn-4ba54982-db89-4f7a-a289-b2e6de1e1193{font-size:18px;color:#fff !important;background-color:#2196f3 !important;margin:0px 0px 0px 0px !important;padding:10px 30px 10px 30px;border-width:1px !important;border-style:none;border-radius:50px !important;}.advgbbtn-4ba54982-db89-4f7a-a289-b2e6de1e1193:hover{box-shadow:1px 1px 12px 0px #ccc;opacity:1;transition:all 0.2s ease;}.advgbbtn-4ba54982-db89-4f7a-a289-b2e6de1e1193 > i {display: none !important;}#advgb-col-739df5b1-a3e9-4b8b-8d15-afa16ab0d9f2>.advgb-column-inner{}@media screen and (max-width: 1023px) {#advgb-col-739df5b1-a3e9-4b8b-8d15-afa16ab0d9f2>.advgb-column-inner{}}@media screen and (max-width: 767px) {#advgb-col-739df5b1-a3e9-4b8b-8d15-afa16ab0d9f2>.advgb-column-inner{}}#advgb-col-f2973cae-de96-4d26-bc7e-f3057cf4bba0>.advgb-column-inner{}@media screen and (max-width: 1023px) {#advgb-col-f2973cae-de96-4d26-bc7e-f3057cf4bba0>.advgb-column-inner{}}@media screen and (max-width: 767px) {#advgb-col-f2973cae-de96-4d26-bc7e-f3057cf4bba0>.advgb-column-inner{}}.advgbbtn-c2d051d0-a7b8-4943-af6a-8a222f6ea714{font-size:18px;color:#fff !important;background-color:#2196f3 !important;margin:0px 0px 0px 0px !important;padding:10px 30px 10px 30px;border-width:1px !important;border-style:none;border-radius:50px !important;}.advgbbtn-c2d051d0-a7b8-4943-af6a-8a222f6ea714:hover{box-shadow:1px 1px 12px 0px #ccc;opacity:1;transition:all 0.2s ease;}.advgbbtn-c2d051d0-a7b8-4943-af6a-8a222f6ea714 > i {display: none !important;}<\/style>","protected":false},"excerpt":{"rendered":"<p>Musique: Band-MaidAlbum : Epic Narratives (25 septembre 2024) Notes et citations (Band-Maid Songs Encyclopedia) Titre bonus inclus dans l\u2019\u00e9dition limit\u00e9e d&rsquo;Epic Narratives.Musique d\u2019entr\u00e9e de la tourn\u00e9e Epic Narratives.<\/p>\n","protected":false},"author":1,"featured_media":0,"parent":0,"menu_order":0,"comment_status":"closed","ping_status":"closed","template":"","meta":{"advgb_blocks_editor_width":"","advgb_blocks_columns_visual_guide":"","footnotes":""},"class_list":["post-10311","page","type-page","status-publish","hentry"],"yoast_head":"<!-- This site is optimized with the Yoast SEO plugin v27.6 - https:\/\/yoast.com\/product\/yoast-seo-wordpress\/ -->\n<title>Seasoned - BAND-MAID<\/title>\n<meta name=\"description\" content=\"Titre bonus inclus dans l\u2019\u00e9dition limit\u00e9e d&#039;Epic Narratives.Musique d\u2019entr\u00e9e de la tourn\u00e9e Epic Narratives.\" \/>\n<meta name=\"robots\" content=\"index, follow, max-snippet:-1, max-image-preview:large, max-video-preview:-1\" \/>\n<link rel=\"canonical\" href=\"https:\/\/www.band-maid.fr\/index.php\/seasoned\/\" \/>\n<meta property=\"og:locale\" content=\"fr_FR\" \/>\n<meta property=\"og:type\" content=\"article\" \/>\n<meta property=\"og:title\" content=\"Seasoned - BAND-MAID\" \/>\n<meta property=\"og:description\" content=\"Titre bonus inclus dans l\u2019\u00e9dition limit\u00e9e d&#039;Epic Narratives.Musique d\u2019entr\u00e9e de la tourn\u00e9e Epic Narratives.\" \/>\n<meta property=\"og:url\" content=\"https:\/\/www.band-maid.fr\/index.php\/seasoned\/\" \/>\n<meta property=\"og:site_name\" content=\"BAND-MAID\" \/>\n<meta property=\"article:publisher\" content=\"https:\/\/www.facebook.com\/bandmaid\" \/>\n<meta property=\"article:modified_time\" content=\"2026-05-01T09:27:26+00:00\" \/>\n<meta property=\"og:image\" content=\"https:\/\/www.band-maid.fr\/wp-content\/uploads\/2026\/02\/bande-noire.jpg\" \/>\n\t<meta property=\"og:image:width\" content=\"1280\" \/>\n\t<meta property=\"og:image:height\" content=\"97\" \/>\n\t<meta property=\"og:image:type\" content=\"image\/jpeg\" \/>\n<meta name=\"twitter:card\" content=\"summary_large_image\" \/>\n<meta name=\"twitter:site\" content=\"@bandmaid\" \/>\n<meta name=\"twitter:label1\" content=\"Dur\u00e9e de lecture estim\u00e9e\" \/>\n\t<meta name=\"twitter:data1\" content=\"2 minutes\" \/>\n<script type=\"application\/ld+json\" class=\"yoast-schema-graph\">{\"@context\":\"https:\\\/\\\/schema.org\",\"@graph\":[{\"@type\":\"WebPage\",\"@id\":\"https:\\\/\\\/www.band-maid.fr\\\/index.php\\\/seasoned\\\/\",\"url\":\"https:\\\/\\\/www.band-maid.fr\\\/index.php\\\/seasoned\\\/\",\"name\":\"Seasoned - BAND-MAID\",\"isPartOf\":{\"@id\":\"https:\\\/\\\/www.band-maid.fr\\\/#website\"},\"primaryImageOfPage\":{\"@id\":\"https:\\\/\\\/www.band-maid.fr\\\/index.php\\\/seasoned\\\/#primaryimage\"},\"image\":{\"@id\":\"https:\\\/\\\/www.band-maid.fr\\\/index.php\\\/seasoned\\\/#primaryimage\"},\"thumbnailUrl\":\"https:\\\/\\\/www.band-maid.fr\\\/wp-content\\\/uploads\\\/2026\\\/02\\\/bande-noire-1024x78.jpg\",\"datePublished\":\"2026-05-01T09:27:25+00:00\",\"dateModified\":\"2026-05-01T09:27:26+00:00\",\"description\":\"Titre bonus inclus dans l\u2019\u00e9dition limit\u00e9e d'Epic Narratives.Musique d\u2019entr\u00e9e de la tourn\u00e9e Epic Narratives.\",\"breadcrumb\":{\"@id\":\"https:\\\/\\\/www.band-maid.fr\\\/index.php\\\/seasoned\\\/#breadcrumb\"},\"inLanguage\":\"fr-FR\",\"potentialAction\":[{\"@type\":\"ReadAction\",\"target\":[\"https:\\\/\\\/www.band-maid.fr\\\/index.php\\\/seasoned\\\/\"]}]},{\"@type\":\"ImageObject\",\"inLanguage\":\"fr-FR\",\"@id\":\"https:\\\/\\\/www.band-maid.fr\\\/index.php\\\/seasoned\\\/#primaryimage\",\"url\":\"https:\\\/\\\/www.band-maid.fr\\\/wp-content\\\/uploads\\\/2026\\\/02\\\/bande-noire.jpg\",\"contentUrl\":\"https:\\\/\\\/www.band-maid.fr\\\/wp-content\\\/uploads\\\/2026\\\/02\\\/bande-noire.jpg\",\"width\":1280,\"height\":97},{\"@type\":\"BreadcrumbList\",\"@id\":\"https:\\\/\\\/www.band-maid.fr\\\/index.php\\\/seasoned\\\/#breadcrumb\",\"itemListElement\":[{\"@type\":\"ListItem\",\"position\":1,\"name\":\"Accueil\",\"item\":\"https:\\\/\\\/www.band-maid.fr\\\/\"},{\"@type\":\"ListItem\",\"position\":2,\"name\":\"Seasoned\"}]},{\"@type\":\"WebSite\",\"@id\":\"https:\\\/\\\/www.band-maid.fr\\\/#website\",\"url\":\"https:\\\/\\\/www.band-maid.fr\\\/\",\"name\":\"BAND-MAID\",\"description\":\"WORLD DOMINATION\",\"publisher\":{\"@id\":\"https:\\\/\\\/www.band-maid.fr\\\/#organization\"},\"potentialAction\":[{\"@type\":\"SearchAction\",\"target\":{\"@type\":\"EntryPoint\",\"urlTemplate\":\"https:\\\/\\\/www.band-maid.fr\\\/?s={search_term_string}\"},\"query-input\":{\"@type\":\"PropertyValueSpecification\",\"valueRequired\":true,\"valueName\":\"search_term_string\"}}],\"inLanguage\":\"fr-FR\"},{\"@type\":\"Organization\",\"@id\":\"https:\\\/\\\/www.band-maid.fr\\\/#organization\",\"name\":\"BAND-MAID\",\"url\":\"https:\\\/\\\/www.band-maid.fr\\\/\",\"logo\":{\"@type\":\"ImageObject\",\"inLanguage\":\"fr-FR\",\"@id\":\"https:\\\/\\\/www.band-maid.fr\\\/#\\\/schema\\\/logo\\\/image\\\/\",\"url\":\"http:\\\/\\\/wglgkdc.cluster121.hosting.ovh.net\\\/wp-content\\\/uploads\\\/2026\\\/01\\\/logo_band-maid_b.png\",\"contentUrl\":\"http:\\\/\\\/wglgkdc.cluster121.hosting.ovh.net\\\/wp-content\\\/uploads\\\/2026\\\/01\\\/logo_band-maid_b.png\",\"width\":540,\"height\":93,\"caption\":\"BAND-MAID\"},\"image\":{\"@id\":\"https:\\\/\\\/www.band-maid.fr\\\/#\\\/schema\\\/logo\\\/image\\\/\"},\"sameAs\":[\"https:\\\/\\\/www.facebook.com\\\/bandmaid\",\"https:\\\/\\\/x.com\\\/bandmaid\",\"https:\\\/\\\/www.instagram.com\\\/bandmaid.jp\\\/\",\"https:\\\/\\\/www.youtube.com\\\/channel\\\/UCJToUvYrmkmTCR-bluEaQfA\",\"https:\\\/\\\/www.tiktok.com\\\/@bandmaid_int\"]}]}<\/script>\n<!-- \/ Yoast SEO plugin. -->","yoast_head_json":{"title":"Seasoned - BAND-MAID","description":"Titre bonus inclus dans l\u2019\u00e9dition limit\u00e9e d'Epic Narratives.Musique d\u2019entr\u00e9e de la tourn\u00e9e Epic Narratives.","robots":{"index":"index","follow":"follow","max-snippet":"max-snippet:-1","max-image-preview":"max-image-preview:large","max-video-preview":"max-video-preview:-1"},"canonical":"https:\/\/www.band-maid.fr\/index.php\/seasoned\/","og_locale":"fr_FR","og_type":"article","og_title":"Seasoned - BAND-MAID","og_description":"Titre bonus inclus dans l\u2019\u00e9dition limit\u00e9e d'Epic Narratives.Musique d\u2019entr\u00e9e de la tourn\u00e9e Epic Narratives.","og_url":"https:\/\/www.band-maid.fr\/index.php\/seasoned\/","og_site_name":"BAND-MAID","article_publisher":"https:\/\/www.facebook.com\/bandmaid","article_modified_time":"2026-05-01T09:27:26+00:00","og_image":[{"width":1280,"height":97,"url":"https:\/\/www.band-maid.fr\/wp-content\/uploads\/2026\/02\/bande-noire.jpg","type":"image\/jpeg"}],"twitter_card":"summary_large_image","twitter_site":"@bandmaid","twitter_misc":{"Dur\u00e9e de lecture estim\u00e9e":"2 minutes"},"schema":{"@context":"https:\/\/schema.org","@graph":[{"@type":"WebPage","@id":"https:\/\/www.band-maid.fr\/index.php\/seasoned\/","url":"https:\/\/www.band-maid.fr\/index.php\/seasoned\/","name":"Seasoned - BAND-MAID","isPartOf":{"@id":"https:\/\/www.band-maid.fr\/#website"},"primaryImageOfPage":{"@id":"https:\/\/www.band-maid.fr\/index.php\/seasoned\/#primaryimage"},"image":{"@id":"https:\/\/www.band-maid.fr\/index.php\/seasoned\/#primaryimage"},"thumbnailUrl":"https:\/\/www.band-maid.fr\/wp-content\/uploads\/2026\/02\/bande-noire-1024x78.jpg","datePublished":"2026-05-01T09:27:25+00:00","dateModified":"2026-05-01T09:27:26+00:00","description":"Titre bonus inclus dans l\u2019\u00e9dition limit\u00e9e d'Epic Narratives.Musique d\u2019entr\u00e9e de la tourn\u00e9e Epic Narratives.","breadcrumb":{"@id":"https:\/\/www.band-maid.fr\/index.php\/seasoned\/#breadcrumb"},"inLanguage":"fr-FR","potentialAction":[{"@type":"ReadAction","target":["https:\/\/www.band-maid.fr\/index.php\/seasoned\/"]}]},{"@type":"ImageObject","inLanguage":"fr-FR","@id":"https:\/\/www.band-maid.fr\/index.php\/seasoned\/#primaryimage","url":"https:\/\/www.band-maid.fr\/wp-content\/uploads\/2026\/02\/bande-noire.jpg","contentUrl":"https:\/\/www.band-maid.fr\/wp-content\/uploads\/2026\/02\/bande-noire.jpg","width":1280,"height":97},{"@type":"BreadcrumbList","@id":"https:\/\/www.band-maid.fr\/index.php\/seasoned\/#breadcrumb","itemListElement":[{"@type":"ListItem","position":1,"name":"Accueil","item":"https:\/\/www.band-maid.fr\/"},{"@type":"ListItem","position":2,"name":"Seasoned"}]},{"@type":"WebSite","@id":"https:\/\/www.band-maid.fr\/#website","url":"https:\/\/www.band-maid.fr\/","name":"BAND-MAID","description":"WORLD DOMINATION","publisher":{"@id":"https:\/\/www.band-maid.fr\/#organization"},"potentialAction":[{"@type":"SearchAction","target":{"@type":"EntryPoint","urlTemplate":"https:\/\/www.band-maid.fr\/?s={search_term_string}"},"query-input":{"@type":"PropertyValueSpecification","valueRequired":true,"valueName":"search_term_string"}}],"inLanguage":"fr-FR"},{"@type":"Organization","@id":"https:\/\/www.band-maid.fr\/#organization","name":"BAND-MAID","url":"https:\/\/www.band-maid.fr\/","logo":{"@type":"ImageObject","inLanguage":"fr-FR","@id":"https:\/\/www.band-maid.fr\/#\/schema\/logo\/image\/","url":"http:\/\/wglgkdc.cluster121.hosting.ovh.net\/wp-content\/uploads\/2026\/01\/logo_band-maid_b.png","contentUrl":"http:\/\/wglgkdc.cluster121.hosting.ovh.net\/wp-content\/uploads\/2026\/01\/logo_band-maid_b.png","width":540,"height":93,"caption":"BAND-MAID"},"image":{"@id":"https:\/\/www.band-maid.fr\/#\/schema\/logo\/image\/"},"sameAs":["https:\/\/www.facebook.com\/bandmaid","https:\/\/x.com\/bandmaid","https:\/\/www.instagram.com\/bandmaid.jp\/","https:\/\/www.youtube.com\/channel\/UCJToUvYrmkmTCR-bluEaQfA","https:\/\/www.tiktok.com\/@bandmaid_int"]}]}},"coauthors":[],"author_meta":{"author_link":"https:\/\/www.band-maid.fr\/index.php\/author\/admin8693\/","display_name":"LJB"},"relative_dates":{"created":"Publi\u00e9 2 semaines il y a","modified":"Mis \u00e0 jour 2 semaines il y a"},"absolute_dates":{"created":"Publi\u00e9 le 01\/05\/2026","modified":"Mise \u00e0 jour le 01\/05\/2026"},"absolute_dates_time":{"created":"Publi\u00e9 le 01\/05\/2026 9h27","modified":"Mise \u00e0 jour le 01\/05\/2026 9h27"},"featured_img_caption":"","featured_img":false,"series_order":"","featured_media_urls":[],"_links":{"self":[{"href":"https:\/\/www.band-maid.fr\/index.php\/wp-json\/wp\/v2\/pages\/10311","targetHints":{"allow":["GET"]}}],"collection":[{"href":"https:\/\/www.band-maid.fr\/index.php\/wp-json\/wp\/v2\/pages"}],"about":[{"href":"https:\/\/www.band-maid.fr\/index.php\/wp-json\/wp\/v2\/types\/page"}],"author":[{"embeddable":true,"href":"https:\/\/www.band-maid.fr\/index.php\/wp-json\/wp\/v2\/users\/1"}],"replies":[{"embeddable":true,"href":"https:\/\/www.band-maid.fr\/index.php\/wp-json\/wp\/v2\/comments?post=10311"}],"version-history":[{"count":1,"href":"https:\/\/www.band-maid.fr\/index.php\/wp-json\/wp\/v2\/pages\/10311\/revisions"}],"predecessor-version":[{"id":10315,"href":"https:\/\/www.band-maid.fr\/index.php\/wp-json\/wp\/v2\/pages\/10311\/revisions\/10315"}],"wp:attachment":[{"href":"https:\/\/www.band-maid.fr\/index.php\/wp-json\/wp\/v2\/media?parent=10311"}],"curies":[{"name":"wp","href":"https:\/\/api.w.org\/{rel}","templated":true}]}}