{"id":10041,"date":"2026-04-16T14:21:59","date_gmt":"2026-04-16T14:21:59","guid":{"rendered":"https:\/\/www.band-maid.fr\/?page_id=10041"},"modified":"2026-04-16T14:22:00","modified_gmt":"2026-04-16T14:22:00","slug":"dawn-winery-theme","status":"publish","type":"page","link":"https:\/\/www.band-maid.fr\/index.php\/dawn-winery-theme\/","title":{"rendered":"Dawn Winery Theme"},"content":{"rendered":"\n<p><\/p>\n\n\n\n<figure class=\"wp-block-image aligncenter size-large\"><img fetchpriority=\"high\" decoding=\"async\" width=\"1024\" height=\"78\" src=\"https:\/\/www.band-maid.fr\/wp-content\/uploads\/2026\/02\/bande-noire-1024x78.jpg\" alt=\"\" class=\"wp-image-8482\" srcset=\"https:\/\/www.band-maid.fr\/wp-content\/uploads\/2026\/02\/bande-noire-1024x78.jpg 1024w, https:\/\/www.band-maid.fr\/wp-content\/uploads\/2026\/02\/bande-noire-300x23.jpg 300w, https:\/\/www.band-maid.fr\/wp-content\/uploads\/2026\/02\/bande-noire.jpg 1280w\" sizes=\"(max-width: 1024px) 100vw, 1024px\" \/><\/figure>\n\n\n\n<figure class=\"wp-block-embed is-type-video is-provider-youtube wp-block-embed-youtube wp-embed-aspect-16-9 wp-has-aspect-ratio\"><div class=\"wp-block-embed__wrapper\">\n<iframe title=\"Band Maid - Memories of Wind and Wine (Dawn Winery Theme) (Genshin Concert 2022)\" width=\"950\" height=\"534\" src=\"https:\/\/www.youtube.com\/embed\/-M2EYvqeTdI?feature=oembed\" frameborder=\"0\" allow=\"accelerometer; autoplay; clipboard-write; encrypted-media; gyroscope; picture-in-picture; web-share\" referrerpolicy=\"strict-origin-when-cross-origin\" allowfullscreen><\/iframe>\n<\/div><\/figure>\n\n\n\n<figure class=\"wp-block-image aligncenter size-large\"><img fetchpriority=\"high\" decoding=\"async\" width=\"1024\" height=\"78\" src=\"https:\/\/www.band-maid.fr\/wp-content\/uploads\/2026\/02\/bande-noire-1024x78.jpg\" alt=\"\" class=\"wp-image-8482\" srcset=\"https:\/\/www.band-maid.fr\/wp-content\/uploads\/2026\/02\/bande-noire-1024x78.jpg 1024w, https:\/\/www.band-maid.fr\/wp-content\/uploads\/2026\/02\/bande-noire-300x23.jpg 300w, https:\/\/www.band-maid.fr\/wp-content\/uploads\/2026\/02\/bande-noire.jpg 1280w\" sizes=\"(max-width: 1024px) 100vw, 1024px\" \/><\/figure>\n\n\n\n<p>Musique: <strong>Yu-Peng Chen<\/strong><br>Arrangements : <strong>Band-Maid<\/strong><br>Album : Cr\u00e9\u00e9 pour le jeu et le concert en ligne Genshin Impact 2022<\/p>\n\n\n\n<figure class=\"wp-block-image aligncenter size-large\"><img fetchpriority=\"high\" decoding=\"async\" width=\"1024\" height=\"78\" src=\"https:\/\/www.band-maid.fr\/wp-content\/uploads\/2026\/02\/bande-noire-1024x78.jpg\" alt=\"\" class=\"wp-image-8482\" srcset=\"https:\/\/www.band-maid.fr\/wp-content\/uploads\/2026\/02\/bande-noire-1024x78.jpg 1024w, https:\/\/www.band-maid.fr\/wp-content\/uploads\/2026\/02\/bande-noire-300x23.jpg 300w, https:\/\/www.band-maid.fr\/wp-content\/uploads\/2026\/02\/bande-noire.jpg 1280w\" sizes=\"(max-width: 1024px) 100vw, 1024px\" \/><\/figure>\n\n\n\n<h2 class=\"wp-block-heading\" id=\"notes-et-citations-bandmaid-songs-encyclopedia-8556ef14-3dd9-4258-b6f7-ce6ed9050849\">Notes et citations (Band-Maid Songs Encyclopedia)<\/h2>\n\n\n\n<p>CONCERT GENSHIN 2022 \u00ab M\u00e9lodies d&rsquo;un voyage sans fin \u00bb\uff5cGenshin Impact<\/p>\n\n\n\n<figure class=\"wp-block-image aligncenter size-large\"><img fetchpriority=\"high\" decoding=\"async\" width=\"1024\" height=\"78\" src=\"https:\/\/www.band-maid.fr\/wp-content\/uploads\/2026\/02\/bande-noire-1024x78.jpg\" alt=\"\" class=\"wp-image-8482\" srcset=\"https:\/\/www.band-maid.fr\/wp-content\/uploads\/2026\/02\/bande-noire-1024x78.jpg 1024w, https:\/\/www.band-maid.fr\/wp-content\/uploads\/2026\/02\/bande-noire-300x23.jpg 300w, https:\/\/www.band-maid.fr\/wp-content\/uploads\/2026\/02\/bande-noire.jpg 1280w\" sizes=\"(max-width: 1024px) 100vw, 1024px\" \/><\/figure>\n\n\n\n<div class=\"wp-block-advgb-columns advgb-columns-wrapper\" id=\"advgb-cols-1c669603-5d1a-4374-8acf-7f534e11b32e\"><div class=\"advgb-columns-container\"><div class=\"advgb-columns advgb-columns-row advgb-is-mobile advgb-columns-2 layout-12-12 mbl-layout-stacked vgutter-10\">\n<div class=\"wp-block-advgb-column advgb-column\" id=\"advgb-col-a02611c9-6f0c-4db4-b06c-83878739d8aa\"><div class=\"advgb-column-inner\" style=\"border-style:none;border-width:1px\">\n<div class=\"wp-block-advgb-button alignnone\"><a class=\"wp-block-advgb-button_link advgbbtn-1bf61602-d966-4054-9620-48068133a4f9\" href=\"https:\/\/www.band-maid.fr\/index.php\/new-beginning\/\" target=\"_self\" rel=\"noopener noreferrer\"><span><strong><strong>New Beginning<\/strong><\/strong><\/span><\/a><\/div>\n<\/div><\/div>\n\n\n\n<div class=\"wp-block-advgb-column advgb-column\" id=\"advgb-col-4ea502ea-a8c3-40ab-85ed-9794d99b49a5\"><div class=\"advgb-column-inner\" style=\"border-style:none;border-width:1px\">\n<div class=\"wp-block-advgb-button alignnone\"><a class=\"wp-block-advgb-button_link advgbbtn-a29f076c-8118-48ca-aedc-131e81f6dfde\" href=\"https:\/\/www.band-maid.fr\/index.php\/discographie-de-band-maid\/\" target=\"_self\" rel=\"noopener noreferrer\"><span>Discographie<\/span><\/a><\/div>\n<\/div><\/div>\n<\/div><\/div><\/div>\n\n\n\n<figure class=\"wp-block-image aligncenter size-large\"><img fetchpriority=\"high\" decoding=\"async\" width=\"1024\" height=\"78\" src=\"https:\/\/www.band-maid.fr\/wp-content\/uploads\/2026\/02\/bande-noire-1024x78.jpg\" alt=\"\" class=\"wp-image-8482\" srcset=\"https:\/\/www.band-maid.fr\/wp-content\/uploads\/2026\/02\/bande-noire-1024x78.jpg 1024w, https:\/\/www.band-maid.fr\/wp-content\/uploads\/2026\/02\/bande-noire-300x23.jpg 300w, https:\/\/www.band-maid.fr\/wp-content\/uploads\/2026\/02\/bande-noire.jpg 1280w\" sizes=\"(max-width: 1024px) 100vw, 1024px\" \/><\/figure>\n\n\n\n<p><\/p>\n<style class=\"advgb-styles-renderer\">.advgbbtn-1bf61602-d966-4054-9620-48068133a4f9{font-size:18px;color:#fff !important;background-color:#2196f3 !important;margin:0px 0px 0px 0px !important;padding:10px 30px 10px 30px;border-width:1px !important;border-style:none;border-radius:50px !important;}.advgbbtn-1bf61602-d966-4054-9620-48068133a4f9:hover{box-shadow:1px 1px 12px 0px #ccc;opacity:1;transition:all 0.2s ease;}.advgbbtn-1bf61602-d966-4054-9620-48068133a4f9 > i {display: none !important;}#advgb-col-a02611c9-6f0c-4db4-b06c-83878739d8aa>.advgb-column-inner{}@media screen and (max-width: 1023px) {#advgb-col-a02611c9-6f0c-4db4-b06c-83878739d8aa>.advgb-column-inner{}}@media screen and (max-width: 767px) {#advgb-col-a02611c9-6f0c-4db4-b06c-83878739d8aa>.advgb-column-inner{}}.advgbbtn-1bf61602-d966-4054-9620-48068133a4f9{font-size:18px;color:#fff !important;background-color:#2196f3 !important;margin:0px 0px 0px 0px !important;padding:10px 30px 10px 30px;border-width:1px !important;border-style:none;border-radius:50px !important;}.advgbbtn-1bf61602-d966-4054-9620-48068133a4f9:hover{box-shadow:1px 1px 12px 0px #ccc;opacity:1;transition:all 0.2s ease;}.advgbbtn-1bf61602-d966-4054-9620-48068133a4f9 > i {display: none !important;}.advgbbtn-a29f076c-8118-48ca-aedc-131e81f6dfde{font-size:18px;color:#fff !important;background-color:#2196f3 !important;margin:0px 0px 0px 0px !important;padding:10px 30px 10px 30px;border-width:1px !important;border-style:none;border-radius:50px !important;}.advgbbtn-a29f076c-8118-48ca-aedc-131e81f6dfde:hover{box-shadow:1px 1px 12px 0px #ccc;opacity:1;transition:all 0.2s ease;}.advgbbtn-a29f076c-8118-48ca-aedc-131e81f6dfde > i {display: none !important;}#advgb-col-4ea502ea-a8c3-40ab-85ed-9794d99b49a5>.advgb-column-inner{text-align:right;}@media screen and (max-width: 1023px) {#advgb-col-4ea502ea-a8c3-40ab-85ed-9794d99b49a5>.advgb-column-inner{}}@media screen and (max-width: 767px) {#advgb-col-4ea502ea-a8c3-40ab-85ed-9794d99b49a5>.advgb-column-inner{}}.advgbbtn-a29f076c-8118-48ca-aedc-131e81f6dfde{font-size:18px;color:#fff !important;background-color:#2196f3 !important;margin:0px 0px 0px 0px !important;padding:10px 30px 10px 30px;border-width:1px !important;border-style:none;border-radius:50px !important;}.advgbbtn-a29f076c-8118-48ca-aedc-131e81f6dfde:hover{box-shadow:1px 1px 12px 0px #ccc;opacity:1;transition:all 0.2s ease;}.advgbbtn-a29f076c-8118-48ca-aedc-131e81f6dfde > i {display: none !important;}#advgb-cols-1c669603-5d1a-4374-8acf-7f534e11b32e{}@media screen and (max-width: 1023px) {#advgb-cols-1c669603-5d1a-4374-8acf-7f534e11b32e{}}@media screen and (max-width: 767px) {#advgb-cols-1c669603-5d1a-4374-8acf-7f534e11b32e{}}#advgb-col-a02611c9-6f0c-4db4-b06c-83878739d8aa>.advgb-column-inner{}@media screen and (max-width: 1023px) {#advgb-col-a02611c9-6f0c-4db4-b06c-83878739d8aa>.advgb-column-inner{}}@media screen and (max-width: 767px) {#advgb-col-a02611c9-6f0c-4db4-b06c-83878739d8aa>.advgb-column-inner{}}.advgbbtn-1bf61602-d966-4054-9620-48068133a4f9{font-size:18px;color:#fff !important;background-color:#2196f3 !important;margin:0px 0px 0px 0px !important;padding:10px 30px 10px 30px;border-width:1px !important;border-style:none;border-radius:50px !important;}.advgbbtn-1bf61602-d966-4054-9620-48068133a4f9:hover{box-shadow:1px 1px 12px 0px #ccc;opacity:1;transition:all 0.2s ease;}.advgbbtn-1bf61602-d966-4054-9620-48068133a4f9 > i {display: none !important;}#advgb-col-4ea502ea-a8c3-40ab-85ed-9794d99b49a5>.advgb-column-inner{text-align:right;}@media screen and (max-width: 1023px) {#advgb-col-4ea502ea-a8c3-40ab-85ed-9794d99b49a5>.advgb-column-inner{}}@media screen and (max-width: 767px) {#advgb-col-4ea502ea-a8c3-40ab-85ed-9794d99b49a5>.advgb-column-inner{}}.advgbbtn-a29f076c-8118-48ca-aedc-131e81f6dfde{font-size:18px;color:#fff !important;background-color:#2196f3 !important;margin:0px 0px 0px 0px !important;padding:10px 30px 10px 30px;border-width:1px !important;border-style:none;border-radius:50px !important;}.advgbbtn-a29f076c-8118-48ca-aedc-131e81f6dfde:hover{box-shadow:1px 1px 12px 0px #ccc;opacity:1;transition:all 0.2s ease;}.advgbbtn-a29f076c-8118-48ca-aedc-131e81f6dfde > i {display: none !important;}<\/style>","protected":false},"excerpt":{"rendered":"<p>Musique: Yu-Peng ChenArrangements : Band-MaidAlbum : Cr\u00e9\u00e9 pour le jeu et le concert en ligne Genshin Impact 2022 Notes et citations (Band-Maid Songs Encyclopedia) CONCERT GENSHIN 2022 \u00ab M\u00e9lodies d&rsquo;un voyage sans fin \u00bb\uff5cGenshin Impact<\/p>\n","protected":false},"author":1,"featured_media":10042,"parent":0,"menu_order":0,"comment_status":"closed","ping_status":"closed","template":"","meta":{"advgb_blocks_editor_width":"","advgb_blocks_columns_visual_guide":"","footnotes":""},"class_list":["post-10041","page","type-page","status-publish","has-post-thumbnail","hentry"],"yoast_head":"<!-- This site is optimized with the Yoast SEO plugin v27.6 - https:\/\/yoast.com\/product\/yoast-seo-wordpress\/ -->\n<title>Dawn Winery Theme - BAND-MAID<\/title>\n<meta name=\"robots\" content=\"index, follow, max-snippet:-1, max-image-preview:large, max-video-preview:-1\" \/>\n<link rel=\"canonical\" href=\"https:\/\/www.band-maid.fr\/index.php\/dawn-winery-theme\/\" \/>\n<meta property=\"og:locale\" content=\"fr_FR\" \/>\n<meta property=\"og:type\" content=\"article\" \/>\n<meta property=\"og:title\" content=\"Dawn Winery Theme - BAND-MAID\" \/>\n<meta property=\"og:description\" content=\"Musique: Yu-Peng ChenArrangements : Band-MaidAlbum : Cr\u00e9\u00e9 pour le jeu et le concert en ligne Genshin Impact 2022 Notes et citations (Band-Maid Songs Encyclopedia) CONCERT GENSHIN 2022 \u00ab M\u00e9lodies d&rsquo;un voyage sans fin \u00bb\uff5cGenshin Impact\" \/>\n<meta property=\"og:url\" content=\"https:\/\/www.band-maid.fr\/index.php\/dawn-winery-theme\/\" \/>\n<meta property=\"og:site_name\" content=\"BAND-MAID\" \/>\n<meta property=\"article:publisher\" content=\"https:\/\/www.facebook.com\/bandmaid\" \/>\n<meta property=\"article:modified_time\" content=\"2026-04-16T14:22:00+00:00\" \/>\n<meta property=\"og:image\" content=\"https:\/\/www.band-maid.fr\/wp-content\/uploads\/2026\/04\/2022-Gehshin-Concert.webp\" \/>\n\t<meta property=\"og:image:width\" content=\"1000\" \/>\n\t<meta property=\"og:image:height\" content=\"563\" \/>\n\t<meta property=\"og:image:type\" content=\"image\/webp\" \/>\n<meta name=\"twitter:card\" content=\"summary_large_image\" \/>\n<meta name=\"twitter:site\" content=\"@bandmaid\" \/>\n<meta name=\"twitter:label1\" content=\"Dur\u00e9e de lecture estim\u00e9e\" \/>\n\t<meta name=\"twitter:data1\" content=\"2 minutes\" \/>\n<script type=\"application\/ld+json\" class=\"yoast-schema-graph\">{\"@context\":\"https:\\\/\\\/schema.org\",\"@graph\":[{\"@type\":\"WebPage\",\"@id\":\"https:\\\/\\\/www.band-maid.fr\\\/index.php\\\/dawn-winery-theme\\\/\",\"url\":\"https:\\\/\\\/www.band-maid.fr\\\/index.php\\\/dawn-winery-theme\\\/\",\"name\":\"Dawn Winery Theme - BAND-MAID\",\"isPartOf\":{\"@id\":\"https:\\\/\\\/www.band-maid.fr\\\/#website\"},\"primaryImageOfPage\":{\"@id\":\"https:\\\/\\\/www.band-maid.fr\\\/index.php\\\/dawn-winery-theme\\\/#primaryimage\"},\"image\":{\"@id\":\"https:\\\/\\\/www.band-maid.fr\\\/index.php\\\/dawn-winery-theme\\\/#primaryimage\"},\"thumbnailUrl\":\"https:\\\/\\\/www.band-maid.fr\\\/wp-content\\\/uploads\\\/2026\\\/04\\\/2022-Gehshin-Concert.webp\",\"datePublished\":\"2026-04-16T14:21:59+00:00\",\"dateModified\":\"2026-04-16T14:22:00+00:00\",\"breadcrumb\":{\"@id\":\"https:\\\/\\\/www.band-maid.fr\\\/index.php\\\/dawn-winery-theme\\\/#breadcrumb\"},\"inLanguage\":\"fr-FR\",\"potentialAction\":[{\"@type\":\"ReadAction\",\"target\":[\"https:\\\/\\\/www.band-maid.fr\\\/index.php\\\/dawn-winery-theme\\\/\"]}]},{\"@type\":\"ImageObject\",\"inLanguage\":\"fr-FR\",\"@id\":\"https:\\\/\\\/www.band-maid.fr\\\/index.php\\\/dawn-winery-theme\\\/#primaryimage\",\"url\":\"https:\\\/\\\/www.band-maid.fr\\\/wp-content\\\/uploads\\\/2026\\\/04\\\/2022-Gehshin-Concert.webp\",\"contentUrl\":\"https:\\\/\\\/www.band-maid.fr\\\/wp-content\\\/uploads\\\/2026\\\/04\\\/2022-Gehshin-Concert.webp\",\"width\":1000,\"height\":563},{\"@type\":\"BreadcrumbList\",\"@id\":\"https:\\\/\\\/www.band-maid.fr\\\/index.php\\\/dawn-winery-theme\\\/#breadcrumb\",\"itemListElement\":[{\"@type\":\"ListItem\",\"position\":1,\"name\":\"Accueil\",\"item\":\"https:\\\/\\\/www.band-maid.fr\\\/\"},{\"@type\":\"ListItem\",\"position\":2,\"name\":\"Dawn Winery Theme\"}]},{\"@type\":\"WebSite\",\"@id\":\"https:\\\/\\\/www.band-maid.fr\\\/#website\",\"url\":\"https:\\\/\\\/www.band-maid.fr\\\/\",\"name\":\"BAND-MAID\",\"description\":\"WORLD DOMINATION\",\"publisher\":{\"@id\":\"https:\\\/\\\/www.band-maid.fr\\\/#organization\"},\"potentialAction\":[{\"@type\":\"SearchAction\",\"target\":{\"@type\":\"EntryPoint\",\"urlTemplate\":\"https:\\\/\\\/www.band-maid.fr\\\/?s={search_term_string}\"},\"query-input\":{\"@type\":\"PropertyValueSpecification\",\"valueRequired\":true,\"valueName\":\"search_term_string\"}}],\"inLanguage\":\"fr-FR\"},{\"@type\":\"Organization\",\"@id\":\"https:\\\/\\\/www.band-maid.fr\\\/#organization\",\"name\":\"BAND-MAID\",\"url\":\"https:\\\/\\\/www.band-maid.fr\\\/\",\"logo\":{\"@type\":\"ImageObject\",\"inLanguage\":\"fr-FR\",\"@id\":\"https:\\\/\\\/www.band-maid.fr\\\/#\\\/schema\\\/logo\\\/image\\\/\",\"url\":\"http:\\\/\\\/wglgkdc.cluster121.hosting.ovh.net\\\/wp-content\\\/uploads\\\/2026\\\/01\\\/logo_band-maid_b.png\",\"contentUrl\":\"http:\\\/\\\/wglgkdc.cluster121.hosting.ovh.net\\\/wp-content\\\/uploads\\\/2026\\\/01\\\/logo_band-maid_b.png\",\"width\":540,\"height\":93,\"caption\":\"BAND-MAID\"},\"image\":{\"@id\":\"https:\\\/\\\/www.band-maid.fr\\\/#\\\/schema\\\/logo\\\/image\\\/\"},\"sameAs\":[\"https:\\\/\\\/www.facebook.com\\\/bandmaid\",\"https:\\\/\\\/x.com\\\/bandmaid\",\"https:\\\/\\\/www.instagram.com\\\/bandmaid.jp\\\/\",\"https:\\\/\\\/www.youtube.com\\\/channel\\\/UCJToUvYrmkmTCR-bluEaQfA\",\"https:\\\/\\\/www.tiktok.com\\\/@bandmaid_int\"]}]}<\/script>\n<!-- \/ Yoast SEO plugin. -->","yoast_head_json":{"title":"Dawn Winery Theme - BAND-MAID","robots":{"index":"index","follow":"follow","max-snippet":"max-snippet:-1","max-image-preview":"max-image-preview:large","max-video-preview":"max-video-preview:-1"},"canonical":"https:\/\/www.band-maid.fr\/index.php\/dawn-winery-theme\/","og_locale":"fr_FR","og_type":"article","og_title":"Dawn Winery Theme - BAND-MAID","og_description":"Musique: Yu-Peng ChenArrangements : Band-MaidAlbum : Cr\u00e9\u00e9 pour le jeu et le concert en ligne Genshin Impact 2022 Notes et citations (Band-Maid Songs Encyclopedia) CONCERT GENSHIN 2022 \u00ab M\u00e9lodies d&rsquo;un voyage sans fin \u00bb\uff5cGenshin Impact","og_url":"https:\/\/www.band-maid.fr\/index.php\/dawn-winery-theme\/","og_site_name":"BAND-MAID","article_publisher":"https:\/\/www.facebook.com\/bandmaid","article_modified_time":"2026-04-16T14:22:00+00:00","og_image":[{"width":1000,"height":563,"url":"https:\/\/www.band-maid.fr\/wp-content\/uploads\/2026\/04\/2022-Gehshin-Concert.webp","type":"image\/webp"}],"twitter_card":"summary_large_image","twitter_site":"@bandmaid","twitter_misc":{"Dur\u00e9e de lecture estim\u00e9e":"2 minutes"},"schema":{"@context":"https:\/\/schema.org","@graph":[{"@type":"WebPage","@id":"https:\/\/www.band-maid.fr\/index.php\/dawn-winery-theme\/","url":"https:\/\/www.band-maid.fr\/index.php\/dawn-winery-theme\/","name":"Dawn Winery Theme - BAND-MAID","isPartOf":{"@id":"https:\/\/www.band-maid.fr\/#website"},"primaryImageOfPage":{"@id":"https:\/\/www.band-maid.fr\/index.php\/dawn-winery-theme\/#primaryimage"},"image":{"@id":"https:\/\/www.band-maid.fr\/index.php\/dawn-winery-theme\/#primaryimage"},"thumbnailUrl":"https:\/\/www.band-maid.fr\/wp-content\/uploads\/2026\/04\/2022-Gehshin-Concert.webp","datePublished":"2026-04-16T14:21:59+00:00","dateModified":"2026-04-16T14:22:00+00:00","breadcrumb":{"@id":"https:\/\/www.band-maid.fr\/index.php\/dawn-winery-theme\/#breadcrumb"},"inLanguage":"fr-FR","potentialAction":[{"@type":"ReadAction","target":["https:\/\/www.band-maid.fr\/index.php\/dawn-winery-theme\/"]}]},{"@type":"ImageObject","inLanguage":"fr-FR","@id":"https:\/\/www.band-maid.fr\/index.php\/dawn-winery-theme\/#primaryimage","url":"https:\/\/www.band-maid.fr\/wp-content\/uploads\/2026\/04\/2022-Gehshin-Concert.webp","contentUrl":"https:\/\/www.band-maid.fr\/wp-content\/uploads\/2026\/04\/2022-Gehshin-Concert.webp","width":1000,"height":563},{"@type":"BreadcrumbList","@id":"https:\/\/www.band-maid.fr\/index.php\/dawn-winery-theme\/#breadcrumb","itemListElement":[{"@type":"ListItem","position":1,"name":"Accueil","item":"https:\/\/www.band-maid.fr\/"},{"@type":"ListItem","position":2,"name":"Dawn Winery Theme"}]},{"@type":"WebSite","@id":"https:\/\/www.band-maid.fr\/#website","url":"https:\/\/www.band-maid.fr\/","name":"BAND-MAID","description":"WORLD DOMINATION","publisher":{"@id":"https:\/\/www.band-maid.fr\/#organization"},"potentialAction":[{"@type":"SearchAction","target":{"@type":"EntryPoint","urlTemplate":"https:\/\/www.band-maid.fr\/?s={search_term_string}"},"query-input":{"@type":"PropertyValueSpecification","valueRequired":true,"valueName":"search_term_string"}}],"inLanguage":"fr-FR"},{"@type":"Organization","@id":"https:\/\/www.band-maid.fr\/#organization","name":"BAND-MAID","url":"https:\/\/www.band-maid.fr\/","logo":{"@type":"ImageObject","inLanguage":"fr-FR","@id":"https:\/\/www.band-maid.fr\/#\/schema\/logo\/image\/","url":"http:\/\/wglgkdc.cluster121.hosting.ovh.net\/wp-content\/uploads\/2026\/01\/logo_band-maid_b.png","contentUrl":"http:\/\/wglgkdc.cluster121.hosting.ovh.net\/wp-content\/uploads\/2026\/01\/logo_band-maid_b.png","width":540,"height":93,"caption":"BAND-MAID"},"image":{"@id":"https:\/\/www.band-maid.fr\/#\/schema\/logo\/image\/"},"sameAs":["https:\/\/www.facebook.com\/bandmaid","https:\/\/x.com\/bandmaid","https:\/\/www.instagram.com\/bandmaid.jp\/","https:\/\/www.youtube.com\/channel\/UCJToUvYrmkmTCR-bluEaQfA","https:\/\/www.tiktok.com\/@bandmaid_int"]}]}},"coauthors":[],"author_meta":{"author_link":"https:\/\/www.band-maid.fr\/index.php\/author\/admin8693\/","display_name":"LJB"},"relative_dates":{"created":"Publi\u00e9 4 semaines il y a","modified":"Mis \u00e0 jour 4 semaines il y a"},"absolute_dates":{"created":"Publi\u00e9 le 16\/04\/2026","modified":"Mise \u00e0 jour le 16\/04\/2026"},"absolute_dates_time":{"created":"Publi\u00e9 le 16\/04\/2026 14h21","modified":"Mise \u00e0 jour le 16\/04\/2026 14h22"},"featured_img_caption":"","featured_img":"https:\/\/www.band-maid.fr\/wp-content\/uploads\/2026\/04\/2022-Gehshin-Concert.webp","series_order":"","featured_media_urls":{"thumbnail":["https:\/\/www.band-maid.fr\/wp-content\/uploads\/2026\/04\/2022-Gehshin-Concert-150x150.webp",150,150,true],"medium":["https:\/\/www.band-maid.fr\/wp-content\/uploads\/2026\/04\/2022-Gehshin-Concert-300x169.webp",300,169,true],"medium_large":["https:\/\/www.band-maid.fr\/wp-content\/uploads\/2026\/04\/2022-Gehshin-Concert.webp",768,432,false],"large":["https:\/\/www.band-maid.fr\/wp-content\/uploads\/2026\/04\/2022-Gehshin-Concert.webp",950,535,false],"1536x1536":["https:\/\/www.band-maid.fr\/wp-content\/uploads\/2026\/04\/2022-Gehshin-Concert.webp",1000,563,false],"2048x2048":["https:\/\/www.band-maid.fr\/wp-content\/uploads\/2026\/04\/2022-Gehshin-Concert.webp",1000,563,false],"inspiro-featured-image":["https:\/\/www.band-maid.fr\/wp-content\/uploads\/2026\/04\/2022-Gehshin-Concert.webp",1000,563,false],"inspiro-loop":["https:\/\/www.band-maid.fr\/wp-content\/uploads\/2026\/04\/2022-Gehshin-Concert-950x320.webp",950,320,true],"inspiro-loop@2x":["https:\/\/www.band-maid.fr\/wp-content\/uploads\/2026\/04\/2022-Gehshin-Concert.webp",1000,563,false],"portfolio_item-thumbnail":["https:\/\/www.band-maid.fr\/wp-content\/uploads\/2026\/04\/2022-Gehshin-Concert-600x400.webp",600,400,true],"portfolio_item-thumbnail@2x":["https:\/\/www.band-maid.fr\/wp-content\/uploads\/2026\/04\/2022-Gehshin-Concert.webp",1000,563,false],"portfolio_item-masonry":["https:\/\/www.band-maid.fr\/wp-content\/uploads\/2026\/04\/2022-Gehshin-Concert-600x338.webp",600,338,true],"portfolio_item-masonry@2x":["https:\/\/www.band-maid.fr\/wp-content\/uploads\/2026\/04\/2022-Gehshin-Concert.webp",1000,563,false],"portfolio_item-thumbnail_cinema":["https:\/\/www.band-maid.fr\/wp-content\/uploads\/2026\/04\/2022-Gehshin-Concert-800x335.webp",800,335,true],"portfolio_item-thumbnail_portrait":["https:\/\/www.band-maid.fr\/wp-content\/uploads\/2026\/04\/2022-Gehshin-Concert-600x563.webp",600,563,true],"portfolio_item-thumbnail_portrait@2x":["https:\/\/www.band-maid.fr\/wp-content\/uploads\/2026\/04\/2022-Gehshin-Concert.webp",1000,563,false],"portfolio_item-thumbnail_square":["https:\/\/www.band-maid.fr\/wp-content\/uploads\/2026\/04\/2022-Gehshin-Concert-800x563.webp",800,563,true]},"_links":{"self":[{"href":"https:\/\/www.band-maid.fr\/index.php\/wp-json\/wp\/v2\/pages\/10041","targetHints":{"allow":["GET"]}}],"collection":[{"href":"https:\/\/www.band-maid.fr\/index.php\/wp-json\/wp\/v2\/pages"}],"about":[{"href":"https:\/\/www.band-maid.fr\/index.php\/wp-json\/wp\/v2\/types\/page"}],"author":[{"embeddable":true,"href":"https:\/\/www.band-maid.fr\/index.php\/wp-json\/wp\/v2\/users\/1"}],"replies":[{"embeddable":true,"href":"https:\/\/www.band-maid.fr\/index.php\/wp-json\/wp\/v2\/comments?post=10041"}],"version-history":[{"count":2,"href":"https:\/\/www.band-maid.fr\/index.php\/wp-json\/wp\/v2\/pages\/10041\/revisions"}],"predecessor-version":[{"id":10045,"href":"https:\/\/www.band-maid.fr\/index.php\/wp-json\/wp\/v2\/pages\/10041\/revisions\/10045"}],"wp:featuredmedia":[{"embeddable":true,"href":"https:\/\/www.band-maid.fr\/index.php\/wp-json\/wp\/v2\/media\/10042"}],"wp:attachment":[{"href":"https:\/\/www.band-maid.fr\/index.php\/wp-json\/wp\/v2\/media?parent=10041"}],"curies":[{"name":"wp","href":"https:\/\/api.w.org\/{rel}","templated":true}]}}